{"id":112,"date":"2015-11-04T18:54:15","date_gmt":"2015-11-04T20:54:15","guid":{"rendered":"https:\/\/wp.ufpel.edu.br\/neeci\/?page_id=112"},"modified":"2023-03-22T21:44:32","modified_gmt":"2023-03-23T00:44:32","slug":"agenda","status":"publish","type":"page","link":"https:\/\/wp.ufpel.edu.br\/neeci\/agenda\/","title":{"rendered":"Agenda"},"content":{"rendered":"<p>29\/03 &#8211; Defesa de disserta\u00e7\u00e3o do mestrando Jeremias Maas Lerm<\/p>\n<p>Compartilhamento de Conhecimento das universidades p\u00fablicas para as empresas por meio de incubadoras e parques tecnol\u00f3gicos: um estudo na Universidade Federal de Pelotas&#8221;<\/p>\n<p>Sala da P\u00f3s Gradua\u00e7\u00e3o2, 4 andar, \u00e0s 16 hs, campus Anglo<\/p>\n","protected":false},"excerpt":{"rendered":"<p>29\/03 &#8211; Defesa de disserta\u00e7\u00e3o do mestrando Jeremias Maas Lerm Compartilhamento de Conhecimento das universidades p\u00fablicas para as empresas por meio de incubadoras e parques tecnol\u00f3gicos: um estudo na Universidade Federal de Pelotas&#8221; Sala da P\u00f3s Gradua\u00e7\u00e3o2, 4 andar, \u00e0s 16 hs, campus Anglo<\/p>\n","protected":false},"author":421,"featured_media":0,"parent":0,"menu_order":0,"comment_status":"closed","ping_status":"closed","template":"","meta":{"footnotes":""},"class_list":["post-112","page","type-page","status-publish","hentry"],"_links":{"self":[{"href":"https:\/\/wp.ufpel.edu.br\/neeci\/wp-json\/wp\/v2\/pages\/112","targetHints":{"allow":["GET"]}}],"collection":[{"href":"https:\/\/wp.ufpel.edu.br\/neeci\/wp-json\/wp\/v2\/pages"}],"about":[{"href":"https:\/\/wp.ufpel.edu.br\/neeci\/wp-json\/wp\/v2\/types\/page"}],"author":[{"embeddable":true,"href":"https:\/\/wp.ufpel.edu.br\/neeci\/wp-json\/wp\/v2\/users\/421"}],"replies":[{"embeddable":true,"href":"https:\/\/wp.ufpel.edu.br\/neeci\/wp-json\/wp\/v2\/comments?post=112"}],"version-history":[{"count":5,"href":"https:\/\/wp.ufpel.edu.br\/neeci\/wp-json\/wp\/v2\/pages\/112\/revisions"}],"predecessor-version":[{"id":144,"href":"https:\/\/wp.ufpel.edu.br\/neeci\/wp-json\/wp\/v2\/pages\/112\/revisions\/144"}],"wp:attachment":[{"href":"https:\/\/wp.ufpel.edu.br\/neeci\/wp-json\/wp\/v2\/media?parent=112"}],"curies":[{"name":"wp","href":"https:\/\/api.w.org\/{rel}","templated":true}]}}