{"id":232,"date":"2021-04-29T15:27:37","date_gmt":"2021-04-29T18:27:37","guid":{"rendered":"https:\/\/wp.ufpel.edu.br\/neai\/?page_id=232"},"modified":"2021-05-24T16:43:11","modified_gmt":"2021-05-24T19:43:11","slug":"inicio","status":"publish","type":"page","link":"https:\/\/wp.ufpel.edu.br\/neai\/","title":{"rendered":"NEAI 4.0 (N\u00facleo de Estudos Aplicados em Ind\u00fastria 4.0)"},"content":{"rendered":"<div style=\"width: 900px;\" class=\"wp-video\"><video class=\"wp-video-shortcode\" id=\"video-232-1\" width=\"900\" height=\"506\" preload=\"metadata\" controls=\"controls\"><source type=\"video\/mp4\" src=\"https:\/\/wp.ufpel.edu.br\/neai\/files\/2021\/03\/122222337_175937784160147_2718427785866389236_n.mp4?_=1\" \/><a href=\"https:\/\/wp.ufpel.edu.br\/neai\/files\/2021\/03\/122222337_175937784160147_2718427785866389236_n.mp4\">https:\/\/wp.ufpel.edu.br\/neai\/files\/2021\/03\/122222337_175937784160147_2718427785866389236_n.mp4<\/a><\/video><\/div>\n<p>&nbsp;<\/p>\n<p style=\"text-align: justify\">A expans\u00e3o do mercado internacional e as constantes mudan\u00e7as no ambiente externo fazem com que as organiza\u00e7\u00f5es busquem incorporar no seu dia a dia sistemas e processos inovadores para torn\u00e1-las mais flex\u00edveis e competitivas. No mundo globalizado um dos sistemas mais difundidos para gerar competitividade, atualmente, \u00e9 chamada de quarta revolu\u00e7\u00e3o industrial ou ind\u00fastria 4.0.<\/p>\n<p style=\"text-align: justify\">Nesse contexto, pretende-se atrav\u00e9s do NEAI (N\u00facleo de Estudos Aplicados em Ind\u00fastria 4.0) buscar a compreens\u00e3o dos desafios que surgem constantemente com a implementa\u00e7\u00e3o desde conceito. S\u00e3o v\u00e1rios os elementos formadores da ind\u00fastria 4.0 que proporcionam melhorias da produtividade nos processos organizacionais, e esse ser\u00e3o objeto de estudos, como: as tecnologias digitais, a IoT (internet das coisas), big data, analytics, cloud computing, rob\u00f3tica avan\u00e7ada e colaborativa, manufatura aditiva e h\u00edbrida, realidade aumentada e realidade virtual, o ciberespa\u00e7o, sensores em rede, entre outras, combinadas com a automa\u00e7\u00e3o industrial.<\/p>\n<p>&nbsp;<\/p>\n<figure style=\"width: 400px\" class=\"wp-caption aligncenter\"><a href=\"https:\/\/wp.ufpel.edu.br\/neai\/2021\/04\/07\/162\/\" target=\"_blank\" rel=\"noopener noreferrer\"><img loading=\"lazy\" decoding=\"async\" title=\"Clique aqui para ver nossos projetos\" src=\"https:\/\/www.logaster.com.br\/blog\/wp-content\/uploads\/sites\/6\/2020\/09\/h_FACTORY-LOGO-5_11.png\" alt=\"\u1408 Logotipos Industriais: +20 exemplos de emblemas, dicas de design | Logaster\" width=\"400\" height=\"200\" \/><\/a><figcaption class=\"wp-caption-text\">Projetos<\/figcaption><\/figure>\n<p>&nbsp;<\/p>\n","protected":false},"excerpt":{"rendered":"<p>&nbsp; A expans\u00e3o do mercado internacional e as constantes mudan\u00e7as no ambiente externo fazem com que as organiza\u00e7\u00f5es busquem incorporar no seu dia a dia sistemas e processos inovadores para torn\u00e1-las mais flex\u00edveis e competitivas. No mundo globalizado um dos sistemas mais difundidos para gerar competitividade, atualmente, \u00e9 chamada de quarta revolu\u00e7\u00e3o industrial ou ind\u00fastria<a class=\"more-link\" href=\"https:\/\/wp.ufpel.edu.br\/neai\/\">Continue reading <span class=\"screen-reader-text\">&#8220;NEAI 4.0 (N\u00facleo de Estudos Aplicados em Ind\u00fastria 4.0)&#8221;<\/span><\/a><\/p>\n","protected":false},"author":1108,"featured_media":0,"parent":0,"menu_order":0,"comment_status":"closed","ping_status":"closed","template":"","meta":{"jetpack_post_was_ever_published":false,"footnotes":""},"tags":[],"class_list":["post-232","page","type-page","status-publish","hentry"],"jetpack_sharing_enabled":true,"jetpack-related-posts":[],"_links":{"self":[{"href":"https:\/\/wp.ufpel.edu.br\/neai\/wp-json\/wp\/v2\/pages\/232","targetHints":{"allow":["GET"]}}],"collection":[{"href":"https:\/\/wp.ufpel.edu.br\/neai\/wp-json\/wp\/v2\/pages"}],"about":[{"href":"https:\/\/wp.ufpel.edu.br\/neai\/wp-json\/wp\/v2\/types\/page"}],"author":[{"embeddable":true,"href":"https:\/\/wp.ufpel.edu.br\/neai\/wp-json\/wp\/v2\/users\/1108"}],"replies":[{"embeddable":true,"href":"https:\/\/wp.ufpel.edu.br\/neai\/wp-json\/wp\/v2\/comments?post=232"}],"version-history":[{"count":7,"href":"https:\/\/wp.ufpel.edu.br\/neai\/wp-json\/wp\/v2\/pages\/232\/revisions"}],"predecessor-version":[{"id":408,"href":"https:\/\/wp.ufpel.edu.br\/neai\/wp-json\/wp\/v2\/pages\/232\/revisions\/408"}],"wp:attachment":[{"href":"https:\/\/wp.ufpel.edu.br\/neai\/wp-json\/wp\/v2\/media?parent=232"}],"wp:term":[{"taxonomy":"post_tag","embeddable":true,"href":"https:\/\/wp.ufpel.edu.br\/neai\/wp-json\/wp\/v2\/tags?post=232"}],"curies":[{"name":"wp","href":"https:\/\/api.w.org\/{rel}","templated":true}]}}