{"id":795,"date":"2022-12-08T13:52:49","date_gmt":"2022-12-08T16:52:49","guid":{"rendered":"https:\/\/wp.ufpel.edu.br\/neab\/?page_id=795"},"modified":"2022-12-08T13:52:49","modified_gmt":"2022-12-08T16:52:49","slug":"frieches-industriais-pelotenses-conhecer-para-preservar-o-caso-da-laneira-brasileira-s-a","status":"publish","type":"page","link":"https:\/\/wp.ufpel.edu.br\/neab\/frieches-industriais-pelotenses-conhecer-para-preservar-o-caso-da-laneira-brasileira-s-a\/","title":{"rendered":"Frieches Industriais Pelotenses, conhecer para preservar &#8211; o caso da Laneira Brasileira S.A."},"content":{"rendered":"<p><strong><span style=\"font-family: arial, helvetica, sans-serif;\">FRICHES INDUSTRIAIS PELOTENSES, CONHECER PARA PRESERVAR \u2013 O CASO DA LANEIRA BRASILEIRA S.A.<\/span><\/strong><br \/>\n<strong><span style=\"font-family: arial, helvetica, sans-serif;\">AUTOR: DANIELA VIEIRA GOULARTE<\/span><\/strong><\/p>\n<p><strong><span style=\"font-family: arial, helvetica, sans-serif;\">RESUMO:<\/span><\/strong><\/p>\n<p><span style=\"font-family: arial, helvetica, sans-serif;\">A cidade de Pelotas\/RS-Brasil possui diversos espa\u00e7os industriais <\/span><span style=\"font-family: arial, helvetica, sans-serif;\">arruinados inseridos na malha urbana, oriundos do decl\u00ednio econ\u00f4mico da cidade, e<\/span><span style=\"font-family: arial, helvetica, sans-serif;\">que neste trabalho s\u00e3o identificados como Friches Industriais. Esses espa\u00e7os, constru\u00eddos entre fins do s\u00e9culo XIX e meados do s\u00e9culo XX, <\/span><span style=\"font-family: arial, helvetica, sans-serif;\">caracterizam-se pela desativa\u00e7\u00e3o ou abandono, estado de degrada\u00e7\u00e3o ou ru\u00edna, com maquin\u00e1rios e equipamentos corro\u00eddos pelo tempo, os quais <\/span><span style=\"font-family: arial, helvetica, sans-serif;\">podem ser considerados vest\u00edgios do Patrim\u00f4nio Industrial local. Essas Friches permaneceram esquecidas e desvalorizadas at\u00e9 a atual tend\u00eancia de <\/span><span style=\"font-family: arial, helvetica, sans-serif;\">reutiliza\u00e7\u00e3o de suas estruturas f\u00edsicas por institui\u00e7\u00f5es de ensino, as quais v\u00eam reinserindo-as \u00e0 fun\u00e7\u00e3o social da cidade. Por\u00e9m, devido \u00e0 inexist\u00eancia <\/span><span style=\"font-family: arial, helvetica, sans-serif;\">de pol\u00edticas locais para a preserva\u00e7\u00e3o desta categoria de patrim\u00f4nio, as interven\u00e7\u00f5es realizadas n\u00e3o levam em conta as recomenda\u00e7\u00f5es feitas pela <\/span><span style=\"font-family: arial, helvetica, sans-serif;\">Carta Patrimonial de Nizhny Tagil, documento que garante sua salvaguarda. Este trabalho apresenta a pesquisa que foi desenvolvida ao longo do <\/span><span style=\"font-family: arial, helvetica, sans-serif;\">curso de Especializa\u00e7\u00e3o em Artes, terminalidade Patrim\u00f4nio Cultural, da Universidade Federal de Pelotas com os principais objetivos de Conhecer<\/span><br \/>\n<span style=\"font-family: arial, helvetica, sans-serif;\">para Preservar o Patrim\u00f4nio Industrial de Pelotas, atrav\u00e9s do estudo de caso da Laneira Brasileira S.A., antigo lanif\u00edcio, que foi adquirido pela<\/span><br \/>\n<span style=\"font-family: arial, helvetica, sans-serif;\">Universidade Federal de Pelotas em 2010. O trabalho foi estruturado em dois cap\u00edtulos, com dois subcap\u00edtulos cada um. O primeiro, denominado<\/span><br \/>\n<span style=\"font-family: arial, helvetica, sans-serif;\">Conhecer, dividiu-se para conhecer O Patrim\u00f4nio Industrial e A Laneira Brasileira S.A., e baseou-se em pesquisas bibliogr\u00e1ficas, documental e oral. O <\/span><span style=\"font-family: arial, helvetica, sans-serif;\">segundo, denominado Preservar, dividiu-se para preservar atrav\u00e9s de Proposta de Gest\u00e3o e de Proposta de Interven\u00e7\u00e3o, o primeiro tratando das <\/span><span style=\"font-family: arial, helvetica, sans-serif;\">diretrizes legais tanto para o patrim\u00f4nio industrial da cidade como um todo, quanto para o caso espec\u00edfico da Laneira, e o segundo tratando de<\/span><br \/>\n<span style=\"font-family: arial, helvetica, sans-serif;\">diretrizes t\u00e9cnicas para interven\u00e7\u00f5es sobre esses bens, baseadas nas recomenda\u00e7\u00f5es da Carta de Nizhny Tagil, nos te\u00f3ricos do restauro BRANDI e <\/span><span style=\"font-family: arial, helvetica, sans-serif;\">RIEGL, e no conceito de \u201cmuseo-casa\u201d de CHAGAS.<\/span><\/p>\n<p><span style=\"font-family: arial, helvetica, sans-serif;\">Link de acesso a rede PHI: <a href=\"https:\/\/phi.aq.upm.es\/static\/visor.html?id=513\">https:\/\/phi.aq.upm.es\/static\/visor.html?id=513<\/a><\/span><\/p>\n","protected":false},"excerpt":{"rendered":"<p>FRICHES INDUSTRIAIS PELOTENSES, CONHECER PARA PRESERVAR \u2013 O CASO DA LANEIRA BRASILEIRA S.A. AUTOR: DANIELA VIEIRA GOULARTE RESUMO: A cidade de Pelotas\/RS-Brasil possui diversos espa\u00e7os industriais arruinados inseridos na malha urbana, oriundos do decl\u00ednio econ\u00f4mico da cidade, eque neste trabalho s\u00e3o identificados como Friches Industriais. Esses espa\u00e7os, constru\u00eddos entre fins do s\u00e9culo XIX e meados [&hellip;]<\/p>\n","protected":false},"author":814,"featured_media":0,"parent":0,"menu_order":0,"comment_status":"closed","ping_status":"closed","template":"","meta":{"footnotes":""},"class_list":["post-795","page","type-page","status-publish","hentry"],"jetpack_sharing_enabled":true,"_links":{"self":[{"href":"https:\/\/wp.ufpel.edu.br\/neab\/wp-json\/wp\/v2\/pages\/795","targetHints":{"allow":["GET"]}}],"collection":[{"href":"https:\/\/wp.ufpel.edu.br\/neab\/wp-json\/wp\/v2\/pages"}],"about":[{"href":"https:\/\/wp.ufpel.edu.br\/neab\/wp-json\/wp\/v2\/types\/page"}],"author":[{"embeddable":true,"href":"https:\/\/wp.ufpel.edu.br\/neab\/wp-json\/wp\/v2\/users\/814"}],"replies":[{"embeddable":true,"href":"https:\/\/wp.ufpel.edu.br\/neab\/wp-json\/wp\/v2\/comments?post=795"}],"version-history":[{"count":1,"href":"https:\/\/wp.ufpel.edu.br\/neab\/wp-json\/wp\/v2\/pages\/795\/revisions"}],"predecessor-version":[{"id":796,"href":"https:\/\/wp.ufpel.edu.br\/neab\/wp-json\/wp\/v2\/pages\/795\/revisions\/796"}],"wp:attachment":[{"href":"https:\/\/wp.ufpel.edu.br\/neab\/wp-json\/wp\/v2\/media?parent=795"}],"curies":[{"name":"wp","href":"https:\/\/api.w.org\/{rel}","templated":true}]}}