{"id":785,"date":"2022-12-07T15:52:16","date_gmt":"2022-12-07T18:52:16","guid":{"rendered":"https:\/\/wp.ufpel.edu.br\/neab\/?page_id=785"},"modified":"2022-12-08T13:45:19","modified_gmt":"2022-12-08T16:45:19","slug":"espaco-binacional-de-cultura","status":"publish","type":"page","link":"https:\/\/wp.ufpel.edu.br\/neab\/espaco-binacional-de-cultura\/","title":{"rendered":"Espa\u00e7o Binacional de Cultura"},"content":{"rendered":"<p><strong><span style=\"font-family: arial, helvetica, sans-serif;\">ESPA\u00c7O BINACIONAL DE CULTURA<\/span><\/strong><br \/>\n<strong><span style=\"font-family: arial, helvetica, sans-serif;\">AUTOR: RAFAELA NIETO MARQUES DA ROCHA<\/span><\/strong><\/p>\n<p><strong><span style=\"font-family: arial, helvetica, sans-serif;\">RESUMO:<\/span><\/strong><\/p>\n<p><span style=\"font-family: arial, helvetica, sans-serif;\">O trabalho trata da cria\u00e7\u00e3o de um espa\u00e7o para express\u00e3o de culturas muito <\/span><span style=\"font-family: arial, helvetica, sans-serif;\">parecidas de duas popula\u00e7\u00f5es, os brasileiros e uruguaios da fronteira de <\/span><span style=\"font-family: arial, helvetica, sans-serif;\">Jaguar\u00e3o (Brasil-RS) e Rio Branco (Uruguai-Cerro Largo).\u00c9 uma interven\u00e7\u00e3o na <\/span><span style=\"font-family: arial, helvetica, sans-serif;\">parte mais antiga da cidade de Jaguar\u00e3o, na \u00e1rea onde houveram os primeiros <\/span><span style=\"font-family: arial, helvetica, sans-serif;\">acampamentos militares, onde situava-se a Pra\u00e7a do Desembarque.<\/span><\/p>\n<p><span style=\"font-family: arial, helvetica, sans-serif;\">Link de acesso a rede PHI: <a href=\"https:\/\/phi.aq.upm.es\/static\/visor.html?id=601\">https:\/\/phi.aq.upm.es\/static\/visor.html?id=601<\/a><\/span><\/p>\n","protected":false},"excerpt":{"rendered":"<p>ESPA\u00c7O BINACIONAL DE CULTURA AUTOR: RAFAELA NIETO MARQUES DA ROCHA RESUMO: O trabalho trata da cria\u00e7\u00e3o de um espa\u00e7o para express\u00e3o de culturas muito parecidas de duas popula\u00e7\u00f5es, os brasileiros e uruguaios da fronteira de Jaguar\u00e3o (Brasil-RS) e Rio Branco (Uruguai-Cerro Largo).\u00c9 uma interven\u00e7\u00e3o na parte mais antiga da cidade de Jaguar\u00e3o, na \u00e1rea onde [&hellip;]<\/p>\n","protected":false},"author":814,"featured_media":0,"parent":0,"menu_order":0,"comment_status":"closed","ping_status":"closed","template":"","meta":{"footnotes":""},"class_list":["post-785","page","type-page","status-publish","hentry"],"jetpack_sharing_enabled":true,"_links":{"self":[{"href":"https:\/\/wp.ufpel.edu.br\/neab\/wp-json\/wp\/v2\/pages\/785","targetHints":{"allow":["GET"]}}],"collection":[{"href":"https:\/\/wp.ufpel.edu.br\/neab\/wp-json\/wp\/v2\/pages"}],"about":[{"href":"https:\/\/wp.ufpel.edu.br\/neab\/wp-json\/wp\/v2\/types\/page"}],"author":[{"embeddable":true,"href":"https:\/\/wp.ufpel.edu.br\/neab\/wp-json\/wp\/v2\/users\/814"}],"replies":[{"embeddable":true,"href":"https:\/\/wp.ufpel.edu.br\/neab\/wp-json\/wp\/v2\/comments?post=785"}],"version-history":[{"count":2,"href":"https:\/\/wp.ufpel.edu.br\/neab\/wp-json\/wp\/v2\/pages\/785\/revisions"}],"predecessor-version":[{"id":789,"href":"https:\/\/wp.ufpel.edu.br\/neab\/wp-json\/wp\/v2\/pages\/785\/revisions\/789"}],"wp:attachment":[{"href":"https:\/\/wp.ufpel.edu.br\/neab\/wp-json\/wp\/v2\/media?parent=785"}],"curies":[{"name":"wp","href":"https:\/\/api.w.org\/{rel}","templated":true}]}}