{"id":774,"date":"2022-12-07T15:41:55","date_gmt":"2022-12-07T18:41:55","guid":{"rendered":"https:\/\/wp.ufpel.edu.br\/neab\/?page_id=774"},"modified":"2022-12-07T15:41:55","modified_gmt":"2022-12-07T18:41:55","slug":"centro-profissionalizante-de-apoio-a-industria-intervencao-na-antiga-cia-mac-hardy","status":"publish","type":"page","link":"https:\/\/wp.ufpel.edu.br\/neab\/centro-profissionalizante-de-apoio-a-industria-intervencao-na-antiga-cia-mac-hardy\/","title":{"rendered":"Centro Profissionalizante de Apoio \u00e0 Industria: interven\u00e7\u00e3o na antiga cia. Mac Hardy"},"content":{"rendered":"<p><strong><span style=\"font-family: arial, helvetica, sans-serif;\">Centro Profissionalizante de Apoio \u00e0 Industria: interven\u00e7\u00e3o na antiga cia. Mac Hardy em Campinas, S\u00e3o Paulo, Brasil<\/span><\/strong><br \/>\n<strong><span style=\"font-family: arial, helvetica, sans-serif;\">Autor: Laisy Vizotto<\/span><\/strong><\/p>\n<p><span style=\"font-family: arial, helvetica, sans-serif;\">Resumo:<\/span><\/p>\n<p><span style=\"font-family: arial, helvetica, sans-serif;\">A prioridade do projeto \u00e9 a interven\u00e7\u00e3o, recupera\u00e7\u00e3o e valoriza\u00e7\u00e3o de um patrim\u00f4nio arquitet\u00f4nico hist\u00f3rico reconhecido por tombamento municipal, o pr\u00e9dio da antiga Cia. Mac Hardy, uma das primeiras ind\u00fastrias de fundi\u00e7\u00e3o que funcionou no final do s\u00e9culo XIX e nas primeiras d\u00e9cadas do s\u00e9culo XX, cujo remanescente f\u00edsico \u00e9 representante da hist\u00f3ria e da origem do car\u00e1ter e desenvolvimento industrial da cidade de Campinas \u2013 S\u00e3o Paulo.<\/span><\/p>\n<p><span style=\"font-family: arial, helvetica, sans-serif;\">Link de acesso a rede PHI: <a href=\"https:\/\/phi.aq.upm.es\/static\/visor.html?id=591\">https:\/\/phi.aq.upm.es\/static\/visor.html?id=591<\/a><\/span><\/p>\n","protected":false},"excerpt":{"rendered":"<p>Centro Profissionalizante de Apoio \u00e0 Industria: interven\u00e7\u00e3o na antiga cia. Mac Hardy em Campinas, S\u00e3o Paulo, Brasil Autor: Laisy Vizotto Resumo: A prioridade do projeto \u00e9 a interven\u00e7\u00e3o, recupera\u00e7\u00e3o e valoriza\u00e7\u00e3o de um patrim\u00f4nio arquitet\u00f4nico hist\u00f3rico reconhecido por tombamento municipal, o pr\u00e9dio da antiga Cia. Mac Hardy, uma das primeiras ind\u00fastrias de fundi\u00e7\u00e3o que funcionou [&hellip;]<\/p>\n","protected":false},"author":814,"featured_media":0,"parent":0,"menu_order":0,"comment_status":"closed","ping_status":"closed","template":"","meta":{"footnotes":""},"class_list":["post-774","page","type-page","status-publish","hentry"],"jetpack_sharing_enabled":true,"_links":{"self":[{"href":"https:\/\/wp.ufpel.edu.br\/neab\/wp-json\/wp\/v2\/pages\/774","targetHints":{"allow":["GET"]}}],"collection":[{"href":"https:\/\/wp.ufpel.edu.br\/neab\/wp-json\/wp\/v2\/pages"}],"about":[{"href":"https:\/\/wp.ufpel.edu.br\/neab\/wp-json\/wp\/v2\/types\/page"}],"author":[{"embeddable":true,"href":"https:\/\/wp.ufpel.edu.br\/neab\/wp-json\/wp\/v2\/users\/814"}],"replies":[{"embeddable":true,"href":"https:\/\/wp.ufpel.edu.br\/neab\/wp-json\/wp\/v2\/comments?post=774"}],"version-history":[{"count":1,"href":"https:\/\/wp.ufpel.edu.br\/neab\/wp-json\/wp\/v2\/pages\/774\/revisions"}],"predecessor-version":[{"id":775,"href":"https:\/\/wp.ufpel.edu.br\/neab\/wp-json\/wp\/v2\/pages\/774\/revisions\/775"}],"wp:attachment":[{"href":"https:\/\/wp.ufpel.edu.br\/neab\/wp-json\/wp\/v2\/media?parent=774"}],"curies":[{"name":"wp","href":"https:\/\/api.w.org\/{rel}","templated":true}]}}