{"id":771,"date":"2022-12-07T15:16:19","date_gmt":"2022-12-07T18:16:19","guid":{"rendered":"https:\/\/wp.ufpel.edu.br\/neab\/?page_id=771"},"modified":"2022-12-07T15:16:19","modified_gmt":"2022-12-07T18:16:19","slug":"centro-cultural-porto-das-artes","status":"publish","type":"page","link":"https:\/\/wp.ufpel.edu.br\/neab\/centro-cultural-porto-das-artes\/","title":{"rendered":"Centro Cultural &#8211; Porto das Artes"},"content":{"rendered":"<p><strong><span style=\"font-family: arial, helvetica, sans-serif;\">Centro Cultural &#8211; Porto das Artes<\/span><\/strong><\/p>\n<p><strong><span style=\"font-family: arial, helvetica, sans-serif;\">Autor: Guilherme Iorio K\u00f6nsgen<\/span><\/strong><\/p>\n<p>&nbsp;<\/p>\n<p><strong><span style=\"font-family: arial, helvetica, sans-serif;\">Resumo:<\/span><\/strong><\/p>\n<p><span style=\"font-family: arial, helvetica, sans-serif;\">O problema ao qual se busca uma resposta \u00e9 o de prover um novo uso para o pr\u00e9dio conhecido como Almoxarifado Municipal, situado na zona portu\u00e1ria da cidade de Pelotas, Rio Grande do Sul, Brasil. A proposta prev\u00ea para esta pr\u00e9-exist\u00eancia a implanta\u00e7\u00e3o de um equipamento cultural e de lazer, gerido pela municipalidade, e aberto ao acesso e uso da popula\u00e7\u00e3o como equipamento p\u00fablico. A opera\u00e7\u00e3o projetual central est\u00e1 na proposta de remodela\u00e7\u00e3o do conjunto arquitet\u00f4nico, a qual se desenvolver\u00e1 a partir da revitaliza\u00e7\u00e3o das edifica\u00e7\u00f5es de maior valor na paisagem urbana local, do redesenho dos espa\u00e7os abertos no terreno e da inser\u00e7\u00e3o de um conjunto de novas constru\u00e7\u00f5es de tra\u00e7o contempor\u00e2neo.<\/span><\/p>\n<p><span style=\"font-family: arial, helvetica, sans-serif;\">Link de acesso a rede PHI: <a href=\"https:\/\/phi.aq.upm.es\/static\/visor.html?id=668\">https:\/\/phi.aq.upm.es\/static\/visor.html?id=668<\/a><\/span><\/p>\n","protected":false},"excerpt":{"rendered":"<p>Centro Cultural &#8211; Porto das Artes Autor: Guilherme Iorio K\u00f6nsgen &nbsp; Resumo: O problema ao qual se busca uma resposta \u00e9 o de prover um novo uso para o pr\u00e9dio conhecido como Almoxarifado Municipal, situado na zona portu\u00e1ria da cidade de Pelotas, Rio Grande do Sul, Brasil. A proposta prev\u00ea para esta pr\u00e9-exist\u00eancia a implanta\u00e7\u00e3o [&hellip;]<\/p>\n","protected":false},"author":814,"featured_media":0,"parent":0,"menu_order":0,"comment_status":"closed","ping_status":"closed","template":"","meta":{"footnotes":""},"class_list":["post-771","page","type-page","status-publish","hentry"],"jetpack_sharing_enabled":true,"_links":{"self":[{"href":"https:\/\/wp.ufpel.edu.br\/neab\/wp-json\/wp\/v2\/pages\/771","targetHints":{"allow":["GET"]}}],"collection":[{"href":"https:\/\/wp.ufpel.edu.br\/neab\/wp-json\/wp\/v2\/pages"}],"about":[{"href":"https:\/\/wp.ufpel.edu.br\/neab\/wp-json\/wp\/v2\/types\/page"}],"author":[{"embeddable":true,"href":"https:\/\/wp.ufpel.edu.br\/neab\/wp-json\/wp\/v2\/users\/814"}],"replies":[{"embeddable":true,"href":"https:\/\/wp.ufpel.edu.br\/neab\/wp-json\/wp\/v2\/comments?post=771"}],"version-history":[{"count":1,"href":"https:\/\/wp.ufpel.edu.br\/neab\/wp-json\/wp\/v2\/pages\/771\/revisions"}],"predecessor-version":[{"id":772,"href":"https:\/\/wp.ufpel.edu.br\/neab\/wp-json\/wp\/v2\/pages\/771\/revisions\/772"}],"wp:attachment":[{"href":"https:\/\/wp.ufpel.edu.br\/neab\/wp-json\/wp\/v2\/media?parent=771"}],"curies":[{"name":"wp","href":"https:\/\/api.w.org\/{rel}","templated":true}]}}