{"id":768,"date":"2022-12-07T15:13:10","date_gmt":"2022-12-07T18:13:10","guid":{"rendered":"https:\/\/wp.ufpel.edu.br\/neab\/?page_id=768"},"modified":"2022-12-07T15:13:10","modified_gmt":"2022-12-07T18:13:10","slug":"centro-cultural-e-gastronomico-jacob-rheingantz","status":"publish","type":"page","link":"https:\/\/wp.ufpel.edu.br\/neab\/centro-cultural-e-gastronomico-jacob-rheingantz\/","title":{"rendered":"Centro Cultural e Gastron\u00f4mico Jacob Rheingantz"},"content":{"rendered":"<p><strong><span style=\"font-family: arial, helvetica, sans-serif;\">Centro Cultural e Gastron\u00f4mico Jacob Rheingantz, S\u00e3o Louren\u00e7o do Sul, Brasil<\/span><\/strong><br \/>\n<strong><span style=\"font-family: arial, helvetica, sans-serif;\">Autor: Geovana Schneid<\/span><\/strong><\/p>\n<p><span style=\"font-family: arial, helvetica, sans-serif;\"><strong>Resumo:\u00a0<\/strong><\/span><\/p>\n<p><span style=\"font-family: arial, helvetica, sans-serif;\">O presente trabalho prop\u00f5e novos usos para quatro edifica\u00e7\u00f5es com valor hist\u00f3rico e patrimonial para a cidade de S\u00e3o Louren\u00e7o do Sul-RS\/Brasil, requalifica\u00e7\u00e3o da \u00e1rea e reestrutura\u00e7\u00e3o dos ambientes externos a esse lote com a cria\u00e7\u00e3o de dois novos espa\u00e7os anexos afim de atender adequadamente o programa de necessidades. O terreno est\u00e1 localizado no antigo porto da cidade, \u00e0s margens do Arroio S\u00e3o Louren\u00e7o sendo esse o local de ocupa\u00e7\u00e3o inicial da cidade. Assim, o projeto tem como objetivo agrupar atividades ligadas a cultura Lourenciana resgatando sua hist\u00f3ria, afim de promover integra\u00e7\u00e3o e difundir h\u00e1bitos culturais mantidos pelos descendentes dos que colonizaram essa regi\u00e3o.<\/span><\/p>\n<p><span style=\"font-family: arial, helvetica, sans-serif;\">Link de acesso a rede PHI: <a href=\"https:\/\/phi.aq.upm.es\/static\/visor.html?id=546\">https:\/\/phi.aq.upm.es\/static\/visor.html?id=546<\/a><\/span><\/p>\n","protected":false},"excerpt":{"rendered":"<p>Centro Cultural e Gastron\u00f4mico Jacob Rheingantz, S\u00e3o Louren\u00e7o do Sul, Brasil Autor: Geovana Schneid Resumo:\u00a0 O presente trabalho prop\u00f5e novos usos para quatro edifica\u00e7\u00f5es com valor hist\u00f3rico e patrimonial para a cidade de S\u00e3o Louren\u00e7o do Sul-RS\/Brasil, requalifica\u00e7\u00e3o da \u00e1rea e reestrutura\u00e7\u00e3o dos ambientes externos a esse lote com a cria\u00e7\u00e3o de dois novos espa\u00e7os [&hellip;]<\/p>\n","protected":false},"author":814,"featured_media":0,"parent":0,"menu_order":0,"comment_status":"closed","ping_status":"closed","template":"","meta":{"footnotes":""},"class_list":["post-768","page","type-page","status-publish","hentry"],"jetpack_sharing_enabled":true,"_links":{"self":[{"href":"https:\/\/wp.ufpel.edu.br\/neab\/wp-json\/wp\/v2\/pages\/768","targetHints":{"allow":["GET"]}}],"collection":[{"href":"https:\/\/wp.ufpel.edu.br\/neab\/wp-json\/wp\/v2\/pages"}],"about":[{"href":"https:\/\/wp.ufpel.edu.br\/neab\/wp-json\/wp\/v2\/types\/page"}],"author":[{"embeddable":true,"href":"https:\/\/wp.ufpel.edu.br\/neab\/wp-json\/wp\/v2\/users\/814"}],"replies":[{"embeddable":true,"href":"https:\/\/wp.ufpel.edu.br\/neab\/wp-json\/wp\/v2\/comments?post=768"}],"version-history":[{"count":1,"href":"https:\/\/wp.ufpel.edu.br\/neab\/wp-json\/wp\/v2\/pages\/768\/revisions"}],"predecessor-version":[{"id":769,"href":"https:\/\/wp.ufpel.edu.br\/neab\/wp-json\/wp\/v2\/pages\/768\/revisions\/769"}],"wp:attachment":[{"href":"https:\/\/wp.ufpel.edu.br\/neab\/wp-json\/wp\/v2\/media?parent=768"}],"curies":[{"name":"wp","href":"https:\/\/api.w.org\/{rel}","templated":true}]}}