{"id":681,"date":"2022-10-04T14:44:55","date_gmt":"2022-10-04T17:44:55","guid":{"rendered":"https:\/\/wp.ufpel.edu.br\/neab\/?page_id=681"},"modified":"2022-10-04T14:45:48","modified_gmt":"2022-10-04T17:45:48","slug":"conhecer-e-atribuir-valores-a-importancia-dos-conjuntos-estudados-codigo-11833","status":"publish","type":"page","link":"https:\/\/wp.ufpel.edu.br\/neab\/conhecer-e-atribuir-valores-a-importancia-dos-conjuntos-estudados-codigo-11833\/","title":{"rendered":"CONHECER E ATRIBUIR VALORES A IMPORT\u00c2NCIA DOS CONJUNTOS ESTUDADOS &#8211; C\u00d3DIGO 11833"},"content":{"rendered":"<p><span style=\"font-family: arial, helvetica, sans-serif;\"><strong>NATUREZA:<\/strong> Pesquisa\u00a0 \u00a0 \u00a0 <strong>DATA DE IN\u00cdCIO:<\/strong> 01\/08\/2020\u00a0 \u00a0 \u00a0 \u00a0<strong>DATA DO FIM:<\/strong> 19\/11\/2020<\/span><\/p>\n<p><span style=\"font-family: arial, helvetica, sans-serif;\"><strong>G\u00caNERO:<\/strong> Propriamente Dita de Pesquisa<\/span><\/p>\n<p><span style=\"font-family: arial, helvetica, sans-serif;\"><strong>LOCALIZA\u00c7\u00c3O DE REALIZA\u00c7\u00c3O:<\/strong> Pelotas e Herval, RS<\/span><\/p>\n<p>&nbsp;<\/p>\n<p><strong><span style=\"font-family: arial, helvetica, sans-serif;\">Objetivo espec\u00edfico<\/span><\/strong><\/p>\n<ul>\n<li><span style=\"font-family: arial, helvetica, sans-serif;\">Sistematizar os resultados obtidos no invent\u00e1rio de reconhecimento;<\/span><\/li>\n<li><span style=\"font-family: arial, helvetica, sans-serif;\">Identificar os bens e estabelecer valores que justifiquem a sua preserva\u00e7\u00e3o;<\/span><\/li>\n<li><span style=\"font-family: arial, helvetica, sans-serif;\">Subsidiar poss\u00edveis a\u00e7\u00f5es e preserva\u00e7\u00e3o dos gestores p\u00fablicos e privados.<\/span><\/li>\n<\/ul>\n","protected":false},"excerpt":{"rendered":"<p>NATUREZA: Pesquisa\u00a0 \u00a0 \u00a0 DATA DE IN\u00cdCIO: 01\/08\/2020\u00a0 \u00a0 \u00a0 \u00a0DATA DO FIM: 19\/11\/2020 G\u00caNERO: Propriamente Dita de Pesquisa LOCALIZA\u00c7\u00c3O DE REALIZA\u00c7\u00c3O: Pelotas e Herval, RS &nbsp; Objetivo espec\u00edfico Sistematizar os resultados obtidos no invent\u00e1rio de reconhecimento; Identificar os bens e estabelecer valores que justifiquem a sua preserva\u00e7\u00e3o; Subsidiar poss\u00edveis a\u00e7\u00f5es e preserva\u00e7\u00e3o dos gestores [&hellip;]<\/p>\n","protected":false},"author":814,"featured_media":0,"parent":0,"menu_order":0,"comment_status":"closed","ping_status":"closed","template":"","meta":{"footnotes":""},"class_list":["post-681","page","type-page","status-publish","hentry"],"jetpack_sharing_enabled":true,"_links":{"self":[{"href":"https:\/\/wp.ufpel.edu.br\/neab\/wp-json\/wp\/v2\/pages\/681","targetHints":{"allow":["GET"]}}],"collection":[{"href":"https:\/\/wp.ufpel.edu.br\/neab\/wp-json\/wp\/v2\/pages"}],"about":[{"href":"https:\/\/wp.ufpel.edu.br\/neab\/wp-json\/wp\/v2\/types\/page"}],"author":[{"embeddable":true,"href":"https:\/\/wp.ufpel.edu.br\/neab\/wp-json\/wp\/v2\/users\/814"}],"replies":[{"embeddable":true,"href":"https:\/\/wp.ufpel.edu.br\/neab\/wp-json\/wp\/v2\/comments?post=681"}],"version-history":[{"count":1,"href":"https:\/\/wp.ufpel.edu.br\/neab\/wp-json\/wp\/v2\/pages\/681\/revisions"}],"predecessor-version":[{"id":682,"href":"https:\/\/wp.ufpel.edu.br\/neab\/wp-json\/wp\/v2\/pages\/681\/revisions\/682"}],"wp:attachment":[{"href":"https:\/\/wp.ufpel.edu.br\/neab\/wp-json\/wp\/v2\/media?parent=681"}],"curies":[{"name":"wp","href":"https:\/\/api.w.org\/{rel}","templated":true}]}}