{"id":679,"date":"2022-10-04T14:40:06","date_gmt":"2022-10-04T17:40:06","guid":{"rendered":"https:\/\/wp.ufpel.edu.br\/neab\/?page_id=679"},"modified":"2022-10-04T14:40:06","modified_gmt":"2022-10-04T17:40:06","slug":"estudar-o-contexto-historico-de-formacao-da-cidade-codigo-11832","status":"publish","type":"page","link":"https:\/\/wp.ufpel.edu.br\/neab\/estudar-o-contexto-historico-de-formacao-da-cidade-codigo-11832\/","title":{"rendered":"ESTUDAR O CONTEXTO HIST\u00d3RICO DE FORMA\u00c7\u00c3O DA CIDADE &#8211; C\u00d3DIGO 11832"},"content":{"rendered":"<p><span style=\"font-family: arial, helvetica, sans-serif;\"><strong>NATUREZA:<\/strong> Pesquisa\u00a0 \u00a0 \u00a0 \u00a0 <strong>DATA DE IN\u00cdCIO:<\/strong> 01\/08\/2020\u00a0 \u00a0 \u00a0 \u00a0<strong>DATA DO FIM:<\/strong> 19\/11\/2020<\/span><\/p>\n<p><span style=\"font-family: arial, helvetica, sans-serif;\"><strong>G\u00caNERO:<\/strong> Propriamente Dita de Pesquisa<\/span><\/p>\n<p><span style=\"font-family: arial, helvetica, sans-serif;\"><strong>LOCALIZA\u00c7\u00c3O DE REALIZA\u00c7\u00c3O:<\/strong> Pelotas e Herval, RS<\/span><\/p>\n<p>&nbsp;<\/p>\n<p><strong><span style=\"font-family: arial, helvetica, sans-serif;\">Objetivo espec\u00edfico<\/span><\/strong><\/p>\n<ul>\n<li><span style=\"font-family: arial, helvetica, sans-serif;\">Coletar material iconogr\u00e1fico sobre a cidade;<\/span><\/li>\n<li><span style=\"font-family: arial, helvetica, sans-serif;\">Identificar fontes textuais prim\u00e1rias e secund\u00e1rias sobre a cidade;<\/span><\/li>\n<li><span style=\"font-family: arial, helvetica, sans-serif;\">Mapear a evolu\u00e7\u00e3o urbana de Herval.<\/span><\/li>\n<\/ul>\n","protected":false},"excerpt":{"rendered":"<p>NATUREZA: Pesquisa\u00a0 \u00a0 \u00a0 \u00a0 DATA DE IN\u00cdCIO: 01\/08\/2020\u00a0 \u00a0 \u00a0 \u00a0DATA DO FIM: 19\/11\/2020 G\u00caNERO: Propriamente Dita de Pesquisa LOCALIZA\u00c7\u00c3O DE REALIZA\u00c7\u00c3O: Pelotas e Herval, RS &nbsp; Objetivo espec\u00edfico Coletar material iconogr\u00e1fico sobre a cidade; Identificar fontes textuais prim\u00e1rias e secund\u00e1rias sobre a cidade; Mapear a evolu\u00e7\u00e3o urbana de Herval.<\/p>\n","protected":false},"author":814,"featured_media":0,"parent":0,"menu_order":0,"comment_status":"closed","ping_status":"closed","template":"","meta":{"footnotes":""},"class_list":["post-679","page","type-page","status-publish","hentry"],"jetpack_sharing_enabled":true,"_links":{"self":[{"href":"https:\/\/wp.ufpel.edu.br\/neab\/wp-json\/wp\/v2\/pages\/679","targetHints":{"allow":["GET"]}}],"collection":[{"href":"https:\/\/wp.ufpel.edu.br\/neab\/wp-json\/wp\/v2\/pages"}],"about":[{"href":"https:\/\/wp.ufpel.edu.br\/neab\/wp-json\/wp\/v2\/types\/page"}],"author":[{"embeddable":true,"href":"https:\/\/wp.ufpel.edu.br\/neab\/wp-json\/wp\/v2\/users\/814"}],"replies":[{"embeddable":true,"href":"https:\/\/wp.ufpel.edu.br\/neab\/wp-json\/wp\/v2\/comments?post=679"}],"version-history":[{"count":1,"href":"https:\/\/wp.ufpel.edu.br\/neab\/wp-json\/wp\/v2\/pages\/679\/revisions"}],"predecessor-version":[{"id":680,"href":"https:\/\/wp.ufpel.edu.br\/neab\/wp-json\/wp\/v2\/pages\/679\/revisions\/680"}],"wp:attachment":[{"href":"https:\/\/wp.ufpel.edu.br\/neab\/wp-json\/wp\/v2\/media?parent=679"}],"curies":[{"name":"wp","href":"https:\/\/api.w.org\/{rel}","templated":true}]}}