{"id":668,"date":"2022-10-04T14:24:48","date_gmt":"2022-10-04T17:24:48","guid":{"rendered":"https:\/\/wp.ufpel.edu.br\/neab\/?page_id=668"},"modified":"2022-10-04T14:31:46","modified_gmt":"2022-10-04T17:31:46","slug":"morfologia-urbana-estudo-de-tecidos-urbanos-de-valor-cultural-em-cidades-da-regiao-sul-do-rio-grande-do-sul-7211","status":"publish","type":"page","link":"https:\/\/wp.ufpel.edu.br\/neab\/morfologia-urbana-estudo-de-tecidos-urbanos-de-valor-cultural-em-cidades-da-regiao-sul-do-rio-grande-do-sul-7211\/","title":{"rendered":"MORFOLOGIA URBANA: ESTUDO DE TECIDOS URBANOS DE VALOR CULTURAL EM CIDADES DA REGI\u00c3O SUL DO RIO GRANDE DO SUL -7211"},"content":{"rendered":"<p><span style=\"font-family: arial, helvetica, sans-serif;\"><strong>NATUREZA:<\/strong> Pesquisa\u00a0 \u00a0 \u00a0 \u00a0 \u00a0 \u00a0 \u00a0 \u00a0<strong>DATA DE IN\u00cdCIO:<\/strong> 20\/05\/2020\u00a0 \u00a0 \u00a0 \u00a0 \u00a0 \u00a0 \u00a0 \u00a0 <strong>DATA DO FIM:<\/strong> 06\/05\/2024<\/span><\/p>\n<p><span style=\"font-family: arial, helvetica, sans-serif;\"><strong>G\u00caNERO:<\/strong> Propriamente Dita de Pesquisa<\/span><\/p>\n<p><span style=\"font-family: arial, helvetica, sans-serif;\"><strong>LOCALIZA\u00c7\u00c3O DE REALIZA\u00c7\u00c3O:<\/strong> Pelotas<\/span><\/p>\n<p>&nbsp;<\/p>\n<p><strong><span style=\"font-family: arial, helvetica, sans-serif;\">Objetivo espec\u00edfico<\/span><\/strong><\/p>\n<ul>\n<li><span style=\"font-family: arial, helvetica, sans-serif;\">Investigar a morfologia urbana de s\u00edtios hist\u00f3ricos das cidades do distrito geoeducacional da UFPel;<\/span><\/li>\n<li><span style=\"font-family: arial, helvetica, sans-serif;\">Compreender a forma da cidade a partir do surgimento de fatos urbanos;<\/span><\/li>\n<li><span style=\"font-family: arial, helvetica, sans-serif;\">Ampliar o conhecimento dos tecidos urbanos e das tipologias mais significativas nas \u00e1reas estudadas;<\/span><\/li>\n<li><span style=\"font-family: arial, helvetica, sans-serif;\">Contribuir para a preserva\u00e7\u00e3o desses exemplares.<\/span><\/li>\n<\/ul>\n","protected":false},"excerpt":{"rendered":"<p>NATUREZA: Pesquisa\u00a0 \u00a0 \u00a0 \u00a0 \u00a0 \u00a0 \u00a0 \u00a0DATA DE IN\u00cdCIO: 20\/05\/2020\u00a0 \u00a0 \u00a0 \u00a0 \u00a0 \u00a0 \u00a0 \u00a0 DATA DO FIM: 06\/05\/2024 G\u00caNERO: Propriamente Dita de Pesquisa LOCALIZA\u00c7\u00c3O DE REALIZA\u00c7\u00c3O: Pelotas &nbsp; Objetivo espec\u00edfico Investigar a morfologia urbana de s\u00edtios hist\u00f3ricos das cidades do distrito geoeducacional da UFPel; Compreender a forma da cidade a [&hellip;]<\/p>\n","protected":false},"author":814,"featured_media":0,"parent":0,"menu_order":0,"comment_status":"closed","ping_status":"closed","template":"","meta":{"footnotes":""},"class_list":["post-668","page","type-page","status-publish","hentry"],"jetpack_sharing_enabled":true,"_links":{"self":[{"href":"https:\/\/wp.ufpel.edu.br\/neab\/wp-json\/wp\/v2\/pages\/668","targetHints":{"allow":["GET"]}}],"collection":[{"href":"https:\/\/wp.ufpel.edu.br\/neab\/wp-json\/wp\/v2\/pages"}],"about":[{"href":"https:\/\/wp.ufpel.edu.br\/neab\/wp-json\/wp\/v2\/types\/page"}],"author":[{"embeddable":true,"href":"https:\/\/wp.ufpel.edu.br\/neab\/wp-json\/wp\/v2\/users\/814"}],"replies":[{"embeddable":true,"href":"https:\/\/wp.ufpel.edu.br\/neab\/wp-json\/wp\/v2\/comments?post=668"}],"version-history":[{"count":3,"href":"https:\/\/wp.ufpel.edu.br\/neab\/wp-json\/wp\/v2\/pages\/668\/revisions"}],"predecessor-version":[{"id":1099,"href":"https:\/\/wp.ufpel.edu.br\/neab\/wp-json\/wp\/v2\/pages\/668\/revisions\/1099"}],"wp:attachment":[{"href":"https:\/\/wp.ufpel.edu.br\/neab\/wp-json\/wp\/v2\/media?parent=668"}],"curies":[{"name":"wp","href":"https:\/\/api.w.org\/{rel}","templated":true}]}}