{"id":659,"date":"2022-10-03T14:31:21","date_gmt":"2022-10-03T17:31:21","guid":{"rendered":"https:\/\/wp.ufpel.edu.br\/neab\/?page_id=659"},"modified":"2022-12-07T14:55:08","modified_gmt":"2022-12-07T17:55:08","slug":"trabalho-final-de-graduacao-patrimonio","status":"publish","type":"page","link":"https:\/\/wp.ufpel.edu.br\/neab\/trabalho-final-de-graduacao-patrimonio\/","title":{"rendered":"Trabalho Final de Gradua\u00e7\u00e3o &#8211; Patrim\u00f4nio"},"content":{"rendered":"<p><span style=\"color: #000000;\"><strong><span style=\"font-family: arial, helvetica, sans-serif;\">TFG: \u00a0&#8220;Complejo Audiovisual Iglesia de Piria&#8221; &#8211; Marcela da Rosa Dias<\/span><\/strong><\/span><\/p>\n<p><a href=\"https:\/\/drive.google.com\/file\/d\/1XXr60uObvg8kbjVZjIX4RV9v81KEgloA\/view?usp=share_link\" target=\"_blank\" rel=\"noopener\"><img class=\"alignnone wp-image-661\" src=\"https:\/\/wp.ufpel.edu.br\/neab\/files\/2022\/10\/tfg-marcela-dias.jpg\" alt=\"\" width=\"793\" height=\"560\" srcset=\"https:\/\/wp.ufpel.edu.br\/neab\/files\/2022\/10\/tfg-marcela-dias.jpg 943w, https:\/\/wp.ufpel.edu.br\/neab\/files\/2022\/10\/tfg-marcela-dias-400x282.jpg 400w, https:\/\/wp.ufpel.edu.br\/neab\/files\/2022\/10\/tfg-marcela-dias-768x542.jpg 768w\" sizes=\"(max-width: 793px) 100vw, 793px\" \/><\/a><\/p>\n<p>&nbsp;<\/p>\n<p>&nbsp;<\/p>\n<p><span style=\"font-family: arial, helvetica, sans-serif; color: #000000;\"><strong>TFG: &#8220;<b>COMPLEXO CINEMATOGR\u00c1FICO: um espa\u00e7o de mem\u00f3ria e de cria\u00e7\u00e3o&#8221; &#8211; Nat\u00e1lia Toralles dos Santos Braga<\/b><\/strong><\/span><\/p>\n<p><a href=\"https:\/\/drive.google.com\/file\/d\/1NA_v0HZTSY-HiC4ijYQOesrYjH3XV13f\/view?usp=share_link\" target=\"_blank\" rel=\"noopener\"><img class=\"alignnone size-full wp-image-688\" src=\"https:\/\/wp.ufpel.edu.br\/neab\/files\/2022\/10\/Natalia-Braga.png\" alt=\"\" width=\"791\" height=\"639\" srcset=\"https:\/\/wp.ufpel.edu.br\/neab\/files\/2022\/10\/Natalia-Braga.png 791w, https:\/\/wp.ufpel.edu.br\/neab\/files\/2022\/10\/Natalia-Braga-400x323.png 400w, https:\/\/wp.ufpel.edu.br\/neab\/files\/2022\/10\/Natalia-Braga-768x620.png 768w\" sizes=\"(max-width: 791px) 100vw, 791px\" \/><\/a><\/p>\n<p>&nbsp;<\/p>\n<p><span style=\"color: #000000;\"><strong><span style=\"font-family: arial, helvetica, sans-serif;\">TFG: &#8220;Entre Charqueadas: um caminho de mem\u00f3rias. Diretrizes de Preserva\u00e7\u00e3o para as Vilas Santa Thereza e Industrial &#8211; Bag\u00e9\/RS&#8221; &#8211; Isadora Baptista Alves<\/span><\/strong><\/span><\/p>\n<p><a href=\"https:\/\/drive.google.com\/file\/d\/1mbIoRrZpNBKUWGDvWUlawrrp301AkW__\/view?usp=share_link\" target=\"_blank\" rel=\"noopener\"><img class=\"alignnone wp-image-697\" src=\"https:\/\/wp.ufpel.edu.br\/neab\/files\/2022\/10\/tfg-isadora.png\" alt=\"\" width=\"790\" height=\"549\" srcset=\"https:\/\/wp.ufpel.edu.br\/neab\/files\/2022\/10\/tfg-isadora.png 1285w, https:\/\/wp.ufpel.edu.br\/neab\/files\/2022\/10\/tfg-isadora-400x278.png 400w, https:\/\/wp.ufpel.edu.br\/neab\/files\/2022\/10\/tfg-isadora-1024x712.png 1024w, https:\/\/wp.ufpel.edu.br\/neab\/files\/2022\/10\/tfg-isadora-768x534.png 768w\" sizes=\"(max-width: 790px) 100vw, 790px\" \/><\/a><\/p>\n<p>&nbsp;<\/p>\n<p><span style=\"font-family: arial, helvetica, sans-serif;\"><strong>TFG: &#8221; <\/strong><strong>Do abandono ao cen\u00e1rio de encontro.\u00a0Padaria,cafeteria e Curso de Panifica\u00e7\u00e3o Artesanal na antiga<\/strong> <strong>Esta\u00e7\u00e3o Theod\u00f3sio no Cap\u00e3o do Le\u00e3o, RS&#8221; &#8211; Vanessa Forneck<\/strong><\/span><a href=\"https:\/\/drive.google.com\/file\/d\/17BAoiUeNww2z-MaXWO7MBFqA-7nmBgqg\/view?usp=share_link\" target=\"_blank\" rel=\"noopener\"><img class=\"alignnone size-full wp-image-705\" src=\"https:\/\/wp.ufpel.edu.br\/neab\/files\/2022\/10\/vanessa-forneck.png\" alt=\"\" width=\"677\" height=\"899\" srcset=\"https:\/\/wp.ufpel.edu.br\/neab\/files\/2022\/10\/vanessa-forneck.png 677w, https:\/\/wp.ufpel.edu.br\/neab\/files\/2022\/10\/vanessa-forneck-301x400.png 301w\" sizes=\"(max-width: 677px) 100vw, 677px\" \/><\/a><\/p>\n<p>&nbsp;<\/p>\n<p><strong><span style=\"font-family: arial, helvetica, sans-serif;\">TFG: &#8220;Ufpel no Porto &#8211; Interven\u00e7\u00e3o no Patrim\u00f4nio cultural edificado da universidade&#8221; &#8211; Carolina Machado Alves<\/span><\/strong><\/p>\n<p><a href=\"https:\/\/drive.google.com\/file\/d\/1n6i9osiM1PYrGRzQYa8IRO0OlvtgDSv6\/view?usp=sharing\" target=\"_blank\" rel=\"noopener\"><img class=\"alignnone size-full wp-image-713\" src=\"https:\/\/wp.ufpel.edu.br\/neab\/files\/2022\/10\/TFG-Carolina-Alves.jpg\" alt=\"\" width=\"752\" height=\"629\" srcset=\"https:\/\/wp.ufpel.edu.br\/neab\/files\/2022\/10\/TFG-Carolina-Alves.jpg 752w, https:\/\/wp.ufpel.edu.br\/neab\/files\/2022\/10\/TFG-Carolina-Alves-400x335.jpg 400w\" sizes=\"(max-width: 752px) 100vw, 752px\" \/><\/a><\/p>\n<p>&nbsp;<\/p>\n<p>&nbsp;<\/p>\n","protected":false},"excerpt":{"rendered":"<p>TFG: \u00a0&#8220;Complejo Audiovisual Iglesia de Piria&#8221; &#8211; Marcela da Rosa Dias &nbsp; &nbsp; TFG: &#8220;COMPLEXO CINEMATOGR\u00c1FICO: um espa\u00e7o de mem\u00f3ria e de cria\u00e7\u00e3o&#8221; &#8211; Nat\u00e1lia Toralles dos Santos Braga &nbsp; TFG: &#8220;Entre Charqueadas: um caminho de mem\u00f3rias. Diretrizes de Preserva\u00e7\u00e3o para as Vilas Santa Thereza e Industrial &#8211; Bag\u00e9\/RS&#8221; &#8211; Isadora Baptista Alves &nbsp; TFG: [&hellip;]<\/p>\n","protected":false},"author":814,"featured_media":0,"parent":0,"menu_order":0,"comment_status":"closed","ping_status":"closed","template":"","meta":{"footnotes":""},"class_list":["post-659","page","type-page","status-publish","hentry"],"jetpack_sharing_enabled":true,"_links":{"self":[{"href":"https:\/\/wp.ufpel.edu.br\/neab\/wp-json\/wp\/v2\/pages\/659","targetHints":{"allow":["GET"]}}],"collection":[{"href":"https:\/\/wp.ufpel.edu.br\/neab\/wp-json\/wp\/v2\/pages"}],"about":[{"href":"https:\/\/wp.ufpel.edu.br\/neab\/wp-json\/wp\/v2\/types\/page"}],"author":[{"embeddable":true,"href":"https:\/\/wp.ufpel.edu.br\/neab\/wp-json\/wp\/v2\/users\/814"}],"replies":[{"embeddable":true,"href":"https:\/\/wp.ufpel.edu.br\/neab\/wp-json\/wp\/v2\/comments?post=659"}],"version-history":[{"count":13,"href":"https:\/\/wp.ufpel.edu.br\/neab\/wp-json\/wp\/v2\/pages\/659\/revisions"}],"predecessor-version":[{"id":758,"href":"https:\/\/wp.ufpel.edu.br\/neab\/wp-json\/wp\/v2\/pages\/659\/revisions\/758"}],"wp:attachment":[{"href":"https:\/\/wp.ufpel.edu.br\/neab\/wp-json\/wp\/v2\/media?parent=659"}],"curies":[{"name":"wp","href":"https:\/\/api.w.org\/{rel}","templated":true}]}}