{"id":647,"date":"2022-09-28T16:48:21","date_gmt":"2022-09-28T19:48:21","guid":{"rendered":"https:\/\/wp.ufpel.edu.br\/neab\/?page_id=647"},"modified":"2022-09-28T16:48:21","modified_gmt":"2022-09-28T19:48:21","slug":"rede-phi-patrimonio-historico-cultural-producao-da-faurb","status":"publish","type":"page","link":"https:\/\/wp.ufpel.edu.br\/neab\/rede-phi-patrimonio-historico-cultural-producao-da-faurb\/","title":{"rendered":"Rede PHI \u2013 patrim\u00f4nio hist\u00f3rico + cultural: produ\u00e7\u00e3o da faurb"},"content":{"rendered":"<p><span style=\"font-family: arial, helvetica, sans-serif;\"><strong>NATUREZA:<\/strong> Extens\u00e3o\u00a0 \u00a0 \u00a0 \u00a0 \u00a0 \u00a0 \u00a0 \u00a0 \u00a0 \u00a0 \u00a0 \u00a0 <strong>\u00a0DATA DE IN\u00cdCIO:<\/strong> 06\/02\/2021\u00a0 \u00a0 \u00a0 \u00a0 \u00a0 \u00a0 \u00a0 <strong>\u00a0 \u00a0 \u00a0 \u00a0DATA DO FIM:<\/strong> 05\/02\/2023\u00a0<\/span><\/p>\n<p><span style=\"font-family: arial, helvetica, sans-serif;\"><strong>G\u00caNERO:<\/strong> Propriamente Dita de Extens\u00e3o<\/span><\/p>\n<p><span style=\"font-family: arial, helvetica, sans-serif;\"><strong>LOCALIZA\u00c7\u00c3O DE REALIZA\u00c7\u00c3O:<\/strong> Pelotas<\/span><\/p>\n<p>&nbsp;<\/p>\n<p><strong><span style=\"font-family: arial, helvetica, sans-serif;\">Objetivo espec\u00edfico<\/span><\/strong><\/p>\n<p><span style=\"font-family: arial, helvetica, sans-serif;\"><strong>*<\/strong>Divulgar na plataforma da rede PHI (Patrim\u00f4nio Hist\u00f3rico + Cultural Ibero-americano) a produ\u00e7\u00e3o acad\u00eamica da FAUrb-UFPel, apresentando projetos e propostas que contemplem as posturas de interven\u00e7\u00e3o contempor\u00e2neas no patrim\u00f4nio cultural;<\/span><\/p>\n<p><span style=\"font-family: arial, helvetica, sans-serif;\"><strong>*<\/strong>Possibilitar \u00e0 comunidade em geral conhecer os trabalhos acad\u00eamicos desenvolvidos pela FAUrb-UFPel na \u00e1rea de interven\u00e7\u00e3o no patrim\u00f4nio cultural;<\/span><\/p>\n<p><span style=\"font-family: arial, helvetica, sans-serif;\"><strong>*<\/strong>Realizar reuni\u00f5es internas para discuss\u00e3o e atualiza\u00e7\u00e3o sobre as orienta\u00e7\u00f5es e encaminhamentos firmados nas reuni\u00f5es da rede PHI;<\/span><\/p>\n<p><span style=\"font-family: arial, helvetica, sans-serif;\"><strong>*<\/strong>Participar, sempre que poss\u00edvel, dos encontros nacionais e internacionais da rede PHI;<\/span><\/p>\n<p><span style=\"font-family: arial, helvetica, sans-serif;\"><strong>*<\/strong>Orientar autores dos projetos e orientadores sobre as especificidades para postagem de trabalhos, atendendo aos requisitos da Rede PHI.<\/span><\/p>\n","protected":false},"excerpt":{"rendered":"<p>NATUREZA: Extens\u00e3o\u00a0 \u00a0 \u00a0 \u00a0 \u00a0 \u00a0 \u00a0 \u00a0 \u00a0 \u00a0 \u00a0 \u00a0 \u00a0DATA DE IN\u00cdCIO: 06\/02\/2021\u00a0 \u00a0 \u00a0 \u00a0 \u00a0 \u00a0 \u00a0 \u00a0 \u00a0 \u00a0 \u00a0DATA DO FIM: 05\/02\/2023\u00a0 G\u00caNERO: Propriamente Dita de Extens\u00e3o LOCALIZA\u00c7\u00c3O DE REALIZA\u00c7\u00c3O: Pelotas &nbsp; Objetivo espec\u00edfico *Divulgar na plataforma da rede PHI (Patrim\u00f4nio Hist\u00f3rico + Cultural Ibero-americano) a produ\u00e7\u00e3o [&hellip;]<\/p>\n","protected":false},"author":814,"featured_media":0,"parent":0,"menu_order":0,"comment_status":"closed","ping_status":"closed","template":"","meta":{"footnotes":""},"class_list":["post-647","page","type-page","status-publish","hentry"],"jetpack_sharing_enabled":true,"_links":{"self":[{"href":"https:\/\/wp.ufpel.edu.br\/neab\/wp-json\/wp\/v2\/pages\/647","targetHints":{"allow":["GET"]}}],"collection":[{"href":"https:\/\/wp.ufpel.edu.br\/neab\/wp-json\/wp\/v2\/pages"}],"about":[{"href":"https:\/\/wp.ufpel.edu.br\/neab\/wp-json\/wp\/v2\/types\/page"}],"author":[{"embeddable":true,"href":"https:\/\/wp.ufpel.edu.br\/neab\/wp-json\/wp\/v2\/users\/814"}],"replies":[{"embeddable":true,"href":"https:\/\/wp.ufpel.edu.br\/neab\/wp-json\/wp\/v2\/comments?post=647"}],"version-history":[{"count":1,"href":"https:\/\/wp.ufpel.edu.br\/neab\/wp-json\/wp\/v2\/pages\/647\/revisions"}],"predecessor-version":[{"id":649,"href":"https:\/\/wp.ufpel.edu.br\/neab\/wp-json\/wp\/v2\/pages\/647\/revisions\/649"}],"wp:attachment":[{"href":"https:\/\/wp.ufpel.edu.br\/neab\/wp-json\/wp\/v2\/media?parent=647"}],"curies":[{"name":"wp","href":"https:\/\/api.w.org\/{rel}","templated":true}]}}