{"id":641,"date":"2022-09-28T16:37:48","date_gmt":"2022-09-28T19:37:48","guid":{"rendered":"https:\/\/wp.ufpel.edu.br\/neab\/?page_id=641"},"modified":"2022-12-06T15:19:39","modified_gmt":"2022-12-06T18:19:39","slug":"ler-e-interpretar-o-patrimonio-cultural-modulo-i-e-ii","status":"publish","type":"page","link":"https:\/\/wp.ufpel.edu.br\/neab\/ler-e-interpretar-o-patrimonio-cultural-modulo-i-e-ii\/","title":{"rendered":"LER E INTERPRETAR O PATRIM\u00d4NIO CULTURAL: (M\u00d3DULO I E II)"},"content":{"rendered":"<p><span style=\"font-family: arial, helvetica, sans-serif;\"><strong>NATUREZA:<\/strong> Ensino\u00a0 \u00a0 \u00a0 \u00a0 \u00a0 \u00a0 \u00a0 \u00a0 \u00a0 \u00a0 \u00a0 \u00a0 \u00a0 \u00a0 \u00a0 \u00a0 <strong>\u00a0DATA DE IN\u00cdCIO:<\/strong> 31\/03\/2020\u00a0 \u00a0 \u00a0 \u00a0 \u00a0 \u00a0 \u00a0 \u00a0 \u00a0 \u00a0 \u00a0 \u00a0 \u00a0 \u00a0 \u00a0 \u00a0 \u00a0 <strong>\u00a0 \u00a0 DATA DO FIM:<\/strong> 11\/01\/2021<\/span><br \/>\n<span style=\"font-family: arial, helvetica, sans-serif;\"><strong>G\u00caNERO:<\/strong> Grupo de Estudos<\/span><br \/>\n<span style=\"font-family: arial, helvetica, sans-serif;\"><strong>LOCALIZA\u00c7\u00c3O DE REALIZA\u00c7\u00c3O:<\/strong> N\u00daCLEO DE ESTUDOS DE ARQUITETURA BRASILEIRA (NEAB) FAUrb\/UFPel<\/span><\/p>\n<p>&nbsp;<\/p>\n<p><strong><span style=\"font-family: arial, helvetica, sans-serif;\">Objetivo espec\u00edfico<\/span><\/strong><\/p>\n<p><span style=\"font-family: arial, helvetica, sans-serif;\"><strong>*<\/strong>Promover leituras, discuss\u00f5es e reflex\u00f5es relacionadas \u00e0 tem\u00e1tica do patrim\u00f4nio cultural;<\/span><\/p>\n<p><span style=\"font-family: arial, helvetica, sans-serif;\"><strong>*<\/strong>Contribuir para a forma\u00e7\u00e3o dos alunos do curso de gradua\u00e7\u00e3o e de p\u00f3s-gradua\u00e7\u00e3o em Arquitetura e Urbanismo da <\/span><span style=\"font-family: arial, helvetica, sans-serif;\">UFPel;<\/span><\/p>\n<p><span style=\"font-family: arial, helvetica, sans-serif;\"><strong>*<\/strong>Promover atividades extracurriculares de ensino vinculadas \u00e0 gradua\u00e7\u00e3o e a p\u00f3s-gradua\u00e7\u00e3o;<\/span><\/p>\n<p><span style=\"font-family: arial, helvetica, sans-serif;\"><strong>*<\/strong>Auxiliar na fundamenta\u00e7\u00e3o te\u00f3rico conceitual em projetos de pesquisa e extens\u00e3o dos integrantes da equipe.<\/span><\/p>\n","protected":false},"excerpt":{"rendered":"<p>NATUREZA: Ensino\u00a0 \u00a0 \u00a0 \u00a0 \u00a0 \u00a0 \u00a0 \u00a0 \u00a0 \u00a0 \u00a0 \u00a0 \u00a0 \u00a0 \u00a0 \u00a0 \u00a0DATA DE IN\u00cdCIO: 31\/03\/2020\u00a0 \u00a0 \u00a0 \u00a0 \u00a0 \u00a0 \u00a0 \u00a0 \u00a0 \u00a0 \u00a0 \u00a0 \u00a0 \u00a0 \u00a0 \u00a0 \u00a0 \u00a0 \u00a0 DATA DO FIM: 11\/01\/2021 G\u00caNERO: Grupo de Estudos LOCALIZA\u00c7\u00c3O DE REALIZA\u00c7\u00c3O: N\u00daCLEO DE ESTUDOS DE ARQUITETURA [&hellip;]<\/p>\n","protected":false},"author":814,"featured_media":0,"parent":0,"menu_order":0,"comment_status":"closed","ping_status":"closed","template":"","meta":{"footnotes":""},"class_list":["post-641","page","type-page","status-publish","hentry"],"jetpack_sharing_enabled":true,"_links":{"self":[{"href":"https:\/\/wp.ufpel.edu.br\/neab\/wp-json\/wp\/v2\/pages\/641","targetHints":{"allow":["GET"]}}],"collection":[{"href":"https:\/\/wp.ufpel.edu.br\/neab\/wp-json\/wp\/v2\/pages"}],"about":[{"href":"https:\/\/wp.ufpel.edu.br\/neab\/wp-json\/wp\/v2\/types\/page"}],"author":[{"embeddable":true,"href":"https:\/\/wp.ufpel.edu.br\/neab\/wp-json\/wp\/v2\/users\/814"}],"replies":[{"embeddable":true,"href":"https:\/\/wp.ufpel.edu.br\/neab\/wp-json\/wp\/v2\/comments?post=641"}],"version-history":[{"count":2,"href":"https:\/\/wp.ufpel.edu.br\/neab\/wp-json\/wp\/v2\/pages\/641\/revisions"}],"predecessor-version":[{"id":718,"href":"https:\/\/wp.ufpel.edu.br\/neab\/wp-json\/wp\/v2\/pages\/641\/revisions\/718"}],"wp:attachment":[{"href":"https:\/\/wp.ufpel.edu.br\/neab\/wp-json\/wp\/v2\/media?parent=641"}],"curies":[{"name":"wp","href":"https:\/\/api.w.org\/{rel}","templated":true}]}}