{"id":622,"date":"2022-09-27T15:50:07","date_gmt":"2022-09-27T18:50:07","guid":{"rendered":"https:\/\/wp.ufpel.edu.br\/neab\/?page_id=622"},"modified":"2022-12-06T15:22:48","modified_gmt":"2022-12-06T18:22:48","slug":"projeto-inventario-do-patrimonio-arquitetonico-da-cidade-de-herval-rio-grande-do-sul-brasil-cod-3115","status":"publish","type":"page","link":"https:\/\/wp.ufpel.edu.br\/neab\/projeto-inventario-do-patrimonio-arquitetonico-da-cidade-de-herval-rio-grande-do-sul-brasil-cod-3115\/","title":{"rendered":"Projeto Invent\u00e1rio do Patrim\u00f4nio Arquitet\u00f4nico da Cidade de Herval, Rio Grande do Sul \u2013 Brasil &#8211; C\u00f3d. 3115"},"content":{"rendered":"<p><span style=\"font-family: arial, helvetica, sans-serif;\"><strong>\u00caNFASE:<\/strong> Pesquisa<\/span><br \/>\n<span style=\"font-family: arial, helvetica, sans-serif;\"><strong>GRADE DE \u00c1REA<\/strong>: Ci\u00eancias Sociais Aplicadas<\/span><br \/>\n<span style=\"font-family: arial, helvetica, sans-serif;\"><strong>UNIDADE:<\/strong> Faculdade de Arquitetura e Urbanismo<\/span><br \/>\n<span style=\"font-family: arial, helvetica, sans-serif;\"><strong>SUBUNIDADE:<\/strong> Departamento de Arquitetura e Urbanismo<\/span><br \/>\n<span style=\"font-family: arial, helvetica, sans-serif;\"><strong>DATA DE IN\u00cdCIO:<\/strong> 01\/08\/2020 DATA DO FIM: 04\/10\/2023<\/span><\/p>\n<p style=\"text-align: justify;\"><span style=\"font-family: arial, helvetica, sans-serif;\"><strong>RESUMO:<\/strong> A pesquisa Invent\u00e1rio do Patrim\u00f4nio Arquitet\u00f4nico da cidade de Herval, Rio Grande do Sul &#8211; Brasil pretende identificar <\/span><span style=\"font-family: arial, helvetica, sans-serif;\">quais as edifica\u00e7\u00f5es configuram o patrim\u00f4nio arquitet\u00f4nico da cidade de Herval e quais valores justificam a sua preserva\u00e7\u00e3o. <\/span><span style=\"font-family: arial, helvetica, sans-serif;\">Nessa perspectiva, busca conhecer e caracterizar o patrim\u00f4nio arquitet\u00f4nico do centro hist\u00f3rico da cidade, com o intuito de <\/span><span style=\"font-family: arial, helvetica, sans-serif;\">possibilitar o seu reconhecimento e valoriza\u00e7\u00e3o. O recorte espacial \u00e9 a \u00e1rea documentada na planta da vila de Herval (1898). <\/span><span style=\"font-family: arial, helvetica, sans-serif;\">O m\u00e9todo de trabalho consiste em um invent\u00e1rio de conhecimento (ou de varredura) da \u00e1rea estudada. Os resultados obtidos no <\/span><span style=\"font-family: arial, helvetica, sans-serif;\">levantamento de campo ser\u00e3o especializados em mapas tem\u00e1ticos, que resultam em um banco de dados sobre o objeto. Esses <\/span><span style=\"font-family: arial, helvetica, sans-serif;\">resultados ser\u00e3o cotejados com o referencial te\u00f3rico, possibilitando a an\u00e1lise e a atribui\u00e7\u00e3o de valores as edifica\u00e7\u00f5es encontradas. <\/span><span style=\"font-family: arial, helvetica, sans-serif;\">Dessa forma, pretende-se apontar os bens integrantes do patrim\u00f4nio arquitet\u00f4nico da \u00e1rea de estudo pass\u00edveis de preserva\u00e7\u00e3o, a <\/span><span style=\"font-family: arial, helvetica, sans-serif;\">delimita\u00e7\u00e3o das \u00e1reas de preserva\u00e7\u00e3o (poligonais), assim como os n\u00edveis de preserva\u00e7\u00e3o e dos graus de descaracteriza\u00e7\u00e3o das <\/span><span style=\"font-family: arial, helvetica, sans-serif;\">edifica\u00e7\u00f5es, com o intuito de fundamentar as justificativas para sua preserva\u00e7\u00e3o e conserva\u00e7\u00e3o.<\/span><\/p>\n<p>&nbsp;<\/p>\n<p><strong><span style=\"font-family: arial, helvetica, sans-serif;\">LISTA DE A\u00c7\u00d5ES :<\/span><\/strong><\/p>\n<ol>\n<li><strong><span style=\"color: #000000;\"><a style=\"color: #000000;\" href=\"https:\/\/wp.ufpel.edu.br\/neab\/documentar-o-patrimonio-arquitetonico-do-centro-historico-da-cidade-codigo-11831\/\"><span style=\"font-family: arial, helvetica, sans-serif;\">DOCUMENTAR O PATRIM\u00d4NIO ARQUITET\u00d4NICO DO CENTRO HIST\u00d3RICO DA CIDADE &#8211; C\u00d3DIGO 11831<\/span><\/a><\/span><\/strong><\/li>\n<li><strong><span style=\"color: #000000;\"><a style=\"color: #000000;\" href=\"https:\/\/wp.ufpel.edu.br\/neab\/estudar-o-contexto-historico-de-formacao-da-cidade-codigo-11832\/\"><span style=\"font-family: arial, helvetica, sans-serif;\">ESTUDAR O CONTEXTO HIST\u00d3RICO DE FORMA\u00c7\u00c3O DA CIDADE &#8211; C\u00d3DIGO 11832<\/span><\/a><\/span><\/strong><\/li>\n<li><strong><span style=\"color: #000000;\"><a style=\"color: #000000;\" href=\"https:\/\/wp.ufpel.edu.br\/neab\/conhecer-e-atribuir-valores-a-importancia-dos-conjuntos-estudados-codigo-11833\/\"><span style=\"font-family: arial, helvetica, sans-serif;\">CONHECER E ATRIBUIR VALORES A IMPORT\u00c2NCIA DOS CONJUNTOS ESTUDADOS &#8211; C\u00d3DIGO 11833<\/span><\/a><\/span><\/strong><\/li>\n<li><strong><span style=\"color: #000000;\"><a style=\"color: #000000;\" href=\"https:\/\/wp.ufpel.edu.br\/neab\/divulgar-o-patrimonio-cultural-modulo-1-e-modulo-ii-codigo-11834\/\"><span style=\"font-family: arial, helvetica, sans-serif;\">DIVULGAR O PATRIM\u00d4NIO CULTURAL. (M\u00d3DULO 1 E M\u00d3DULO II) &#8211; C\u00d3DIGO 11834<\/span><\/a><\/span><\/strong><\/li>\n<\/ol>\n","protected":false},"excerpt":{"rendered":"<p>\u00caNFASE: Pesquisa GRADE DE \u00c1REA: Ci\u00eancias Sociais Aplicadas UNIDADE: Faculdade de Arquitetura e Urbanismo SUBUNIDADE: Departamento de Arquitetura e Urbanismo DATA DE IN\u00cdCIO: 01\/08\/2020 DATA DO FIM: 04\/10\/2023 RESUMO: A pesquisa Invent\u00e1rio do Patrim\u00f4nio Arquitet\u00f4nico da cidade de Herval, Rio Grande do Sul &#8211; Brasil pretende identificar quais as edifica\u00e7\u00f5es configuram o patrim\u00f4nio arquitet\u00f4nico da [&hellip;]<\/p>\n","protected":false},"author":814,"featured_media":0,"parent":0,"menu_order":0,"comment_status":"closed","ping_status":"closed","template":"","meta":{"footnotes":""},"class_list":["post-622","page","type-page","status-publish","hentry"],"jetpack_sharing_enabled":true,"_links":{"self":[{"href":"https:\/\/wp.ufpel.edu.br\/neab\/wp-json\/wp\/v2\/pages\/622","targetHints":{"allow":["GET"]}}],"collection":[{"href":"https:\/\/wp.ufpel.edu.br\/neab\/wp-json\/wp\/v2\/pages"}],"about":[{"href":"https:\/\/wp.ufpel.edu.br\/neab\/wp-json\/wp\/v2\/types\/page"}],"author":[{"embeddable":true,"href":"https:\/\/wp.ufpel.edu.br\/neab\/wp-json\/wp\/v2\/users\/814"}],"replies":[{"embeddable":true,"href":"https:\/\/wp.ufpel.edu.br\/neab\/wp-json\/wp\/v2\/comments?post=622"}],"version-history":[{"count":5,"href":"https:\/\/wp.ufpel.edu.br\/neab\/wp-json\/wp\/v2\/pages\/622\/revisions"}],"predecessor-version":[{"id":722,"href":"https:\/\/wp.ufpel.edu.br\/neab\/wp-json\/wp\/v2\/pages\/622\/revisions\/722"}],"wp:attachment":[{"href":"https:\/\/wp.ufpel.edu.br\/neab\/wp-json\/wp\/v2\/media?parent=622"}],"curies":[{"name":"wp","href":"https:\/\/api.w.org\/{rel}","templated":true}]}}