{"id":582,"date":"2022-09-26T14:57:51","date_gmt":"2022-09-26T17:57:51","guid":{"rendered":"https:\/\/wp.ufpel.edu.br\/neab\/?page_id=582"},"modified":"2022-12-06T16:21:01","modified_gmt":"2022-12-06T19:21:01","slug":"memorias","status":"publish","type":"page","link":"https:\/\/wp.ufpel.edu.br\/neab\/memorias\/","title":{"rendered":"Mem\u00f3rias"},"content":{"rendered":"<p><span style=\"font-size: 10pt;\"><span style=\"color: #000000; font-family: arial, helvetica, sans-serif;\">Exposi\u00e7\u00e3o do acervo do <strong>N\u00facleo de Estudos de Arquitetura Brasileira<\/strong> na feira do livro de S\u00e3o Louren\u00e7o do Sul.<\/span><\/span><\/p>\n<p><a href=\"https:\/\/wp.ufpel.edu.br\/neab\/files\/2022\/10\/feira-do-livro-1.png\"><img class=\"alignnone size-full wp-image-701\" src=\"https:\/\/wp.ufpel.edu.br\/neab\/files\/2022\/10\/feira-do-livro-1.png\" alt=\"\" width=\"384\" height=\"200\" \/><\/a>\u00a0 \u00a0 \u00a0 \u00a0 \u00a0 \u00a0 \u00a0 \u00a0 \u00a0<a href=\"https:\/\/wp.ufpel.edu.br\/neab\/files\/2022\/10\/feira-do-livro-2.png\"><img class=\"alignnone size-full wp-image-702\" src=\"https:\/\/wp.ufpel.edu.br\/neab\/files\/2022\/10\/feira-do-livro-2.png\" alt=\"\" width=\"379\" height=\"201\" \/><\/a><\/p>\n<p>&nbsp;<\/p>\n<p><span style=\"font-family: arial, helvetica, sans-serif; font-size: 10pt;\">No per\u00edodo de 10 a 12 de dezembro de 2012, aconteceu no Sagu\u00e3o da FAUrb a exposi\u00e7\u00e3o <strong>&#8220;20 Anos de Projeto 8 &#8211; T\u00e9cnicas Retrospectivas&#8221;<\/strong>, em comemora\u00e7\u00e3o aos 20 anos da disciplina.<\/span><\/p>\n<p><a href=\"https:\/\/wp.ufpel.edu.br\/neab\/files\/2022\/10\/exposicao-2012.png\"><img class=\"alignnone wp-image-655\" src=\"https:\/\/wp.ufpel.edu.br\/neab\/files\/2022\/10\/exposicao-2012.png\" alt=\"\" width=\"546\" height=\"307\" srcset=\"https:\/\/wp.ufpel.edu.br\/neab\/files\/2022\/10\/exposicao-2012.png 960w, https:\/\/wp.ufpel.edu.br\/neab\/files\/2022\/10\/exposicao-2012-400x225.png 400w, https:\/\/wp.ufpel.edu.br\/neab\/files\/2022\/10\/exposicao-2012-768x432.png 768w\" sizes=\"(max-width: 546px) 100vw, 546px\" \/><\/a><a href=\"https:\/\/wp.ufpel.edu.br\/neab\/files\/2022\/10\/DSC04443-1-scaled.jpg\"><img class=\"wp-image-657 alignleft\" src=\"https:\/\/wp.ufpel.edu.br\/neab\/files\/2022\/10\/DSC04443-1-scaled.jpg\" alt=\"\" width=\"499\" height=\"332\" srcset=\"https:\/\/wp.ufpel.edu.br\/neab\/files\/2022\/10\/DSC04443-1-scaled.jpg 2560w, https:\/\/wp.ufpel.edu.br\/neab\/files\/2022\/10\/DSC04443-1-400x266.jpg 400w, https:\/\/wp.ufpel.edu.br\/neab\/files\/2022\/10\/DSC04443-1-1024x680.jpg 1024w, https:\/\/wp.ufpel.edu.br\/neab\/files\/2022\/10\/DSC04443-1-768x510.jpg 768w, https:\/\/wp.ufpel.edu.br\/neab\/files\/2022\/10\/DSC04443-1-1536x1021.jpg 1536w, https:\/\/wp.ufpel.edu.br\/neab\/files\/2022\/10\/DSC04443-1-2048x1361.jpg 2048w\" sizes=\"(max-width: 499px) 100vw, 499px\" \/><\/a><\/p>\n","protected":false},"excerpt":{"rendered":"<p>Exposi\u00e7\u00e3o do acervo do N\u00facleo de Estudos de Arquitetura Brasileira na feira do livro de S\u00e3o Louren\u00e7o do Sul. \u00a0 \u00a0 \u00a0 \u00a0 \u00a0 \u00a0 \u00a0 \u00a0 \u00a0 &nbsp; No per\u00edodo de 10 a 12 de dezembro de 2012, aconteceu no Sagu\u00e3o da FAUrb a exposi\u00e7\u00e3o &#8220;20 Anos de Projeto 8 &#8211; T\u00e9cnicas Retrospectivas&#8221;, em [&hellip;]<\/p>\n","protected":false},"author":814,"featured_media":0,"parent":0,"menu_order":0,"comment_status":"closed","ping_status":"closed","template":"","meta":{"footnotes":""},"class_list":["post-582","page","type-page","status-publish","hentry"],"jetpack_sharing_enabled":true,"_links":{"self":[{"href":"https:\/\/wp.ufpel.edu.br\/neab\/wp-json\/wp\/v2\/pages\/582","targetHints":{"allow":["GET"]}}],"collection":[{"href":"https:\/\/wp.ufpel.edu.br\/neab\/wp-json\/wp\/v2\/pages"}],"about":[{"href":"https:\/\/wp.ufpel.edu.br\/neab\/wp-json\/wp\/v2\/types\/page"}],"author":[{"embeddable":true,"href":"https:\/\/wp.ufpel.edu.br\/neab\/wp-json\/wp\/v2\/users\/814"}],"replies":[{"embeddable":true,"href":"https:\/\/wp.ufpel.edu.br\/neab\/wp-json\/wp\/v2\/comments?post=582"}],"version-history":[{"count":11,"href":"https:\/\/wp.ufpel.edu.br\/neab\/wp-json\/wp\/v2\/pages\/582\/revisions"}],"predecessor-version":[{"id":747,"href":"https:\/\/wp.ufpel.edu.br\/neab\/wp-json\/wp\/v2\/pages\/582\/revisions\/747"}],"wp:attachment":[{"href":"https:\/\/wp.ufpel.edu.br\/neab\/wp-json\/wp\/v2\/media?parent=582"}],"curies":[{"name":"wp","href":"https:\/\/api.w.org\/{rel}","templated":true}]}}