{"id":528,"date":"2022-08-23T15:25:01","date_gmt":"2022-08-23T18:25:01","guid":{"rendered":"https:\/\/wp.ufpel.edu.br\/neab\/?page_id=528"},"modified":"2022-08-24T15:14:46","modified_gmt":"2022-08-24T18:14:46","slug":"rede-phi","status":"publish","type":"page","link":"https:\/\/wp.ufpel.edu.br\/neab\/rede-phi\/","title":{"rendered":"Rede PHI"},"content":{"rendered":"<p><span style=\"font-size: 10pt; color: #333333;\"><strong><span style=\"font-family: arial, helvetica, sans-serif;\"><a style=\"color: #333333;\" href=\"https:\/\/wp.ufpel.edu.br\/neab\/equipe-2\/\">EQUIPE<\/a> \u00a0<a style=\"color: #333333;\" href=\"https:\/\/wp.ufpel.edu.br\/neab\/linha-do-tempo\/\">LINHA DO TEMPO<\/a>\u00a0 <a style=\"color: #333333;\" href=\"https:\/\/wp.ufpel.edu.br\/neab\/producao-academica\/\">PRODU\u00c7\u00c3O ACAD\u00caMICA<\/a> <a style=\"color: #333333;\" href=\"https:\/\/wp.ufpel.edu.br\/neab\/trabalhos-postados\/\">TRABALHOS POSTADOS\u00a0<\/a> <a style=\"color: #333333;\" href=\"https:\/\/wp.ufpel.edu.br\/neab\/selecao-de-trabalhos\/\">SELE\u00c7\u00c3O DE TRABALHOS<\/a>\u00a0<\/span><\/strong><\/span><\/p>\n<p><span style=\"font-family: arial, helvetica, sans-serif;\">Resumo: Divulga\u00e7\u00e3o na Rede Patrim\u00f4nio Hist\u00f3rico + Cultural Iberoamericano (PHI) dos trabalhos produzidos pelos acad\u00eamicos da FAUrb-UFPel que abordam a tem\u00e1tica das interven\u00e7\u00f5es no patrim\u00f4nio cultural. A rede PHI \u00e9 um esfor\u00e7o conjunto de universidades de oito pa\u00edses de l\u00edngua portuguesa e espanhola para divulgar projetos acad\u00eamicos de interven\u00e7\u00e3o no patrim\u00f4nio hist\u00f3rico de seus respectivos pa\u00edses. Os trabalhos dos alunos podem ser de gradua\u00e7\u00e3o ou p\u00f3s-gradua\u00e7\u00e3o (especializa\u00e7\u00e3o, mestrado ou doutorado), desde que abordem projetos de interven\u00e7\u00e3o arquitet\u00f4nica ou urbana.<\/span><\/p>\n<p><span style=\"font-family: arial, helvetica, sans-serif;\">Sobre a Rede PHI:<\/span><\/p>\n<p><span style=\"font-family: arial, helvetica, sans-serif;\">&#8220;O projeto PATRIM\u00d4NIO HIST\u00d3RICO CULTURAL IBEROAMERICANO \u2013 PHI, iniciado em 2011, prop\u00f5e o desenvolvimento de um sistema inovador de informa\u00e7\u00e3o de escala global, baseado nas capacidades do mundo universit\u00e1rio, permanentemente atualizado atrav\u00e9s da produ\u00e7\u00e3o discente no n\u00edvel de p\u00f3s-gradua\u00e7\u00e3o e gradua\u00e7\u00e3o (trabalhos de conclus\u00e3o de curso). O sistema se apresenta em base de dados virtual,\u00a0\u00a0no site: <a href=\"https:\/\/phi.aq.upm.es\/static\/\">https:\/\/phi.aq.upm.es\/static\/#<\/a><\/span><\/p>\n<p><span style=\"font-family: arial, helvetica, sans-serif;\">O seu objetivo \u00e9 criar uma plataforma que permita um melhor conhecimento da produ\u00e7\u00e3o acad\u00eamica de temas ligadas ao patrim\u00f4nio cultural e o valor estrat\u00e9gico a ele associado. O PHI pretende, al\u00e9m disso, facilitar a difus\u00e3o destes valores ao grande p\u00fablico e converter-se em um instrumento de pesquisa, cataloga\u00e7\u00e3o e ajuda na tomada de decis\u00f5es tanto na elabora\u00e7\u00e3o de trabalhos acad\u00eamicos quanto dos principais agentes de coopera\u00e7\u00e3o e das institui\u00e7\u00f5es p\u00fablicas ou privadas interessadas em programas de investimento no campo da reabilita\u00e7\u00e3o, conserva\u00e7\u00e3o a prote\u00e7\u00e3o do patrim\u00f4nio. Al\u00e9m disso, a Rede PHI Brasil se constitui no F\u00f3rum Brasileiro especializado em quest\u00f5es ligadas ao Ensino de Patrim\u00f4nio no Brasil, possibilitando a troca de experi\u00eancias entre docentes e discentes, de forma a garantir o avan\u00e7o neste campo e \u00e1rea de conhecimento. A Rede PHI Brasil ainda se associa ao ICOMOS Brasil atrav\u00e9s do Comit\u00ea Cient\u00edfico para Educa\u00e7\u00e3o para o Patrim\u00f4nio e ICOMOS Internacional atrav\u00e9s do\u00a0<em>Scientific Committee for Training<\/em>.<\/span><\/p>\n<p><span style=\"font-family: arial, helvetica, sans-serif;\">A internacionaliza\u00e7\u00e3o do desenvolvimento cient\u00edfico e da coopera\u00e7\u00e3o internacional \u00e9, hoje, uma necessidade premente e est\u00e1 na agenda de nossas principais institui\u00e7\u00f5es de ci\u00eancia e universidades p\u00fablicas. \u00c9 incontest\u00e1vel a necessidade de esfor\u00e7os de coopera\u00e7\u00e3o para a busca de melhores resultados, a atualiza\u00e7\u00e3o da forma\u00e7\u00e3o e o tr\u00e2nsito livre do conhecimento. Para tanto s\u00e3o necess\u00e1rias a\u00e7\u00f5es espec\u00edficas e coerentes que tornem esta intera\u00e7\u00e3o adequada e poss\u00edvel. Neste sentido, a REDE PHI, atrav\u00e9s de comit\u00eas cient\u00edficos internacionais e brasileiro, objetiva a realiza\u00e7\u00e3o de eventos, fortalecendo a articula\u00e7\u00e3o em rede, com vistas \u00e0 preserva\u00e7\u00e3o do patrim\u00f4nio hist\u00f3rico ibero-americano.&#8221;<\/span><\/p>\n<p>&nbsp;<\/p>\n<p>&nbsp;<\/p>\n","protected":false},"excerpt":{"rendered":"<p>EQUIPE \u00a0LINHA DO TEMPO\u00a0 PRODU\u00c7\u00c3O ACAD\u00caMICA TRABALHOS POSTADOS\u00a0 SELE\u00c7\u00c3O DE TRABALHOS\u00a0 Resumo: Divulga\u00e7\u00e3o na Rede Patrim\u00f4nio Hist\u00f3rico + Cultural Iberoamericano (PHI) dos trabalhos produzidos pelos acad\u00eamicos da FAUrb-UFPel que abordam a tem\u00e1tica das interven\u00e7\u00f5es no patrim\u00f4nio cultural. A rede PHI \u00e9 um esfor\u00e7o conjunto de universidades de oito pa\u00edses de l\u00edngua portuguesa e espanhola para [&hellip;]<\/p>\n","protected":false},"author":814,"featured_media":0,"parent":0,"menu_order":0,"comment_status":"closed","ping_status":"closed","template":"","meta":{"footnotes":""},"class_list":["post-528","page","type-page","status-publish","hentry"],"jetpack_sharing_enabled":true,"_links":{"self":[{"href":"https:\/\/wp.ufpel.edu.br\/neab\/wp-json\/wp\/v2\/pages\/528","targetHints":{"allow":["GET"]}}],"collection":[{"href":"https:\/\/wp.ufpel.edu.br\/neab\/wp-json\/wp\/v2\/pages"}],"about":[{"href":"https:\/\/wp.ufpel.edu.br\/neab\/wp-json\/wp\/v2\/types\/page"}],"author":[{"embeddable":true,"href":"https:\/\/wp.ufpel.edu.br\/neab\/wp-json\/wp\/v2\/users\/814"}],"replies":[{"embeddable":true,"href":"https:\/\/wp.ufpel.edu.br\/neab\/wp-json\/wp\/v2\/comments?post=528"}],"version-history":[{"count":2,"href":"https:\/\/wp.ufpel.edu.br\/neab\/wp-json\/wp\/v2\/pages\/528\/revisions"}],"predecessor-version":[{"id":549,"href":"https:\/\/wp.ufpel.edu.br\/neab\/wp-json\/wp\/v2\/pages\/528\/revisions\/549"}],"wp:attachment":[{"href":"https:\/\/wp.ufpel.edu.br\/neab\/wp-json\/wp\/v2\/media?parent=528"}],"curies":[{"name":"wp","href":"https:\/\/api.w.org\/{rel}","templated":true}]}}