{"id":47,"date":"2018-04-02T11:10:52","date_gmt":"2018-04-02T14:10:52","guid":{"rendered":"https:\/\/wp.ufpel.edu.br\/neab\/?page_id=47"},"modified":"2018-05-21T11:02:36","modified_gmt":"2018-05-21T14:02:36","slug":"pesquisa-2","status":"publish","type":"page","link":"https:\/\/wp.ufpel.edu.br\/neab\/pesquisa-2\/","title":{"rendered":"Ensino"},"content":{"rendered":"<div id=\"comp-j91spma7\" class=\"txtNew\">\n<h1 class=\"font_0\"><span class=\"color_14\">Projetos de Ensino<\/span><\/h1>\n<\/div>\n<div id=\"comp-j91spmbj\" class=\"txtNew\">\n<p class=\"font_8\">Patrim\u00f4nio Hist\u00f3rico e Cultural: teoria e projeto<\/p>\n<p class=\"font_8\"><span class=\"wixGuard\">\u200b<\/span><\/p>\n<p class=\"font_8\">Coordenadora: Prof\u00aa. Aline Montagna da Silveira<\/p>\n<p class=\"font_8\">Integrantes: Prof\u00aa. Ana L\u00facia Costa de Oliveira e Prof. Sylvio Arnoldo Dick Jantzen<\/p>\n<p class=\"font_8\">Tipo: Monitoria<\/p>\n<p class=\"font_8\">Objetivo do projeto: Possibilitar ao aluno desenvolver atividades pedag\u00f3gicas no campo da preserva\u00e7\u00e3o patrimonial, vinculando teoria e pr\u00e1tica e refor\u00e7ando a premissa da indissociabilidade ensino-pesquisa-extens\u00e3o.<\/p>\n\n\t\t<style type=\"text\/css\">\n\t\t\t#gallery-1 {\n\t\t\t\tmargin: auto;\n\t\t\t}\n\t\t\t#gallery-1 .gallery-item {\n\t\t\t\tfloat: left;\n\t\t\t\tmargin-top: 10px;\n\t\t\t\ttext-align: center;\n\t\t\t\twidth: 33%;\n\t\t\t}\n\t\t\t#gallery-1 img {\n\t\t\t\tborder: 2px solid #cfcfcf;\n\t\t\t}\n\t\t\t#gallery-1 .gallery-caption {\n\t\t\t\tmargin-left: 0;\n\t\t\t}\n\t\t\t\/* see gallery_shortcode() in wp-includes\/media.php *\/\n\t\t<\/style>\n\t\t<div id='gallery-1' class='gallery galleryid-47 gallery-columns-3 gallery-size-thumbnail'><dl class='gallery-item'>\n\t\t\t<dt class='gallery-icon landscape'>\n\t\t\t\t<a href='https:\/\/wp.ufpel.edu.br\/neab\/pesquisa-2\/00c710ecc8c34cfd9739ecca0ce3fac0\/'><img width=\"200\" height=\"200\" src=\"https:\/\/wp.ufpel.edu.br\/neab\/files\/2018\/04\/00c710ecc8c34cfd9739ecca0ce3fac0-200x200.jpg\" class=\"attachment-thumbnail size-thumbnail\" alt=\"\" \/><\/a>\n\t\t\t<\/dt><\/dl><dl class='gallery-item'>\n\t\t\t<dt class='gallery-icon landscape'>\n\t\t\t\t<a href='https:\/\/wp.ufpel.edu.br\/neab\/pesquisa-2\/0d5a8583187a44688b918f91298eba80\/'><img width=\"200\" height=\"200\" src=\"https:\/\/wp.ufpel.edu.br\/neab\/files\/2018\/04\/0d5a8583187a44688b918f91298eba80-200x200.jpg\" class=\"attachment-thumbnail size-thumbnail\" alt=\"\" \/><\/a>\n\t\t\t<\/dt><\/dl><dl class='gallery-item'>\n\t\t\t<dt class='gallery-icon landscape'>\n\t\t\t\t<a href='https:\/\/wp.ufpel.edu.br\/neab\/pesquisa-2\/3cd1de924697419088c1e033bb3384ef\/'><img width=\"200\" height=\"200\" src=\"https:\/\/wp.ufpel.edu.br\/neab\/files\/2018\/04\/3cd1de924697419088c1e033bb3384ef-200x200.jpg\" class=\"attachment-thumbnail size-thumbnail\" alt=\"\" \/><\/a>\n\t\t\t<\/dt><\/dl><br style=\"clear: both\" \/><dl class='gallery-item'>\n\t\t\t<dt class='gallery-icon landscape'>\n\t\t\t\t<a href='https:\/\/wp.ufpel.edu.br\/neab\/pesquisa-2\/5a47467975164707be86bfeac844e3a2\/'><img width=\"200\" height=\"200\" src=\"https:\/\/wp.ufpel.edu.br\/neab\/files\/2018\/04\/5a47467975164707be86bfeac844e3a2-200x200.jpg\" class=\"attachment-thumbnail size-thumbnail\" alt=\"\" srcset=\"https:\/\/wp.ufpel.edu.br\/neab\/files\/2018\/04\/5a47467975164707be86bfeac844e3a2-200x200.jpg 200w, https:\/\/wp.ufpel.edu.br\/neab\/files\/2018\/04\/5a47467975164707be86bfeac844e3a2-400x400.jpg 400w, https:\/\/wp.ufpel.edu.br\/neab\/files\/2018\/04\/5a47467975164707be86bfeac844e3a2.jpg 442w\" sizes=\"(max-width: 200px) 100vw, 200px\" \/><\/a>\n\t\t\t<\/dt><\/dl><dl class='gallery-item'>\n\t\t\t<dt class='gallery-icon landscape'>\n\t\t\t\t<a href='https:\/\/wp.ufpel.edu.br\/neab\/pesquisa-2\/57f4afdda0984f34bb43cec022bda1ec\/'><img width=\"200\" height=\"200\" src=\"https:\/\/wp.ufpel.edu.br\/neab\/files\/2018\/04\/57f4afdda0984f34bb43cec022bda1ec-200x200.jpg\" class=\"attachment-thumbnail size-thumbnail\" alt=\"\" \/><\/a>\n\t\t\t<\/dt><\/dl><dl class='gallery-item'>\n\t\t\t<dt class='gallery-icon landscape'>\n\t\t\t\t<a href='https:\/\/wp.ufpel.edu.br\/neab\/pesquisa-2\/66fd048d38ed448aa6e38973a330b13a\/'><img width=\"200\" height=\"200\" src=\"https:\/\/wp.ufpel.edu.br\/neab\/files\/2018\/04\/66fd048d38ed448aa6e38973a330b13a-200x200.jpg\" class=\"attachment-thumbnail size-thumbnail\" alt=\"\" \/><\/a>\n\t\t\t<\/dt><\/dl><br style=\"clear: both\" \/><dl class='gallery-item'>\n\t\t\t<dt class='gallery-icon landscape'>\n\t\t\t\t<a href='https:\/\/wp.ufpel.edu.br\/neab\/pesquisa-2\/99ec98fdb81945c29c25a3ad6c5606b1\/'><img width=\"200\" height=\"200\" src=\"https:\/\/wp.ufpel.edu.br\/neab\/files\/2018\/04\/99ec98fdb81945c29c25a3ad6c5606b1-200x200.jpg\" class=\"attachment-thumbnail size-thumbnail\" alt=\"\" \/><\/a>\n\t\t\t<\/dt><\/dl><dl class='gallery-item'>\n\t\t\t<dt class='gallery-icon landscape'>\n\t\t\t\t<a href='https:\/\/wp.ufpel.edu.br\/neab\/pesquisa-2\/267b10ce1c64449ca2fd329b226b540f\/'><img width=\"200\" height=\"200\" src=\"https:\/\/wp.ufpel.edu.br\/neab\/files\/2018\/04\/267b10ce1c64449ca2fd329b226b540f-200x200.jpg\" class=\"attachment-thumbnail size-thumbnail\" alt=\"\" \/><\/a>\n\t\t\t<\/dt><\/dl><dl class='gallery-item'>\n\t\t\t<dt class='gallery-icon landscape'>\n\t\t\t\t<a href='https:\/\/wp.ufpel.edu.br\/neab\/pesquisa-2\/1359d0df7c934f6e94a34a29ff4f599d\/'><img width=\"200\" height=\"200\" src=\"https:\/\/wp.ufpel.edu.br\/neab\/files\/2018\/04\/1359d0df7c934f6e94a34a29ff4f599d-200x200.jpg\" class=\"attachment-thumbnail size-thumbnail\" alt=\"\" \/><\/a>\n\t\t\t<\/dt><\/dl><br style=\"clear: both\" \/><dl class='gallery-item'>\n\t\t\t<dt class='gallery-icon landscape'>\n\t\t\t\t<a href='https:\/\/wp.ufpel.edu.br\/neab\/pesquisa-2\/a207194d9fc44d5db99669ca24de65a1\/'><img width=\"200\" height=\"200\" src=\"https:\/\/wp.ufpel.edu.br\/neab\/files\/2018\/04\/a207194d9fc44d5db99669ca24de65a1-200x200.jpg\" class=\"attachment-thumbnail size-thumbnail\" alt=\"\" \/><\/a>\n\t\t\t<\/dt><\/dl><dl class='gallery-item'>\n\t\t\t<dt class='gallery-icon landscape'>\n\t\t\t\t<a href='https:\/\/wp.ufpel.edu.br\/neab\/pesquisa-2\/bf34565329864215a1218bcb84781dd7\/'><img width=\"200\" height=\"200\" src=\"https:\/\/wp.ufpel.edu.br\/neab\/files\/2018\/04\/bf34565329864215a1218bcb84781dd7-200x200.jpg\" class=\"attachment-thumbnail size-thumbnail\" alt=\"\" \/><\/a>\n\t\t\t<\/dt><\/dl><dl class='gallery-item'>\n\t\t\t<dt class='gallery-icon landscape'>\n\t\t\t\t<a href='https:\/\/wp.ufpel.edu.br\/neab\/pesquisa-2\/c3adb8201ae64fa1bef80353d419840a\/'><img width=\"200\" height=\"200\" src=\"https:\/\/wp.ufpel.edu.br\/neab\/files\/2018\/04\/c3adb8201ae64fa1bef80353d419840a-200x200.jpg\" class=\"attachment-thumbnail size-thumbnail\" alt=\"\" srcset=\"https:\/\/wp.ufpel.edu.br\/neab\/files\/2018\/04\/c3adb8201ae64fa1bef80353d419840a-200x200.jpg 200w, https:\/\/wp.ufpel.edu.br\/neab\/files\/2018\/04\/c3adb8201ae64fa1bef80353d419840a-400x400.jpg 400w, https:\/\/wp.ufpel.edu.br\/neab\/files\/2018\/04\/c3adb8201ae64fa1bef80353d419840a.jpg 442w\" sizes=\"(max-width: 200px) 100vw, 200px\" \/><\/a>\n\t\t\t<\/dt><\/dl><br style=\"clear: both\" \/><dl class='gallery-item'>\n\t\t\t<dt class='gallery-icon landscape'>\n\t\t\t\t<a href='https:\/\/wp.ufpel.edu.br\/neab\/pesquisa-2\/fc2328a60c4c4a1a87a223e1831bf13d\/'><img width=\"200\" height=\"200\" src=\"https:\/\/wp.ufpel.edu.br\/neab\/files\/2018\/04\/fc2328a60c4c4a1a87a223e1831bf13d-200x200.jpg\" class=\"attachment-thumbnail size-thumbnail\" alt=\"\" \/><\/a>\n\t\t\t<\/dt><\/dl>\n\t\t\t<br style='clear: both' \/>\n\t\t<\/div>\n\n<\/div>\n","protected":false},"excerpt":{"rendered":"<p>Projetos de Ensino Patrim\u00f4nio Hist\u00f3rico e Cultural: teoria e projeto \u200b Coordenadora: Prof\u00aa. Aline Montagna da Silveira Integrantes: Prof\u00aa. Ana L\u00facia Costa de Oliveira e Prof. Sylvio Arnoldo Dick Jantzen Tipo: Monitoria Objetivo do projeto: Possibilitar ao aluno desenvolver atividades pedag\u00f3gicas no campo da preserva\u00e7\u00e3o patrimonial, vinculando teoria e pr\u00e1tica e refor\u00e7ando a premissa da [&hellip;]<\/p>\n","protected":false},"author":814,"featured_media":0,"parent":0,"menu_order":0,"comment_status":"closed","ping_status":"closed","template":"page-sem-sidebar.php","meta":{"footnotes":""},"class_list":["post-47","page","type-page","status-publish","hentry"],"jetpack_sharing_enabled":true,"_links":{"self":[{"href":"https:\/\/wp.ufpel.edu.br\/neab\/wp-json\/wp\/v2\/pages\/47","targetHints":{"allow":["GET"]}}],"collection":[{"href":"https:\/\/wp.ufpel.edu.br\/neab\/wp-json\/wp\/v2\/pages"}],"about":[{"href":"https:\/\/wp.ufpel.edu.br\/neab\/wp-json\/wp\/v2\/types\/page"}],"author":[{"embeddable":true,"href":"https:\/\/wp.ufpel.edu.br\/neab\/wp-json\/wp\/v2\/users\/814"}],"replies":[{"embeddable":true,"href":"https:\/\/wp.ufpel.edu.br\/neab\/wp-json\/wp\/v2\/comments?post=47"}],"version-history":[{"count":4,"href":"https:\/\/wp.ufpel.edu.br\/neab\/wp-json\/wp\/v2\/pages\/47\/revisions"}],"predecessor-version":[{"id":122,"href":"https:\/\/wp.ufpel.edu.br\/neab\/wp-json\/wp\/v2\/pages\/47\/revisions\/122"}],"wp:attachment":[{"href":"https:\/\/wp.ufpel.edu.br\/neab\/wp-json\/wp\/v2\/media?parent=47"}],"curies":[{"name":"wp","href":"https:\/\/api.w.org\/{rel}","templated":true}]}}