{"id":458,"date":"2022-04-26T15:47:13","date_gmt":"2022-04-26T18:47:13","guid":{"rendered":"https:\/\/wp.ufpel.edu.br\/neab\/?page_id=458"},"modified":"2025-07-03T16:43:30","modified_gmt":"2025-07-03T19:43:30","slug":"contato","status":"publish","type":"page","link":"https:\/\/wp.ufpel.edu.br\/neab\/contato\/","title":{"rendered":"Contato"},"content":{"rendered":"<p>Para empr\u00e9stimo de materiais e consulta do acervo entrar em contato atrav\u00e9s do e-mail: neab.acervo@gmail.com<\/p>\n<p>Para tratar de outros assuntos, e-mail neabfaurb@gmail.com<\/p>\n<p>Telefone: (53) 3284-5500<\/p>\n<p>Instagram: @neabfaurb<\/p>\n<p>&nbsp;<\/p>\n<p><span style=\"font-family: arial, helvetica, sans-serif;\"><span style=\"font-size: 14pt;\">*<\/span><\/span><strong><span style=\"font-family: arial, helvetica, sans-serif;\">Para solicitar o empr\u00e9stimo ou consulta de algum material do acervo do NEAB, o formul\u00e1rio abaixo deve ser preenchido:<\/span><\/strong><\/p>\n<p>&nbsp;<\/p>\n<p><span style=\"font-family: arial, helvetica, sans-serif;\">\n<div class=\"wpcf7 no-js\" id=\"wpcf7-f444-o1\" lang=\"pt-BR\" dir=\"ltr\" data-wpcf7-id=\"444\">\n<div class=\"screen-reader-response\"><p role=\"status\" aria-live=\"polite\" aria-atomic=\"true\"><\/p> <ul><\/ul><\/div>\n<form action=\"\/neab\/wp-json\/wp\/v2\/pages\/458#wpcf7-f444-o1\" method=\"post\" class=\"wpcf7-form init\" aria-label=\"Formul\u00e1rios de contato\" novalidate=\"novalidate\" data-status=\"init\">\n<fieldset class=\"hidden-fields-container\"><input type=\"hidden\" name=\"_wpcf7\" value=\"444\" \/><input type=\"hidden\" name=\"_wpcf7_version\" value=\"6.1.4\" \/><input type=\"hidden\" name=\"_wpcf7_locale\" value=\"pt_BR\" \/><input type=\"hidden\" name=\"_wpcf7_unit_tag\" value=\"wpcf7-f444-o1\" \/><input type=\"hidden\" name=\"_wpcf7_container_post\" value=\"0\" \/><input type=\"hidden\" name=\"_wpcf7_posted_data_hash\" value=\"\" \/>\n<\/fieldset>\n<p><label> Nome e sobrenome<br \/>\n<span class=\"wpcf7-form-control-wrap\" data-name=\"your-name\"><input size=\"40\" maxlength=\"400\" class=\"wpcf7-form-control wpcf7-text wpcf7-validates-as-required\" aria-required=\"true\" aria-invalid=\"false\" value=\"\" type=\"text\" name=\"your-name\" \/><\/span> <\/label>\n<\/p>\n<p><label> E-mail<br \/>\n<span class=\"wpcf7-form-control-wrap\" data-name=\"your-email\"><input size=\"40\" maxlength=\"400\" class=\"wpcf7-form-control wpcf7-email wpcf7-validates-as-required wpcf7-text wpcf7-validates-as-email\" aria-required=\"true\" aria-invalid=\"false\" value=\"\" type=\"email\" name=\"your-email\" \/><\/span> <\/label>\n<\/p>\n<p><label> Celular<br \/>\n<span class=\"wpcf7-form-control-wrap\" data-name=\"your-tel\"><input size=\"40\" maxlength=\"400\" class=\"wpcf7-form-control wpcf7-text wpcf7-validates-as-required\" aria-required=\"true\" aria-invalid=\"false\" value=\"\" type=\"text\" name=\"your-tel\" \/><\/span> <\/label>\n<\/p>\n<p><label> Material do acervo<br \/>\n<span class=\"wpcf7-form-control-wrap\" data-name=\"your-subject\"><input size=\"40\" maxlength=\"400\" class=\"wpcf7-form-control wpcf7-text\" aria-invalid=\"false\" value=\"\" type=\"text\" name=\"your-subject\" \/><\/span> <\/label>\n<\/p>\n<p><label> Sua mensagem<br \/>\n<span class=\"wpcf7-form-control-wrap\" data-name=\"your-message\"><textarea cols=\"40\" rows=\"10\" maxlength=\"2000\" class=\"wpcf7-form-control wpcf7-textarea\" aria-invalid=\"false\" name=\"your-message\"><\/textarea><\/span> <\/label>\n<\/p>\n<p><input class=\"wpcf7-form-control wpcf7-submit has-spinner\" type=\"submit\" value=\"Enviar\" \/>\n<\/p><p style=\"display: none !important;\" class=\"akismet-fields-container\" data-prefix=\"_wpcf7_ak_\"><label>&#916;<textarea name=\"_wpcf7_ak_hp_textarea\" cols=\"45\" rows=\"8\" maxlength=\"100\"><\/textarea><\/label><input type=\"hidden\" id=\"ak_js_1\" name=\"_wpcf7_ak_js\" value=\"47\"\/><script>document.getElementById( \"ak_js_1\" ).setAttribute( \"value\", ( new Date() ).getTime() );<\/script><\/p><div class=\"wpcf7-response-output\" aria-hidden=\"true\"><\/div>\n<\/form>\n<\/div>\n<\/span><\/p>\n<p>&nbsp;<\/p>\n<p><span style=\"font-family: arial, helvetica, sans-serif;\">A solicita\u00e7\u00e3o de empr\u00e9stimo ou consulta tamb\u00e9m pode ser realizada diretamente atrav\u00e9s do e-mail: neab.acervo@gmail.com (observando todos os itens do formul\u00e1rio acima).<\/span><\/p>\n<p>&nbsp;<\/p>\n<p>&nbsp;<\/p>\n<p><span style=\"font-family: arial, helvetica, sans-serif;\"><strong><span class=\"Assinatura\">N\u00facleo de Estudos de Arquitetura\u00a0<\/span><\/strong><span class=\"Titulo-2\"><strong>Brasileira (NEAB\/FAUrb)<\/strong><br \/>\n<\/span> <span class=\"Titulo-2\">Universidade Federal de Pelotas<br \/>\nCampus Porto<br \/>\n<\/span><span class=\"Assinatura\">Rua Benjamin Constant, n\u00ba 1359<\/span><span class=\"Titulo-2\"><br \/>\nPelotas\/ Rio Grande do Sul\/ Brasil<br \/>\nCep: 96010-020\u00a0\u00a0\u00a0\u00a0\u00a0\u00a0 <\/span><\/span><span style=\"font-family: arial, helvetica, sans-serif;\"><span class=\"Assinatura\">Telefone: +55 53 <\/span> <strong><span class=\"Assinatura\">3284-5500<\/span><\/strong><\/span><\/p>\n","protected":false},"excerpt":{"rendered":"<p>Para empr\u00e9stimo de materiais e consulta do acervo entrar em contato atrav\u00e9s do e-mail: neab.acervo@gmail.com Para tratar de outros assuntos, e-mail neabfaurb@gmail.com Telefone: (53) 3284-5500 Instagram: @neabfaurb &nbsp; *Para solicitar o empr\u00e9stimo ou consulta de algum material do acervo do NEAB, o formul\u00e1rio abaixo deve ser preenchido: &nbsp; &nbsp; A solicita\u00e7\u00e3o de empr\u00e9stimo ou consulta [&hellip;]<\/p>\n","protected":false},"author":814,"featured_media":0,"parent":0,"menu_order":0,"comment_status":"closed","ping_status":"closed","template":"","meta":{"footnotes":""},"class_list":["post-458","page","type-page","status-publish","hentry"],"jetpack_sharing_enabled":true,"_links":{"self":[{"href":"https:\/\/wp.ufpel.edu.br\/neab\/wp-json\/wp\/v2\/pages\/458","targetHints":{"allow":["GET"]}}],"collection":[{"href":"https:\/\/wp.ufpel.edu.br\/neab\/wp-json\/wp\/v2\/pages"}],"about":[{"href":"https:\/\/wp.ufpel.edu.br\/neab\/wp-json\/wp\/v2\/types\/page"}],"author":[{"embeddable":true,"href":"https:\/\/wp.ufpel.edu.br\/neab\/wp-json\/wp\/v2\/users\/814"}],"replies":[{"embeddable":true,"href":"https:\/\/wp.ufpel.edu.br\/neab\/wp-json\/wp\/v2\/comments?post=458"}],"version-history":[{"count":4,"href":"https:\/\/wp.ufpel.edu.br\/neab\/wp-json\/wp\/v2\/pages\/458\/revisions"}],"predecessor-version":[{"id":1077,"href":"https:\/\/wp.ufpel.edu.br\/neab\/wp-json\/wp\/v2\/pages\/458\/revisions\/1077"}],"wp:attachment":[{"href":"https:\/\/wp.ufpel.edu.br\/neab\/wp-json\/wp\/v2\/media?parent=458"}],"curies":[{"name":"wp","href":"https:\/\/api.w.org\/{rel}","templated":true}]}}