{"id":284,"date":"2018-05-11T15:19:27","date_gmt":"2018-05-11T18:19:27","guid":{"rendered":"https:\/\/wp.ufpel.edu.br\/neab\/?page_id=284"},"modified":"2018-07-11T14:07:58","modified_gmt":"2018-07-11T17:07:58","slug":"sao-lourenco-do-sul","status":"publish","type":"page","link":"https:\/\/wp.ufpel.edu.br\/neab\/sao-lourenco-do-sul\/","title":{"rendered":"S\u00e3o Louren\u00e7o do Sul"},"content":{"rendered":"<p><a href=\"https:\/\/wp.ufpel.edu.br\/neab\/files\/2018\/07\/avenida-sls.jpg\"><img class=\"alignnone wp-image-406 size-full\" src=\"https:\/\/wp.ufpel.edu.br\/neab\/files\/2018\/07\/avenida-sls.jpg\" alt=\"\" width=\"6908\" height=\"1485\" srcset=\"https:\/\/wp.ufpel.edu.br\/neab\/files\/2018\/07\/avenida-sls.jpg 6908w, https:\/\/wp.ufpel.edu.br\/neab\/files\/2018\/07\/avenida-sls-400x86.jpg 400w, https:\/\/wp.ufpel.edu.br\/neab\/files\/2018\/07\/avenida-sls-768x165.jpg 768w, https:\/\/wp.ufpel.edu.br\/neab\/files\/2018\/07\/avenida-sls-1024x220.jpg 1024w\" sizes=\"(max-width: 6908px) 100vw, 6908px\" \/><\/a><\/p>\n<p style=\"text-align: center;line-height: 50%\" align=\"center\"><em><span style=\"font-size: 8.0pt;line-height: 50%\">Perfil da avenida S\u00e3o Louren\u00e7o<\/span><\/em><\/p>\n<p style=\"text-align: center;line-height: 50%\" align=\"center\"><em><span style=\"font-size: 8.0pt;line-height: 50%\">Acad\u00eamicos: Bianca Reginatto e D\u00e9bora Beira<\/span><\/em><\/p>\n<p>A a\u00e7\u00e3o extensionista foi realizada em S\u00e3o Louren\u00e7o do Sul nos semestres 2002\/1,\u00a0 2015\/1 e 2015\/2 . As atividades consistiram no levantamento urbano, projeto urbano, levantamento arquitet\u00f4nico e projeto arquitet\u00f4nico.<\/p>\n<p>Professores respons\u00e1veis: Aline Montagna da Silveira, Ana L\u00facia Costa de Oliveira e Sylvio Arnoldo Dick Jantzen<\/p>\n","protected":false},"excerpt":{"rendered":"<p>Perfil da avenida S\u00e3o Louren\u00e7o Acad\u00eamicos: Bianca Reginatto e D\u00e9bora Beira A a\u00e7\u00e3o extensionista foi realizada em S\u00e3o Louren\u00e7o do Sul nos semestres 2002\/1,\u00a0 2015\/1 e 2015\/2 . As atividades consistiram no levantamento urbano, projeto urbano, levantamento arquitet\u00f4nico e projeto arquitet\u00f4nico. Professores respons\u00e1veis: Aline Montagna da Silveira, Ana L\u00facia Costa de Oliveira e Sylvio Arnoldo [&hellip;]<\/p>\n","protected":false},"author":814,"featured_media":0,"parent":0,"menu_order":0,"comment_status":"closed","ping_status":"closed","template":"page-sem-sidebar.php","meta":{"footnotes":""},"class_list":["post-284","page","type-page","status-publish","hentry"],"jetpack_sharing_enabled":true,"_links":{"self":[{"href":"https:\/\/wp.ufpel.edu.br\/neab\/wp-json\/wp\/v2\/pages\/284","targetHints":{"allow":["GET"]}}],"collection":[{"href":"https:\/\/wp.ufpel.edu.br\/neab\/wp-json\/wp\/v2\/pages"}],"about":[{"href":"https:\/\/wp.ufpel.edu.br\/neab\/wp-json\/wp\/v2\/types\/page"}],"author":[{"embeddable":true,"href":"https:\/\/wp.ufpel.edu.br\/neab\/wp-json\/wp\/v2\/users\/814"}],"replies":[{"embeddable":true,"href":"https:\/\/wp.ufpel.edu.br\/neab\/wp-json\/wp\/v2\/comments?post=284"}],"version-history":[{"count":13,"href":"https:\/\/wp.ufpel.edu.br\/neab\/wp-json\/wp\/v2\/pages\/284\/revisions"}],"predecessor-version":[{"id":420,"href":"https:\/\/wp.ufpel.edu.br\/neab\/wp-json\/wp\/v2\/pages\/284\/revisions\/420"}],"wp:attachment":[{"href":"https:\/\/wp.ufpel.edu.br\/neab\/wp-json\/wp\/v2\/media?parent=284"}],"curies":[{"name":"wp","href":"https:\/\/api.w.org\/{rel}","templated":true}]}}