{"id":281,"date":"2018-05-11T15:18:51","date_gmt":"2018-05-11T18:18:51","guid":{"rendered":"https:\/\/wp.ufpel.edu.br\/neab\/?page_id=281"},"modified":"2018-07-11T13:59:52","modified_gmt":"2018-07-11T16:59:52","slug":"sao-jose-do-norte","status":"publish","type":"page","link":"https:\/\/wp.ufpel.edu.br\/neab\/sao-jose-do-norte\/","title":{"rendered":"S\u00e3o Jos\u00e9 do Norte"},"content":{"rendered":"<p><a href=\"https:\/\/wp.ufpel.edu.br\/neab\/files\/2018\/06\/sao-spje-2.png\"><img class=\"alignnone wp-image-392 size-full\" src=\"https:\/\/wp.ufpel.edu.br\/neab\/files\/2018\/06\/sao-spje-2.png\" alt=\"\" width=\"3012\" height=\"650\" srcset=\"https:\/\/wp.ufpel.edu.br\/neab\/files\/2018\/06\/sao-spje-2.png 3012w, https:\/\/wp.ufpel.edu.br\/neab\/files\/2018\/06\/sao-spje-2-400x86.png 400w, https:\/\/wp.ufpel.edu.br\/neab\/files\/2018\/06\/sao-spje-2-768x166.png 768w, https:\/\/wp.ufpel.edu.br\/neab\/files\/2018\/06\/sao-spje-2-1024x221.png 1024w\" sizes=\"(max-width: 3012px) 100vw, 3012px\" \/><\/a><\/p>\n<p style=\"text-align: center\"><span style=\"font-size: 8pt\"><em>Perfil da Rua Silva Jardim<\/em><\/span><\/p>\n<p>A a\u00e7\u00e3o extensionista foi realizada em S\u00e3o Jos\u00e9 do Norte no semestre 2001\/1. As atividades consistiram no levantamento urbano, projeto urbano, levantamento arquitet\u00f4nico e projeto arquitet\u00f4nico.<\/p>\n<p>Professores respons\u00e1veis: Ana L\u00facia Costa de Oliveira e Sylvio Arnoldo Dick Jantzen<\/p>\n","protected":false},"excerpt":{"rendered":"<p>Perfil da Rua Silva Jardim A a\u00e7\u00e3o extensionista foi realizada em S\u00e3o Jos\u00e9 do Norte no semestre 2001\/1. As atividades consistiram no levantamento urbano, projeto urbano, levantamento arquitet\u00f4nico e projeto arquitet\u00f4nico. Professores respons\u00e1veis: Ana L\u00facia Costa de Oliveira e Sylvio Arnoldo Dick Jantzen<\/p>\n","protected":false},"author":814,"featured_media":0,"parent":0,"menu_order":0,"comment_status":"closed","ping_status":"closed","template":"page-sem-sidebar.php","meta":{"footnotes":""},"class_list":["post-281","page","type-page","status-publish","hentry"],"jetpack_sharing_enabled":true,"_links":{"self":[{"href":"https:\/\/wp.ufpel.edu.br\/neab\/wp-json\/wp\/v2\/pages\/281","targetHints":{"allow":["GET"]}}],"collection":[{"href":"https:\/\/wp.ufpel.edu.br\/neab\/wp-json\/wp\/v2\/pages"}],"about":[{"href":"https:\/\/wp.ufpel.edu.br\/neab\/wp-json\/wp\/v2\/types\/page"}],"author":[{"embeddable":true,"href":"https:\/\/wp.ufpel.edu.br\/neab\/wp-json\/wp\/v2\/users\/814"}],"replies":[{"embeddable":true,"href":"https:\/\/wp.ufpel.edu.br\/neab\/wp-json\/wp\/v2\/comments?post=281"}],"version-history":[{"count":9,"href":"https:\/\/wp.ufpel.edu.br\/neab\/wp-json\/wp\/v2\/pages\/281\/revisions"}],"predecessor-version":[{"id":418,"href":"https:\/\/wp.ufpel.edu.br\/neab\/wp-json\/wp\/v2\/pages\/281\/revisions\/418"}],"wp:attachment":[{"href":"https:\/\/wp.ufpel.edu.br\/neab\/wp-json\/wp\/v2\/media?parent=281"}],"curies":[{"name":"wp","href":"https:\/\/api.w.org\/{rel}","templated":true}]}}