{"id":275,"date":"2018-05-11T15:16:40","date_gmt":"2018-05-11T18:16:40","guid":{"rendered":"https:\/\/wp.ufpel.edu.br\/neab\/?page_id=275"},"modified":"2018-07-10T14:47:00","modified_gmt":"2018-07-10T17:47:00","slug":"piratini","status":"publish","type":"page","link":"https:\/\/wp.ufpel.edu.br\/neab\/piratini\/","title":{"rendered":"Piratini"},"content":{"rendered":"<p><a href=\"https:\/\/wp.ufpel.edu.br\/neab\/files\/2018\/07\/piratini.jpg\"><img class=\"alignnone wp-image-410 size-full\" src=\"https:\/\/wp.ufpel.edu.br\/neab\/files\/2018\/07\/piratini.jpg\" alt=\"\" width=\"6908\" height=\"1485\" srcset=\"https:\/\/wp.ufpel.edu.br\/neab\/files\/2018\/07\/piratini.jpg 6908w, https:\/\/wp.ufpel.edu.br\/neab\/files\/2018\/07\/piratini-400x86.jpg 400w, https:\/\/wp.ufpel.edu.br\/neab\/files\/2018\/07\/piratini-768x165.jpg 768w, https:\/\/wp.ufpel.edu.br\/neab\/files\/2018\/07\/piratini-1024x220.jpg 1024w\" sizes=\"(max-width: 6908px) 100vw, 6908px\" \/><\/a>A a\u00e7\u00e3o extensionista foi realizada em Piratini no ano de 1998, 2\u00ba Sem, at\u00e9 2014, 2\u00ba Sem. As atividades consistiram no levantamento urbano, projeto urbano, levantamento arquitet\u00f4nico e projeto arquitet\u00f4nico.<\/p>\n<p>Professores respons\u00e1veis: Aline Montagna da Silveira, Ana L\u00facia Costa de Oliveira, Rosilaine Andr\u00e9 Isoldi<\/p>\n","protected":false},"excerpt":{"rendered":"<p>A a\u00e7\u00e3o extensionista foi realizada em Piratini no ano de 1998, 2\u00ba Sem, at\u00e9 2014, 2\u00ba Sem. As atividades consistiram no levantamento urbano, projeto urbano, levantamento arquitet\u00f4nico e projeto arquitet\u00f4nico. Professores respons\u00e1veis: Aline Montagna da Silveira, Ana L\u00facia Costa de Oliveira, Rosilaine Andr\u00e9 Isoldi<\/p>\n","protected":false},"author":814,"featured_media":0,"parent":0,"menu_order":0,"comment_status":"closed","ping_status":"closed","template":"page-sem-sidebar.php","meta":{"footnotes":""},"class_list":["post-275","page","type-page","status-publish","hentry"],"jetpack_sharing_enabled":true,"_links":{"self":[{"href":"https:\/\/wp.ufpel.edu.br\/neab\/wp-json\/wp\/v2\/pages\/275","targetHints":{"allow":["GET"]}}],"collection":[{"href":"https:\/\/wp.ufpel.edu.br\/neab\/wp-json\/wp\/v2\/pages"}],"about":[{"href":"https:\/\/wp.ufpel.edu.br\/neab\/wp-json\/wp\/v2\/types\/page"}],"author":[{"embeddable":true,"href":"https:\/\/wp.ufpel.edu.br\/neab\/wp-json\/wp\/v2\/users\/814"}],"replies":[{"embeddable":true,"href":"https:\/\/wp.ufpel.edu.br\/neab\/wp-json\/wp\/v2\/comments?post=275"}],"version-history":[{"count":5,"href":"https:\/\/wp.ufpel.edu.br\/neab\/wp-json\/wp\/v2\/pages\/275\/revisions"}],"predecessor-version":[{"id":411,"href":"https:\/\/wp.ufpel.edu.br\/neab\/wp-json\/wp\/v2\/pages\/275\/revisions\/411"}],"wp:attachment":[{"href":"https:\/\/wp.ufpel.edu.br\/neab\/wp-json\/wp\/v2\/media?parent=275"}],"curies":[{"name":"wp","href":"https:\/\/api.w.org\/{rel}","templated":true}]}}