{"id":272,"date":"2018-05-11T15:15:11","date_gmt":"2018-05-11T18:15:11","guid":{"rendered":"https:\/\/wp.ufpel.edu.br\/neab\/?page_id=272"},"modified":"2022-12-06T15:21:50","modified_gmt":"2022-12-06T18:21:50","slug":"pinheiro-machado","status":"publish","type":"page","link":"https:\/\/wp.ufpel.edu.br\/neab\/pinheiro-machado\/","title":{"rendered":"Pinheiro Machado"},"content":{"rendered":"<p><a href=\"https:\/\/wp.ufpel.edu.br\/neab\/files\/2018\/07\/pinheiro-machado.jpg\"><img class=\"alignnone wp-image-412 size-full\" src=\"https:\/\/wp.ufpel.edu.br\/neab\/files\/2018\/07\/pinheiro-machado.jpg\" alt=\"\" width=\"6908\" height=\"1485\" srcset=\"https:\/\/wp.ufpel.edu.br\/neab\/files\/2018\/07\/pinheiro-machado.jpg 6908w, https:\/\/wp.ufpel.edu.br\/neab\/files\/2018\/07\/pinheiro-machado-400x86.jpg 400w, https:\/\/wp.ufpel.edu.br\/neab\/files\/2018\/07\/pinheiro-machado-768x165.jpg 768w, https:\/\/wp.ufpel.edu.br\/neab\/files\/2018\/07\/pinheiro-machado-1024x220.jpg 1024w\" sizes=\"(max-width: 6908px) 100vw, 6908px\" \/><\/a>A a\u00e7\u00e3o extensionista foi realizada em\u00a0Pinheiro Machado no ano de 1998, 1\u00ba Sem. As atividades consistiram no levantamento urbano, projeto urbano, levantamento arquitet\u00f4nico e projeto arquitet\u00f4nico.<\/p>\n<p>Professores respons\u00e1veis: Ana L\u00facia Costa de Oliveira<\/p>\n","protected":false},"excerpt":{"rendered":"<p>A a\u00e7\u00e3o extensionista foi realizada em\u00a0Pinheiro Machado no ano de 1998, 1\u00ba Sem. As atividades consistiram no levantamento urbano, projeto urbano, levantamento arquitet\u00f4nico e projeto arquitet\u00f4nico. Professores respons\u00e1veis: Ana L\u00facia Costa de Oliveira<\/p>\n","protected":false},"author":814,"featured_media":0,"parent":0,"menu_order":0,"comment_status":"closed","ping_status":"closed","template":"page-sem-sidebar.php","meta":{"footnotes":""},"class_list":["post-272","page","type-page","status-publish","hentry"],"jetpack_sharing_enabled":true,"_links":{"self":[{"href":"https:\/\/wp.ufpel.edu.br\/neab\/wp-json\/wp\/v2\/pages\/272","targetHints":{"allow":["GET"]}}],"collection":[{"href":"https:\/\/wp.ufpel.edu.br\/neab\/wp-json\/wp\/v2\/pages"}],"about":[{"href":"https:\/\/wp.ufpel.edu.br\/neab\/wp-json\/wp\/v2\/types\/page"}],"author":[{"embeddable":true,"href":"https:\/\/wp.ufpel.edu.br\/neab\/wp-json\/wp\/v2\/users\/814"}],"replies":[{"embeddable":true,"href":"https:\/\/wp.ufpel.edu.br\/neab\/wp-json\/wp\/v2\/comments?post=272"}],"version-history":[{"count":5,"href":"https:\/\/wp.ufpel.edu.br\/neab\/wp-json\/wp\/v2\/pages\/272\/revisions"}],"predecessor-version":[{"id":413,"href":"https:\/\/wp.ufpel.edu.br\/neab\/wp-json\/wp\/v2\/pages\/272\/revisions\/413"}],"wp:attachment":[{"href":"https:\/\/wp.ufpel.edu.br\/neab\/wp-json\/wp\/v2\/media?parent=272"}],"curies":[{"name":"wp","href":"https:\/\/api.w.org\/{rel}","templated":true}]}}