{"id":266,"date":"2018-05-11T15:11:04","date_gmt":"2018-05-11T18:11:04","guid":{"rendered":"https:\/\/wp.ufpel.edu.br\/neab\/?page_id=266"},"modified":"2022-12-06T15:21:29","modified_gmt":"2022-12-06T18:21:29","slug":"pedro-osorio","status":"publish","type":"page","link":"https:\/\/wp.ufpel.edu.br\/neab\/pedro-osorio\/","title":{"rendered":"Pedro Os\u00f3rio"},"content":{"rendered":"<p><a href=\"https:\/\/wp.ufpel.edu.br\/neab\/files\/2018\/07\/pedro-osorio.jpg\"><img class=\"alignnone wp-image-416 size-full\" src=\"https:\/\/wp.ufpel.edu.br\/neab\/files\/2018\/07\/pedro-osorio.jpg\" alt=\"\" width=\"6908\" height=\"1485\" srcset=\"https:\/\/wp.ufpel.edu.br\/neab\/files\/2018\/07\/pedro-osorio.jpg 6908w, https:\/\/wp.ufpel.edu.br\/neab\/files\/2018\/07\/pedro-osorio-400x86.jpg 400w, https:\/\/wp.ufpel.edu.br\/neab\/files\/2018\/07\/pedro-osorio-768x165.jpg 768w, https:\/\/wp.ufpel.edu.br\/neab\/files\/2018\/07\/pedro-osorio-1024x220.jpg 1024w\" sizes=\"(max-width: 6908px) 100vw, 6908px\" \/><\/a><\/p>\n<p style=\"text-align: center; line-height: 50%;\" align=\"center\"><em><span style=\"font-size: 8.0pt; line-height: 50%;\">Perfil da Rua Tr\u00eas de Abril<br \/>\n<\/span><\/em><\/p>\n<p style=\"text-align: center; line-height: 50%;\" align=\"center\"><em><span style=\"font-size: 8.0pt; line-height: 50%;\">Acad\u00eamicos:\u00a0 Alessandra Arduim, Carolina Machado e F\u00e1bio Alvarez<br \/>\n<\/span><\/em><\/p>\n<p>A a\u00e7\u00e3o extensionista foi realizada em Pedro Os\u00f3rio no ano de 2003, 1\u00ba Sem. As atividades consistiram no levantamento urbano, projeto urbano, levantamento arquitet\u00f4nico e projeto arquitet\u00f4nico.<\/p>\n<p>Professores respons\u00e1veis: Ana L\u00facia Costa de Oliveira e Sylvio Arnoldo Dick Jantzen<\/p>\n","protected":false},"excerpt":{"rendered":"<p>Perfil da Rua Tr\u00eas de Abril Acad\u00eamicos:\u00a0 Alessandra Arduim, Carolina Machado e F\u00e1bio Alvarez A a\u00e7\u00e3o extensionista foi realizada em Pedro Os\u00f3rio no ano de 2003, 1\u00ba Sem. As atividades consistiram no levantamento urbano, projeto urbano, levantamento arquitet\u00f4nico e projeto arquitet\u00f4nico. Professores respons\u00e1veis: Ana L\u00facia Costa de Oliveira e Sylvio Arnoldo Dick Jantzen<\/p>\n","protected":false},"author":814,"featured_media":0,"parent":0,"menu_order":0,"comment_status":"closed","ping_status":"closed","template":"page-sem-sidebar.php","meta":{"footnotes":""},"class_list":["post-266","page","type-page","status-publish","hentry"],"jetpack_sharing_enabled":true,"_links":{"self":[{"href":"https:\/\/wp.ufpel.edu.br\/neab\/wp-json\/wp\/v2\/pages\/266","targetHints":{"allow":["GET"]}}],"collection":[{"href":"https:\/\/wp.ufpel.edu.br\/neab\/wp-json\/wp\/v2\/pages"}],"about":[{"href":"https:\/\/wp.ufpel.edu.br\/neab\/wp-json\/wp\/v2\/types\/page"}],"author":[{"embeddable":true,"href":"https:\/\/wp.ufpel.edu.br\/neab\/wp-json\/wp\/v2\/users\/814"}],"replies":[{"embeddable":true,"href":"https:\/\/wp.ufpel.edu.br\/neab\/wp-json\/wp\/v2\/comments?post=266"}],"version-history":[{"count":7,"href":"https:\/\/wp.ufpel.edu.br\/neab\/wp-json\/wp\/v2\/pages\/266\/revisions"}],"predecessor-version":[{"id":720,"href":"https:\/\/wp.ufpel.edu.br\/neab\/wp-json\/wp\/v2\/pages\/266\/revisions\/720"}],"wp:attachment":[{"href":"https:\/\/wp.ufpel.edu.br\/neab\/wp-json\/wp\/v2\/media?parent=266"}],"curies":[{"name":"wp","href":"https:\/\/api.w.org\/{rel}","templated":true}]}}