{"id":263,"date":"2018-05-11T15:10:25","date_gmt":"2018-05-11T18:10:25","guid":{"rendered":"https:\/\/wp.ufpel.edu.br\/neab\/?page_id=263"},"modified":"2018-07-11T14:42:34","modified_gmt":"2018-07-11T17:42:34","slug":"pedras-altas","status":"publish","type":"page","link":"https:\/\/wp.ufpel.edu.br\/neab\/pedras-altas\/","title":{"rendered":"Pedras Altas"},"content":{"rendered":"<p style=\"text-align: center\"><img class=\"size-full wp-image-404 aligncenter\" src=\"https:\/\/wp.ufpel.edu.br\/neab\/files\/2018\/07\/pedras-altas4.jpg\" alt=\"\" width=\"6908\" height=\"1485\" srcset=\"https:\/\/wp.ufpel.edu.br\/neab\/files\/2018\/07\/pedras-altas4.jpg 6908w, https:\/\/wp.ufpel.edu.br\/neab\/files\/2018\/07\/pedras-altas4-400x86.jpg 400w, https:\/\/wp.ufpel.edu.br\/neab\/files\/2018\/07\/pedras-altas4-768x165.jpg 768w, https:\/\/wp.ufpel.edu.br\/neab\/files\/2018\/07\/pedras-altas4-1024x220.jpg 1024w\" sizes=\"(max-width: 6908px) 100vw, 6908px\" \/><\/p>\n<p style=\"text-align: center;line-height: 50%\" align=\"center\"><em><span style=\"font-size: 8.0pt;line-height: 50%\">Perfil da Rua \u00c1lvaro Roberto Azevedo<\/span><\/em><\/p>\n<p style=\"text-align: center;line-height: 50%\" align=\"center\"><em><span style=\"font-size: 8.0pt;line-height: 50%\">Acad\u00eamicos: Shana Emanuelle Berta e S\u00edlvia Garcia Tavares<\/span><\/em><\/p>\n<p>A a\u00e7\u00e3o extensionista foi realizada em\u00a0Pedras Altas no ano de 2002, 2\u00ba Sem. As atividades consistiram no levantamento urbano, projeto urbano, levantamento arquitet\u00f4nico e projeto arquitet\u00f4nico.<\/p>\n<p>Professores respons\u00e1veis: Ana L\u00facia Costa de Oliveira e Sylvio Arnoldo Dick Jantzen<\/p>\n","protected":false},"excerpt":{"rendered":"<p>Perfil da Rua \u00c1lvaro Roberto Azevedo Acad\u00eamicos: Shana Emanuelle Berta e S\u00edlvia Garcia Tavares A a\u00e7\u00e3o extensionista foi realizada em\u00a0Pedras Altas no ano de 2002, 2\u00ba Sem. As atividades consistiram no levantamento urbano, projeto urbano, levantamento arquitet\u00f4nico e projeto arquitet\u00f4nico. Professores respons\u00e1veis: Ana L\u00facia Costa de Oliveira e Sylvio Arnoldo Dick Jantzen<\/p>\n","protected":false},"author":814,"featured_media":0,"parent":0,"menu_order":0,"comment_status":"closed","ping_status":"closed","template":"","meta":{"footnotes":""},"class_list":["post-263","page","type-page","status-publish","hentry"],"jetpack_sharing_enabled":true,"_links":{"self":[{"href":"https:\/\/wp.ufpel.edu.br\/neab\/wp-json\/wp\/v2\/pages\/263","targetHints":{"allow":["GET"]}}],"collection":[{"href":"https:\/\/wp.ufpel.edu.br\/neab\/wp-json\/wp\/v2\/pages"}],"about":[{"href":"https:\/\/wp.ufpel.edu.br\/neab\/wp-json\/wp\/v2\/types\/page"}],"author":[{"embeddable":true,"href":"https:\/\/wp.ufpel.edu.br\/neab\/wp-json\/wp\/v2\/users\/814"}],"replies":[{"embeddable":true,"href":"https:\/\/wp.ufpel.edu.br\/neab\/wp-json\/wp\/v2\/comments?post=263"}],"version-history":[{"count":6,"href":"https:\/\/wp.ufpel.edu.br\/neab\/wp-json\/wp\/v2\/pages\/263\/revisions"}],"predecessor-version":[{"id":424,"href":"https:\/\/wp.ufpel.edu.br\/neab\/wp-json\/wp\/v2\/pages\/263\/revisions\/424"}],"wp:attachment":[{"href":"https:\/\/wp.ufpel.edu.br\/neab\/wp-json\/wp\/v2\/media?parent=263"}],"curies":[{"name":"wp","href":"https:\/\/api.w.org\/{rel}","templated":true}]}}