{"id":260,"date":"2018-05-11T15:09:50","date_gmt":"2018-05-11T18:09:50","guid":{"rendered":"https:\/\/wp.ufpel.edu.br\/neab\/?page_id=260"},"modified":"2018-07-11T14:53:21","modified_gmt":"2018-07-11T17:53:21","slug":"jaguarao","status":"publish","type":"page","link":"https:\/\/wp.ufpel.edu.br\/neab\/jaguarao\/","title":{"rendered":"Jaguar\u00e3o"},"content":{"rendered":"<p><a href=\"https:\/\/wp.ufpel.edu.br\/neab\/files\/2018\/06\/jaguarao.png\" target=\"_blank\" rel=\"noopener\"><img class=\"aligncenter wp-image-400 size-full\" src=\"https:\/\/wp.ufpel.edu.br\/neab\/files\/2018\/06\/jaguarao.png\" alt=\"\" width=\"6908\" height=\"1485\" srcset=\"https:\/\/wp.ufpel.edu.br\/neab\/files\/2018\/06\/jaguarao.png 6908w, https:\/\/wp.ufpel.edu.br\/neab\/files\/2018\/06\/jaguarao-400x86.png 400w, https:\/\/wp.ufpel.edu.br\/neab\/files\/2018\/06\/jaguarao-768x165.png 768w, https:\/\/wp.ufpel.edu.br\/neab\/files\/2018\/06\/jaguarao-1024x220.png 1024w\" sizes=\"(max-width: 6908px) 100vw, 6908px\" \/><\/a><\/p>\n<p style=\"text-align: center;line-height: 50%\" align=\"center\"><em><span style=\"font-size: 8.0pt;line-height: 50%\">Perfil da Pra\u00e7a Alcides Marques<br \/>\n<\/span><\/em><\/p>\n<p style=\"text-align: center;line-height: 50%\" align=\"center\"><em><span style=\"font-size: 8.0pt;line-height: 50%\">Acad\u00eamicos: Gabriela Pinto Iunes, Mirella Perez Gouv\u00eaa e Yasmim Vellar Gomes<br \/>\n<\/span><\/em><\/p>\n<p>A a\u00e7\u00e3o extensionista foi realizada em\u00a0Jaguar\u00e3o no ano de 2012, 2\u00ba Sem, \u00e0 2013, 2\u00ba Sem. As atividades consistiram no levantamento urbano, projeto urbano, levantamento arquitet\u00f4nico e projeto arquitet\u00f4nico.<\/p>\n<p>Professores respons\u00e1veis: Ana L\u00facia Costa de Oliveira e Aline Montagna da Silveira<\/p>\n","protected":false},"excerpt":{"rendered":"<p>Perfil da Pra\u00e7a Alcides Marques Acad\u00eamicos: Gabriela Pinto Iunes, Mirella Perez Gouv\u00eaa e Yasmim Vellar Gomes A a\u00e7\u00e3o extensionista foi realizada em\u00a0Jaguar\u00e3o no ano de 2012, 2\u00ba Sem, \u00e0 2013, 2\u00ba Sem. As atividades consistiram no levantamento urbano, projeto urbano, levantamento arquitet\u00f4nico e projeto arquitet\u00f4nico. Professores respons\u00e1veis: Ana L\u00facia Costa de Oliveira e Aline Montagna [&hellip;]<\/p>\n","protected":false},"author":814,"featured_media":0,"parent":0,"menu_order":0,"comment_status":"closed","ping_status":"closed","template":"page-sem-sidebar.php","meta":{"footnotes":""},"class_list":["post-260","page","type-page","status-publish","hentry"],"jetpack_sharing_enabled":true,"_links":{"self":[{"href":"https:\/\/wp.ufpel.edu.br\/neab\/wp-json\/wp\/v2\/pages\/260","targetHints":{"allow":["GET"]}}],"collection":[{"href":"https:\/\/wp.ufpel.edu.br\/neab\/wp-json\/wp\/v2\/pages"}],"about":[{"href":"https:\/\/wp.ufpel.edu.br\/neab\/wp-json\/wp\/v2\/types\/page"}],"author":[{"embeddable":true,"href":"https:\/\/wp.ufpel.edu.br\/neab\/wp-json\/wp\/v2\/users\/814"}],"replies":[{"embeddable":true,"href":"https:\/\/wp.ufpel.edu.br\/neab\/wp-json\/wp\/v2\/comments?post=260"}],"version-history":[{"count":6,"href":"https:\/\/wp.ufpel.edu.br\/neab\/wp-json\/wp\/v2\/pages\/260\/revisions"}],"predecessor-version":[{"id":425,"href":"https:\/\/wp.ufpel.edu.br\/neab\/wp-json\/wp\/v2\/pages\/260\/revisions\/425"}],"wp:attachment":[{"href":"https:\/\/wp.ufpel.edu.br\/neab\/wp-json\/wp\/v2\/media?parent=260"}],"curies":[{"name":"wp","href":"https:\/\/api.w.org\/{rel}","templated":true}]}}