{"id":257,"date":"2018-05-11T15:09:05","date_gmt":"2018-05-11T18:09:05","guid":{"rendered":"https:\/\/wp.ufpel.edu.br\/neab\/?page_id=257"},"modified":"2018-07-11T15:23:02","modified_gmt":"2018-07-11T18:23:02","slug":"herval","status":"publish","type":"page","link":"https:\/\/wp.ufpel.edu.br\/neab\/herval\/","title":{"rendered":"Herval"},"content":{"rendered":"<p><a href=\"https:\/\/wp.ufpel.edu.br\/neab\/files\/2018\/06\/heval.png\" target=\"_blank\" rel=\"noopener\"><img class=\"aligncenter wp-image-398 size-full\" src=\"https:\/\/wp.ufpel.edu.br\/neab\/files\/2018\/06\/heval.png\" alt=\"\" width=\"6908\" height=\"1485\" srcset=\"https:\/\/wp.ufpel.edu.br\/neab\/files\/2018\/06\/heval.png 6908w, https:\/\/wp.ufpel.edu.br\/neab\/files\/2018\/06\/heval-400x86.png 400w, https:\/\/wp.ufpel.edu.br\/neab\/files\/2018\/06\/heval-768x165.png 768w, https:\/\/wp.ufpel.edu.br\/neab\/files\/2018\/06\/heval-1024x220.png 1024w\" sizes=\"(max-width: 6908px) 100vw, 6908px\" \/><\/a><\/p>\n<p style=\"text-align: center;line-height: 50%\" align=\"center\"><em><span style=\"font-size: 8.0pt;line-height: 50%\">Perfil da Rua Julio de Castilhos<br \/>\n<\/span><\/em><\/p>\n<p style=\"text-align: center;line-height: 50%\" align=\"center\"><em><span style=\"font-size: 8.0pt;line-height: 50%\">Acad\u00eamicos: Clarissa Cielo, Helen Cabral e Pablo \u00c1vila<br \/>\n<\/span><\/em><\/p>\n<p>A a\u00e7\u00e3o extensionista foi realizada em Herval no ano de 2006, 1\u00ba Sem. As atividades consistiram no levantamento urbano, projeto urbano, levantamento arquitet\u00f4nico e projeto arquitet\u00f4nico.<\/p>\n<p>Professores respons\u00e1veis: Ana L\u00facia Costa de Oliveira e Sylvio Arnoldo Dick Jantzen<\/p>\n","protected":false},"excerpt":{"rendered":"<p>Perfil da Rua Julio de Castilhos Acad\u00eamicos: Clarissa Cielo, Helen Cabral e Pablo \u00c1vila A a\u00e7\u00e3o extensionista foi realizada em Herval no ano de 2006, 1\u00ba Sem. As atividades consistiram no levantamento urbano, projeto urbano, levantamento arquitet\u00f4nico e projeto arquitet\u00f4nico. Professores respons\u00e1veis: Ana L\u00facia Costa de Oliveira e Sylvio Arnoldo Dick Jantzen<\/p>\n","protected":false},"author":814,"featured_media":0,"parent":0,"menu_order":0,"comment_status":"closed","ping_status":"closed","template":"page-sem-sidebar.php","meta":{"footnotes":""},"class_list":["post-257","page","type-page","status-publish","hentry"],"jetpack_sharing_enabled":true,"_links":{"self":[{"href":"https:\/\/wp.ufpel.edu.br\/neab\/wp-json\/wp\/v2\/pages\/257","targetHints":{"allow":["GET"]}}],"collection":[{"href":"https:\/\/wp.ufpel.edu.br\/neab\/wp-json\/wp\/v2\/pages"}],"about":[{"href":"https:\/\/wp.ufpel.edu.br\/neab\/wp-json\/wp\/v2\/types\/page"}],"author":[{"embeddable":true,"href":"https:\/\/wp.ufpel.edu.br\/neab\/wp-json\/wp\/v2\/users\/814"}],"replies":[{"embeddable":true,"href":"https:\/\/wp.ufpel.edu.br\/neab\/wp-json\/wp\/v2\/comments?post=257"}],"version-history":[{"count":6,"href":"https:\/\/wp.ufpel.edu.br\/neab\/wp-json\/wp\/v2\/pages\/257\/revisions"}],"predecessor-version":[{"id":426,"href":"https:\/\/wp.ufpel.edu.br\/neab\/wp-json\/wp\/v2\/pages\/257\/revisions\/426"}],"wp:attachment":[{"href":"https:\/\/wp.ufpel.edu.br\/neab\/wp-json\/wp\/v2\/media?parent=257"}],"curies":[{"name":"wp","href":"https:\/\/api.w.org\/{rel}","templated":true}]}}