{"id":254,"date":"2018-05-11T15:08:30","date_gmt":"2018-05-11T18:08:30","guid":{"rendered":"https:\/\/wp.ufpel.edu.br\/neab\/?page_id=254"},"modified":"2018-05-14T10:55:15","modified_gmt":"2018-05-14T13:55:15","slug":"cerrito","status":"publish","type":"page","link":"https:\/\/wp.ufpel.edu.br\/neab\/cerrito\/","title":{"rendered":"Cerrito"},"content":{"rendered":"<p><img class=\"alignnone size-full wp-image-218\" src=\"https:\/\/wp.ufpel.edu.br\/neab\/files\/2018\/05\/2014-11-10-16.01.49-984x220.jpg\" alt=\"\" width=\"984\" height=\"220\" srcset=\"https:\/\/wp.ufpel.edu.br\/neab\/files\/2018\/05\/2014-11-10-16.01.49-984x220.jpg 984w, https:\/\/wp.ufpel.edu.br\/neab\/files\/2018\/05\/2014-11-10-16.01.49-984x220-400x89.jpg 400w, https:\/\/wp.ufpel.edu.br\/neab\/files\/2018\/05\/2014-11-10-16.01.49-984x220-768x172.jpg 768w\" sizes=\"(max-width: 984px) 100vw, 984px\" \/><\/p>\n<p>A a\u00e7\u00e3o extensionista foi realizada em Cerrito no ano de 2009, 1\u00ba Sem. As atividades consistiram no levantamento urbano, projeto urbano, levantamento arquitet\u00f4nico e projeto arquitet\u00f4nico.<\/p>\n<p>Professores respons\u00e1veis: Sylvio Arnoldo Dick Jantzen e Laura Cezar<\/p>\n","protected":false},"excerpt":{"rendered":"<p>A a\u00e7\u00e3o extensionista foi realizada em Cerrito no ano de 2009, 1\u00ba Sem. As atividades consistiram no levantamento urbano, projeto urbano, levantamento arquitet\u00f4nico e projeto arquitet\u00f4nico. Professores respons\u00e1veis: Sylvio Arnoldo Dick Jantzen e Laura Cezar<\/p>\n","protected":false},"author":814,"featured_media":0,"parent":0,"menu_order":0,"comment_status":"closed","ping_status":"closed","template":"page-sem-sidebar.php","meta":{"footnotes":""},"class_list":["post-254","page","type-page","status-publish","hentry"],"jetpack_sharing_enabled":true,"_links":{"self":[{"href":"https:\/\/wp.ufpel.edu.br\/neab\/wp-json\/wp\/v2\/pages\/254","targetHints":{"allow":["GET"]}}],"collection":[{"href":"https:\/\/wp.ufpel.edu.br\/neab\/wp-json\/wp\/v2\/pages"}],"about":[{"href":"https:\/\/wp.ufpel.edu.br\/neab\/wp-json\/wp\/v2\/types\/page"}],"author":[{"embeddable":true,"href":"https:\/\/wp.ufpel.edu.br\/neab\/wp-json\/wp\/v2\/users\/814"}],"replies":[{"embeddable":true,"href":"https:\/\/wp.ufpel.edu.br\/neab\/wp-json\/wp\/v2\/comments?post=254"}],"version-history":[{"count":4,"href":"https:\/\/wp.ufpel.edu.br\/neab\/wp-json\/wp\/v2\/pages\/254\/revisions"}],"predecessor-version":[{"id":315,"href":"https:\/\/wp.ufpel.edu.br\/neab\/wp-json\/wp\/v2\/pages\/254\/revisions\/315"}],"wp:attachment":[{"href":"https:\/\/wp.ufpel.edu.br\/neab\/wp-json\/wp\/v2\/media?parent=254"}],"curies":[{"name":"wp","href":"https:\/\/api.w.org\/{rel}","templated":true}]}}