{"id":1047,"date":"2025-07-03T14:37:29","date_gmt":"2025-07-03T17:37:29","guid":{"rendered":"https:\/\/wp.ufpel.edu.br\/neab\/?page_id=1047"},"modified":"2025-07-17T15:03:06","modified_gmt":"2025-07-17T18:03:06","slug":"projetos-de-ensino","status":"publish","type":"page","link":"https:\/\/wp.ufpel.edu.br\/neab\/projetos-de-ensino\/","title":{"rendered":"Projetos de Ensino"},"content":{"rendered":"<p><span style=\"font-size: 14pt;\"><strong>PROJETO PATRIM\u00d4NIO CULTURAL: ABORDAGENS TE\u00d3RICAS E PR\u00c1TICAS DE PRESERVA\u00c7\u00c3O (C\u00d3D. 2017)<\/strong><\/span><\/p>\n<p><span style=\"font-family: arial, helvetica, sans-serif; font-size: 12pt;\"><strong>\u00caNFASE:<\/strong> Ensino<\/span><br \/>\n<span style=\"font-family: arial, helvetica, sans-serif; font-size: 12pt;\"><strong>GRADE DE \u00c1REA:<\/strong> Ci\u00eancias Sociais Aplicadas<\/span><br \/>\n<span style=\"font-family: arial, helvetica, sans-serif; font-size: 12pt;\"><strong>UNIDADE:<\/strong> Faculdade de Arquitetura e Urbanismo<\/span><br \/>\n<span style=\"font-family: arial, helvetica, sans-serif; font-size: 12pt;\"><strong>SUBUNIDADE:<\/strong> Departamento de Arquitetura e Urbanismo<\/span><br \/>\n<span style=\"font-family: arial, helvetica, sans-serif; font-size: 12pt;\"><strong>DATA DE IN\u00cdCIO:<\/strong> 31\/03\/2020 DATA DO FIM: 31\/03\/2024<\/span><\/p>\n<p style=\"text-align: justify;\"><span style=\"font-family: arial, helvetica, sans-serif; font-size: 10pt;\"><span style=\"font-size: 12pt;\"><strong>RESUMO:<\/strong> O projeto tem a premissa de promover a\u00e7\u00f5es que contemplem a indissociabilidade entre ensino, pesquisa e <\/span><\/span><span style=\"font-family: arial, helvetica, sans-serif; font-size: 12pt;\">extens\u00e3o, atrav\u00e9s da proposi\u00e7\u00e3o de pr\u00e1ticas pedag\u00f3gicas e de reflex\u00f5es que contribuam para essa postura. Nessa <\/span><span style=\"font-family: arial, helvetica, sans-serif; font-size: 12pt;\">perspectiva, o projeto busca fomentar a forma\u00e7\u00e3o de um profissional cr\u00edtico e criativo, comprometido com as diversas <\/span><span style=\"font-family: arial, helvetica, sans-serif; font-size: 12pt;\">problem\u00e1ticas que permeiam a \u00e1rea de forma\u00e7\u00e3o do arquiteto e urbanista, com \u00eanfase no campo da preserva\u00e7\u00e3o <\/span><span style=\"font-family: arial, helvetica, sans-serif; font-size: 12pt;\">patrimonial.<\/span><\/p>\n<p><strong><span style=\"font-family: arial, helvetica, sans-serif;\">Lista de a\u00e7\u00f5es:<\/span><\/strong><\/p>\n<ol>\n<li><strong><span style=\"color: #000000;\"><a style=\"color: #000000;\" href=\"https:\/\/wp.ufpel.edu.br\/neab\/ler-e-interpretar-o-patrimonio-cultural-modulo-i-e-ii\/\">Ler e interpretar o patrim\u00f4nio cultural (m\u00f3dulo I e II) &#8211; c\u00f3digo 5881<\/a><\/span><\/strong><\/li>\n<li><span style=\"color: #000000;\"><strong><a style=\"color: #000000;\" href=\"https:\/\/wp.ufpel.edu.br\/neab\/patrimonio-cultural-elaboracao-de-material-de-apoio-para-as-disciplinas-da-graduacao-e-da-pos-graduacao\/\">Patrim\u00f4nio cultural: elabora\u00e7\u00e3o de material de apoio para as disciplinas da gradua\u00e7\u00e3o e da p\u00f3s-<\/a><\/strong><\/span><br \/>\n<span style=\"color: #000000;\"><strong>gradua\u00e7\u00e3o &#8211; c\u00f3digo 12258<\/strong><\/span><\/li>\n<li><span style=\"color: #000000;\"><strong><a style=\"color: #000000;\" href=\"https:\/\/wp.ufpel.edu.br\/neab\/rede-phi-patrimonio-historico-cultural-producao-da-faurb\/\">Rede phi &#8211; patrim\u00f4nio hist\u00f3rico + cultural: produ\u00e7\u00e3o da faurb &#8211; c\u00f3digo 12778<\/a><\/strong><\/span><\/li>\n<li><span style=\"color: #000000;\"><strong><a style=\"color: #000000;\" href=\"https:\/\/wp.ufpel.edu.br\/neab\/intervencoes-arquitetonicas-e-urbanas-em-preexistencias-de-valor-cultural\/\">Interven\u00e7\u00f5es arquitet\u00f4nicas e urbanas em preexist\u00eancias de valor cultural &#8211; c\u00f3digo 17283<\/a><\/strong><\/span><\/li>\n<\/ol>\n","protected":false},"excerpt":{"rendered":"<p>PROJETO PATRIM\u00d4NIO CULTURAL: ABORDAGENS TE\u00d3RICAS E PR\u00c1TICAS DE PRESERVA\u00c7\u00c3O (C\u00d3D. 2017) \u00caNFASE: Ensino GRADE DE \u00c1REA: Ci\u00eancias Sociais Aplicadas UNIDADE: Faculdade de Arquitetura e Urbanismo SUBUNIDADE: Departamento de Arquitetura e Urbanismo DATA DE IN\u00cdCIO: 31\/03\/2020 DATA DO FIM: 31\/03\/2024 RESUMO: O projeto tem a premissa de promover a\u00e7\u00f5es que contemplem a indissociabilidade entre ensino, pesquisa [&hellip;]<\/p>\n","protected":false},"author":814,"featured_media":0,"parent":0,"menu_order":0,"comment_status":"closed","ping_status":"closed","template":"","meta":{"footnotes":""},"class_list":["post-1047","page","type-page","status-publish","hentry"],"jetpack_sharing_enabled":true,"_links":{"self":[{"href":"https:\/\/wp.ufpel.edu.br\/neab\/wp-json\/wp\/v2\/pages\/1047","targetHints":{"allow":["GET"]}}],"collection":[{"href":"https:\/\/wp.ufpel.edu.br\/neab\/wp-json\/wp\/v2\/pages"}],"about":[{"href":"https:\/\/wp.ufpel.edu.br\/neab\/wp-json\/wp\/v2\/types\/page"}],"author":[{"embeddable":true,"href":"https:\/\/wp.ufpel.edu.br\/neab\/wp-json\/wp\/v2\/users\/814"}],"replies":[{"embeddable":true,"href":"https:\/\/wp.ufpel.edu.br\/neab\/wp-json\/wp\/v2\/comments?post=1047"}],"version-history":[{"count":5,"href":"https:\/\/wp.ufpel.edu.br\/neab\/wp-json\/wp\/v2\/pages\/1047\/revisions"}],"predecessor-version":[{"id":1103,"href":"https:\/\/wp.ufpel.edu.br\/neab\/wp-json\/wp\/v2\/pages\/1047\/revisions\/1103"}],"wp:attachment":[{"href":"https:\/\/wp.ufpel.edu.br\/neab\/wp-json\/wp\/v2\/media?parent=1047"}],"curies":[{"name":"wp","href":"https:\/\/api.w.org\/{rel}","templated":true}]}}