{"id":1045,"date":"2025-07-03T14:37:29","date_gmt":"2025-07-03T17:37:29","guid":{"rendered":"https:\/\/wp.ufpel.edu.br\/neab\/?page_id=1045"},"modified":"2025-07-17T14:58:06","modified_gmt":"2025-07-17T17:58:06","slug":"projetos-de-pesquisa","status":"publish","type":"page","link":"https:\/\/wp.ufpel.edu.br\/neab\/projetos-de-pesquisa\/","title":{"rendered":"Projetos de Pesquisa"},"content":{"rendered":"<p><span style=\"font-size: 14pt;\"><strong>PROJETO PATRIM\u00d4NIO CULTURAL NA REGI\u00c3O SUL DO RIO GRANDE DO SUL &#8211; S\u00c9C. XIX E XX<\/strong><\/span><\/p>\n<p><span style=\"font-family: arial, helvetica, sans-serif;\"><strong>\u00caNFASE: <\/strong>Pesquisa<\/span><br \/>\n<span style=\"font-family: arial, helvetica, sans-serif;\"><strong>GRADE DE \u00c1REA:<\/strong> Ci\u00eancias Sociais Aplicadas<\/span><br \/>\n<span style=\"font-family: arial, helvetica, sans-serif;\"><strong>UNIDADE:<\/strong> Faculdade de Arquitetura e Urbanismo<\/span><br \/>\n<span style=\"font-family: arial, helvetica, sans-serif;\"><strong>SUBUNIDADE:<\/strong> Departamento de Arquitetura e Urbanismo<\/span><br \/>\n<span style=\"font-family: arial, helvetica, sans-serif;\"><strong>DATA DE IN\u00cdCIO:<\/strong> 20\/05\/2020 DATA DO FIM: 22\/04\/2028<\/span><\/p>\n<p style=\"text-align: justify;\"><span style=\"font-family: arial, helvetica, sans-serif;\"><strong>RESUMO:<\/strong> O projeto pretende realizar estudos sobre o Patrim\u00f4nio Cultural, a partir de m\u00faltiplas abordagens de investiga\u00e7\u00e3o. <\/span><span style=\"font-family: arial, helvetica, sans-serif;\">O recorte espacial delimita, <\/span><span style=\"font-family: arial, helvetica, sans-serif;\">prioritariamente, as cidades da regi\u00e3o Sul do Rio Grande do Sul. A proposta busca entender a forma\u00e7\u00e3o e o <\/span><span style=\"font-family: arial, helvetica, sans-serif;\">desenvolvimento das cidades da regi\u00e3o <\/span><span style=\"font-family: arial, helvetica, sans-serif;\">estudada, a partir dos processos de transforma\u00e7\u00e3o e perman\u00eancia do ambiente urbano, especialmente nos s\u00e9culos XIX e <\/span><span style=\"font-family: arial, helvetica, sans-serif;\">XX. Os estudos ser\u00e3o <\/span><span style=\"font-family: arial, helvetica, sans-serif;\">pautados nas reflex\u00f5es de teoria, hist\u00f3ria e projeto da arquitetura e da cidade, com \u00eanfase na preserva\u00e7\u00e3o do patrim\u00f4nio, <\/span><span style=\"font-family: arial, helvetica, sans-serif;\">observando temas <\/span><span style=\"font-family: arial, helvetica, sans-serif;\">correlatos em arquitetura, urbanismo e paisagismo.<\/span><\/p>\n<p><strong><span style=\"font-family: arial, helvetica, sans-serif;\">LISTA DE A\u00c7\u00d5ES :<\/span><\/strong><\/p>\n<ol>\n<li><strong><span style=\"color: #000000;\"><a style=\"color: #000000;\" href=\"https:\/\/wp.ufpel.edu.br\/neab\/villas-e-casas-de-catalogo-inventario-da-arquitetura-residencial-das-primeiras-decadas-do-seculo-xx-pelotas-rs-5883\/\"><span style=\"font-family: arial, helvetica, sans-serif;\">&#8220;VILLAS&#8221; E CASAS DE CAT\u00c1LOGO: INVENT\u00c1RIO DA ARQUITETURA RESIDENCIAL DAS PRIMEIRAS D\u00c9CADAS DO S\u00c9CULO XX &#8211;<br \/>\nPELOTAS, RS &#8211; 5883<\/span><\/a><\/span><\/strong><\/li>\n<li><strong><span style=\"color: #000000;\"><a style=\"color: #000000;\" href=\"https:\/\/wp.ufpel.edu.br\/neab\/morfologia-urbana-estudo-de-tecidos-urbanos-de-valor-cultural-em-cidades-da-regiao-sul-do-rio-grande-do-sul-7211\/\"><span style=\"font-family: arial, helvetica, sans-serif;\">MORFOLOGIA URBANA: ESTUDO DE TECIDOS URBANOS DE VALOR CULTURAL EM CIDADES DA REGI\u00c3O SUL DO RIO GRANDE DO <\/span><span style=\"font-family: arial, helvetica, sans-serif;\">SUL -7211<\/span><\/a><\/span><\/strong><\/li>\n<li><span style=\"color: #000000;\"><strong><a style=\"color: #000000;\" href=\"https:\/\/wp.ufpel.edu.br\/neab\/midias-sociais-compartilhamento-das-acoes-do-neab-na-preservacao-do-patrimonio-cultural-na-regiao-sul-do-rio-grande-do-sul-17995\/\"><span style=\"font-family: arial, helvetica, sans-serif;\">M\u00cdDIAS SOCIAIS: COMPARTILHAMENTO DAS A\u00c7\u00d5ES DO NEAB NA PRESERVA\u00c7\u00c3O DO PATRIM\u00d4NIO CULTURAL NA REGI\u00c3O SUL DO <\/span><span style=\"font-family: arial, helvetica, sans-serif;\">RIO GRANDE DO SUL &#8211; 17995<\/span><\/a><\/strong><\/span><\/li>\n<\/ol>\n<p>&nbsp;<\/p>\n<p><span style=\"font-size: 14pt;\"><strong>PROJETO INVENT\u00c1RIO DO PATRIM\u00d4NIO ARQUITET\u00d4NICO DA CIDADE DE HERVAL, RIO GRANDE DO SUL &#8211; C\u00d3D. 3115<\/strong><\/span><\/p>\n<p><span style=\"font-family: arial, helvetica, sans-serif;\"><strong>\u00caNFASE:<\/strong> Pesquisa<\/span><br \/>\n<span style=\"font-family: arial, helvetica, sans-serif;\"><strong>GRADE DE \u00c1REA<\/strong>: Ci\u00eancias Sociais Aplicadas<\/span><br \/>\n<span style=\"font-family: arial, helvetica, sans-serif;\"><strong>UNIDADE:<\/strong> Faculdade de Arquitetura e Urbanismo<\/span><br \/>\n<span style=\"font-family: arial, helvetica, sans-serif;\"><strong>SUBUNIDADE:<\/strong> Departamento de Arquitetura e Urbanismo<\/span><br \/>\n<span style=\"font-family: arial, helvetica, sans-serif;\"><strong>DATA DE IN\u00cdCIO:<\/strong> 01\/08\/2020 DATA DO FIM: 04\/10\/2023<\/span><\/p>\n<p style=\"text-align: justify;\"><span style=\"font-family: arial, helvetica, sans-serif;\"><strong>RESUMO:<\/strong> A pesquisa Invent\u00e1rio do Patrim\u00f4nio Arquitet\u00f4nico da cidade de Herval, Rio Grande do Sul &#8211; Brasil pretende identificar <\/span><span style=\"font-family: arial, helvetica, sans-serif;\">quais as edifica\u00e7\u00f5es configuram o patrim\u00f4nio arquitet\u00f4nico da cidade de Herval e quais valores justificam a sua preserva\u00e7\u00e3o. <\/span><span style=\"font-family: arial, helvetica, sans-serif;\">Nessa perspectiva, busca conhecer e caracterizar o patrim\u00f4nio arquitet\u00f4nico do centro hist\u00f3rico da cidade, com o intuito de <\/span><span style=\"font-family: arial, helvetica, sans-serif;\">possibilitar o seu reconhecimento e valoriza\u00e7\u00e3o. O recorte espacial \u00e9 a \u00e1rea documentada na planta da vila de Herval (1898). <\/span><span style=\"font-family: arial, helvetica, sans-serif;\">O m\u00e9todo de trabalho consiste em um invent\u00e1rio de conhecimento (ou de varredura) da \u00e1rea estudada. Os resultados obtidos no <\/span><span style=\"font-family: arial, helvetica, sans-serif;\">levantamento de campo ser\u00e3o especializados em mapas tem\u00e1ticos, que resultam em um banco de dados sobre o objeto. Esses <\/span><span style=\"font-family: arial, helvetica, sans-serif;\">resultados ser\u00e3o cotejados com o referencial te\u00f3rico, possibilitando a an\u00e1lise e a atribui\u00e7\u00e3o de valores as edifica\u00e7\u00f5es encontradas. <\/span><span style=\"font-family: arial, helvetica, sans-serif;\">Dessa forma, pretende-se apontar os bens integrantes do patrim\u00f4nio arquitet\u00f4nico da \u00e1rea de estudo pass\u00edveis de preserva\u00e7\u00e3o, a <\/span><span style=\"font-family: arial, helvetica, sans-serif;\">delimita\u00e7\u00e3o das \u00e1reas de preserva\u00e7\u00e3o (poligonais), assim como os n\u00edveis de preserva\u00e7\u00e3o e dos graus de descaracteriza\u00e7\u00e3o das <\/span><span style=\"font-family: arial, helvetica, sans-serif;\">edifica\u00e7\u00f5es, com o intuito de fundamentar as justificativas para sua preserva\u00e7\u00e3o e conserva\u00e7\u00e3o.<\/span><\/p>\n","protected":false},"excerpt":{"rendered":"<p>PROJETO PATRIM\u00d4NIO CULTURAL NA REGI\u00c3O SUL DO RIO GRANDE DO SUL &#8211; S\u00c9C. XIX E XX \u00caNFASE: Pesquisa GRADE DE \u00c1REA: Ci\u00eancias Sociais Aplicadas UNIDADE: Faculdade de Arquitetura e Urbanismo SUBUNIDADE: Departamento de Arquitetura e Urbanismo DATA DE IN\u00cdCIO: 20\/05\/2020 DATA DO FIM: 22\/04\/2028 RESUMO: O projeto pretende realizar estudos sobre o Patrim\u00f4nio Cultural, a [&hellip;]<\/p>\n","protected":false},"author":814,"featured_media":0,"parent":0,"menu_order":0,"comment_status":"closed","ping_status":"closed","template":"","meta":{"footnotes":""},"class_list":["post-1045","page","type-page","status-publish","hentry"],"jetpack_sharing_enabled":true,"_links":{"self":[{"href":"https:\/\/wp.ufpel.edu.br\/neab\/wp-json\/wp\/v2\/pages\/1045","targetHints":{"allow":["GET"]}}],"collection":[{"href":"https:\/\/wp.ufpel.edu.br\/neab\/wp-json\/wp\/v2\/pages"}],"about":[{"href":"https:\/\/wp.ufpel.edu.br\/neab\/wp-json\/wp\/v2\/types\/page"}],"author":[{"embeddable":true,"href":"https:\/\/wp.ufpel.edu.br\/neab\/wp-json\/wp\/v2\/users\/814"}],"replies":[{"embeddable":true,"href":"https:\/\/wp.ufpel.edu.br\/neab\/wp-json\/wp\/v2\/comments?post=1045"}],"version-history":[{"count":6,"href":"https:\/\/wp.ufpel.edu.br\/neab\/wp-json\/wp\/v2\/pages\/1045\/revisions"}],"predecessor-version":[{"id":1093,"href":"https:\/\/wp.ufpel.edu.br\/neab\/wp-json\/wp\/v2\/pages\/1045\/revisions\/1093"}],"wp:attachment":[{"href":"https:\/\/wp.ufpel.edu.br\/neab\/wp-json\/wp\/v2\/media?parent=1045"}],"curies":[{"name":"wp","href":"https:\/\/api.w.org\/{rel}","templated":true}]}}