{"id":997,"date":"2017-05-10T17:20:48","date_gmt":"2017-05-10T20:20:48","guid":{"rendered":"https:\/\/wp.ufpel.edu.br\/ndh\/?page_id=997"},"modified":"2022-12-08T15:45:34","modified_gmt":"2022-12-08T18:45:34","slug":"normas-editoriais","status":"publish","type":"page","link":"https:\/\/wp.ufpel.edu.br\/ndh\/normas-editoriais\/","title":{"rendered":"Normas Editoriais"},"content":{"rendered":"<p>O peri\u00f3dico <em>Hist\u00f3ria em Revista<\/em>, uma publica\u00e7\u00e3o do N\u00facleo de Documenta\u00e7\u00e3o Hist\u00f3rica da Universidade Federal de Pelotas, tem como objetivo a divulga\u00e7\u00e3o da produ\u00e7\u00e3o historiogr\u00e1fica ou de \u00e1reas afins, na forma de artigos, ensaios bibliogr\u00e1ficos e resenhas. Buscando contribuir com o desenvolvimento da pesquisa, publica, tamb\u00e9m, mat\u00e9rias sobre organiza\u00e7\u00e3o de acervos documentais e depoimentos ou documentos hist\u00f3ricos in\u00e9ditos de significativo interesse para a pesquisa hist\u00f3rica.<\/p>\n<p>Se voc\u00ea \u00e9 Mestre, Doutorando (a) ou Doutor (a) e quer contribuir, fique atento aos prazos! Graduandos (as) e mestrandos (as) tamb\u00e9m podem publicar, em coautoria com Doutores (as).<\/p>\n<p>As normas para envio de artigos s\u00e3o:<\/p>\n<p>T\u00edtulo: Em l\u00edngua portuguesa ou l\u00edngua espanhola, com vers\u00e3o para a l\u00edngua inglesa.<br \/>\nAutoria: Nome completo, trazendo, em nota de rodap\u00e9 refer\u00eancias (institui\u00e7\u00e3o de origem, programa de p\u00f3s-gradua\u00e7\u00e3o a que est\u00e1 ligado e e-mail para contato).<\/p>\n<p>Resumo e palavras-chaves: Times New Roman, 10, espa\u00e7o simples. O resumo deve ter, no m\u00e1ximo, com 10 linhas; palavras-chaves, de 3 a 6. Devem constar entre a autoria e o in\u00edcio do texto. Resenhas n\u00e3o necessitam de resumo e palavras-chave.<\/p>\n<p>Abstract e key words: Devem seguir as mesmas normas do item anterior e constar logo ap\u00f3s o resumo e palavras-chave.<\/p>\n<p>Idiomas: A Hist\u00f3ria em Revista publica artigos em portugu\u00eas, espanhol e ingl\u00eas.<\/p>\n<p>Extens\u00e3o do texto: O corpo do artigo deve ter de 15 a 25 p\u00e1ginas, fonte Times New Roman, 12, espa\u00e7o 1,5; e as resenhas, 5 a 8 p\u00e1ginas, fonte Times New Roman, 12, espa\u00e7o 1,5.<\/p>\n<p>Margens: superior e esquerda 3, inferior e direita 2.<\/p>\n<p>Cita\u00e7\u00f5es: As cita\u00e7\u00f5es com menos de tr\u00eas linhas devem constar entre aspas, no corpo do texto. Cita\u00e7\u00f5es com mais de tr\u00eas linhas devem ser recuadas, sem aspas e espa\u00e7o simples, fonte 10, recuo \u00e0 direita (4,0).<\/p>\n<p>As refer\u00eancias das mesmas devem constar no corpo do texto (e n\u00e3o em nota de rodap\u00e9 ou nota de fim), entre par\u00eanteses, no modelo autor-data, indicando sobrenome do autor, data de publica\u00e7\u00e3o e p\u00e1ginas citadas (por exemplo: LONER, 2001, p. 330).<\/p>\n<p>Notas de rodap\u00e9: Quando necess\u00e1rias, devem ter apenas car\u00e1ter explicativo e\/ou aditivo. Devem ser numeradas sequencialmente em espa\u00e7o simples, Times New Roman, 9. Caso nas notas de rodap\u00e9 houver refer\u00eancias bibliogr\u00e1ficas, estas devem seguir o modelo autor-data.<\/p>\n<p>Tabelas: No caso de utiliza\u00e7\u00e3o de tabelas, elas devem ser digitadas seguindo a formata\u00e7\u00e3o de Tabela do Word (artigos com tabelas elaboradas \u2018manualmente\u2019 ou com inser\u00e7\u00e3o de colunas n\u00e3o ser\u00e3o aceitos).<\/p>\n<p>Imagens: Devem ser enviadas j\u00e1 inseridas no corpo do texto ou, caso seja necess\u00e1rio, em arquivo separado, em formato JPEG ou PNG. Se inseridas em arquivo separado, as imagens devem ser numeradas e no corpo do texto devem ser indicados os locais de sua inser\u00e7\u00e3o.<\/p>\n<p>Refer\u00eancias bibliogr\u00e1ficas: Respeitando as regras correntes da ABNT, devem vir ao final do texto em ordem alfab\u00e9tica do autor.<\/p>\n<p>Os arquivos, em formato &#8220;<em>.doc<\/em>&#8221; ou &#8220;.<em>docx<\/em>&#8220;, devem ser enviados para o email ndh.ufpel@gmail.com<\/p>\n","protected":false},"excerpt":{"rendered":"<p>O peri\u00f3dico Hist\u00f3ria em Revista, uma publica\u00e7\u00e3o do N\u00facleo de Documenta\u00e7\u00e3o Hist\u00f3rica da Universidade Federal de Pelotas, tem como objetivo a divulga\u00e7\u00e3o da produ\u00e7\u00e3o historiogr\u00e1fica ou de \u00e1reas afins, na forma de artigos, ensaios bibliogr\u00e1ficos e resenhas. Buscando contribuir com o desenvolvimento da pesquisa, publica, tamb\u00e9m, mat\u00e9rias sobre organiza\u00e7\u00e3o de acervos documentais e depoimentos ou [&hellip;]<\/p>\n","protected":false},"author":718,"featured_media":0,"parent":0,"menu_order":0,"comment_status":"closed","ping_status":"closed","template":"","meta":{"jetpack_post_was_ever_published":false,"footnotes":""},"class_list":["post-997","page","type-page","status-publish","hentry"],"jetpack_sharing_enabled":true,"jetpack_shortlink":"https:\/\/wp.me\/P9qy4R-g5","jetpack_likes_enabled":true,"jetpack-related-posts":[],"_links":{"self":[{"href":"https:\/\/wp.ufpel.edu.br\/ndh\/wp-json\/wp\/v2\/pages\/997","targetHints":{"allow":["GET"]}}],"collection":[{"href":"https:\/\/wp.ufpel.edu.br\/ndh\/wp-json\/wp\/v2\/pages"}],"about":[{"href":"https:\/\/wp.ufpel.edu.br\/ndh\/wp-json\/wp\/v2\/types\/page"}],"author":[{"embeddable":true,"href":"https:\/\/wp.ufpel.edu.br\/ndh\/wp-json\/wp\/v2\/users\/718"}],"replies":[{"embeddable":true,"href":"https:\/\/wp.ufpel.edu.br\/ndh\/wp-json\/wp\/v2\/comments?post=997"}],"version-history":[{"count":6,"href":"https:\/\/wp.ufpel.edu.br\/ndh\/wp-json\/wp\/v2\/pages\/997\/revisions"}],"predecessor-version":[{"id":3850,"href":"https:\/\/wp.ufpel.edu.br\/ndh\/wp-json\/wp\/v2\/pages\/997\/revisions\/3850"}],"wp:attachment":[{"href":"https:\/\/wp.ufpel.edu.br\/ndh\/wp-json\/wp\/v2\/media?parent=997"}],"curies":[{"name":"wp","href":"https:\/\/api.w.org\/{rel}","templated":true}]}}