{"id":992,"date":"2017-05-08T16:34:44","date_gmt":"2017-05-08T19:34:44","guid":{"rendered":"https:\/\/wp.ufpel.edu.br\/ndh\/?page_id=992"},"modified":"2022-02-09T08:29:26","modified_gmt":"2022-02-09T11:29:26","slug":"folhetos-positivistas","status":"publish","type":"page","link":"https:\/\/wp.ufpel.edu.br\/ndh\/folhetos-positivistas\/","title":{"rendered":"Folhetos Positivistas"},"content":{"rendered":"<p style=\"text-align: justify\"><span style=\"font-size: 12pt\"><b>Folhetos da Igreja Positivista do Brasil<br \/>\n<\/b><\/span><span style=\"font-size: 12pt\"><span style=\"background-color: #ccffcc;color: #ccffcc\"><strong><span style=\"font-size: 10pt;background-color: #ccffcc\"><span style=\"color: #000000\">(atualizado em fev. 2022 com a publica\u00e7\u00e3o on-line de &#8220;<\/span><\/span><\/strong><\/span><\/span><span style=\"background-color: #ccffcc;color: #000000\"><strong><span style=\"font-size: 10pt;background-color: #ccffcc\">As publica\u00e7\u00f5es dos positivistas religiosos brasileiros sobre quest\u00f5es m\u00e9dico-sanit\u00e1rias (1885-1927)&#8221;)<\/span><\/strong><\/span><\/p>\n<p style=\"text-align: justify\">Um outro fundo existente no NDH cont\u00e9m folhetos que se vinculam \u00e0 Igreja Positivista do Brasil (IPB), fundada em 11 de maio de 1881 por Miguel Lemos, para difundir a Religi\u00e3o da Humanidade, constru\u00edda por Augusto Comte a fim de homenagear Clotilde de Vaux, sua inspiradora e musa. Os autores destes documentos s\u00e3o o pr\u00f3prio Miguel Lemos, Raimundo Teixeira Mendes, que se aliou ao primeiro, tendo uma import\u00e2ncia fundamental na trajet\u00f3ria do positivismo ortodoxo brasileiro e ainda Joaquim Bagueira Leal, m\u00e9dico militar, cujos escritos vinculam-se, na maior parte das vezes, ao que se chamava de despotismo sanit\u00e1rio e tamb\u00e9m ao livre exerc\u00edcio da Medicina.<\/p>\n<p style=\"text-align: justify\">Os folhetos, que abarcam o per\u00edodo entre 1885 e 1927, versam sobre v\u00e1rios assuntos, concentrando suas an\u00e1lises, no entanto, em tem\u00e1ticas como a separa\u00e7\u00e3o entre Igreja e Estado, o Republicanismo, a Revolta da Vacina, o respeito \u00e0s mulheres, a prote\u00e7\u00e3o aos animais e \u00e0 corpora\u00e7\u00e3o m\u00e9dica. Este material foi digitalizado, com a inten\u00e7\u00e3o de se produzir s\u00e9ries documentais, a fim de facilitar o acesso aos pesquisadores. Al\u00e9m disso, foi publicado um CD (2008) com os folhetos que tratam de quest\u00f5es m\u00e9dico-sanit\u00e1rias, que est\u00e1 sendo distribu\u00eddo a centros de pesquisa e\/ou pesquisadores interessados no assunto. O material foi organizados pelos professores Paulo Pezat e Lorena Gill. Dessa forma, podem-se manter intocados os documentos, ao mesmo tempo permitindo sua consulta mais facilmente.<\/p>\n<p style=\"text-align: center\">| <a href=\"https:\/\/wp.ufpel.edu.br\/ndh\/folelhos_positivistas\/\"><strong>Acesse a publica\u00e7\u00e3o aqui<\/strong><\/a> |<\/p>\n","protected":false},"excerpt":{"rendered":"<p>Folhetos da Igreja Positivista do Brasil (atualizado em fev. 2022 com a publica\u00e7\u00e3o on-line de &#8220;As publica\u00e7\u00f5es dos positivistas religiosos brasileiros sobre quest\u00f5es m\u00e9dico-sanit\u00e1rias (1885-1927)&#8221;) Um outro fundo existente no NDH cont\u00e9m folhetos que se vinculam \u00e0 Igreja Positivista do Brasil (IPB), fundada em 11 de maio de 1881 por Miguel Lemos, para difundir a [&hellip;]<\/p>\n","protected":false},"author":718,"featured_media":0,"parent":0,"menu_order":0,"comment_status":"closed","ping_status":"closed","template":"","meta":{"jetpack_post_was_ever_published":false,"footnotes":""},"class_list":["post-992","page","type-page","status-publish","hentry"],"jetpack_sharing_enabled":true,"jetpack_shortlink":"https:\/\/wp.me\/P9qy4R-g0","jetpack_likes_enabled":true,"jetpack-related-posts":[],"_links":{"self":[{"href":"https:\/\/wp.ufpel.edu.br\/ndh\/wp-json\/wp\/v2\/pages\/992","targetHints":{"allow":["GET"]}}],"collection":[{"href":"https:\/\/wp.ufpel.edu.br\/ndh\/wp-json\/wp\/v2\/pages"}],"about":[{"href":"https:\/\/wp.ufpel.edu.br\/ndh\/wp-json\/wp\/v2\/types\/page"}],"author":[{"embeddable":true,"href":"https:\/\/wp.ufpel.edu.br\/ndh\/wp-json\/wp\/v2\/users\/718"}],"replies":[{"embeddable":true,"href":"https:\/\/wp.ufpel.edu.br\/ndh\/wp-json\/wp\/v2\/comments?post=992"}],"version-history":[{"count":5,"href":"https:\/\/wp.ufpel.edu.br\/ndh\/wp-json\/wp\/v2\/pages\/992\/revisions"}],"predecessor-version":[{"id":3437,"href":"https:\/\/wp.ufpel.edu.br\/ndh\/wp-json\/wp\/v2\/pages\/992\/revisions\/3437"}],"wp:attachment":[{"href":"https:\/\/wp.ufpel.edu.br\/ndh\/wp-json\/wp\/v2\/media?parent=992"}],"curies":[{"name":"wp","href":"https:\/\/api.w.org\/{rel}","templated":true}]}}