{"id":740,"date":"2017-02-22T17:10:16","date_gmt":"2017-02-22T20:10:16","guid":{"rendered":"https:\/\/wp.ufpel.edu.br\/ndh\/?page_id=740"},"modified":"2017-02-22T17:10:16","modified_gmt":"2017-02-22T20:10:16","slug":"apresentacao-hr-1213","status":"publish","type":"page","link":"https:\/\/wp.ufpel.edu.br\/ndh\/apresentacao-hr-1213\/","title":{"rendered":"Apresenta\u00e7\u00e3o &#8211; HR-12\/13"},"content":{"rendered":"<p>Este exemplar de \u201cHist\u00f3ria em revista\u201d traz, pela primeira vez, dois n\u00fameros reunidos na mesma edi\u00e7\u00e3o, resultado da coincid\u00eancia de alguns problemas, tanto de edi\u00e7\u00e3o, quanto da infra-estrutura necess\u00e1ria, especialmente nestes \u00faltimos dois anos, causados, em parte, pelos transtornos de uma greve de docentes e t\u00e9cnico-administrativos, e seu conseq\u00fcente reflexo na vida acad\u00eamica e administrativa das universidades federais.<\/p>\n<p>Assim, para ficarmos em dia com a sua periodicidade, estamos lan\u00e7ando um n\u00famero duplo com dois dossi\u00eas diferentes, embora relacionados. Nossa inten\u00e7\u00e3o \u00e9 procurar manter a revista em dia a partir de agora, buscando uma qualifica\u00e7\u00e3o crescente de seus artigos.<\/p>\n<p>Nesta procura pelo aperfei\u00e7oamento, depois de intensa discuss\u00e3o, procuramos modificar sua apresenta\u00e7\u00e3o gr\u00e1fica, embora preservando a sua estrutura interna, de forma a torn\u00e1-la mais atraente e atualizada. Esperamos que os leitores apreciem estas modifica\u00e7\u00f5es, como n\u00f3s apreciamos faz\u00ea-las.<\/p>\n<p>Quanto ao seu conte\u00fado, no primeiro dossi\u00ea, \u201cHist\u00f3ria e Cidade\u201d, aparecem os artigos de Paulo C\u00e9sar Possamai, que analisa o papel que a Col\u00f4nia de Sacramento desempenhou dentro do Imp\u00e9rio Colonial portugu\u00eas.<\/p>\n<p>Aristeu Lopes faz uma abordagem inovadora no estudo sobre jornais, concentrando-se nas representa\u00e7\u00f5es da proclama\u00e7\u00e3o da Rep\u00fablica que aparecem em charges do peri\u00f3dico <em>A Ventarola, <\/em>jornal liter\u00e1rio de finais do s\u00e9culo XIX em Pelotas.<\/p>\n<p>Por fim, tr\u00eas artigos se concentram na an\u00e1lise de uma Pelotas que apresenta in\u00fameras defici\u00eancias, podendo ser vista como extremamente contradit\u00f3ria. Ao lado de espa\u00e7os de riqueza e opul\u00eancia, proporcionados ainda pela produ\u00e7\u00e3o do charque, existia uma enorme popula\u00e7\u00e3o marginalizada. Lorena Almeida Gill analisa esta dualidade a partir das hist\u00f3rias de vida de Francisco Lobo da Costa, um poeta e Salvador Duarte, um jornaleiro; Rosa Rolim de Moura concentra o seu olhar na expans\u00e3o urbana e na constru\u00e7\u00e3o das chamadas vilas prolet\u00e1rias pelotenses; j\u00e1 C\u00edntia Vieira Essinger avan\u00e7a no tempo e observa alguns aspectos da vida de trabalhadoras de f\u00e1bricas de tecidos, nas d\u00e9cadas de 1940 e 1950, numa vis\u00e3o ampla, que transcende as limita\u00e7\u00f5es decorrentes ao g\u00eanero no quotidiano da f\u00e1brica, discutindo seus locais de moradia e a espacializa\u00e7\u00e3o dessas casas dentro da cidade.<\/p>\n<p>O segundo dossi\u00ea ganhou o nome de \u201cAs dif\u00edceis artes do bem viver\u201d, porque tem como unidade a trajet\u00f3ria de setores ou indiv\u00edduos das classes oprimidas, em v\u00e1rias situa\u00e7\u00f5es e momentos, e as formas pelas quais eles tentaram resolver seus problemas, com ou sem sucesso.<\/p>\n<p>Caiu\u00e1 Cardoso Al-Alam discute a organiza\u00e7\u00e3o da for\u00e7a policial na cidade de Pelotas, como uma institui\u00e7\u00e3o que servia para impor o controle sobre os escravos e os populares, mas centrando seu olhar sobre os conflitos internos entre os pr\u00f3prios membros da for\u00e7a policial, a\u00a0 institui\u00e7\u00e3o e seus superiores.<\/p>\n<p>Jovani de Souza Scherer prop\u00f5e-se a discutir dois tipos de experi\u00eancias vivenciadas pelos escravos durante a Guerra dos Farrapos: a fuga e a liberta\u00e7\u00e3o, atrav\u00e9s das cartas de alforria, evidenciando que, no segundo caso, a maioria das alforriadas eram mulheres.<\/p>\n<p>Rodrigo de Souza Weimer analisa um caso criminal envolvendo uma contratada e sua ex-senhora em S\u00e3o Francisco de Paula, e, pela pr\u00f3pria constru\u00e7\u00e3o do texto, elabora as v\u00e1rias leituras propiciadas pelo escabroso processo, enquanto o historiador se aprofunda no desvelamento das causas do crime e da trajet\u00f3ria da criminosa.<\/p>\n<p>Fechando o dossi\u00ea, Carla Gabriela Cavini Bontempo, aborda a situa\u00e7\u00e3o desalentadora em que foram jogados os imigrantes\u00a0 trazidos especialmente para Pelotas nos \u00faltimos anos da d\u00e9cada de 1880, per\u00edodo final\u00a0 do imp\u00e9rio e in\u00edcio da Rep\u00fablica.<\/p>\n<p>Na se\u00e7\u00e3o \u201cInstrumentos de trabalho\u201d o professor Paulo Ricardo Pezat apresenta uma listagem das publica\u00e7\u00f5es da Igreja Positivista do Brasil pertencentes ao acervo do N\u00facleo de Documenta\u00e7\u00e3o Hist\u00f3rica da UFPel e dispon\u00edveis para consulta. Tais documentos s\u00e3o bastante raros e importantes para aqueles pesquisadores que se dedicam \u00e0 tem\u00e1tica.<\/p>\n<p>Este n\u00famero encerra com a publica\u00e7\u00e3o de duas resenhas: uma de um professor do Mestrado em Ci\u00eancias Sociais, William H\u00e9ctor G\u00f3mez Soto, que analisa a obra \u201cFreaknomics \u2013 o lado oculto e inesperado de tudo que nos afeta\u201d e a outra, de uma mestranda do mesmo curso, Mar\u00edlia Fl\u00f4or Kosby, que reflete\u00a0 sobre o livro \u201cNo territ\u00f3rio da linha cruzada: a cosmopol\u00edtica afro-brasileira\u201d.<\/p>\n<p>Desejamos a todos uma \u00f3tima leitura.<\/p>\n<p>Lorena Almeida Gill<\/p>\n<p style=\"text-align: center\">| <a href=\"https:\/\/wp.ufpel.edu.br\/ndh\/hr-numeros-1213\/\">voltar <\/a>|<\/p>\n","protected":false},"excerpt":{"rendered":"<p>Este exemplar de \u201cHist\u00f3ria em revista\u201d traz, pela primeira vez, dois n\u00fameros reunidos na mesma edi\u00e7\u00e3o, resultado da coincid\u00eancia de alguns problemas, tanto de edi\u00e7\u00e3o, quanto da infra-estrutura necess\u00e1ria, especialmente nestes \u00faltimos dois anos, causados, em parte, pelos transtornos de uma greve de docentes e t\u00e9cnico-administrativos, e seu conseq\u00fcente reflexo na vida acad\u00eamica e administrativa [&hellip;]<\/p>\n","protected":false},"author":718,"featured_media":0,"parent":0,"menu_order":0,"comment_status":"closed","ping_status":"closed","template":"","meta":{"jetpack_post_was_ever_published":false,"footnotes":""},"class_list":["post-740","page","type-page","status-publish","hentry"],"jetpack_sharing_enabled":true,"jetpack_shortlink":"https:\/\/wp.me\/P9qy4R-bW","jetpack_likes_enabled":true,"jetpack-related-posts":[],"_links":{"self":[{"href":"https:\/\/wp.ufpel.edu.br\/ndh\/wp-json\/wp\/v2\/pages\/740","targetHints":{"allow":["GET"]}}],"collection":[{"href":"https:\/\/wp.ufpel.edu.br\/ndh\/wp-json\/wp\/v2\/pages"}],"about":[{"href":"https:\/\/wp.ufpel.edu.br\/ndh\/wp-json\/wp\/v2\/types\/page"}],"author":[{"embeddable":true,"href":"https:\/\/wp.ufpel.edu.br\/ndh\/wp-json\/wp\/v2\/users\/718"}],"replies":[{"embeddable":true,"href":"https:\/\/wp.ufpel.edu.br\/ndh\/wp-json\/wp\/v2\/comments?post=740"}],"version-history":[{"count":1,"href":"https:\/\/wp.ufpel.edu.br\/ndh\/wp-json\/wp\/v2\/pages\/740\/revisions"}],"predecessor-version":[{"id":742,"href":"https:\/\/wp.ufpel.edu.br\/ndh\/wp-json\/wp\/v2\/pages\/740\/revisions\/742"}],"wp:attachment":[{"href":"https:\/\/wp.ufpel.edu.br\/ndh\/wp-json\/wp\/v2\/media?parent=740"}],"curies":[{"name":"wp","href":"https:\/\/api.w.org\/{rel}","templated":true}]}}