{"id":4497,"date":"2025-01-22T09:31:58","date_gmt":"2025-01-22T12:31:58","guid":{"rendered":"https:\/\/wp.ufpel.edu.br\/ndh\/?page_id=4497"},"modified":"2025-01-22T09:31:58","modified_gmt":"2025-01-22T12:31:58","slug":"hr-29-2-ago-2024","status":"publish","type":"page","link":"https:\/\/wp.ufpel.edu.br\/ndh\/hr-29-2-ago-2024\/","title":{"rendered":"HR (29\/2 &#8211; Ago. 2024)"},"content":{"rendered":"<p><img data-recalc-dims=\"1\" loading=\"lazy\" decoding=\"async\" data-attachment-id=\"4499\" data-permalink=\"https:\/\/wp.ufpel.edu.br\/ndh\/hr-29-2-ago-2024\/folha-de-rosto-7\/#main\" data-orig-file=\"https:\/\/i0.wp.com\/wp.ufpel.edu.br\/ndh\/files\/2025\/01\/folha-de-rosto.png?fit=2408%2C3004&amp;ssl=1\" data-orig-size=\"2408,3004\" data-comments-opened=\"0\" data-image-meta=\"{&quot;aperture&quot;:&quot;0&quot;,&quot;credit&quot;:&quot;&quot;,&quot;camera&quot;:&quot;&quot;,&quot;caption&quot;:&quot;&quot;,&quot;created_timestamp&quot;:&quot;0&quot;,&quot;copyright&quot;:&quot;&quot;,&quot;focal_length&quot;:&quot;0&quot;,&quot;iso&quot;:&quot;0&quot;,&quot;shutter_speed&quot;:&quot;0&quot;,&quot;title&quot;:&quot;&quot;,&quot;orientation&quot;:&quot;0&quot;}\" data-image-title=\"folha de rosto\" data-image-description=\"\" data-image-caption=\"\" data-medium-file=\"https:\/\/i0.wp.com\/wp.ufpel.edu.br\/ndh\/files\/2025\/01\/folha-de-rosto.png?fit=255%2C318&amp;ssl=1\" data-large-file=\"https:\/\/i0.wp.com\/wp.ufpel.edu.br\/ndh\/files\/2025\/01\/folha-de-rosto.png?fit=660%2C148&amp;ssl=1\" class=\"size-medium wp-image-4499 alignleft\" src=\"https:\/\/i0.wp.com\/wp.ufpel.edu.br\/ndh\/files\/2025\/01\/folha-de-rosto.png?resize=255%2C318&#038;ssl=1\" alt=\"\" width=\"255\" height=\"318\" srcset=\"https:\/\/i0.wp.com\/wp.ufpel.edu.br\/ndh\/files\/2025\/01\/folha-de-rosto.png?resize=255%2C318&amp;ssl=1 255w, https:\/\/i0.wp.com\/wp.ufpel.edu.br\/ndh\/files\/2025\/01\/folha-de-rosto.png?resize=127%2C159&amp;ssl=1 127w, https:\/\/i0.wp.com\/wp.ufpel.edu.br\/ndh\/files\/2025\/01\/folha-de-rosto.png?resize=768%2C958&amp;ssl=1 768w, https:\/\/i0.wp.com\/wp.ufpel.edu.br\/ndh\/files\/2025\/01\/folha-de-rosto.png?resize=1231%2C1536&amp;ssl=1 1231w, https:\/\/i0.wp.com\/wp.ufpel.edu.br\/ndh\/files\/2025\/01\/folha-de-rosto.png?resize=1642%2C2048&amp;ssl=1 1642w, https:\/\/i0.wp.com\/wp.ufpel.edu.br\/ndh\/files\/2025\/01\/folha-de-rosto.png?resize=619%2C772&amp;ssl=1 619w, https:\/\/i0.wp.com\/wp.ufpel.edu.br\/ndh\/files\/2025\/01\/folha-de-rosto.png?w=1320&amp;ssl=1 1320w, https:\/\/i0.wp.com\/wp.ufpel.edu.br\/ndh\/files\/2025\/01\/folha-de-rosto.png?w=1980&amp;ssl=1 1980w\" sizes=\"auto, (max-width: 255px) 100vw, 255px\" \/>O patrim\u00f4nio cultural da sa\u00fade e da assist\u00eancia consiste no conjunto de objetos e edif\u00edcios, assim como pr\u00e1ticas imateriais, que se desenvolveram no contexto da assist\u00eancia e cuidado de sa\u00fade prestados a diferentes indiv\u00edduos. \u00c9 uma tipologia patrimonial que tem recebido uma import\u00e2ncia crescente relacionada com iniciativas individuais \u2013 de historiadores, arquivistas, arquitetos, m\u00e9dicos, entre outros \u2013, \u00a0e de redes de investiga\u00e7\u00e3o nacionais e internacionais. O objetivo deste dossi\u00ea \u00e9 oportunizar a divulga\u00e7\u00e3o de investiga\u00e7\u00f5es que refletem sobre o campo disciplinar da hist\u00f3ria do patrim\u00f4nio cultural da sa\u00fade e da assist\u00eancia em n\u00edvel nacional e internacional. As propostas de artigos devem articular-se com temas relevantes para o \u00e2mbito cient\u00edfico do patrim\u00f4nio cultural da sa\u00fade e da assist\u00eancia, recorrendo \u00e0 documenta\u00e7\u00e3o dispon\u00edvel em acervos arquiv\u00edsticos, bibliogr\u00e1ficos, museol\u00f3gicos, iconogr\u00e1ficos e sonoros, bem como ao patrim\u00f4nio arquitet\u00f4nico, observando os dom\u00ednios da reflex\u00e3o te\u00f3rica, metodol\u00f3gica e historiogr\u00e1fica, e contemplando qualquer contexto geogr\u00e1fico ou cronol\u00f3gico.<\/p>\n<p>&nbsp;<\/p>\n<p>Profa. Dra. Eliane Cristina Deckmann Fleck |\u00a0Profa. Dra. Joana Balsa De Pinho [organizadoras do dossi\u00ea]<\/p>\n<p><a href=\"https:\/\/periodicos.ufpel.edu.br\/index.php\/HistRev\/issue\/view\/1281\" target=\"_blank\" rel=\"noopener\"><strong>Acesse os artigos aqui!<\/strong><\/a><\/p>\n","protected":false},"excerpt":{"rendered":"<p>O patrim\u00f4nio cultural da sa\u00fade e da assist\u00eancia consiste no conjunto de objetos e edif\u00edcios, assim como pr\u00e1ticas imateriais, que se desenvolveram no contexto da assist\u00eancia e cuidado de sa\u00fade prestados a diferentes indiv\u00edduos. \u00c9 uma tipologia patrimonial que tem recebido uma import\u00e2ncia crescente relacionada com iniciativas individuais \u2013 de historiadores, arquivistas, arquitetos, m\u00e9dicos, entre [&hellip;]<\/p>\n","protected":false},"author":718,"featured_media":0,"parent":0,"menu_order":0,"comment_status":"closed","ping_status":"closed","template":"","meta":{"jetpack_post_was_ever_published":false,"footnotes":""},"class_list":["post-4497","page","type-page","status-publish","hentry"],"jetpack_sharing_enabled":true,"jetpack_shortlink":"https:\/\/wp.me\/P9qy4R-1ax","jetpack_likes_enabled":true,"jetpack-related-posts":[],"_links":{"self":[{"href":"https:\/\/wp.ufpel.edu.br\/ndh\/wp-json\/wp\/v2\/pages\/4497","targetHints":{"allow":["GET"]}}],"collection":[{"href":"https:\/\/wp.ufpel.edu.br\/ndh\/wp-json\/wp\/v2\/pages"}],"about":[{"href":"https:\/\/wp.ufpel.edu.br\/ndh\/wp-json\/wp\/v2\/types\/page"}],"author":[{"embeddable":true,"href":"https:\/\/wp.ufpel.edu.br\/ndh\/wp-json\/wp\/v2\/users\/718"}],"replies":[{"embeddable":true,"href":"https:\/\/wp.ufpel.edu.br\/ndh\/wp-json\/wp\/v2\/comments?post=4497"}],"version-history":[{"count":1,"href":"https:\/\/wp.ufpel.edu.br\/ndh\/wp-json\/wp\/v2\/pages\/4497\/revisions"}],"predecessor-version":[{"id":4500,"href":"https:\/\/wp.ufpel.edu.br\/ndh\/wp-json\/wp\/v2\/pages\/4497\/revisions\/4500"}],"wp:attachment":[{"href":"https:\/\/wp.ufpel.edu.br\/ndh\/wp-json\/wp\/v2\/media?parent=4497"}],"curies":[{"name":"wp","href":"https:\/\/api.w.org\/{rel}","templated":true}]}}