{"id":4119,"date":"2023-08-31T15:24:46","date_gmt":"2023-08-31T18:24:46","guid":{"rendered":"https:\/\/wp.ufpel.edu.br\/ndh\/?page_id=4119"},"modified":"2023-08-31T16:00:35","modified_gmt":"2023-08-31T19:00:35","slug":"documentos-avulsos","status":"publish","type":"page","link":"https:\/\/wp.ufpel.edu.br\/ndh\/documentos-avulsos\/","title":{"rendered":"Documentos Avulsos"},"content":{"rendered":"<p style=\"text-align: justify;\"><img data-recalc-dims=\"1\" loading=\"lazy\" decoding=\"async\" data-attachment-id=\"3992\" data-permalink=\"https:\/\/wp.ufpel.edu.br\/ndh\/2023\/04\/13\/aeroclube-de-pelotas\/cabecalho-2\/#main\" data-orig-file=\"https:\/\/i0.wp.com\/wp.ufpel.edu.br\/ndh\/files\/2023\/04\/cabecalho.png?fit=1069%2C240&amp;ssl=1\" data-orig-size=\"1069,240\" data-comments-opened=\"0\" data-image-meta=\"{&quot;aperture&quot;:&quot;0&quot;,&quot;credit&quot;:&quot;&quot;,&quot;camera&quot;:&quot;&quot;,&quot;caption&quot;:&quot;&quot;,&quot;created_timestamp&quot;:&quot;0&quot;,&quot;copyright&quot;:&quot;&quot;,&quot;focal_length&quot;:&quot;0&quot;,&quot;iso&quot;:&quot;0&quot;,&quot;shutter_speed&quot;:&quot;0&quot;,&quot;title&quot;:&quot;&quot;,&quot;orientation&quot;:&quot;0&quot;}\" data-image-title=\"cabe\u00e7alho\" data-image-description=\"\" data-image-caption=\"\" data-medium-file=\"https:\/\/i0.wp.com\/wp.ufpel.edu.br\/ndh\/files\/2023\/04\/cabecalho.png?fit=424%2C95&amp;ssl=1\" data-large-file=\"https:\/\/i0.wp.com\/wp.ufpel.edu.br\/ndh\/files\/2023\/04\/cabecalho.png?fit=660%2C148&amp;ssl=1\" class=\"size-medium wp-image-3992 alignleft\" src=\"https:\/\/i0.wp.com\/wp.ufpel.edu.br\/ndh\/files\/2023\/04\/cabecalho.png?resize=424%2C95&#038;ssl=1\" alt=\"\" width=\"424\" height=\"95\" srcset=\"https:\/\/i0.wp.com\/wp.ufpel.edu.br\/ndh\/files\/2023\/04\/cabecalho.png?resize=424%2C95&amp;ssl=1 424w, https:\/\/i0.wp.com\/wp.ufpel.edu.br\/ndh\/files\/2023\/04\/cabecalho.png?resize=984%2C220&amp;ssl=1 984w, https:\/\/i0.wp.com\/wp.ufpel.edu.br\/ndh\/files\/2023\/04\/cabecalho.png?resize=212%2C48&amp;ssl=1 212w, https:\/\/i0.wp.com\/wp.ufpel.edu.br\/ndh\/files\/2023\/04\/cabecalho.png?resize=768%2C172&amp;ssl=1 768w, https:\/\/i0.wp.com\/wp.ufpel.edu.br\/ndh\/files\/2023\/04\/cabecalho.png?resize=619%2C139&amp;ssl=1 619w, https:\/\/i0.wp.com\/wp.ufpel.edu.br\/ndh\/files\/2023\/04\/cabecalho.png?w=1069&amp;ssl=1 1069w\" sizes=\"auto, (max-width: 424px) 100vw, 424px\" \/>Uma das possibilidades que o acervo da Justi\u00e7a do Trabalho de Pelotas nos oferece \u00e9 a chance de encontrar nos autos dos processos documentos hist\u00f3ricos que, de outra forma, ou est\u00e3o desaparecidos ou s\u00e3o de dif\u00edcil localiza\u00e7\u00e3o (principalmente em se pensando no acesso p\u00fablico e r\u00e1pido a eles).<\/p>\n<p style=\"text-align: justify;\"><img data-recalc-dims=\"1\" loading=\"lazy\" decoding=\"async\" data-attachment-id=\"3679\" data-permalink=\"https:\/\/wp.ufpel.edu.br\/ndh\/sociedade-italiana\/2-3\/#main\" data-orig-file=\"https:\/\/i0.wp.com\/wp.ufpel.edu.br\/ndh\/files\/2022\/05\/2.jpg?fit=793%2C1106&amp;ssl=1\" data-orig-size=\"793,1106\" data-comments-opened=\"0\" data-image-meta=\"{&quot;aperture&quot;:&quot;0&quot;,&quot;credit&quot;:&quot;&quot;,&quot;camera&quot;:&quot;&quot;,&quot;caption&quot;:&quot;&quot;,&quot;created_timestamp&quot;:&quot;1651618380&quot;,&quot;copyright&quot;:&quot;&quot;,&quot;focal_length&quot;:&quot;0&quot;,&quot;iso&quot;:&quot;0&quot;,&quot;shutter_speed&quot;:&quot;0&quot;,&quot;title&quot;:&quot;&quot;,&quot;orientation&quot;:&quot;1&quot;}\" data-image-title=\"2\" data-image-description=\"\" data-image-caption=\"\" data-medium-file=\"https:\/\/i0.wp.com\/wp.ufpel.edu.br\/ndh\/files\/2022\/05\/2.jpg?fit=228%2C318&amp;ssl=1\" data-large-file=\"https:\/\/i0.wp.com\/wp.ufpel.edu.br\/ndh\/files\/2022\/05\/2.jpg?fit=660%2C183&amp;ssl=1\" class=\"wp-image-3679 size-thumbnail alignright\" src=\"https:\/\/i0.wp.com\/wp.ufpel.edu.br\/ndh\/files\/2022\/05\/2.jpg?resize=114%2C159&#038;ssl=1\" alt=\"\" width=\"114\" height=\"159\" srcset=\"https:\/\/i0.wp.com\/wp.ufpel.edu.br\/ndh\/files\/2022\/05\/2.jpg?resize=114%2C159&amp;ssl=1 114w, https:\/\/i0.wp.com\/wp.ufpel.edu.br\/ndh\/files\/2022\/05\/2.jpg?resize=228%2C318&amp;ssl=1 228w, https:\/\/i0.wp.com\/wp.ufpel.edu.br\/ndh\/files\/2022\/05\/2.jpg?resize=768%2C1071&amp;ssl=1 768w, https:\/\/i0.wp.com\/wp.ufpel.edu.br\/ndh\/files\/2022\/05\/2.jpg?resize=619%2C863&amp;ssl=1 619w, https:\/\/i0.wp.com\/wp.ufpel.edu.br\/ndh\/files\/2022\/05\/2.jpg?w=793&amp;ssl=1 793w\" sizes=\"auto, (max-width: 114px) 100vw, 114px\" \/>Em dados processos, a fim de subsidiar as discuss\u00f5es e decis\u00f5es, s\u00e3o inclu\u00eddos estatutos, regimentos, regulamentos etc. Assim, para al\u00e9m do valor hist\u00f3rico dos autos, encontramos documentos que podem auxiliar em pesquisas que n\u00e3o necessariamente vers\u00e3o sobre a hist\u00f3ria do trabalho.<\/p>\n<p style=\"text-align: justify;\">Nesse espa\u00e7o estar\u00e3o dispon\u00edveis tais &#8220;achados&#8221;, de forma digital, com acesso p\u00fablico e gratuito.<\/p>\n<p><img data-recalc-dims=\"1\" loading=\"lazy\" decoding=\"async\" data-attachment-id=\"4124\" data-permalink=\"https:\/\/wp.ufpel.edu.br\/ndh\/documentos-avulsos\/guarda-noturna\/#main\" data-orig-file=\"https:\/\/i0.wp.com\/wp.ufpel.edu.br\/ndh\/files\/2023\/08\/guarda-noturna.png?fit=428%2C706&amp;ssl=1\" data-orig-size=\"428,706\" data-comments-opened=\"0\" data-image-meta=\"{&quot;aperture&quot;:&quot;0&quot;,&quot;credit&quot;:&quot;&quot;,&quot;camera&quot;:&quot;&quot;,&quot;caption&quot;:&quot;&quot;,&quot;created_timestamp&quot;:&quot;0&quot;,&quot;copyright&quot;:&quot;&quot;,&quot;focal_length&quot;:&quot;0&quot;,&quot;iso&quot;:&quot;0&quot;,&quot;shutter_speed&quot;:&quot;0&quot;,&quot;title&quot;:&quot;&quot;,&quot;orientation&quot;:&quot;0&quot;}\" data-image-title=\"guarda noturna\" data-image-description=\"\" data-image-caption=\"\" data-medium-file=\"https:\/\/i0.wp.com\/wp.ufpel.edu.br\/ndh\/files\/2023\/08\/guarda-noturna.png?fit=193%2C318&amp;ssl=1\" data-large-file=\"https:\/\/i0.wp.com\/wp.ufpel.edu.br\/ndh\/files\/2023\/08\/guarda-noturna.png?fit=428%2C220&amp;ssl=1\" class=\"wp-image-4124 size-thumbnail alignleft\" src=\"https:\/\/i0.wp.com\/wp.ufpel.edu.br\/ndh\/files\/2023\/08\/guarda-noturna.png?resize=96%2C159&#038;ssl=1\" alt=\"\" width=\"96\" height=\"159\" srcset=\"https:\/\/i0.wp.com\/wp.ufpel.edu.br\/ndh\/files\/2023\/08\/guarda-noturna.png?resize=96%2C159&amp;ssl=1 96w, https:\/\/i0.wp.com\/wp.ufpel.edu.br\/ndh\/files\/2023\/08\/guarda-noturna.png?resize=193%2C318&amp;ssl=1 193w, https:\/\/i0.wp.com\/wp.ufpel.edu.br\/ndh\/files\/2023\/08\/guarda-noturna.png?w=428&amp;ssl=1 428w\" sizes=\"auto, (max-width: 96px) 100vw, 96px\" \/>O site estar\u00e1 em constante atualiza\u00e7\u00e3o, confira!<\/p>\n<p><a href=\"https:\/\/wp.ufpel.edu.br\/acervosdocumentaisndh\/aeroclube-de-pelotas\/\" target=\"_blank\" rel=\"noopener\"><strong>Aeroclube de Pelotas<\/strong><\/a><\/p>\n<p><strong><a href=\"https:\/\/wp.ufpel.edu.br\/acervosdocumentaisndh\/files\/2023\/08\/Estatutos.pdf\" target=\"_blank\" rel=\"noopener\">Estatutos da Companhia Nacional de \u00d3leo de Linha\u00e7a<\/a><\/strong><\/p>\n<p><strong><a href=\"https:\/\/wp.ufpel.edu.br\/acervosdocumentaisndh\/files\/2023\/08\/Regulamento-da-Guarda-Noturna-de-Pelotas.pdf\" target=\"_blank\" rel=\"noopener\">Regulamento da Guarda Noturna de Pelotas<\/a><\/strong><\/p>\n<p>&nbsp;<\/p>\n","protected":false},"excerpt":{"rendered":"<p>Uma das possibilidades que o acervo da Justi\u00e7a do Trabalho de Pelotas nos oferece \u00e9 a chance de encontrar nos autos dos processos documentos hist\u00f3ricos que, de outra forma, ou est\u00e3o desaparecidos ou s\u00e3o de dif\u00edcil localiza\u00e7\u00e3o (principalmente em se pensando no acesso p\u00fablico e r\u00e1pido a eles). Em dados processos, a fim de subsidiar [&hellip;]<\/p>\n","protected":false},"author":718,"featured_media":0,"parent":0,"menu_order":0,"comment_status":"closed","ping_status":"closed","template":"","meta":{"jetpack_post_was_ever_published":false,"footnotes":""},"class_list":["post-4119","page","type-page","status-publish","hentry"],"jetpack_sharing_enabled":true,"jetpack_shortlink":"https:\/\/wp.me\/P9qy4R-14r","jetpack_likes_enabled":true,"jetpack-related-posts":[],"_links":{"self":[{"href":"https:\/\/wp.ufpel.edu.br\/ndh\/wp-json\/wp\/v2\/pages\/4119","targetHints":{"allow":["GET"]}}],"collection":[{"href":"https:\/\/wp.ufpel.edu.br\/ndh\/wp-json\/wp\/v2\/pages"}],"about":[{"href":"https:\/\/wp.ufpel.edu.br\/ndh\/wp-json\/wp\/v2\/types\/page"}],"author":[{"embeddable":true,"href":"https:\/\/wp.ufpel.edu.br\/ndh\/wp-json\/wp\/v2\/users\/718"}],"replies":[{"embeddable":true,"href":"https:\/\/wp.ufpel.edu.br\/ndh\/wp-json\/wp\/v2\/comments?post=4119"}],"version-history":[{"count":9,"href":"https:\/\/wp.ufpel.edu.br\/ndh\/wp-json\/wp\/v2\/pages\/4119\/revisions"}],"predecessor-version":[{"id":4136,"href":"https:\/\/wp.ufpel.edu.br\/ndh\/wp-json\/wp\/v2\/pages\/4119\/revisions\/4136"}],"wp:attachment":[{"href":"https:\/\/wp.ufpel.edu.br\/ndh\/wp-json\/wp\/v2\/media?parent=4119"}],"curies":[{"name":"wp","href":"https:\/\/api.w.org\/{rel}","templated":true}]}}