{"id":4045,"date":"2023-07-30T11:43:52","date_gmt":"2023-07-30T14:43:52","guid":{"rendered":"https:\/\/wp.ufpel.edu.br\/ndh\/?page_id=4045"},"modified":"2024-02-06T14:12:36","modified_gmt":"2024-02-06T17:12:36","slug":"hr-28-2-jul-2023","status":"publish","type":"page","link":"https:\/\/wp.ufpel.edu.br\/ndh\/hr-28-2-jul-2023\/","title":{"rendered":"HR (28\/2 &#8211; Jul. 2023)"},"content":{"rendered":"<p style=\"text-align: justify;\">Dossi\u00ea: <span style=\"font-size: 14pt;\"><strong>Educa\u00e7\u00e3o e Hist\u00f3ria: pensar a educa\u00e7\u00e3o a partir de uma perspectiva hist\u00f3rica<\/strong><\/span><\/p>\n<p style=\"text-align: justify;\"><strong><img data-recalc-dims=\"1\" loading=\"lazy\" decoding=\"async\" data-attachment-id=\"4063\" data-permalink=\"https:\/\/wp.ufpel.edu.br\/ndh\/hr-28-2-jul-2023\/folha-de-rosto-5\/#main\" data-orig-file=\"https:\/\/i0.wp.com\/wp.ufpel.edu.br\/ndh\/files\/2023\/07\/folha-de-rosto.png?fit=2408%2C3004&amp;ssl=1\" data-orig-size=\"2408,3004\" data-comments-opened=\"0\" data-image-meta=\"{&quot;aperture&quot;:&quot;0&quot;,&quot;credit&quot;:&quot;&quot;,&quot;camera&quot;:&quot;&quot;,&quot;caption&quot;:&quot;&quot;,&quot;created_timestamp&quot;:&quot;0&quot;,&quot;copyright&quot;:&quot;&quot;,&quot;focal_length&quot;:&quot;0&quot;,&quot;iso&quot;:&quot;0&quot;,&quot;shutter_speed&quot;:&quot;0&quot;,&quot;title&quot;:&quot;&quot;,&quot;orientation&quot;:&quot;0&quot;}\" data-image-title=\"folha de rosto\" data-image-description=\"\" data-image-caption=\"\" data-medium-file=\"https:\/\/i0.wp.com\/wp.ufpel.edu.br\/ndh\/files\/2023\/07\/folha-de-rosto.png?fit=255%2C318&amp;ssl=1\" data-large-file=\"https:\/\/i0.wp.com\/wp.ufpel.edu.br\/ndh\/files\/2023\/07\/folha-de-rosto.png?fit=660%2C148&amp;ssl=1\" class=\"size-medium wp-image-4063 alignleft\" src=\"https:\/\/i0.wp.com\/wp.ufpel.edu.br\/ndh\/files\/2023\/07\/folha-de-rosto.png?resize=255%2C318&#038;ssl=1\" alt=\"\" width=\"255\" height=\"318\" srcset=\"https:\/\/i0.wp.com\/wp.ufpel.edu.br\/ndh\/files\/2023\/07\/folha-de-rosto.png?resize=255%2C318&amp;ssl=1 255w, https:\/\/i0.wp.com\/wp.ufpel.edu.br\/ndh\/files\/2023\/07\/folha-de-rosto.png?resize=127%2C159&amp;ssl=1 127w, https:\/\/i0.wp.com\/wp.ufpel.edu.br\/ndh\/files\/2023\/07\/folha-de-rosto.png?resize=768%2C958&amp;ssl=1 768w, https:\/\/i0.wp.com\/wp.ufpel.edu.br\/ndh\/files\/2023\/07\/folha-de-rosto.png?resize=1231%2C1536&amp;ssl=1 1231w, https:\/\/i0.wp.com\/wp.ufpel.edu.br\/ndh\/files\/2023\/07\/folha-de-rosto.png?resize=1642%2C2048&amp;ssl=1 1642w, https:\/\/i0.wp.com\/wp.ufpel.edu.br\/ndh\/files\/2023\/07\/folha-de-rosto.png?resize=619%2C772&amp;ssl=1 619w, https:\/\/i0.wp.com\/wp.ufpel.edu.br\/ndh\/files\/2023\/07\/folha-de-rosto.png?w=1320&amp;ssl=1 1320w, https:\/\/i0.wp.com\/wp.ufpel.edu.br\/ndh\/files\/2023\/07\/folha-de-rosto.png?w=1980&amp;ssl=1 1980w\" sizes=\"auto, (max-width: 255px) 100vw, 255px\" \/>Apresenta\u00e7\u00e3o<\/strong><br \/>\nPresentation<br \/>\n<em>Magda de Abreu Vicente | Caroline Braga Michel<br \/>\n<strong><a href=\"https:\/\/periodicos.ufpel.edu.br\/index.php\/HistRev\/article\/view\/25776\" target=\"_blank\" rel=\"noopener\">Link 1<\/a> <\/strong>| <\/em><em><a href=\"https:\/\/wp.ufpel.edu.br\/ndh\/files\/2023\/07\/HR-28.2-v.0-JUN.-23.pdf\" target=\"_blank\" rel=\"noopener\"><strong>Link 2<\/strong><\/a>\u00a0<\/em><\/p>\n<p style=\"text-align: justify;\"><strong>Doc\u00eancia feminina no s\u00e9culo XIX: entre cr\u00edticas, den\u00fancias, pol\u00eamicas e repres\u00e1lias<br \/>\n<\/strong>Female teaching in the 19th century: criticism, complaints, polemics and reprisals<br \/>\n<em>Eliane Peres<br \/>\n<a href=\"https:\/\/periodicos.ufpel.edu.br\/index.php\/HistRev\/article\/view\/25761\" target=\"_blank\" rel=\"noopener\"><strong>Link 1<\/strong><\/a> | <strong><a href=\"https:\/\/wp.ufpel.edu.br\/ndh\/files\/2023\/07\/1.-Peres.pdf\" target=\"_blank\" rel=\"noopener\">Link 2<\/a><\/strong><\/em><\/p>\n<p style=\"text-align: justify;\"><strong>A presen\u00e7a das mulheres na educa\u00e7\u00e3o profissional agr\u00edcola na cidade de Pelotas: Um relato de pesquisa<\/strong><br \/>\nThe women presence in agricultural professional education at Pelotas city: A search report<br \/>\n<em>Fab\u00edola Mattos Pereira | Angelita Soares Ribeiro<br \/>\n<a href=\"https:\/\/periodicos.ufpel.edu.br\/index.php\/HistRev\/article\/view\/25762\" target=\"_blank\" rel=\"noopener\"><strong>Link 1<\/strong><\/a> | <a href=\"https:\/\/wp.ufpel.edu.br\/ndh\/files\/2023\/07\/2.-Pereira-e-Ribeiro.pdf\" target=\"_blank\" rel=\"noopener\"><strong>Link 2<\/strong><\/a><\/em><\/p>\n<p style=\"text-align: justify;\"><strong>O ir e vir da legisla\u00e7\u00e3o educacional brasileira no curso da hist\u00f3ria da forma\u00e7\u00e3o de professores da educa\u00e7\u00e3o profissional e tecnol\u00f3gica<\/strong><br \/>\nThe coming and going of brazilian educational legislation in the course of the history of teacher training of professional and technological education<br \/>\n<em>Elisane Ortiz de Tunes | Cristhianny Bento Barreiro<br \/>\n<a href=\"https:\/\/periodicos.ufpel.edu.br\/index.php\/HistRev\/article\/view\/25763\" target=\"_blank\" rel=\"noopener\"><strong>Link 1<\/strong> <\/a>| <a href=\"https:\/\/wp.ufpel.edu.br\/ndh\/files\/2023\/07\/3.-Tunes-e-Barreiro.pdf\" target=\"_blank\" rel=\"noopener\"><strong>Link 2<\/strong><\/a><br \/>\n<\/em><\/p>\n<p style=\"text-align: justify;\"><strong>Ba\u00fa de guardados: o acervo documental da professora de arte Maria Francisca Moreira (1960-2002)<\/strong><br \/>\nKept in a trunk: the documental collection of art teacher Maria Francisca Moreira (1960-2002)<br \/>\nCofre de guardi\u00e3: la colecci\u00f3n documental de la maestra de arte Maria Francisca Moreira (1960-2002)<br \/>\n<em>Jailson Valentim dos Santos<br \/>\n<a href=\"https:\/\/periodicos.ufpel.edu.br\/index.php\/HistRev\/article\/view\/25765\" target=\"_blank\" rel=\"noopener\"><strong>Link 1<\/strong><\/a> | <a href=\"https:\/\/wp.ufpel.edu.br\/ndh\/files\/2023\/07\/4.-Santos.pdf\" target=\"_blank\" rel=\"noopener\"><strong>Link 2<\/strong><\/a><br \/>\n<\/em><\/p>\n<p style=\"text-align: justify;\"><strong>Implementa\u00e7\u00e3o do est\u00e1gio nas escolas reais: contribui\u00e7\u00e3o para a hist\u00f3ria de um desafio estrutural das pol\u00edticas de forma\u00e7\u00e3o de professores<\/strong><br \/>\nInternship implementation in real schools: a contribution to the history of a structural challenge of teacher training policies<br \/>\n<em>Valdeniza Maria Lopes da Barra<br \/>\n<\/em><em><a href=\"https:\/\/periodicos.ufpel.edu.br\/index.php\/HistRev\/article\/view\/25766\" target=\"_blank\" rel=\"noopener\"><strong>Link 1<\/strong><\/a> | <a href=\"https:\/\/wp.ufpel.edu.br\/ndh\/files\/2023\/07\/5.-Barra.pdf\" target=\"_blank\" rel=\"noopener\"><strong>Link 2<\/strong><\/a><\/em><\/p>\n<p style=\"text-align: justify;\"><strong>Assist\u00eancia \u00e0 inf\u00e2ncia na Prov\u00edncia do Maranh\u00e3o: a Irmandade da Santa Casa de Miseric\u00f3rdia (1850-1880)<\/strong><br \/>\nChildcare in Maranh\u00e3o Province: the Brotherhood of Santa Casa de Miseric\u00f3rdia (1850-1880)<br \/>\n<em>Rosyane de Moraes Martins Dutra<br \/>\n<\/em><em><a href=\"https:\/\/periodicos.ufpel.edu.br\/index.php\/HistRev\/article\/view\/25767\" target=\"_blank\" rel=\"noopener\"><strong>Link 1<\/strong><\/a> | <a href=\"https:\/\/wp.ufpel.edu.br\/ndh\/files\/2023\/07\/6.-Dutra.pdf\" target=\"_blank\" rel=\"noopener\"><strong>Link 2<\/strong><\/a><\/em><\/p>\n<p style=\"text-align: justify;\"><strong>Las construcciones de g\u00e9nero y emocionalidad en las infancias a trav\u00e9s de los textos de lectura escolar. Uruguay 1900-1930<\/strong><br \/>\nThe Constructions of Gender and Emotionality in Childhood through School Reading Texts. Uruguay 1900-1930<br \/>\n<em>Silvana Espiga | Paola Dogliotti<br \/>\n<\/em><em><a href=\"https:\/\/periodicos.ufpel.edu.br\/index.php\/HistRev\/article\/view\/25769\" target=\"_blank\" rel=\"noopener\"><strong>Link 1<\/strong><\/a> | <a href=\"https:\/\/wp.ufpel.edu.br\/ndh\/files\/2023\/07\/7.-Espiga-e-Dogliotti.pdf\" target=\"_blank\" rel=\"noopener\"><strong>Link 2<\/strong><\/a><\/em><\/p>\n<p style=\"text-align: justify;\"><strong>A dimens\u00e3o classificat\u00f3ria em grupos escolares campo-grandenses (1958-1969)<\/strong><br \/>\nThe classificatory dimensionin school groups from Campo Grande (1958-1969)<br \/>\n<em>Hellen Caroline Valdez Monteiro<br \/>\n<\/em><em><a href=\"https:\/\/periodicos.ufpel.edu.br\/index.php\/HistRev\/article\/view\/25770\" target=\"_blank\" rel=\"noopener\"><strong>Link 1<\/strong><\/a> | <a href=\"https:\/\/wp.ufpel.edu.br\/ndh\/files\/2023\/07\/8.-Monteiro.pdf\" target=\"_blank\" rel=\"noopener\"><strong>Link 2<\/strong><\/a><\/em><\/p>\n<p style=\"text-align: justify;\"><strong>Cada agora cont\u00e9m muitos antes e depois, cada aqui cont\u00e9m muitos alis: narrativas autobiogr\u00e1ficas de professoras em perspectiva hist\u00f3rica<\/strong><br \/>\nEach now contains many befores and afters, each here contains many theres: teacher&#8217;s autobiographical narratives in historical perspective<br \/>\n<em>Miri\u00e3 L\u00facia Luiz | Bruna Mozini Subtil | Brunna Terra Marcelino | Mariana Dall Orto dos Santos<br \/>\n<\/em><em><a href=\"https:\/\/periodicos.ufpel.edu.br\/index.php\/HistRev\/article\/view\/25771\" target=\"_blank\" rel=\"noopener\"><strong>Link 1<\/strong> <\/a>| <a href=\"https:\/\/wp.ufpel.edu.br\/ndh\/files\/2023\/08\/9.-Luiz-Subtil-Marcelino-e-Santos.pdf\" target=\"_blank\" rel=\"noopener\"><strong>Link 2<\/strong><\/a><\/em><\/p>\n<p style=\"text-align: justify;\"><strong>O sil\u00eancio dos manuais did\u00e1ticos de hist\u00f3ria da educa\u00e7\u00e3o sobre a quest\u00e3o racial<\/strong><br \/>\nThe silence of educational history manuals on the racial issue<br \/>\n<em>Joatan Nunes Machado Junior | Juliana C\u00e9sario Hamdan<br \/>\n<\/em><em><a href=\"https:\/\/periodicos.ufpel.edu.br\/index.php\/HistRev\/article\/view\/25772\" target=\"_blank\" rel=\"noopener\"><strong>Link 1<\/strong><\/a> | <a href=\"https:\/\/wp.ufpel.edu.br\/ndh\/files\/2023\/07\/10.-Machado-Jr.-e-Hamdan.pdf\" target=\"_blank\" rel=\"noopener\"><strong>Link 2<\/strong><\/a><\/em><\/p>\n<p style=\"text-align: justify;\"><strong>Mem\u00f3rias discentes sobre a cultura material escolar e a forma\u00e7\u00e3o de professores: elos de um percurso formativo<\/strong><br \/>\nStudent memories about school supplies culture and teacher training: links in a training path<br \/>\nRecuerdos estudiantiles sobre la cultura material escolar y formaci\u00f3n docente: enlaces de un trayecto de formaci\u00f3n<br \/>\n<em>Caroline Braga Michel | Alessandra Amaral | Magda de Abreu Vicente<br \/>\n<a href=\"https:\/\/periodicos.ufpel.edu.br\/index.php\/HistRev\/article\/view\/25773\" target=\"_blank\" rel=\"noopener\"><strong>Link 1<\/strong><\/a> | <a href=\"https:\/\/wp.ufpel.edu.br\/ndh\/files\/2023\/07\/11.-Michel-Amaral-e-Vicente.pdf\" target=\"_blank\" rel=\"noopener\"><strong>Link 2<\/strong><\/a><\/em><\/p>\n<p style=\"text-align: justify;\"><strong>A problematiza\u00e7\u00e3o do uso de coment\u00e1rios e descri\u00e7\u00f5es em posts da internet na pesquisa em hist\u00f3ria da educa\u00e7\u00e3o<\/strong><br \/>\nThe problematization of the use o comments and descriptions on internet posts in research in the history of education<br \/>\n<em>Maria Augusta Martiarena | Bruna Luiz dos Santos<br \/>\n<\/em><em><a href=\"https:\/\/periodicos.ufpel.edu.br\/index.php\/HistRev\/article\/view\/25774\" target=\"_blank\" rel=\"noopener\"><strong>Link 1<\/strong> <\/a>| <a href=\"https:\/\/wp.ufpel.edu.br\/ndh\/files\/2023\/07\/12.-Martiarena-e-Santos.pdf\" target=\"_blank\" rel=\"noopener\"><strong>Link 2<\/strong><\/a><\/em><\/p>\n<p style=\"text-align: justify;\"><strong>Arquitetura escolar: o projeto padr\u00e3o de arquitetura ecl\u00e9tica para 500 alunos no Rio Grande do Sul\u00a0<\/strong><br \/>\nSchool architecture: the standard design of eclectic architecture for 500 students in Rio Grande do Sul<br \/>\n<em>Lisi\u00ea Kremer Cabral | Jos\u00e9 Henrique Carlucio Cordeiro<br \/>\n<\/em><em><a href=\"https:\/\/periodicos.ufpel.edu.br\/index.php\/HistRev\/article\/view\/25775\" target=\"_blank\" rel=\"noopener\"><strong>Link 1<\/strong><\/a> | <a href=\"https:\/\/wp.ufpel.edu.br\/ndh\/files\/2023\/07\/13.-Cabral-e-Cordeiro.pdf\" target=\"_blank\" rel=\"noopener\"><strong>Link 2<\/strong><\/a><\/em><\/p>\n","protected":false},"excerpt":{"rendered":"<p>Dossi\u00ea: Educa\u00e7\u00e3o e Hist\u00f3ria: pensar a educa\u00e7\u00e3o a partir de uma perspectiva hist\u00f3rica Apresenta\u00e7\u00e3o Presentation Magda de Abreu Vicente | Caroline Braga Michel Link 1 | Link 2\u00a0 Doc\u00eancia feminina no s\u00e9culo XIX: entre cr\u00edticas, den\u00fancias, pol\u00eamicas e repres\u00e1lias Female teaching in the 19th century: criticism, complaints, polemics and reprisals Eliane Peres Link 1 | [&hellip;]<\/p>\n","protected":false},"author":718,"featured_media":0,"parent":0,"menu_order":0,"comment_status":"closed","ping_status":"closed","template":"","meta":{"jetpack_post_was_ever_published":false,"footnotes":""},"class_list":["post-4045","page","type-page","status-publish","hentry"],"jetpack_sharing_enabled":true,"jetpack_shortlink":"https:\/\/wp.me\/P9qy4R-13f","jetpack_likes_enabled":true,"jetpack-related-posts":[],"_links":{"self":[{"href":"https:\/\/wp.ufpel.edu.br\/ndh\/wp-json\/wp\/v2\/pages\/4045","targetHints":{"allow":["GET"]}}],"collection":[{"href":"https:\/\/wp.ufpel.edu.br\/ndh\/wp-json\/wp\/v2\/pages"}],"about":[{"href":"https:\/\/wp.ufpel.edu.br\/ndh\/wp-json\/wp\/v2\/types\/page"}],"author":[{"embeddable":true,"href":"https:\/\/wp.ufpel.edu.br\/ndh\/wp-json\/wp\/v2\/users\/718"}],"replies":[{"embeddable":true,"href":"https:\/\/wp.ufpel.edu.br\/ndh\/wp-json\/wp\/v2\/comments?post=4045"}],"version-history":[{"count":16,"href":"https:\/\/wp.ufpel.edu.br\/ndh\/wp-json\/wp\/v2\/pages\/4045\/revisions"}],"predecessor-version":[{"id":4222,"href":"https:\/\/wp.ufpel.edu.br\/ndh\/wp-json\/wp\/v2\/pages\/4045\/revisions\/4222"}],"wp:attachment":[{"href":"https:\/\/wp.ufpel.edu.br\/ndh\/wp-json\/wp\/v2\/media?parent=4045"}],"curies":[{"name":"wp","href":"https:\/\/api.w.org\/{rel}","templated":true}]}}