{"id":401,"date":"2017-02-20T17:01:14","date_gmt":"2017-02-20T20:01:14","guid":{"rendered":"https:\/\/wp.ufpel.edu.br\/ndh\/?page_id=401"},"modified":"2021-08-18T18:36:44","modified_gmt":"2021-08-18T21:36:44","slug":"academicos","status":"publish","type":"page","link":"https:\/\/wp.ufpel.edu.br\/ndh\/academicos\/","title":{"rendered":"Equipe &#8211; Acad\u00eamicos"},"content":{"rendered":"<p>Nesta p\u00e1gina encontra-se a rela\u00e7\u00e3o de acad\u00eamicos (bolsistas, pesquisadores e volunt\u00e1rios) que, durante a trajet\u00f3ria do NDH, contribu\u00edram para a consolida\u00e7\u00e3o do N\u00facleo como importante espa\u00e7o de forma\u00e7\u00e3o, pesquisa e extens\u00e3o dos Cursos de Hist\u00f3ria da UFPel.<\/p>\n<ul>\n<li><em><strong>Equipe atual :<\/strong><\/em><\/li>\n<\/ul>\n<p><strong><a href=\"http:\/\/lattes.cnpq.br\/7229875969341752\">Ariane Bueno:<\/a><\/strong> Graduanda em Hist\u00f3ria-Bacharelado. Faz parte do NDH desde agosto de 2019, atuando como bolsista de Inicia\u00e7\u00e3o Cient\u00edfica do acervo da Justi\u00e7a de Trabalho.<\/p>\n<p><a href=\"http:\/\/lattes.cnpq.br\/8121948392363229\"><strong>Fernando Ant\u00f4nio Brod:<\/strong><\/a> Graduando em Hist\u00f3ria-Licenciatura. Faz parte do NDH desde 2021, atuando como bolsista de inicia\u00e7\u00e3o cient\u00edfica no projeto de pesquisa: &#8220;Elites Sociais, poder pol\u00edtico e estrat\u00e9gias familiares em Pelotas (1850-1950)&#8221;.<\/p>\n<p><a href=\"http:\/\/lattes.cnpq.br\/2540159694544493\"><strong>Gabrielle Garcia Gotuzzo<\/strong><\/a><strong>:<\/strong> Graduanda em Licenciatura em Hist\u00f3ria. Parte do NDH desde junho de 2020 tendo iniciado como bolsista de extens\u00e3o e, atualmente, bolsista de pesquisa do acervo da Justi\u00e7a do Trabalho.<\/p>\n<p><a href=\"http:\/\/lattes.cnpq.br\/3334748506043484\"><strong>Gabrielle Oliveira<\/strong><\/a><strong>:<\/strong> Graduanda em Licenciatura em Hist\u00f3ria. Faz parte do NDH desde 2021, atuando como bolsista de extens\u00e3o.<\/p>\n<p><a href=\"http:\/\/lattes.cnpq.br\/1920759615554287\"><strong>Higor William Marcolino:<\/strong> <\/a>Graduando em Hist\u00f3ria-Bacharelado. Faz parte do NDH desde 2021, atuando como bolsista de extens\u00e3o no projeto: &#8220;Pelotas: Passado e Presente&#8221;.<\/p>\n<p><a href=\"http:\/\/lattes.cnpq.br\/6435719033987076\"><strong>Jana\u00edna Gon\u00e7alves Alves:<\/strong><\/a> Graduanda em Hist\u00f3ria-Licenciatura. Faz parte do NDH desde setembro de 2019, atuando como bolsista de pesquisa na Delegacia Regional do Trabalho.<\/p>\n<p><strong><a href=\"http:\/\/lattes.cnpq.br\/6053524075920321\">Larissa Azevedo<\/a>:<\/strong> Graduanda em Hist\u00f3ria Licenciatura. Faz parte do NDH desde Maio de 2021, atuando como Bolsista do acervo da Justi\u00e7a do trabalho.<\/p>\n<p><a href=\"http:\/\/lattes.cnpq.br\/5203107895429999\"><strong>Larissa Ceroni de Morais:<\/strong> <\/a>Graduanda Hist\u00f3ria\/UFPel \u2013 Bolsista de Inicia\u00e7\u00e3o Cient\u00edfica PIBIC\/CNPq\/UFPel.<\/p>\n<p><a href=\"http:\/\/lattes.cnpq.br\/8899395215972009\"><strong>Marina Ribeiro Cardoso:\u00a0<\/strong><\/a>Graduanda em Hist\u00f3ria-Bacharelado. Faz parte do NDH desde 2021, atuando como bolsista de pesquisa no projeto: &#8220;Elites Sociais, poder pol\u00edtico e estrat\u00e9gias familiares em Pelotas (1850-1950)&#8221;.<\/p>\n<p><a href=\"http:\/\/lattes.cnpq.br\/6687490662814605\"><strong>Nathalia Lima Estevam: <\/strong><\/a>Graduanda Hist\u00f3ria\/UFPel \u2013 Bolsista de Inicia\u00e7\u00e3o Cient\u00edfica PBIP-A\u00e7\u00f5es Afirmativas\/UFPel<\/p>\n<ul>\n<li><em><strong>Colaboradores j\u00e1 formados:<\/strong><\/em><\/li>\n<\/ul>\n<p><strong><a href=\"http:\/\/lattes.cnpq.br\/0739496700380637\" target=\"_blank\" rel=\"noopener noreferrer\">Aline Carvalho Porto<\/a><\/strong>. Bacharela em Historia\/UFPel, Mestra em Hist\u00f3ria\/PUCRS e Doutoranda em Hist\u00f3ria\/PUCRS.\u00a0Projeto junto ao NDH:\u00a0Arquivo Hist\u00f3rico da Biblioteca P\u00fablica Pelotense.<\/p>\n<p><a href=\"http:\/\/lattes.cnpq.br\/0380611502685560\" target=\"_blank\" rel=\"noopener noreferrer\"><strong>Amanda Ishizaka Penny.<\/strong> <\/a>Graduanda em Hist\u00f3ria (Bacharelado)\/UFPel. Bolsista de Inicia\u00e7\u00e3o Cient\u00edfica (CNPq). Projeto junto ao NDH:\u00a0\u00c1 beira da extin\u00e7\u00e3o: mem\u00f3rias de trabalhadores cujos of\u00edcios est\u00e3o em vias de desaparecer (acervo da Justi\u00e7a do Trabalho).<\/p>\n<p><a href=\"http:\/\/lattes.cnpq.br\/5544928517699057\" target=\"_blank\" rel=\"noopener noreferrer\"><strong>Anelise Domingues Medeiros.<\/strong><\/a> Licenciada em Historia\/UFPel, Mestranda em Hist\u00f3ria\/UFPel. Projeto junto ao NDH:\u00a0Acervo da Delegacia Regional do Trabalho.<\/p>\n<p><a href=\"http:\/\/lattes.cnpq.br\/9262134727645174\" target=\"_blank\" rel=\"noopener noreferrer\"><strong>\u00c2ngela Beatriz Pomatti.<\/strong><\/a> Licenciada em Hist\u00f3ria\/UFPel, Mestre em Hist\u00f3ria\/PUC-RS. Projeto junto ao NDH:\u00a0Hist\u00f3ria de uma doen\u00e7a e seus enfermos: tuberculose e tuberculosos em Pelotas(RS) 1930-1960.<\/p>\n<p><a href=\"http:\/\/lattes.cnpq.br\/6903544533008060\" target=\"_blank\" rel=\"noopener noreferrer\"><strong>\u00c2ngela Pereira Oliveira.<\/strong><\/a> Licenciada em Historia\/UFPel, Mestranda em Hist\u00f3ria\/UFPel. Projeto junto ao NDH: Tra\u00e7ando o Perfil do Trabalhador Ga\u00facho.<\/p>\n<p><strong><a href=\"http:\/\/lattes.cnpq.br\/6200888773054174\" target=\"_blank\" rel=\"noopener noreferrer\">Betina Dias Torriani<\/a>.\u00a0<\/strong>Graduanda em Hist\u00f3ria (Licenciatura)\/UFPel. Volunt\u00e1ria. Projeto junto ao NDH: \u00c0 beira da extin\u00e7\u00e3o: mem\u00f3rias de trabalhadores cujos of\u00edcios est\u00e3o em vias de desaparecer (trabalhadores menores de idade).<\/p>\n<p><strong><a href=\"http:\/\/lattes.cnpq.br\/0912271883482245\" target=\"_blank\" rel=\"noopener noreferrer\">Biane Peverada Jaques Antunes.<\/a><\/strong> Bacharela em Historia\/UFPel, Mestra em Hist\u00f3ria\/UFPel e Doutoranda em Hist\u00f3ria\/PUCRS. Projetos junto ao NDH:\u00a0Trabalhadores, Justi\u00e7a e Estado: rela\u00e7\u00f5es e configura\u00e7\u00f5es (1933-1945); Tra\u00e7ando o Perfil do Trabalhador Ga\u00facho;\u00a0Acervo da Delegacia Regional do Trabalho.<\/p>\n<p><a href=\"http:\/\/lattes.cnpq.br\/3685339413567401\" target=\"_blank\" rel=\"noopener noreferrer\"><strong>Camila Martins Braga<\/strong><\/a>. Licenciada e Mestre em Hist\u00f3ria\/UFPel, Doutoranda em Hist\u00f3ria\/UNISINOS.\u00a0Bolsista PROBEC do N\u00facleo de Documenta\u00e7\u00e3o Hist\u00f3rica da UFPel.<\/p>\n<p><a href=\"http:\/\/lattes.cnpq.br\/5068830609282977\" target=\"_blank\" rel=\"noopener noreferrer\"><strong>C\u00e1ssia Ferreira Miranda<\/strong><\/a>. Graduada em Hist\u00f3ria\/UFPel, Mestre e Doutoranda em Teatro\/UDESC. Professora na\u00a0Universidade Federal do Tocantins. Projetos junto ao NDH:\u00a0Tra\u00e7ando o perfil do trabalhador ga\u00facho;\u00a0Os jornais di\u00e1rios ga\u00fachos e o Mundo do Trabalho ( RS);\u00a0Experi\u00eancias al\u00e9m fronteiras: trajet\u00f3rias de mulheres afro-descendentes no Brasil e Uruguai.<\/p>\n<p><a href=\"http:\/\/lattes.cnpq.br\/6478120085468522\" target=\"_blank\" rel=\"noopener noreferrer\"><strong>Charles \u00c2nderson dos Santos Kurz<\/strong><\/a>. Licenciado em Historia\/UFPel-Bacharel em Hist\u00f3ria\/UFPel, Mestrando em Hist\u00f3ria\/UFPel. Projeto junto ao NDH: Tra\u00e7ando o perfil do trabalhador ga\u00facho.\/Acervos Documentais do NDH.<\/p>\n<p><a href=\"http:\/\/lattes.cnpq.br\/6282068158845045\" target=\"_blank\" rel=\"noopener noreferrer\"><strong>D\u00e9bora Clasen de Paula<\/strong>.<\/a> Licenciada e Especialista em Hist\u00f3ria\/UFPel, Mestra em Hist\u00f3ria\/UNISINOS e Doutoranda em Hist\u00f3ria\/UFRGS. Professora Assistente na\u00a0Universidade Federal da Fronteira Sul &#8211; UFFS &#8211; Campus Erechim. Projetos junto ao NDH:\u00a0Organiza\u00e7\u00e3o das Salas de Hist\u00f3ria da Biblioteca P\u00fablica Pelotense;\u00a0Clubes Carnavalescos Negros em Pelotas.<\/p>\n<p><a href=\"http:\/\/lattes.cnpq.br\/3686334300631325\" target=\"_blank\" rel=\"noopener noreferrer\"><strong>Eduarda Borges da Silva. <\/strong><\/a>Graduada em Hist\u00f3ria\/UFPel (Bacharelado e Licenciatura), Mestre em Hist\u00f3ria\/UFPel, Doutoranda em Hist\u00f3ria\/UFRGS. Projetos junto ao NDH:\u00a0\u00c0 beira da extin\u00e7\u00e3o: mem\u00f3rias de trabalhadores cujos of\u00edcios est\u00e3o em vias de desaparecer;\u00a0Arquivo da Justi\u00e7a do Trabalho; Laborat\u00f3rio de Hist\u00f3ria Oral.<\/p>\n<p><a href=\"http:\/\/lattes.cnpq.br\/3370034000563439\"><strong>Euler Fabres Zanetti:<\/strong><\/a> Licenciado em Historia\/UFPel, Mestrando em Hist\u00f3ria\/UFPel. Projeto junto ao NDH: Tra\u00e7ando o perfil do trabalhador ga\u00facho.\/Acervos Documentais do NDH.<\/p>\n<p><a href=\"http:\/\/lattes.cnpq.br\/2707940149001288\" target=\"_blank\" rel=\"noopener noreferrer\"><strong>Fernanda Oliveira da Silva.<\/strong><\/a> Licenciada em Hist\u00f3ria\/UFPel, Mestre em Hist\u00f3ria\/PUCRS e Doutoranda em Hist\u00f3ria pelo UFRGS. Projetos junto ao NDH:\u00a0Experi\u00eancias al\u00e9m fronteiras: trajet\u00f3rias de mulheres afro-descendentes na regi\u00e3o de fronteira Brasil-Uruguai;\u00a0Clubes Carnavalescos Negros em Pelotas.<\/p>\n<p><strong><a href=\"http:\/\/lattes.cnpq.br\/6437593643335209\" target=\"_blank\" rel=\"noopener noreferrer\">Gabriel Ribeiro da Silva<\/a>.<\/strong> Graduando em Hist\u00f3ria (Licenciatura)\/UFPel. Bolsista de Inicia\u00e7\u00e3o Cient\u00edfica (CAPES). Projeto junto ao NDH:\u00a0Afrodescendentes na regi\u00e3o Sul: biografias, trajet\u00f3rias associativas e familiares. [Coordena\u00e7\u00e3o geral do projeto \u00e9 da professora\u00a0Joseli Maria Nunes Mendon\u00e7a, da UFPR].<\/p>\n<p><strong><a href=\"http:\/\/lattes.cnpq.br\/2231140559685661\" target=\"_blank\" rel=\"noopener noreferrer\">Gustavo Figueira Andrade.<\/a><\/strong> Bacharel em Historia\/UFPel, Mestre em Hist\u00f3ria\/UFSM. Projetos junto ao NDH:\u00a0Rememorando combates: a Revolu\u00e7\u00e3o Federalista de 1893 atrav\u00e9s de fontes textuais, visuais e orais no sul do Rio Grande do Sul;\u00a0Trajetorias negras no sul do Brasil.<\/p>\n<p><a href=\"http:\/\/lattes.cnpq.br\/4249003908749120\"><strong>J\u00e9ssica Bitencourt Lopes:<\/strong><\/a> Licenciada em Historia\/UFPel, Mestra em Hist\u00f3ria\/UFPel. Projeto junto ao NDH:\u00a0Tra\u00e7ando o perfil do trabalhador ga\u00facho.<\/p>\n<p><a href=\"http:\/\/lattes.cnpq.br\/2355591252673667\" target=\"_blank\" rel=\"noopener noreferrer\"><strong>Leonardo Silva Amaral<\/strong><\/a>. Graduando em Hist\u00f3ria (Bacharelado)\/UFPel. Volunt\u00e1rio. Projeto junto ao NDH: \u00c1 beira da extin\u00e7\u00e3o: mem\u00f3rias de trabalhadores cujos of\u00edcios est\u00e3o em vias de desaparecer (acervo da Justi\u00e7a do Trabalho).<\/p>\n<p><strong><a href=\"http:\/\/lattes.cnpq.br\/6825940959752052\" target=\"_blank\" rel=\"noopener noreferrer\">L\u00f3ren Nunes da Rocha<\/a>. <\/strong>Licenciada em Hist\u00f3ria\/UFPel, Mestre em Hist\u00f3ria\/UFPel. Projeto junto ao NDH:\u00a0\u00c0 beira da extin\u00e7\u00e3o: mem\u00f3rias de trabalhadores cujos of\u00edcios est\u00e3o em vias de desaparecer (benzedeiras).<\/p>\n<p><a href=\"http:\/\/lattes.cnpq.br\/7762737824138801\" target=\"_blank\" rel=\"noopener noreferrer\"><strong>Luana Ceciliano Tavares.<\/strong><\/a> Licenciada em Hist\u00f3ria\/UFPel, Mestre em Hist\u00f3ria\/FURG. Projeto junto ao NDH:\u00a0Organiza\u00e7\u00e3o do acervo do Centro de documentos e obras valiosas da Biblioteca P\u00fablica Pelotense.<\/p>\n<p><a href=\"http:\/\/lattes.cnpq.br\/1836271207305517\" target=\"_blank\" rel=\"noopener noreferrer\"><strong>Marciele Agosta de Vasconcellos<\/strong><\/a>. Bacharel em Hist\u00f3ria\/UFPel, Mestre em Sociologia\/UFPel e Doutoranda em Sociologia\/UFRGS. Projeto junto ao NDH:\u00a0\u00c0 beira da extin\u00e7\u00e3o: mem\u00f3rias de trabalhadores cujos of\u00edcios est\u00e3o em vias de desaparecer.<\/p>\n<p><a href=\"http:\/\/lattes.cnpq.br\/1494131496987598\" target=\"_blank\" rel=\"noopener noreferrer\"><strong>Mariana Couto Gon\u00e7alves.<\/strong><\/a> Bacharela em Historia\/UFPel, Mestra em Hist\u00f3ria\/PUCRS e Doutoranda em Hist\u00f3ria\/UNISINOS. Projetos junto ao NDH:\u00a0Arquivo Hist\u00f3rico da Biblioteca P\u00fablica Pelotense;\u00a0Organiza\u00e7\u00e3o do acervo documental do Diret\u00f3rio Acad\u00eamico dos Estudantes da Universidade Federal de Pelotas DCE\/UFPel.<\/p>\n<p><a href=\"http:\/\/lattes.cnpq.br\/1212620695866912\" target=\"_blank\" rel=\"noopener noreferrer\"><strong>Mariluci Cardoso Vargas.<\/strong><\/a> Licenciada em Hist\u00f3ria\/UFPel, Mestre em Hist\u00f3ria pela UNISINOS e Doutoranda em Hist\u00f3ria pela UFRGS.\u00a0Projeto junto ao NDH:\u00a0Mem\u00f3rias da Cidade: Pelotas atrav\u00e9s da voz de seus moradores.<\/p>\n<p><a href=\"http:\/\/lattes.cnpq.br\/8137936655898909\" target=\"_blank\" rel=\"noopener noreferrer\"><strong>M\u00e1rio Augusto Correia San Segundo.<\/strong><\/a>\u00a0Licenciado em Hist\u00f3ria\/UFPel,\u00a0Mestre e Doutorando\u00a0em Hist\u00f3ria pela Universidade Federal do Rio Grande do Sul. Docente do Instituto Federal de Educa\u00e7\u00e3o Ci\u00eancia e Tecnologia Rio Grande do Sul (IFRS), Campus Viam\u00e3o.\u00a0Projeto junto ao NDH:\u00a0Mem\u00f3rias da Cidade: Pelotas atrav\u00e9s da voz de seus moradores.<\/p>\n<p><a href=\"http:\/\/lattes.cnpq.br\/6867322232633351\" target=\"_blank\" rel=\"noopener noreferrer\"><strong>Melissa Xavier Gouv\u00eaa<\/strong><\/a>. Bacharela em Historia\/UFPel, Mestra em Hist\u00f3ria\/PUCRS. Projeto junto ao NDH:\u00a0Organiza\u00e7\u00e3o do acervo documental do Diret\u00f3rio Acad\u00eamico dos Estudantes da Universidade Federal de Pelotas DCE\/UFPel.<\/p>\n<p><a href=\"http:\/\/lattes.cnpq.br\/4193269872039212\" target=\"_blank\" rel=\"noopener noreferrer\"><strong>Micaele Irene Scheer.<\/strong><\/a> Licenciada em Hist\u00f3ria\/UFPel, Mestrado em Hist\u00f3ria\/PUC-RS e Doutoranda em Hist\u00f3ria\/UFRGS. Projeto junto ao NDH:\u00a0\u00c0 beira da extin\u00e7\u00e3o: mem\u00f3ria de trabalhadores cujos of\u00edcios est\u00e3o em vias de desaparecer (sapateiros).<\/p>\n<p><a href=\"http:\/\/lattes.cnpq.br\/0263438639070113\" target=\"_blank\" rel=\"noopener noreferrer\"><strong>Milena Vaz da Silva.<\/strong><\/a>\u00a0Graduanda em Hist\u00f3ria (Bacharelado)\/UFPel. Bolsista de Inicia\u00e7\u00e3o Cient\u00edfica (FAPERGS). Projeto junto ao NDH:\u00a0\u00c1 beira da extin\u00e7\u00e3o: mem\u00f3rias de trabalhadores cujos of\u00edcios est\u00e3o em vias de desaparecer (acervo da Justi\u00e7a do Trabalho).<\/p>\n<p><strong>Miriam Helem Soares Fernandes:<\/strong> Bacharela em Historia\/UFPel. Projeto junto ao NDH:\u00a0Acervo da Delegacia Regional do Trabalho do Rio Grande do Sul.<\/p>\n<p><a href=\"http:\/\/lattes.cnpq.br\/3610695787552082\" target=\"_blank\" rel=\"noopener noreferrer\"><strong>M\u00f4nica Renata Schmidt<\/strong><\/a>. Bacharela em Historia\/UFPel, Mestranda em Hist\u00f3ria\/UFPel. Projetos junto ao NDH:\u00a0Trabalhadores, Justi\u00e7a e Estado: rela\u00e7\u00f5es e configura\u00e7\u00f5es (1933-1945); Tra\u00e7ando o Perfil do Trabalhador Ga\u00facho;\u00a0Acervo da Delegacia Regional do Trabalho.<\/p>\n<p><a href=\"http:\/\/lattes.cnpq.br\/8066626142157352\" target=\"_blank\" rel=\"noopener noreferrer\"><strong>N\u00e1dia Cristiane Coelho da Silva<\/strong><\/a>. Gradua\u00e7\u00e3o em Hist\u00f3ria\/UFPel. Projeto junto ao NDH:\u00a0Organiza\u00e7\u00e3o do Arquivo do Museu da BIbliotheca P\u00fablica Pelotense.<\/p>\n<p><a href=\"http:\/\/lattes.cnpq.br\/2412697952731424\" target=\"_blank\" rel=\"noopener noreferrer\"><strong>Nicolle Eloisa Lemos<\/strong><\/a>.\u00a0Graduanda em Hist\u00f3ria (Licenciatura)\/UFPel. Bolsista de Inicia\u00e7\u00e3o Cient\u00edfica (UFPel). Projeto junto ao NDH:\u00a0\u00c1 beira da extin\u00e7\u00e3o: mem\u00f3rias de trabalhadores cujos of\u00edcios est\u00e3o em vias de desaparecer (acervo da Justi\u00e7a do Trabalho).<\/p>\n<p><a href=\"http:\/\/lattes.cnpq.br\/6863701890753634\" target=\"_blank\" rel=\"noopener noreferrer\"><strong>Renan Amaral Alves<\/strong><\/a>. Graduando em Hist\u00f3ria\/UFPel. Bolsista de Inicia\u00e7\u00e3o Cient\u00edfica. Projeto junto ao NDH: Tra\u00e7ando o perfil do trabalhador ga\u00facho.<\/p>\n<p><a href=\"http:\/\/lattes.cnpq.br\/6017225292445205\" target=\"_blank\" rel=\"noopener noreferrer\"><strong>Su\u00e9len Resende Noguez<\/strong><\/a>. Bacharel em Hist\u00f3ria\/UFPel. Mestranda em Hist\u00f3ria\/UFPel. Projeto junto ao NDH:\u00a0A beira da extin\u00e7\u00e3o: Mem\u00f3rias de trabalhadores cujos of\u00edcios est\u00e3o em vias de desaparecer.<\/p>\n<p><a href=\"http:\/\/lattes.cnpq.br\/1451361038826411\" target=\"_blank\" rel=\"noopener noreferrer\"><strong>Vanessa da Silva Devantier<\/strong><\/a>. Licenciada em Hist\u00f3ria\/UFPel e Mestre em\u00a0Mem\u00f3ria Social e Patrim\u00f4nio Cultural\/UFPel. Projeto junto ao NDH:\u00a0Iconografia Pict\u00f3rica e Fotogr\u00e1fica do Rio Grande do Sul no In\u00edcio do S\u00e9culo XX.<\/p>\n","protected":false},"excerpt":{"rendered":"<p>Nesta p\u00e1gina encontra-se a rela\u00e7\u00e3o de acad\u00eamicos (bolsistas, pesquisadores e volunt\u00e1rios) que, durante a trajet\u00f3ria do NDH, contribu\u00edram para a consolida\u00e7\u00e3o do N\u00facleo como importante espa\u00e7o de forma\u00e7\u00e3o, pesquisa e extens\u00e3o dos Cursos de Hist\u00f3ria da UFPel. Equipe atual : Ariane Bueno: Graduanda em Hist\u00f3ria-Bacharelado. Faz parte do NDH desde agosto de 2019, atuando como [&hellip;]<\/p>\n","protected":false},"author":718,"featured_media":0,"parent":0,"menu_order":0,"comment_status":"closed","ping_status":"closed","template":"","meta":{"jetpack_post_was_ever_published":false,"footnotes":""},"class_list":["post-401","page","type-page","status-publish","hentry"],"jetpack_sharing_enabled":true,"jetpack_shortlink":"https:\/\/wp.me\/P9qy4R-6t","jetpack_likes_enabled":true,"jetpack-related-posts":[],"_links":{"self":[{"href":"https:\/\/wp.ufpel.edu.br\/ndh\/wp-json\/wp\/v2\/pages\/401","targetHints":{"allow":["GET"]}}],"collection":[{"href":"https:\/\/wp.ufpel.edu.br\/ndh\/wp-json\/wp\/v2\/pages"}],"about":[{"href":"https:\/\/wp.ufpel.edu.br\/ndh\/wp-json\/wp\/v2\/types\/page"}],"author":[{"embeddable":true,"href":"https:\/\/wp.ufpel.edu.br\/ndh\/wp-json\/wp\/v2\/users\/718"}],"replies":[{"embeddable":true,"href":"https:\/\/wp.ufpel.edu.br\/ndh\/wp-json\/wp\/v2\/comments?post=401"}],"version-history":[{"count":52,"href":"https:\/\/wp.ufpel.edu.br\/ndh\/wp-json\/wp\/v2\/pages\/401\/revisions"}],"predecessor-version":[{"id":2852,"href":"https:\/\/wp.ufpel.edu.br\/ndh\/wp-json\/wp\/v2\/pages\/401\/revisions\/2852"}],"wp:attachment":[{"href":"https:\/\/wp.ufpel.edu.br\/ndh\/wp-json\/wp\/v2\/media?parent=401"}],"curies":[{"name":"wp","href":"https:\/\/api.w.org\/{rel}","templated":true}]}}