{"id":3915,"date":"2023-02-15T09:57:05","date_gmt":"2023-02-15T12:57:05","guid":{"rendered":"https:\/\/wp.ufpel.edu.br\/ndh\/?page_id=3915"},"modified":"2023-02-15T09:57:05","modified_gmt":"2023-02-15T12:57:05","slug":"adufpel-uma-trajetoria-pela-democracia","status":"publish","type":"page","link":"https:\/\/wp.ufpel.edu.br\/ndh\/adufpel-uma-trajetoria-pela-democracia\/","title":{"rendered":"ADUFPel: uma Trajet\u00f3ria pela Democracia"},"content":{"rendered":"<p style=\"text-align: justify;\"><img data-recalc-dims=\"1\" loading=\"lazy\" decoding=\"async\" data-attachment-id=\"3917\" data-permalink=\"https:\/\/wp.ufpel.edu.br\/ndh\/adufpel-uma-trajetoria-pela-democracia\/a-1\/#main\" data-orig-file=\"https:\/\/i0.wp.com\/wp.ufpel.edu.br\/ndh\/files\/2023\/02\/a-1.png?fit=506%2C781&amp;ssl=1\" data-orig-size=\"506,781\" data-comments-opened=\"0\" data-image-meta=\"{&quot;aperture&quot;:&quot;0&quot;,&quot;credit&quot;:&quot;&quot;,&quot;camera&quot;:&quot;&quot;,&quot;caption&quot;:&quot;&quot;,&quot;created_timestamp&quot;:&quot;0&quot;,&quot;copyright&quot;:&quot;&quot;,&quot;focal_length&quot;:&quot;0&quot;,&quot;iso&quot;:&quot;0&quot;,&quot;shutter_speed&quot;:&quot;0&quot;,&quot;title&quot;:&quot;&quot;,&quot;orientation&quot;:&quot;0&quot;}\" data-image-title=\"a (1)\" data-image-description=\"\" data-image-caption=\"\" data-medium-file=\"https:\/\/i0.wp.com\/wp.ufpel.edu.br\/ndh\/files\/2023\/02\/a-1.png?fit=206%2C318&amp;ssl=1\" data-large-file=\"https:\/\/i0.wp.com\/wp.ufpel.edu.br\/ndh\/files\/2023\/02\/a-1.png?fit=506%2C220&amp;ssl=1\" class=\"size-medium wp-image-3917 alignleft\" src=\"https:\/\/i0.wp.com\/wp.ufpel.edu.br\/ndh\/files\/2023\/02\/a-1.png?resize=206%2C318&#038;ssl=1\" alt=\"\" width=\"206\" height=\"318\" srcset=\"https:\/\/i0.wp.com\/wp.ufpel.edu.br\/ndh\/files\/2023\/02\/a-1.png?resize=206%2C318&amp;ssl=1 206w, https:\/\/i0.wp.com\/wp.ufpel.edu.br\/ndh\/files\/2023\/02\/a-1.png?resize=103%2C159&amp;ssl=1 103w, https:\/\/i0.wp.com\/wp.ufpel.edu.br\/ndh\/files\/2023\/02\/a-1.png?w=506&amp;ssl=1 506w\" sizes=\"auto, (max-width: 206px) 100vw, 206px\" \/>Obra das Professoras Beatriz Loner e Lorena Gill conta a hist\u00f3ria das primeiras duas d\u00e9cadas de vida da <strong><a href=\"http:\/\/www.adufpel.org.br\/site\/home\/\" target=\"_blank\" rel=\"noopener\">Associa\u00e7\u00e3o dos Docentes da Universidade Federal de Pelotas (ADUFPel &#8211; SSind)<\/a><\/strong> e um rico material composto por entrevistas com os (as) primeiros (as) diretores (as) da entidade.<\/p>\n<p style=\"text-align: justify;\">LONER, Beatriz Ana; GILL, Lorena Almeida. <a href=\"https:\/\/wp.ufpel.edu.br\/ndh\/files\/2023\/02\/ADUFPel.-Uma-trajetoria-pela-democracia.pdf\" target=\"_blank\" rel=\"noopener\"><strong>AUFPel: Uma trajet\u00f3ria pela democracia<\/strong><\/a>. Pelotas: ADUFPel. Armaz\u00e9m Liter\u00e1rio. 2003.<\/p>\n","protected":false},"excerpt":{"rendered":"<p>Obra das Professoras Beatriz Loner e Lorena Gill conta a hist\u00f3ria das primeiras duas d\u00e9cadas de vida da Associa\u00e7\u00e3o dos Docentes da Universidade Federal de Pelotas (ADUFPel &#8211; SSind) e um rico material composto por entrevistas com os (as) primeiros (as) diretores (as) da entidade. LONER, Beatriz Ana; GILL, Lorena Almeida. AUFPel: Uma trajet\u00f3ria pela [&hellip;]<\/p>\n","protected":false},"author":718,"featured_media":0,"parent":0,"menu_order":0,"comment_status":"closed","ping_status":"closed","template":"","meta":{"jetpack_post_was_ever_published":false,"footnotes":""},"class_list":["post-3915","page","type-page","status-publish","hentry"],"jetpack_sharing_enabled":true,"jetpack_shortlink":"https:\/\/wp.me\/P9qy4R-119","jetpack_likes_enabled":true,"jetpack-related-posts":[],"_links":{"self":[{"href":"https:\/\/wp.ufpel.edu.br\/ndh\/wp-json\/wp\/v2\/pages\/3915","targetHints":{"allow":["GET"]}}],"collection":[{"href":"https:\/\/wp.ufpel.edu.br\/ndh\/wp-json\/wp\/v2\/pages"}],"about":[{"href":"https:\/\/wp.ufpel.edu.br\/ndh\/wp-json\/wp\/v2\/types\/page"}],"author":[{"embeddable":true,"href":"https:\/\/wp.ufpel.edu.br\/ndh\/wp-json\/wp\/v2\/users\/718"}],"replies":[{"embeddable":true,"href":"https:\/\/wp.ufpel.edu.br\/ndh\/wp-json\/wp\/v2\/comments?post=3915"}],"version-history":[{"count":2,"href":"https:\/\/wp.ufpel.edu.br\/ndh\/wp-json\/wp\/v2\/pages\/3915\/revisions"}],"predecessor-version":[{"id":3920,"href":"https:\/\/wp.ufpel.edu.br\/ndh\/wp-json\/wp\/v2\/pages\/3915\/revisions\/3920"}],"wp:attachment":[{"href":"https:\/\/wp.ufpel.edu.br\/ndh\/wp-json\/wp\/v2\/media?parent=3915"}],"curies":[{"name":"wp","href":"https:\/\/api.w.org\/{rel}","templated":true}]}}