{"id":3876,"date":"2023-02-13T09:33:38","date_gmt":"2023-02-13T12:33:38","guid":{"rendered":"https:\/\/wp.ufpel.edu.br\/ndh\/?page_id=3876"},"modified":"2023-02-13T10:22:03","modified_gmt":"2023-02-13T13:22:03","slug":"hr-numeros-antigos","status":"publish","type":"page","link":"https:\/\/wp.ufpel.edu.br\/ndh\/hr-numeros-antigos\/","title":{"rendered":"HR &#8211; N\u00fameros Antigos"},"content":{"rendered":"<p style=\"text-align: justify;\">Em agosto de 2018 Hist\u00f3ria em Revista passou a ter periodicidade semestral, com o lan\u00e7amento do Volume 24, n\u00famero 1, com o dossi\u00ea <strong><a href=\"https:\/\/periodicos.ufpel.edu.br\/ojs2\/index.php\/HistRev\/issue\/view\/861\" target=\"_blank\" rel=\"noopener\">Hist\u00f3ria da Educa\u00e7\u00e3o e do Ensino de Hist\u00f3ria: temas, fontes e problematiza\u00e7\u00f5es<\/a>.<\/strong><\/p>\n<p style=\"text-align: justify;\"><img data-recalc-dims=\"1\" loading=\"lazy\" decoding=\"async\" data-attachment-id=\"1437\" data-permalink=\"https:\/\/wp.ufpel.edu.br\/ndh\/hr-numero-01-set-1994\/hr-1\/#main\" data-orig-file=\"https:\/\/i0.wp.com\/wp.ufpel.edu.br\/ndh\/files\/2017\/12\/HR-1.png?fit=643%2C819&amp;ssl=1\" data-orig-size=\"643,819\" data-comments-opened=\"0\" data-image-meta=\"{&quot;aperture&quot;:&quot;0&quot;,&quot;credit&quot;:&quot;&quot;,&quot;camera&quot;:&quot;&quot;,&quot;caption&quot;:&quot;&quot;,&quot;created_timestamp&quot;:&quot;0&quot;,&quot;copyright&quot;:&quot;&quot;,&quot;focal_length&quot;:&quot;0&quot;,&quot;iso&quot;:&quot;0&quot;,&quot;shutter_speed&quot;:&quot;0&quot;,&quot;title&quot;:&quot;&quot;,&quot;orientation&quot;:&quot;0&quot;}\" data-image-title=\"HR-1\" data-image-description=\"\" data-image-caption=\"\" data-medium-file=\"https:\/\/i0.wp.com\/wp.ufpel.edu.br\/ndh\/files\/2017\/12\/HR-1.png?fit=250%2C318&amp;ssl=1\" data-large-file=\"https:\/\/i0.wp.com\/wp.ufpel.edu.br\/ndh\/files\/2017\/12\/HR-1.png?fit=643%2C220&amp;ssl=1\" class=\"size-medium wp-image-1437 alignleft\" src=\"https:\/\/i0.wp.com\/wp.ufpel.edu.br\/ndh\/files\/2017\/12\/HR-1.png?resize=250%2C318&#038;ssl=1\" alt=\"\" width=\"250\" height=\"318\" srcset=\"https:\/\/i0.wp.com\/wp.ufpel.edu.br\/ndh\/files\/2017\/12\/HR-1.png?resize=250%2C318&amp;ssl=1 250w, https:\/\/i0.wp.com\/wp.ufpel.edu.br\/ndh\/files\/2017\/12\/HR-1.png?resize=125%2C159&amp;ssl=1 125w, https:\/\/i0.wp.com\/wp.ufpel.edu.br\/ndh\/files\/2017\/12\/HR-1.png?resize=619%2C788&amp;ssl=1 619w, https:\/\/i0.wp.com\/wp.ufpel.edu.br\/ndh\/files\/2017\/12\/HR-1.png?w=643&amp;ssl=1 643w\" sizes=\"auto, (max-width: 250px) 100vw, 250px\" \/>Os\u00a0 n\u00fameros anteriores continuam dispon\u00edveis nas abas da presente p\u00e1gina e no <strong><a href=\"https:\/\/periodicos.ufpel.edu.br\/ojs2\/index.php\/HistRev\/issue\/archive\" target=\"_blank\" rel=\"noopener\">site da revista<\/a><\/strong>.<\/p>\n<p style=\"text-align: justify;\"><a href=\"https:\/\/wp.ufpel.edu.br\/ndh\/hr-numero-23-dez-2017\/\"><strong><span style=\"font-size: 10pt;\">N\u00famero 23 &#8211; Anais da 13\u00aa Jornada de Hist\u00f3ria Cultural &#8211; Hist\u00f3ria e Literatura &#8211; Dez.\/2017<\/span><\/strong><\/a><\/p>\n<p style=\"text-align: justify;\"><strong><span style=\"font-size: 10pt;\"><a href=\"https:\/\/wp.ufpel.edu.br\/ndh\/hr-numero-21-22\/\">N\u00famero 21\/22 &#8211; Dossi\u00ea: II Encontro Discente de Pesquisadores de Hist\u00f3ria-UFPel: Perspectivas te\u00f3ricas contempor\u00e2neas &#8211; Dez.\/2015, Dez.\/2016<\/a><\/span><\/strong><\/p>\n<p style=\"text-align: justify;\"><strong><span style=\"font-size: 10pt;\"><a href=\"https:\/\/wp.ufpel.edu.br\/ndh\/hr-numero-20\/\">N\u00famero 20 \u2013 Dossi\u00ea: Guerra do Contestado &#8211; DEZ.\/2014<\/a><\/span><\/strong><\/p>\n<p style=\"text-align: justify;\"><strong><span style=\"font-size: 10pt;\"><a href=\"https:\/\/wp.ufpel.edu.br\/ndh\/hr-numero-19\/\">N\u00famero 19 \u2013 Anais das VII Jornadas Regionais do GT Mundos do Trabalho da Associa\u00e7\u00e3o Nacional de Hist\u00f3ria, se\u00e7\u00e3o Rio Grande do Sul (Anpuh-RS): 70 Anos de CLT: Os Trabalhadores e Seus Direitos &#8211; Dez.\/2013<\/a><\/span><\/strong><\/p>\n<p style=\"text-align: justify;\"><strong><span style=\"font-size: 10pt;\"><a href=\"https:\/\/wp.ufpel.edu.br\/ndh\/hr-numeros-1718\/\">N\u00fameros 17\/18 \u2013\u00a0 Anais do I Encontro Estadual do GT Hist\u00f3ria, Imagem e Cultura Visual &#8211; Dez.\/2011, Dez.\/2012<\/a><\/span><\/strong><\/p>\n<p style=\"text-align: justify;\"><strong><span style=\"font-size: 10pt;\"><a href=\"https:\/\/wp.ufpel.edu.br\/ndh\/hr-numero-16\/\">N\u00famero 16 &#8211; Dez. 2010<\/a><\/span><\/strong><\/p>\n<p style=\"text-align: justify;\"><strong><span style=\"font-size: 10pt;\"><a href=\"https:\/\/wp.ufpel.edu.br\/ndh\/hr-numero-15\/\">N\u00famero 15 &#8211; Dez. 2009<\/a><\/span><\/strong><\/p>\n<p style=\"text-align: justify;\"><strong><span style=\"font-size: 10pt;\"><a href=\"https:\/\/wp.ufpel.edu.br\/ndh\/hr-numero-14\/\">N\u00famero 14 &#8211; Dez. 2008<\/a><\/span><\/strong><\/p>\n<p style=\"text-align: justify;\"><strong><span style=\"font-size: 10pt;\"><a href=\"https:\/\/wp.ufpel.edu.br\/ndh\/hr-numeros-1213\/\">N\u00famero 12\/13 &#8211; Dossi\u00ea: Hist\u00f3ria e Cidades; Dossi\u00ea: As Dif\u00edceis Artes do Bem Viver &#8211; Dez. 2007<\/a><\/span><\/strong><\/p>\n<p style=\"text-align: justify;\"><strong><span style=\"font-size: 10pt;\"><a href=\"https:\/\/wp.ufpel.edu.br\/ndh\/hr-numero-11\/\">N\u00famero 11 &#8211; Dossi\u00ea: Hist\u00f3ria e Sa\u00fade &#8211; Dez. 2005<\/a><\/span><\/strong><\/p>\n<p style=\"text-align: justify;\"><strong><span style=\"font-size: 10pt;\"><a href=\"https:\/\/wp.ufpel.edu.br\/ndh\/hr-numero-10\/\">N\u00famero 10 &#8211; Anais do VII Encontro Estadual de Hist\u00f3ria da Associa\u00e7\u00e3o Nacional de Hist\u00f3ria, ANPUH, n\u00facleo Rio Grande do Sul &#8211; Dez. 2004<\/a><\/span><\/strong><\/p>\n<p style=\"text-align: justify;\"><strong><span style=\"font-size: 10pt;\"><a href=\"https:\/\/wp.ufpel.edu.br\/ndh\/hr-numero-9\/\">N\u00famero 09 &#8211; Dossi\u00ea: Caminhos da Hist\u00f3ria &#8211; Dez. 2003<\/a><\/span><\/strong><\/p>\n<p style=\"text-align: justify;\"><strong><span style=\"font-size: 10pt;\"><a href=\"https:\/\/wp.ufpel.edu.br\/ndh\/hr-numero-8\/\">N\u00famero 08 &#8211; Dez. 2002<\/a><\/span><\/strong><\/p>\n<p style=\"text-align: justify;\"><strong><span style=\"font-size: 10pt;\"><a href=\"https:\/\/wp.ufpel.edu.br\/ndh\/hr-numero-7\/\">N\u00famero 07 &#8211; Dez. 2001<\/a><\/span><\/strong><\/p>\n<p style=\"text-align: justify;\"><strong><span style=\"font-size: 10pt;\"><a href=\"https:\/\/wp.ufpel.edu.br\/ndh\/hr-numero-6\/\">N\u00famero 06 &#8211; Dossi\u00ea: Historiografia &#8211; Dez. 2000<\/a><\/span><\/strong><\/p>\n<p style=\"text-align: justify;\"><strong><span style=\"font-size: 10pt;\"><a href=\"https:\/\/wp.ufpel.edu.br\/ndh\/hr-numero-5\/\">N\u00famero 05 &#8211; Dossi\u00ea: Etnias &#8211; Dez 1999<\/a><\/span><\/strong><\/p>\n<p style=\"text-align: justify;\"><strong><span style=\"font-size: 10pt;\"><a href=\"https:\/\/wp.ufpel.edu.br\/ndh\/hr-numero-4\/\">N\u00famero 04- Dez. 1998<\/a><\/span><\/strong><\/p>\n<p style=\"text-align: justify;\"><strong><span style=\"font-size: 10pt;\"><a href=\"https:\/\/wp.ufpel.edu.br\/ndh\/hr-numero-3\/\">N\u00famero 03 &#8211; Dossi\u00ea:<\/a> <a href=\"https:\/\/wp.ufpel.edu.br\/ndh\/hr-numero-3\/\">Escravid\u00e3o no Extremo Sul do Brasil &#8211; Nov. 1997<\/a><\/span><\/strong><\/p>\n<p style=\"text-align: justify;\"><strong><span style=\"font-size: 10pt;\"><a href=\"https:\/\/wp.ufpel.edu.br\/ndh\/hr-numero-2\/\">N\u00famero 02 &#8211; 1996<\/a><\/span><\/strong><\/p>\n<p style=\"text-align: justify;\"><strong><span style=\"font-size: 10pt;\"><a href=\"https:\/\/wp.ufpel.edu.br\/ndh\/hr-numero-01-set-1994\/\">N\u00famero 01 &#8211; Set. 1994<\/a><\/span><\/strong><\/p>\n<p style=\"text-align: justify;\">Confira!<\/p>\n","protected":false},"excerpt":{"rendered":"<p>Em agosto de 2018 Hist\u00f3ria em Revista passou a ter periodicidade semestral, com o lan\u00e7amento do Volume 24, n\u00famero 1, com o dossi\u00ea Hist\u00f3ria da Educa\u00e7\u00e3o e do Ensino de Hist\u00f3ria: temas, fontes e problematiza\u00e7\u00f5es. Os\u00a0 n\u00fameros anteriores continuam dispon\u00edveis nas abas da presente p\u00e1gina e no site da revista. N\u00famero 23 &#8211; Anais da [&hellip;]<\/p>\n","protected":false},"author":718,"featured_media":0,"parent":0,"menu_order":0,"comment_status":"closed","ping_status":"closed","template":"","meta":{"jetpack_post_was_ever_published":false,"footnotes":""},"class_list":["post-3876","page","type-page","status-publish","hentry"],"jetpack_sharing_enabled":true,"jetpack_shortlink":"https:\/\/wp.me\/P9qy4R-10w","jetpack_likes_enabled":true,"jetpack-related-posts":[],"_links":{"self":[{"href":"https:\/\/wp.ufpel.edu.br\/ndh\/wp-json\/wp\/v2\/pages\/3876","targetHints":{"allow":["GET"]}}],"collection":[{"href":"https:\/\/wp.ufpel.edu.br\/ndh\/wp-json\/wp\/v2\/pages"}],"about":[{"href":"https:\/\/wp.ufpel.edu.br\/ndh\/wp-json\/wp\/v2\/types\/page"}],"author":[{"embeddable":true,"href":"https:\/\/wp.ufpel.edu.br\/ndh\/wp-json\/wp\/v2\/users\/718"}],"replies":[{"embeddable":true,"href":"https:\/\/wp.ufpel.edu.br\/ndh\/wp-json\/wp\/v2\/comments?post=3876"}],"version-history":[{"count":18,"href":"https:\/\/wp.ufpel.edu.br\/ndh\/wp-json\/wp\/v2\/pages\/3876\/revisions"}],"predecessor-version":[{"id":3896,"href":"https:\/\/wp.ufpel.edu.br\/ndh\/wp-json\/wp\/v2\/pages\/3876\/revisions\/3896"}],"wp:attachment":[{"href":"https:\/\/wp.ufpel.edu.br\/ndh\/wp-json\/wp\/v2\/media?parent=3876"}],"curies":[{"name":"wp","href":"https:\/\/api.w.org\/{rel}","templated":true}]}}