{"id":3826,"date":"2022-10-05T11:25:15","date_gmt":"2022-10-05T14:25:15","guid":{"rendered":"https:\/\/wp.ufpel.edu.br\/ndh\/?page_id=3826"},"modified":"2022-10-24T15:29:59","modified_gmt":"2022-10-24T18:29:59","slug":"topicos-de-historia-de-pelotas","status":"publish","type":"page","link":"https:\/\/wp.ufpel.edu.br\/ndh\/topicos-de-historia-de-pelotas\/","title":{"rendered":"T\u00f3picos de Hist\u00f3ria de Pelotas"},"content":{"rendered":"<p>Nesse espa\u00e7o o NDH publica documentos colhidos junto \u00e0 pesquisadores que dedicam-se \u00e0 compreens\u00e3o da hist\u00f3ria de Pelotas (RS), desde seus prim\u00f3rdios at\u00e9 os dias atuais.<\/p>\n<p>Os arquivos aqui dispon\u00edveis s\u00e3o resultado de atividades da Universidade Aberta Para Idosos &#8211; UNAPI (UFPel).<\/p>\n<p><a href=\"https:\/\/wp.ufpel.edu.br\/ndh\/files\/2022\/10\/Apresentacao-Primeiros-Habitantes.ppsx\" target=\"_blank\" rel=\"noopener\"><strong>Os Primeiros Habitantes de Pelotas e Regi\u00e3o<\/strong><\/a> &#8211; Arque\u00f3loga Luciana da Silva Peixoto;<\/p>\n<p><a href=\"https:\/\/wp.ufpel.edu.br\/ndh\/files\/2022\/10\/Protagonismo-Negro-em-Pelotas.pptx\" target=\"_blank\" rel=\"noopener\"><strong>Protagonismo Negro em Pelotas<\/strong><\/a> &#8211; Prof. Caiu\u00e1 Cardoso Al-Alam;<\/p>\n<p><strong><a href=\"https:\/\/wp.ufpel.edu.br\/ndh\/files\/2022\/10\/Charqueadas-e-Mulheres.ppt\">Charqueadas e Mulheres<\/a><\/strong> &#8211; Profa. D\u00e9bora Clasen de Paula;<\/p>\n<p><strong><a href=\"https:\/\/wp.ufpel.edu.br\/ndh\/files\/2022\/10\/A-formacao-inicial-da-cidade-de-Pelotas-e-as-suas-charqueadas.pptx\">A forma\u00e7\u00e3o inicial da<\/a><a href=\"https:\/\/wp.ufpel.edu.br\/ndh\/files\/2022\/10\/A-formacao-inicial-da-cidade-de-Pelotas-e-as-suas-charqueadas.pptx\"> cidade de Pelotas e as suas charqueadas<\/a><\/strong> &#8211; Prof. Jonas Vargas;<\/p>\n","protected":false},"excerpt":{"rendered":"<p>Nesse espa\u00e7o o NDH publica documentos colhidos junto \u00e0 pesquisadores que dedicam-se \u00e0 compreens\u00e3o da hist\u00f3ria de Pelotas (RS), desde seus prim\u00f3rdios at\u00e9 os dias atuais. Os arquivos aqui dispon\u00edveis s\u00e3o resultado de atividades da Universidade Aberta Para Idosos &#8211; UNAPI (UFPel). Os Primeiros Habitantes de Pelotas e Regi\u00e3o &#8211; Arque\u00f3loga Luciana da Silva Peixoto; [&hellip;]<\/p>\n","protected":false},"author":718,"featured_media":0,"parent":0,"menu_order":0,"comment_status":"closed","ping_status":"closed","template":"","meta":{"jetpack_post_was_ever_published":false,"footnotes":""},"class_list":["post-3826","page","type-page","status-publish","hentry"],"jetpack_sharing_enabled":true,"jetpack_shortlink":"https:\/\/wp.me\/P9qy4R-ZI","jetpack_likes_enabled":true,"jetpack-related-posts":[],"_links":{"self":[{"href":"https:\/\/wp.ufpel.edu.br\/ndh\/wp-json\/wp\/v2\/pages\/3826","targetHints":{"allow":["GET"]}}],"collection":[{"href":"https:\/\/wp.ufpel.edu.br\/ndh\/wp-json\/wp\/v2\/pages"}],"about":[{"href":"https:\/\/wp.ufpel.edu.br\/ndh\/wp-json\/wp\/v2\/types\/page"}],"author":[{"embeddable":true,"href":"https:\/\/wp.ufpel.edu.br\/ndh\/wp-json\/wp\/v2\/users\/718"}],"replies":[{"embeddable":true,"href":"https:\/\/wp.ufpel.edu.br\/ndh\/wp-json\/wp\/v2\/comments?post=3826"}],"version-history":[{"count":7,"href":"https:\/\/wp.ufpel.edu.br\/ndh\/wp-json\/wp\/v2\/pages\/3826\/revisions"}],"predecessor-version":[{"id":3841,"href":"https:\/\/wp.ufpel.edu.br\/ndh\/wp-json\/wp\/v2\/pages\/3826\/revisions\/3841"}],"wp:attachment":[{"href":"https:\/\/wp.ufpel.edu.br\/ndh\/wp-json\/wp\/v2\/media?parent=3826"}],"curies":[{"name":"wp","href":"https:\/\/api.w.org\/{rel}","templated":true}]}}