{"id":3756,"date":"2022-07-12T08:35:22","date_gmt":"2022-07-12T11:35:22","guid":{"rendered":"https:\/\/wp.ufpel.edu.br\/ndh\/?page_id=3756"},"modified":"2022-07-12T08:35:22","modified_gmt":"2022-07-12T11:35:22","slug":"hr-27-2-jul-2022","status":"publish","type":"page","link":"https:\/\/wp.ufpel.edu.br\/ndh\/hr-27-2-jul-2022\/","title":{"rendered":"HR (27\/2 \u2013 Jul. 2022)"},"content":{"rendered":"<p><strong style=\"font-family: terminal, monaco, monospace; text-align: justify;\"><img data-recalc-dims=\"1\" loading=\"lazy\" decoding=\"async\" data-attachment-id=\"3762\" data-permalink=\"https:\/\/wp.ufpel.edu.br\/ndh\/hr-27-2-jul-2022\/folha-de-rosto_site\/#main\" data-orig-file=\"https:\/\/i0.wp.com\/wp.ufpel.edu.br\/ndh\/files\/2022\/07\/folha-de-rosto_site.png?fit=650%2C810&amp;ssl=1\" data-orig-size=\"650,810\" data-comments-opened=\"0\" data-image-meta=\"{&quot;aperture&quot;:&quot;0&quot;,&quot;credit&quot;:&quot;&quot;,&quot;camera&quot;:&quot;&quot;,&quot;caption&quot;:&quot;&quot;,&quot;created_timestamp&quot;:&quot;0&quot;,&quot;copyright&quot;:&quot;&quot;,&quot;focal_length&quot;:&quot;0&quot;,&quot;iso&quot;:&quot;0&quot;,&quot;shutter_speed&quot;:&quot;0&quot;,&quot;title&quot;:&quot;&quot;,&quot;orientation&quot;:&quot;0&quot;}\" data-image-title=\"folha de rosto_site\" data-image-description=\"\" data-image-caption=\"\" data-medium-file=\"https:\/\/i0.wp.com\/wp.ufpel.edu.br\/ndh\/files\/2022\/07\/folha-de-rosto_site.png?fit=255%2C318&amp;ssl=1\" data-large-file=\"https:\/\/i0.wp.com\/wp.ufpel.edu.br\/ndh\/files\/2022\/07\/folha-de-rosto_site.png?fit=650%2C220&amp;ssl=1\" class=\"size-medium wp-image-3762 alignleft\" src=\"https:\/\/i0.wp.com\/wp.ufpel.edu.br\/ndh\/files\/2022\/07\/folha-de-rosto_site.png?resize=255%2C318&#038;ssl=1\" alt=\"\" width=\"255\" height=\"318\" srcset=\"https:\/\/i0.wp.com\/wp.ufpel.edu.br\/ndh\/files\/2022\/07\/folha-de-rosto_site.png?resize=255%2C318&amp;ssl=1 255w, https:\/\/i0.wp.com\/wp.ufpel.edu.br\/ndh\/files\/2022\/07\/folha-de-rosto_site.png?resize=128%2C159&amp;ssl=1 128w, https:\/\/i0.wp.com\/wp.ufpel.edu.br\/ndh\/files\/2022\/07\/folha-de-rosto_site.png?resize=619%2C771&amp;ssl=1 619w, https:\/\/i0.wp.com\/wp.ufpel.edu.br\/ndh\/files\/2022\/07\/folha-de-rosto_site.png?w=650&amp;ssl=1 650w\" sizes=\"auto, (max-width: 255px) 100vw, 255px\" \/><\/strong><\/p>\n<p style=\"text-align: justify;\"><span style=\"font-family: terminal, monaco, monospace;\"><strong><a href=\"https:\/\/periodicos.ufpel.edu.br\/ojs2\/index.php\/HistRev\/issue\/view\/1125\/showToc\" target=\"_blank\" rel=\"noopener\">Apresenta\u00e7\u00e3o<\/a><br \/>\n<\/strong><em>Lorena Gill<\/em><br \/>\n<em>Tamires Soares<\/em><br \/>\n<em>Micaela Scheer<\/em><\/span><\/p>\n<p style=\"text-align: justify;\"><span style=\"font-family: terminal, monaco, monospace;\"><strong><a href=\"https:\/\/periodicos.ufpel.edu.br\/ojs2\/index.php\/HistRev\/article\/view\/23362\" target=\"_blank\" rel=\"noopener\">Combate \u00e0 carestia nas p\u00e1ginas da imprensa negra: jornal <em>O Exemplo<\/em> (Porto Alegre, 1917-1919)<\/a><br \/>\n<\/strong><\/span><span style=\"font-family: terminal, monaco, monospace;\">Fighting famine in the pages of the black press: newspaper <em>O Exemplo<\/em> (Porto Alegre, 1917-1919)<br \/>\n<\/span><span style=\"font-family: terminal, monaco, monospace;\"><em>Liana Severo R<\/em><\/span><span style=\"font-family: terminal, monaco, monospace;\"><em>ibeiro<\/em><\/span><\/p>\n<p style=\"text-align: justify;\"><a href=\"https:\/\/periodicos.ufpel.edu.br\/ojs2\/index.php\/HistRev\/article\/view\/23363\" target=\"_blank\" rel=\"noopener\"><span style=\"font-family: terminal, monaco, monospace;\"><strong>Trabalhad<\/strong><\/span><strong style=\"font-family: terminal, monaco, monospace;\">ores e repress\u00e3o no p\u00f3s-aboli\u00e7\u00e3o em Alegrete\/RS<br \/>\n<\/strong><\/a><span style=\"font-family: terminal, monaco, monospace;\">Workers and\u00a0<\/span><span style=\"font-family: terminal, monaco, monospace;\">repression in the post-abolition in Alegrete\/RS<br \/>\n<\/span><span style=\"font-family: terminal, monaco, monospace;\"><em>Guilherme V<\/em><\/span><em style=\"font-family: terminal, monaco, monospace;\">argas Pedroso<\/em><\/p>\n<p style=\"text-align: justify;\"><span style=\"font-family: terminal, monaco, monospace;\"><strong><a href=\"https:\/\/periodicos.ufpel.edu.br\/ojs2\/index.php\/HistRev\/article\/view\/23364\" target=\"_blank\" rel=\"noopener\">Trabalhadores negros criam Uni\u00e3o Familiar: revivendo o mais antigo clube social negro de Santa Maria\/RS<\/a><br \/>\n<\/strong><\/span><span style=\"font-family: terminal, monaco, monospace;\">Black workers create <em>Uni\u00e3o <\/em>Familiar: reliving on the oldest black social club in Santa Maria\/RS<br \/>\n<\/span><span style=\"font-family: terminal, monaco, monospace;\"><em>Franciele Rocha de Oliveira<\/em><\/span><\/p>\n<p style=\"text-align: justify;\"><span style=\"font-family: terminal, monaco, monospace;\"><strong><a href=\"https:\/\/periodicos.ufpel.edu.br\/ojs2\/index.php\/HistRev\/article\/view\/23365\" target=\"_blank\" rel=\"noopener\">\u201cMa\u00e7aroca\u201d desigual: a luta das tecel\u00e3s da Companhia Fia\u00e7\u00e3o e Tecidos Pelotense pela remunera\u00e7\u00e3o estabelecida por lei na d\u00e9cada de 1940<\/a><br \/>\n<\/strong><\/span><span style=\"font-family: terminal, monaco, monospace;\">Unequal \u201cma\u00e7aroca\u201d: the struggle of the weavers of Companhia Fia\u00e7\u00e3o e Tecidos Pelotense for the remuneration established by law in the 1940s<br \/>\n<\/span><span style=\"font-family: terminal, monaco, monospace;\"><em>Taiane Mendes Taborda<\/em><\/span><\/p>\n<p style=\"text-align: justify;\"><strong><span style=\"font-family: terminal, monaco, monospace;\"><a href=\"https:\/\/periodicos.ufpel.edu.br\/ojs2\/index.php\/HistRev\/article\/view\/22723\" target=\"_blank\" rel=\"noopener\">Trabalho nas fazendas de cacau: na Costa do Ouro (Gana) e no sul da Bahia (1920-1945)<\/a><br \/>\n<\/span><\/strong><span style=\"font-family: terminal, monaco, monospace;\">Work on cocoa farms: in the Gold Coast (Ghana) and in the south of Bahia (1920-1945)<br \/>\n<\/span><span style=\"font-family: terminal, monaco, monospace;\"><em>Luciane Aparecida Goulart<br \/>\n<\/em><\/span><span style=\"font-family: terminal, monaco, monospace;\"><em>Fl\u00e1vio Gon\u00e7alves dos Santos<\/em><\/span><span style=\"font-family: terminal, monaco, monospace;\"><em>\u00a0<\/em><\/span><\/p>\n<p style=\"text-align: justify;\"><span style=\"font-family: terminal, monaco, monospace;\"><strong><a href=\"https:\/\/periodicos.ufpel.edu.br\/ojs2\/index.php\/HistRev\/article\/view\/23366\" target=\"_blank\" rel=\"noopener\">&#8220;Minha gente, vamos todos reclamar&#8221;: as demandas da classe trabalhadora de Florian\u00f3polis em <em>A Verdade<\/em> (1952-1960)<\/a><br \/>\n<\/strong><\/span><span style=\"font-family: terminal, monaco, monospace;\">&#8220;My people, let&#8217;s all complain&#8221;: the demands of the working class of Florian\u00f3polis in <em>A Verdade<\/em> (1952-1960)<br \/>\n<\/span><span style=\"font-family: terminal, monaco, monospace;\"><em>J\u00e9ssica Duarte de Souza<\/em><\/span><\/p>\n<p style=\"text-align: justify;\"><span style=\"font-family: terminal, monaco, monospace;\"><a href=\"https:\/\/periodicos.ufpel.edu.br\/ojs2\/index.php\/HistRev\/article\/view\/23367\" target=\"_blank\" rel=\"noopener\"><strong>As mem\u00f3rias e sociabilidades dos imigrantes brasileiros em suas chegadas e primeiros tempos em terras <\/strong><\/a><strong>paraguaias<br \/>\n<\/strong><\/span><span style=\"font-family: terminal, monaco, monospace;\">The memories and sociabilities of Brazilian immigrants in their arrivals and early days in Paraguayan lands<br \/>\n<\/span><span style=\"font-family: terminal, monaco, monospace;\"><em>Vanucia Gnoatto<\/em><\/span><\/p>\n<p style=\"text-align: justify;\"><strong><span style=\"font-family: terminal, monaco, monospace;\"><a href=\"https:\/\/periodicos.ufpel.edu.br\/ojs2\/index.php\/HistRev\/article\/view\/21845\" target=\"_blank\" rel=\"noopener\">Sa\u00fade e g\u00eanero: o enfrentamento citadino em Portugal \u00e0s epidemias na era moderna lusitana e a representa\u00e7\u00e3o do corpo da mulher<\/a><br \/>\n<\/span><\/strong><span style=\"font-family: terminal, monaco, monospace;\">Health and gender: the citizen address in Portugal to epidemics in the modern Lusitanian era and the representation of the woman\u2019s body<br \/>\n<\/span><span style=\"font-family: terminal, monaco, monospace;\"><em>Audrei Rodrigo da Concei\u00e7\u00e3o Pizolati<\/em><\/span><\/p>\n<p style=\"text-align: justify;\"><span style=\"font-family: terminal, monaco, monospace;\"><strong><a href=\"https:\/\/periodicos.ufpel.edu.br\/ojs2\/index.php\/HistRev\/article\/view\/22911\" target=\"_blank\" rel=\"noopener\">O sistema do padroado na comarca do Serro do Frio: a atua\u00e7\u00e3o do padre Sim\u00e3o Pacheco na par\u00f3quia de Nossa Senhora da Concei\u00e7\u00e3o da Vila do pr\u00edncipe, Minas Gerais, 1723-1776<\/a><br \/>\n<\/strong><\/span><span style=\"font-family: terminal, monaco, monospace;\">The patronage system in the Serro do Frio county: the performance of father Sim\u00e3o Pacheco in\u00a0 the Nossa Senhora da Concei\u00e7\u00e3o of the Vila do Pr\u00edncipe, Minas Gerais, 1723-1776<br \/>\n<\/span><span style=\"font-family: terminal, monaco, monospace;\"><em>Danilo Arnaldo Briskievicz<\/em><\/span><\/p>\n","protected":false},"excerpt":{"rendered":"<p>Apresenta\u00e7\u00e3o Lorena Gill Tamires Soares Micaela Scheer Combate \u00e0 carestia nas p\u00e1ginas da imprensa negra: jornal O Exemplo (Porto Alegre, 1917-1919) Fighting famine in the pages of the black press: newspaper O Exemplo (Porto Alegre, 1917-1919) Liana Severo Ribeiro Trabalhadores e repress\u00e3o no p\u00f3s-aboli\u00e7\u00e3o em Alegrete\/RS Workers and\u00a0repression in the post-abolition in Alegrete\/RS Guilherme Vargas [&hellip;]<\/p>\n","protected":false},"author":718,"featured_media":0,"parent":0,"menu_order":0,"comment_status":"closed","ping_status":"closed","template":"","meta":{"jetpack_post_was_ever_published":false,"footnotes":""},"class_list":["post-3756","page","type-page","status-publish","hentry"],"jetpack_sharing_enabled":true,"jetpack_shortlink":"https:\/\/wp.me\/P9qy4R-YA","jetpack_likes_enabled":true,"jetpack-related-posts":[],"_links":{"self":[{"href":"https:\/\/wp.ufpel.edu.br\/ndh\/wp-json\/wp\/v2\/pages\/3756","targetHints":{"allow":["GET"]}}],"collection":[{"href":"https:\/\/wp.ufpel.edu.br\/ndh\/wp-json\/wp\/v2\/pages"}],"about":[{"href":"https:\/\/wp.ufpel.edu.br\/ndh\/wp-json\/wp\/v2\/types\/page"}],"author":[{"embeddable":true,"href":"https:\/\/wp.ufpel.edu.br\/ndh\/wp-json\/wp\/v2\/users\/718"}],"replies":[{"embeddable":true,"href":"https:\/\/wp.ufpel.edu.br\/ndh\/wp-json\/wp\/v2\/comments?post=3756"}],"version-history":[{"count":12,"href":"https:\/\/wp.ufpel.edu.br\/ndh\/wp-json\/wp\/v2\/pages\/3756\/revisions"}],"predecessor-version":[{"id":3770,"href":"https:\/\/wp.ufpel.edu.br\/ndh\/wp-json\/wp\/v2\/pages\/3756\/revisions\/3770"}],"wp:attachment":[{"href":"https:\/\/wp.ufpel.edu.br\/ndh\/wp-json\/wp\/v2\/media?parent=3756"}],"curies":[{"name":"wp","href":"https:\/\/api.w.org\/{rel}","templated":true}]}}