{"id":3676,"date":"2022-05-06T09:50:06","date_gmt":"2022-05-06T12:50:06","guid":{"rendered":"https:\/\/wp.ufpel.edu.br\/ndh\/?page_id=3676"},"modified":"2022-05-09T09:36:21","modified_gmt":"2022-05-09T12:36:21","slug":"sociedade-italiana","status":"publish","type":"page","link":"https:\/\/wp.ufpel.edu.br\/ndh\/sociedade-italiana\/","title":{"rendered":"Sociedade Italiana"},"content":{"rendered":"<p style=\"text-align: justify;\"><img data-recalc-dims=\"1\" loading=\"lazy\" decoding=\"async\" data-attachment-id=\"3679\" data-permalink=\"https:\/\/wp.ufpel.edu.br\/ndh\/sociedade-italiana\/2-3\/#main\" data-orig-file=\"https:\/\/i0.wp.com\/wp.ufpel.edu.br\/ndh\/files\/2022\/05\/2.jpg?fit=793%2C1106&amp;ssl=1\" data-orig-size=\"793,1106\" data-comments-opened=\"0\" data-image-meta=\"{&quot;aperture&quot;:&quot;0&quot;,&quot;credit&quot;:&quot;&quot;,&quot;camera&quot;:&quot;&quot;,&quot;caption&quot;:&quot;&quot;,&quot;created_timestamp&quot;:&quot;1651618380&quot;,&quot;copyright&quot;:&quot;&quot;,&quot;focal_length&quot;:&quot;0&quot;,&quot;iso&quot;:&quot;0&quot;,&quot;shutter_speed&quot;:&quot;0&quot;,&quot;title&quot;:&quot;&quot;,&quot;orientation&quot;:&quot;1&quot;}\" data-image-title=\"2\" data-image-description=\"\" data-image-caption=\"\" data-medium-file=\"https:\/\/i0.wp.com\/wp.ufpel.edu.br\/ndh\/files\/2022\/05\/2.jpg?fit=228%2C318&amp;ssl=1\" data-large-file=\"https:\/\/i0.wp.com\/wp.ufpel.edu.br\/ndh\/files\/2022\/05\/2.jpg?fit=660%2C183&amp;ssl=1\" class=\"size-medium wp-image-3679 alignleft\" src=\"https:\/\/i0.wp.com\/wp.ufpel.edu.br\/ndh\/files\/2022\/05\/2.jpg?resize=228%2C318&#038;ssl=1\" alt=\"\" width=\"228\" height=\"318\" srcset=\"https:\/\/i0.wp.com\/wp.ufpel.edu.br\/ndh\/files\/2022\/05\/2.jpg?resize=228%2C318&amp;ssl=1 228w, https:\/\/i0.wp.com\/wp.ufpel.edu.br\/ndh\/files\/2022\/05\/2.jpg?resize=114%2C159&amp;ssl=1 114w, https:\/\/i0.wp.com\/wp.ufpel.edu.br\/ndh\/files\/2022\/05\/2.jpg?resize=768%2C1071&amp;ssl=1 768w, https:\/\/i0.wp.com\/wp.ufpel.edu.br\/ndh\/files\/2022\/05\/2.jpg?resize=619%2C863&amp;ssl=1 619w, https:\/\/i0.wp.com\/wp.ufpel.edu.br\/ndh\/files\/2022\/05\/2.jpg?w=793&amp;ssl=1 793w\" sizes=\"auto, (max-width: 228px) 100vw, 228px\" \/>Em Pelotas, em fins do s\u00e9culo XIX, a partir da coloniza\u00e7\u00e3o italiana em algumas localidades do munic\u00edpio e da necessidade desse conjunto de colonos organizarem-se de forma a promover sua cultura e criar condi\u00e7\u00f5es para &#8220;<em>beneficiar, proteger e socorrer os seus associados, suas esposas e filhos menores<\/em>&#8221; (Art. 1\u00ba, par\u00e1grafo 1\u00ba &#8211; Estatuto de 1902), surgem duas sociedades congregando italianos.<\/p>\n<p style=\"text-align: justify;\"><em>Em 1873, surgiu a primeira sociedade italiana pelotense, Unione e Philantropia, nas depend\u00eancias do Hotel Alian\u00e7a, a qual depois sofre uma dissid\u00eancia, com o mesmo nome. Em 1883, organizou-se a Sociedade de Socorros M\u00fatuos Circolo Garibaldi. Em fins de 1885, ocorre a fus\u00e3o entre as associa\u00e7\u00f5es italianas, criando-se a Sociedades Italianas Reunidas Unione e Philantropia e Circolo Garibaldi. Esta sociedade ter\u00e1 uma ativa participa\u00e7\u00e3o no final do s\u00e9culo XIX em Pelotas<\/em>&#8230; [<a href=\"http:\/\/repositorio.ufpel.edu.br:8080\/handle\/prefix\/3735\" target=\"_blank\" rel=\"noopener\"><strong>ver mais em Dicion\u00e1rio de Hist\u00f3ria de Pelotas<\/strong><\/a>]<\/p>\n<p style=\"text-align: justify;\">Em 17 de outubro de 1938 houve a altera\u00e7\u00e3o da designa\u00e7\u00e3o da sociedade, que passou a chamar-se <em>Societ\u00e0 Italiana Guglielmo Marconi<\/em>, conforme estatuto abaixo.<\/p>\n<p>Veja a \u00edntegra dos estatutos de 1877, 1902, 1903 e 1938 abaixo.<\/p>\n<p><a href=\"https:\/\/wp.ufpel.edu.br\/ndh\/files\/2022\/05\/Uniao-e-Philantropia-1877.pdf\" target=\"_blank\" rel=\"noopener\"><strong>Estatuto da <em>Sociedade Italiana Uni\u00e3o e Philantropia<\/em> de 1877<\/strong><\/a><\/p>\n<p><a href=\"https:\/\/wp.ufpel.edu.br\/ndh\/files\/2022\/05\/Estatuto-Sociedade-Italiana.pdf\" target=\"_blank\" rel=\"noopener\"><strong>Estatuto da <em>Sociedades Italianas Reunidas Unione e Philantropia e Circolo Garibaldi<\/em> de 1902<\/strong><\/a><\/p>\n<p><a href=\"https:\/\/wp.ufpel.edu.br\/ndh\/files\/2022\/05\/Estatuto-Sociedade-Italiana-2.pdf\" target=\"_blank\" rel=\"noopener\"><strong>Estatuto da <em>Sociedades Italianas Reunidas Unione e Philantropia e Circolo Garibaldi<\/em> de 1903<\/strong><\/a><\/p>\n<p><a href=\"https:\/\/wp.ufpel.edu.br\/ndh\/files\/2022\/05\/1938-Estatuto-Sociedade-Italiana-Guglielmo-Marconi.pdf\" target=\"_blank\" rel=\"noopener\"><strong>Estatuto da Societ\u00e0 Italiana Guglielmo Marconi de 1938<\/strong><\/a><\/p>\n<p><span style=\"color: #999999; font-size: 10pt;\">* Os documentos fazem parte de projetos de pesquisa da Profa. Beatriz Ana Loner e sua digitaliza\u00e7\u00e3o ocorreu com o aux\u00edlio da pesquisadora Elisabeth da Rosa Conill.<br \/>\n* Autorizado o uso acad\u00eamico desde que citada a fonte.<\/span><\/p>\n","protected":false},"excerpt":{"rendered":"<p>Em Pelotas, em fins do s\u00e9culo XIX, a partir da coloniza\u00e7\u00e3o italiana em algumas localidades do munic\u00edpio e da necessidade desse conjunto de colonos organizarem-se de forma a promover sua cultura e criar condi\u00e7\u00f5es para &#8220;beneficiar, proteger e socorrer os seus associados, suas esposas e filhos menores&#8221; (Art. 1\u00ba, par\u00e1grafo 1\u00ba &#8211; Estatuto de 1902), [&hellip;]<\/p>\n","protected":false},"author":718,"featured_media":0,"parent":0,"menu_order":0,"comment_status":"closed","ping_status":"closed","template":"","meta":{"jetpack_post_was_ever_published":false,"footnotes":""},"class_list":["post-3676","page","type-page","status-publish","hentry"],"jetpack_sharing_enabled":true,"jetpack_shortlink":"https:\/\/wp.me\/P9qy4R-Xi","jetpack_likes_enabled":true,"jetpack-related-posts":[],"_links":{"self":[{"href":"https:\/\/wp.ufpel.edu.br\/ndh\/wp-json\/wp\/v2\/pages\/3676","targetHints":{"allow":["GET"]}}],"collection":[{"href":"https:\/\/wp.ufpel.edu.br\/ndh\/wp-json\/wp\/v2\/pages"}],"about":[{"href":"https:\/\/wp.ufpel.edu.br\/ndh\/wp-json\/wp\/v2\/types\/page"}],"author":[{"embeddable":true,"href":"https:\/\/wp.ufpel.edu.br\/ndh\/wp-json\/wp\/v2\/users\/718"}],"replies":[{"embeddable":true,"href":"https:\/\/wp.ufpel.edu.br\/ndh\/wp-json\/wp\/v2\/comments?post=3676"}],"version-history":[{"count":10,"href":"https:\/\/wp.ufpel.edu.br\/ndh\/wp-json\/wp\/v2\/pages\/3676\/revisions"}],"predecessor-version":[{"id":3699,"href":"https:\/\/wp.ufpel.edu.br\/ndh\/wp-json\/wp\/v2\/pages\/3676\/revisions\/3699"}],"wp:attachment":[{"href":"https:\/\/wp.ufpel.edu.br\/ndh\/wp-json\/wp\/v2\/media?parent=3676"}],"curies":[{"name":"wp","href":"https:\/\/api.w.org\/{rel}","templated":true}]}}