{"id":3665,"date":"2022-04-29T11:54:14","date_gmt":"2022-04-29T14:54:14","guid":{"rendered":"https:\/\/wp.ufpel.edu.br\/ndh\/?page_id=3665"},"modified":"2022-04-29T14:13:35","modified_gmt":"2022-04-29T17:13:35","slug":"fica-ahi","status":"publish","type":"page","link":"https:\/\/wp.ufpel.edu.br\/ndh\/fica-ahi\/","title":{"rendered":"Fica Ah\u00ed"},"content":{"rendered":"<div id=\"attachment_3667\" style=\"width: 434px\" class=\"wp-caption alignleft\"><img data-recalc-dims=\"1\" loading=\"lazy\" decoding=\"async\" aria-describedby=\"caption-attachment-3667\" data-attachment-id=\"3667\" data-permalink=\"https:\/\/wp.ufpel.edu.br\/ndh\/fica-ahi\/ficaahi\/#main\" data-orig-file=\"https:\/\/i0.wp.com\/wp.ufpel.edu.br\/ndh\/files\/2022\/04\/ficaahi.png?fit=538%2C371&amp;ssl=1\" data-orig-size=\"538,371\" data-comments-opened=\"0\" data-image-meta=\"{&quot;aperture&quot;:&quot;0&quot;,&quot;credit&quot;:&quot;&quot;,&quot;camera&quot;:&quot;&quot;,&quot;caption&quot;:&quot;&quot;,&quot;created_timestamp&quot;:&quot;0&quot;,&quot;copyright&quot;:&quot;&quot;,&quot;focal_length&quot;:&quot;0&quot;,&quot;iso&quot;:&quot;0&quot;,&quot;shutter_speed&quot;:&quot;0&quot;,&quot;title&quot;:&quot;&quot;,&quot;orientation&quot;:&quot;0&quot;}\" data-image-title=\"ficaahi\" data-image-description=\"\" data-image-caption=\"&lt;p&gt;Cord\u00e3o carnavalesco Fica Ah\u00ed Pr\u00e1 Ir Dizendo&lt;br \/&gt;\nFonte: Acervo do C. C. Fica Ah\u00ed Pr\u00e1 Ir Dizendo&lt;\/p&gt;\n\" data-medium-file=\"https:\/\/i0.wp.com\/wp.ufpel.edu.br\/ndh\/files\/2022\/04\/ficaahi.png?fit=424%2C292&amp;ssl=1\" data-large-file=\"https:\/\/i0.wp.com\/wp.ufpel.edu.br\/ndh\/files\/2022\/04\/ficaahi.png?fit=538%2C220&amp;ssl=1\" class=\"size-medium wp-image-3667\" src=\"https:\/\/i0.wp.com\/wp.ufpel.edu.br\/ndh\/files\/2022\/04\/ficaahi.png?resize=424%2C292&#038;ssl=1\" alt=\"\" width=\"424\" height=\"292\" srcset=\"https:\/\/i0.wp.com\/wp.ufpel.edu.br\/ndh\/files\/2022\/04\/ficaahi.png?resize=424%2C292&amp;ssl=1 424w, https:\/\/i0.wp.com\/wp.ufpel.edu.br\/ndh\/files\/2022\/04\/ficaahi.png?resize=212%2C146&amp;ssl=1 212w, https:\/\/i0.wp.com\/wp.ufpel.edu.br\/ndh\/files\/2022\/04\/ficaahi.png?w=538&amp;ssl=1 538w\" sizes=\"auto, (max-width: 424px) 100vw, 424px\" \/><p id=\"caption-attachment-3667\" class=\"wp-caption-text\"><span style=\"font-size: 8pt;\">Cord\u00e3o carnavalesco Fica Ah\u00ed Pr\u00e1 Ir Dizendo<\/span><br \/><span style=\"font-size: 8pt;\">Fonte: Acervo do C. C. Fica Ah\u00ed Pr\u00e1 Ir Dizendo<\/span><\/p><\/div>\n<p style=\"text-align: justify;\">O NDH disponibiliza nesse espa\u00e7o atas do Clube Carnavalesco\u00a0<em>Fica Ah\u00ed Pra ir Dizendo<\/em>. Fundado em 27 de fevereiro de 1921, o cord\u00e3o carnavalesco, atualmente em funcionamento em Pelotas\/RS, completou cem anos de atividades na promo\u00e7\u00e3o e valoriza\u00e7\u00e3o cultural negra na cidade. Para outras informa\u00e7\u00f5es, acesse:<\/p>\n<p style=\"text-align: justify;\"><strong><a href=\"http:\/\/www.iphae.rs.gov.br\/Main.php?do=BensTombadosDetalhesAc&amp;item=45400\">Instituto do Patrim\u00f4nio Hist\u00f3rico e Art\u00edstico do Estado do Rio Grande do Sul<\/a><\/strong><\/p>\n<p style=\"text-align: justify;\"><a href=\"https:\/\/revistaseletronicas.pucrs.br\/ojs\/index.php\/iberoamericana\/article\/view\/5798\" target=\"_blank\" rel=\"noopener\"><strong>Ana Loner, B., &amp; Gill, L. A. (2009). Clubes carnavalescos negros na cidade de Pelotas.\u00a0<i>Estudos Ibero-Americanos<\/i>,\u00a0<i>35<\/i>(1).<\/strong><\/a><\/p>\n<p style=\"text-align: justify;\"><strong><a href=\"http:\/\/hdl.handle.net\/10183\/172963\" target=\"_blank\" rel=\"noopener\">SILVA, Fernanda Oliveira da. As lutas pol\u00edticas nos clubes negros : culturas negras, racializa\u00e7\u00e3o e cidadania na fronteira Brasil-Uruguai no p\u00f3s-aboli\u00e7\u00e3o (1870-1960). Tese (doutorado em Hist\u00f3ria). UFRGS: Porto Alegre, 2017.<\/a><\/strong><\/p>\n<p style=\"text-align: justify;\"><a href=\"https:\/\/wp.ufpel.edu.br\/ndh\/acervo-monografias\/\"><strong>CORR\u00caA, Jana\u00edna de Matos. Um mapeamento do perfil socioecon\u00f4mico dos antigos associados do Clube Fica Ah\u00ed (1970-1980). Monografia (gradua\u00e7\u00e3o em Hist\u00f3ria). UFPel: Pelotas, 2017.<\/strong><\/a><\/p>\n<p style=\"text-align: justify;\"><a href=\"https:\/\/wp.ufpel.edu.br\/ndh\/acervo-monografias\/\"><strong>SILVA, Fernanda Oliveira da. Ra\u00e7a, sociabilidade e identidade num clube pelotense: Clube Carnavalesco Negro Fica Ah\u00ed Pra Ir Dizendo (1938-1943). Monografia (gradua\u00e7\u00e3o em Hist\u00f3ria). UFPel: Pelotas, 2008.<\/strong><\/a><\/p>\n<p>Atas dispon\u00edveis:<\/p>\n<p><strong><a href=\"https:\/\/wp.ufpel.edu.br\/ndh\/files\/2022\/04\/atasficaahi402-411.pdf\" target=\"_blank\" rel=\"noopener\">Atas 402 a 411 (11\/03\/1947 a 14\/06\/1947)<\/a><\/strong><\/p>\n","protected":false},"excerpt":{"rendered":"<p>O NDH disponibiliza nesse espa\u00e7o atas do Clube Carnavalesco\u00a0Fica Ah\u00ed Pra ir Dizendo. Fundado em 27 de fevereiro de 1921, o cord\u00e3o carnavalesco, atualmente em funcionamento em Pelotas\/RS, completou cem anos de atividades na promo\u00e7\u00e3o e valoriza\u00e7\u00e3o cultural negra na cidade. Para outras informa\u00e7\u00f5es, acesse: Instituto do Patrim\u00f4nio Hist\u00f3rico e Art\u00edstico do Estado do Rio [&hellip;]<\/p>\n","protected":false},"author":718,"featured_media":0,"parent":0,"menu_order":0,"comment_status":"closed","ping_status":"closed","template":"","meta":{"jetpack_post_was_ever_published":false,"footnotes":""},"class_list":["post-3665","page","type-page","status-publish","hentry"],"jetpack_sharing_enabled":true,"jetpack_shortlink":"https:\/\/wp.me\/P9qy4R-X7","jetpack_likes_enabled":true,"jetpack-related-posts":[],"_links":{"self":[{"href":"https:\/\/wp.ufpel.edu.br\/ndh\/wp-json\/wp\/v2\/pages\/3665","targetHints":{"allow":["GET"]}}],"collection":[{"href":"https:\/\/wp.ufpel.edu.br\/ndh\/wp-json\/wp\/v2\/pages"}],"about":[{"href":"https:\/\/wp.ufpel.edu.br\/ndh\/wp-json\/wp\/v2\/types\/page"}],"author":[{"embeddable":true,"href":"https:\/\/wp.ufpel.edu.br\/ndh\/wp-json\/wp\/v2\/users\/718"}],"replies":[{"embeddable":true,"href":"https:\/\/wp.ufpel.edu.br\/ndh\/wp-json\/wp\/v2\/comments?post=3665"}],"version-history":[{"count":5,"href":"https:\/\/wp.ufpel.edu.br\/ndh\/wp-json\/wp\/v2\/pages\/3665\/revisions"}],"predecessor-version":[{"id":3672,"href":"https:\/\/wp.ufpel.edu.br\/ndh\/wp-json\/wp\/v2\/pages\/3665\/revisions\/3672"}],"wp:attachment":[{"href":"https:\/\/wp.ufpel.edu.br\/ndh\/wp-json\/wp\/v2\/media?parent=3665"}],"curies":[{"name":"wp","href":"https:\/\/api.w.org\/{rel}","templated":true}]}}