{"id":3563,"date":"2022-04-05T09:52:31","date_gmt":"2022-04-05T12:52:31","guid":{"rendered":"https:\/\/wp.ufpel.edu.br\/ndh\/?page_id=3563"},"modified":"2022-04-05T09:53:46","modified_gmt":"2022-04-05T12:53:46","slug":"como-ler-um-processo-na-jt","status":"publish","type":"page","link":"https:\/\/wp.ufpel.edu.br\/ndh\/como-ler-um-processo-na-jt\/","title":{"rendered":"Como ler um processo na JT"},"content":{"rendered":"<p>O N\u00facleo tem a guarda de mais de 93 mil processos da Justi\u00e7a do Trabalho de Pelotas.<\/p>\n<p><img data-recalc-dims=\"1\" loading=\"lazy\" decoding=\"async\" data-attachment-id=\"3565\" data-permalink=\"https:\/\/wp.ufpel.edu.br\/ndh\/como-ler-um-processo-na-jt\/1-3\/#main\" data-orig-file=\"https:\/\/i0.wp.com\/wp.ufpel.edu.br\/ndh\/files\/2022\/04\/1.png?fit=1920%2C1080&amp;ssl=1\" data-orig-size=\"1920,1080\" data-comments-opened=\"0\" data-image-meta=\"{&quot;aperture&quot;:&quot;0&quot;,&quot;credit&quot;:&quot;&quot;,&quot;camera&quot;:&quot;&quot;,&quot;caption&quot;:&quot;&quot;,&quot;created_timestamp&quot;:&quot;0&quot;,&quot;copyright&quot;:&quot;&quot;,&quot;focal_length&quot;:&quot;0&quot;,&quot;iso&quot;:&quot;0&quot;,&quot;shutter_speed&quot;:&quot;0&quot;,&quot;title&quot;:&quot;&quot;,&quot;orientation&quot;:&quot;0&quot;}\" data-image-title=\"1\" data-image-description=\"\" data-image-caption=\"\" data-medium-file=\"https:\/\/i0.wp.com\/wp.ufpel.edu.br\/ndh\/files\/2022\/04\/1.png?fit=424%2C239&amp;ssl=1\" data-large-file=\"https:\/\/i0.wp.com\/wp.ufpel.edu.br\/ndh\/files\/2022\/04\/1.png?fit=660%2C148&amp;ssl=1\" class=\"alignleft wp-image-3565 size-thumbnail\" src=\"https:\/\/i0.wp.com\/wp.ufpel.edu.br\/ndh\/files\/2022\/04\/1.png?resize=212%2C119&#038;ssl=1\" alt=\"\" width=\"212\" height=\"119\" srcset=\"https:\/\/i0.wp.com\/wp.ufpel.edu.br\/ndh\/files\/2022\/04\/1.png?resize=212%2C119&amp;ssl=1 212w, https:\/\/i0.wp.com\/wp.ufpel.edu.br\/ndh\/files\/2022\/04\/1.png?resize=424%2C239&amp;ssl=1 424w, https:\/\/i0.wp.com\/wp.ufpel.edu.br\/ndh\/files\/2022\/04\/1.png?resize=768%2C432&amp;ssl=1 768w, https:\/\/i0.wp.com\/wp.ufpel.edu.br\/ndh\/files\/2022\/04\/1.png?resize=1536%2C864&amp;ssl=1 1536w, https:\/\/i0.wp.com\/wp.ufpel.edu.br\/ndh\/files\/2022\/04\/1.png?resize=619%2C348&amp;ssl=1 619w, https:\/\/i0.wp.com\/wp.ufpel.edu.br\/ndh\/files\/2022\/04\/1.png?w=1920&amp;ssl=1 1920w, https:\/\/i0.wp.com\/wp.ufpel.edu.br\/ndh\/files\/2022\/04\/1.png?w=1320&amp;ssl=1 1320w\" sizes=\"auto, (max-width: 212px) 100vw, 212px\" \/>Esse material tem servido de fonte de pesquisa para estudos que resultam em artigos, monografias, disserta\u00e7\u00f5es e teses.<\/p>\n<p>Pensando em esclarecer d\u00favidas b\u00e1sicas sobre o tema, a equipe do N\u00facleo produziu a apresenta\u00e7\u00e3o &#8220;Como ler um processo trabalhista&#8221;.<\/p>\n<p><a href=\"https:\/\/wp.ufpel.edu.br\/ndh\/files\/2022\/04\/processos-trabalhistas.pdf\" target=\"_blank\" rel=\"noopener\">A apresenta\u00e7\u00e3o completa pode ser baixada aqui.<\/a><\/p>\n","protected":false},"excerpt":{"rendered":"<p>O N\u00facleo tem a guarda de mais de 93 mil processos da Justi\u00e7a do Trabalho de Pelotas. Esse material tem servido de fonte de pesquisa para estudos que resultam em artigos, monografias, disserta\u00e7\u00f5es e teses. Pensando em esclarecer d\u00favidas b\u00e1sicas sobre o tema, a equipe do N\u00facleo produziu a apresenta\u00e7\u00e3o &#8220;Como ler um processo trabalhista&#8221;. [&hellip;]<\/p>\n","protected":false},"author":718,"featured_media":0,"parent":0,"menu_order":0,"comment_status":"closed","ping_status":"closed","template":"","meta":{"jetpack_post_was_ever_published":false,"footnotes":""},"class_list":["post-3563","page","type-page","status-publish","hentry"],"jetpack_sharing_enabled":true,"jetpack_shortlink":"https:\/\/wp.me\/P9qy4R-Vt","jetpack_likes_enabled":true,"jetpack-related-posts":[],"_links":{"self":[{"href":"https:\/\/wp.ufpel.edu.br\/ndh\/wp-json\/wp\/v2\/pages\/3563","targetHints":{"allow":["GET"]}}],"collection":[{"href":"https:\/\/wp.ufpel.edu.br\/ndh\/wp-json\/wp\/v2\/pages"}],"about":[{"href":"https:\/\/wp.ufpel.edu.br\/ndh\/wp-json\/wp\/v2\/types\/page"}],"author":[{"embeddable":true,"href":"https:\/\/wp.ufpel.edu.br\/ndh\/wp-json\/wp\/v2\/users\/718"}],"replies":[{"embeddable":true,"href":"https:\/\/wp.ufpel.edu.br\/ndh\/wp-json\/wp\/v2\/comments?post=3563"}],"version-history":[{"count":4,"href":"https:\/\/wp.ufpel.edu.br\/ndh\/wp-json\/wp\/v2\/pages\/3563\/revisions"}],"predecessor-version":[{"id":3570,"href":"https:\/\/wp.ufpel.edu.br\/ndh\/wp-json\/wp\/v2\/pages\/3563\/revisions\/3570"}],"wp:attachment":[{"href":"https:\/\/wp.ufpel.edu.br\/ndh\/wp-json\/wp\/v2\/media?parent=3563"}],"curies":[{"name":"wp","href":"https:\/\/api.w.org\/{rel}","templated":true}]}}