{"id":3525,"date":"2022-03-25T09:39:36","date_gmt":"2022-03-25T12:39:36","guid":{"rendered":"https:\/\/wp.ufpel.edu.br\/ndh\/?page_id=3525"},"modified":"2022-04-18T10:06:08","modified_gmt":"2022-04-18T13:06:08","slug":"galeria","status":"publish","type":"page","link":"https:\/\/wp.ufpel.edu.br\/ndh\/galeria\/","title":{"rendered":"Galeria"},"content":{"rendered":"<p>Nesse espa\u00e7o o NDH divulgar\u00e1 imagens relativas a seus projetos, pesquisas e interesses.<\/p>\n<p><strong><a href=\"https:\/\/wp.ufpel.edu.br\/ndh\/historia-de-pelotas\/\">Hist\u00f3ria de Pelotas<\/a><\/strong><\/p>\n<p><strong><a href=\"https:\/\/wp.ufpel.edu.br\/ndh\/historia_ndh\/\">Hist\u00f3ria do NDH<\/a><\/strong><\/p>\n<p><a href=\"https:\/\/wp.ufpel.edu.br\/ndh\/galeria-projeto-oficios-em-extincao\/\"><strong>Projeto Of\u00edcios em Extin\u00e7\u00e3o<\/strong><\/a><\/p>\n","protected":false},"excerpt":{"rendered":"<p>Nesse espa\u00e7o o NDH divulgar\u00e1 imagens relativas a seus projetos, pesquisas e interesses. Hist\u00f3ria de Pelotas Hist\u00f3ria do NDH Projeto Of\u00edcios em Extin\u00e7\u00e3o<\/p>\n","protected":false},"author":718,"featured_media":0,"parent":0,"menu_order":0,"comment_status":"closed","ping_status":"closed","template":"","meta":{"jetpack_post_was_ever_published":false,"footnotes":""},"class_list":["post-3525","page","type-page","status-publish","hentry"],"jetpack_sharing_enabled":true,"jetpack_shortlink":"https:\/\/wp.me\/P9qy4R-UR","jetpack_likes_enabled":true,"jetpack-related-posts":[],"_links":{"self":[{"href":"https:\/\/wp.ufpel.edu.br\/ndh\/wp-json\/wp\/v2\/pages\/3525","targetHints":{"allow":["GET"]}}],"collection":[{"href":"https:\/\/wp.ufpel.edu.br\/ndh\/wp-json\/wp\/v2\/pages"}],"about":[{"href":"https:\/\/wp.ufpel.edu.br\/ndh\/wp-json\/wp\/v2\/types\/page"}],"author":[{"embeddable":true,"href":"https:\/\/wp.ufpel.edu.br\/ndh\/wp-json\/wp\/v2\/users\/718"}],"replies":[{"embeddable":true,"href":"https:\/\/wp.ufpel.edu.br\/ndh\/wp-json\/wp\/v2\/comments?post=3525"}],"version-history":[{"count":6,"href":"https:\/\/wp.ufpel.edu.br\/ndh\/wp-json\/wp\/v2\/pages\/3525\/revisions"}],"predecessor-version":[{"id":3588,"href":"https:\/\/wp.ufpel.edu.br\/ndh\/wp-json\/wp\/v2\/pages\/3525\/revisions\/3588"}],"wp:attachment":[{"href":"https:\/\/wp.ufpel.edu.br\/ndh\/wp-json\/wp\/v2\/media?parent=3525"}],"curies":[{"name":"wp","href":"https:\/\/api.w.org\/{rel}","templated":true}]}}