{"id":3512,"date":"2022-03-15T09:09:12","date_gmt":"2022-03-15T12:09:12","guid":{"rendered":"https:\/\/wp.ufpel.edu.br\/ndh\/?page_id=3512"},"modified":"2022-03-15T09:13:43","modified_gmt":"2022-03-15T12:13:43","slug":"acervos-documentais-do-ndh-ufpel","status":"publish","type":"page","link":"https:\/\/wp.ufpel.edu.br\/ndh\/acervos-documentais-do-ndh-ufpel\/","title":{"rendered":"Acervos Documentais do NDH-UFPel"},"content":{"rendered":"<p style=\"text-align: justify\"><a href=\"https:\/\/wp.ufpel.edu.br\/acervosdocumentaisndh\/apresentacao\/\" target=\"_blank\" rel=\"noopener\"><img data-recalc-dims=\"1\" height=\"400\" width=\"269\" decoding=\"async\" class=\"alignleft\" src=\"https:\/\/i0.wp.com\/wp.ufpel.edu.br\/acervosdocumentaisndh\/files\/2020\/06\/Declara%C3%A7%C3%A3o-de-Funda%C3%A7%C3%A3o-269x400.jpg?resize=269%2C400&#038;ssl=1\" \/><\/a><strong><a href=\"https:\/\/wp.ufpel.edu.br\/acervosdocumentaisndh\/apresentacao\/\" target=\"_blank\" rel=\"noopener\">Acervos Documentais do N\u00facleo de Documenta\u00e7\u00e3o Hist\u00f3rica &#8211; Prof. Beatriz Loner<\/a><\/strong>, da Universidade Federal de Pelotas, \u00e9 um projeto de extens\u00e3o vinculado ao Departamento de Hist\u00f3ria e ao Programa de P\u00f3s-Gradua\u00e7\u00e3o em\u00a0 Hist\u00f3ria da UFPel, criado em 2017.<\/p>\n<p style=\"text-align: justify\">A proposta do projeto \u00e9 organizar, catalogar e divulgar parte dos acervos documentais salvaguardados no NDH\/UFPel. Fazem parte deste projeto o Acervo da Delegacia Regional do Trabalho do Rio Grande do Sul, Acervo Hist\u00f3rico da UFPel, Acervo Imprensa, Acervo Movimentos sociais, Acervo Movimentos estudantis (no qual est\u00e1 inclu\u00eddo o Acervo do Diret\u00f3rio Central dos Estudantes da UFPel), Acervo Partidos Pol\u00edticos, Acervo Sindicatos e um Acervo de documentos diversos.<\/p>\n<p style=\"text-align: justify\">Ainda faz parte do projeto o Acervo de Revistas de not\u00edcias e entretenimento, organizado em parceria com o projeto de ensino Laborat\u00f3rio Interdisciplinar de Pesquisa e Ensino em Entretenimento e M\u00eddias \u2013 LIPEEM\/UFPel.<\/p>\n<p>Outro importante objetivo \u00e9 a disponibilidade desses materiais aos pesquisadores e \u00e0 comunidade em geral. Consulte as abas para informa\u00e7\u00f5es espec\u00edficas.<\/p>\n<ul style=\"text-align: justify\">\n<li><strong>Acervo UFPel<\/strong><\/li>\n<\/ul>\n<p style=\"text-align: justify\">O acervo UFPel cont\u00e9m documentos de diferentes origens e o cat\u00e1logo est\u00e1 sendo criado de acordo com esta divis\u00e3o. \u00c9 poss\u00edvel encontrar os fundos: reitoria, pr\u00f3-reitorias, movimentos estudantis, correspond\u00eancias (contendo tanto cartas, como e-mails impressos) informativos (jornais, panfletos, cartazes, boletins, recortes de jornais, folders, informativos e materiais de divulga\u00e7\u00e3o), Fazenda da Palma, sindicatos da institui\u00e7\u00e3o, Instituto de Ci\u00eancias Humanas (ICH), N\u00facleo de Documenta\u00e7\u00e3o Hist\u00f3rica (NDH) no qual se encontra uma divis\u00e3o somente para documentos da professora Beatriz Ana Loner, audiovisuais (slides e VHS), al\u00e9m de documentos de diversos cursos (como Direito, Medicina, Agronomia, Ci\u00eancias Sociais e Odontologia). Al\u00e9m desses, h\u00e1 documentos de outras universidades.<\/p>\n<p style=\"text-align: justify\">Para um documento ser inserido em um fundo, considera-se a sua origem, quem o fez e qual o tipo documental que ele pertence. Se h\u00e1 um of\u00edcio, produzido pela reitoria e encaminhado para o Instituto de Ci\u00eancias Humanas, por exemplo, ele ser\u00e1 classificado no fundo da reitoria. Dessa forma, catalogando e dividindo o acervo, a pesquisa e a an\u00e1lise se tornam mais f\u00e1ceis. Um pesquisador, ao chegar ao acervo da UFPel, poder\u00e1 solicitar um documento espec\u00edfico (como a ata de funda\u00e7\u00e3o da Faculdade de Medicina) ou um fundo espec\u00edfico (as correspond\u00eancias da institui\u00e7\u00e3o, por exemplo).<\/p>\n<ul style=\"text-align: justify\">\n<li><strong>Revistas de Not\u00edcias e Entretenimento<\/strong><\/li>\n<\/ul>\n<p style=\"text-align: justify\">O acervo das Revistas de Entretenimento e Not\u00edcias pertence ao LIPEEM\/UFPel. \u00c9 constitu\u00eddo por um material dispon\u00edvel para a constru\u00e7\u00e3o de debates e reflex\u00f5es sobre o uso das m\u00eddias nas pr\u00e1ticas de ensino e pesquisa. Nesse acervo encontram-se peri\u00f3dicos como\u00a0<em>Uni\u00e3o Sovi\u00e9tica em Foco, Carta Capital, Exame, Cadernos do Terceiro Mundo, Bundas, Revista do Globo, Novos Estudos, Isto\u00c9, Isto\u00c9 Senhor, Caros Amigos<\/em>, entre outros t\u00edtulos. Ainda nesse acervo, podemos encontrar revistas que tiveram circula\u00e7\u00e3o por toda a Am\u00e9rica Latina, al\u00e9m do Brasil, como por exemplo, as revistas\u00a0<em>Leopl\u00e1n\u00a0\u2013\u00a0<\/em>Magazine Popular Argentina,\u00a0<em>Educadores del Mundo<\/em>,\u00a0<em>Time<\/em>\u00a0(revistas de Chicago e New York, nos Estados Unidos),<em>\u00a0Feminaria\u00a0<\/em>(tamb\u00e9m origin\u00e1ria da Argentina),\u00a0<em>Shalom<\/em>, entre outras. Os exemplares aqui citados e os demais que comp\u00f5em esse acervo est\u00e3o devidamente acondicionados e organizados em um cat\u00e1logo com suas especifica\u00e7\u00f5es individuais.<\/p>\n<p style=\"text-align: justify\">Outro acervo dispon\u00edvel \u00e9 o da revista\u00a0<em>Veja<\/em>, o qual possui cerca de 1550 n\u00fameros, tamb\u00e9m devidamente acondicionados em cerca de 50 caixas e com todos os seus exemplares organizados em um cat\u00e1logo digital. O acervo da\u00a0<em>Veja<\/em>\u00a0cont\u00e9m exemplares desde o ano da funda\u00e7\u00e3o da revista, em 1968, at\u00e9 peri\u00f3dicos do ano de 2007. Al\u00e9m disso, h\u00e1 tamb\u00e9m edi\u00e7\u00f5es especiais e complementares que fazem parte desse acervo da Veja.<\/p>\n<p style=\"text-align: justify\">A partir dos cat\u00e1logos constru\u00eddos com os documentos de cada um dos acervos citados anteriormente, \u00e9 poss\u00edvel realizar in\u00fameras pesquisas, principalmente com a abordagem da import\u00e2ncia das m\u00eddias e, mais especificamente, das revistas, como fontes hist\u00f3ricas.<\/p>\n<ul style=\"text-align: justify\">\n<li><strong>Movimentos Estudantis<\/strong><\/li>\n<\/ul>\n<p style=\"text-align: justify\">O acervo Movimentos Estudantis re\u00fane os documentos do Diret\u00f3rio Acad\u00eamico dos Estudantes da Universidade Federal de Pelotas (posteriormente renomeado para Diret\u00f3rio Central dos Estudantes), e do Diret\u00f3rio Acad\u00eamico do CEFET-RS (atual Instituto Federal Sul-Rio-Grandense Campus Pelotas-IFSul). Com a reorganiza\u00e7\u00e3o do conjunto de acervos do NDH\/UFPel, outros documentos foram incorporados, como aqueles oriundos de centros e diret\u00f3rios acad\u00eamicos de cursos da UFPel.<\/p>\n<p style=\"text-align: justify\">Entre os anos de 2010 e 2011, sob a coordena\u00e7\u00e3o da professora M\u00e1rcia Janete Espig, com participa\u00e7\u00e3o da professora Ana Inez Klein e discentes do curso de Bacharelado em Hist\u00f3ria da UFPel, o acervo do DCE foi higienizado, organizado e catalogado. Atualmente o Acervo est\u00e1 armazenado em 44 caixas identificadas entre os n\u00fameros 350 e 394.<\/p>\n<ul style=\"text-align: justify\">\n<li><strong>Imprensa<\/strong><\/li>\n<\/ul>\n<p style=\"text-align: justify\">O acervo da Imprensa \u00e9 um dos que constituem o Projeto de Extens\u00e3o \u201cAcervos Documentais do N\u00facleo de Documenta\u00e7\u00e3o Hist\u00f3ria da Universidade Federal de Pelotas\u201d. Nesse acervo est\u00e3o presentes exemplares de v\u00e1rios jornais, apresentando um material diversificado. Alguns exemplos de jornais que constituem esse acervo s\u00e3o:\u00a0<em>Movimento<\/em>, que apresenta n\u00fameros entre os anos de 1975 e 1981,\u00a0<em>Pasquim,\u00a0Tribuna Metal\u00fagica<\/em>\u00a0(com edi\u00e7\u00f5es que compreendem os anos de 1989 a 1997),\u00a0<em>Voz da Unidade, Afro-Am\u00e9rica Latina Versus, Hora do Povo, Em Tempo,\u00a0<\/em>entre outros.<\/p>\n<p style=\"text-align: justify\">O acervo relativo \u00e0 hist\u00f3ria da imprensa ainda est\u00e1 em seu processo inicial de organiza\u00e7\u00e3o e cataloga\u00e7\u00e3o \u2013 devido a grande quantidade de material que o comp\u00f5e \u2013 sendo esses procedimentos realizados individualmente para cada documento. Na confec\u00e7\u00e3o do cat\u00e1logo est\u00e3o dispostas as seguintes informa\u00e7\u00f5es sobre os documentos: a caixa em que estava localizado o jornal, seu tipo documental, o t\u00edtulo do jornal, a mat\u00e9ria de destaque na capa, sua origem, data e n\u00famero de edi\u00e7\u00e3o, bem como a cidade e ano de circula\u00e7\u00e3o de cada um dos t\u00edtulos.<\/p>\n<ul style=\"text-align: justify\">\n<li><strong>Movimentos Sociais<\/strong><\/li>\n<\/ul>\n<p style=\"text-align: justify\">O Acervo Movimentos Sociais foi criado a partir da reorganiza\u00e7\u00e3o do conjunto documental do NDH\/UFPel iniciado em 2018. Nele est\u00e3o agrupados documentos de tem\u00e1ticas variadas, como o Movimento Diretas J\u00e1, a Constituinte de 1988, o F\u00f3rum Social Mundial de 2001, realizado em Porto Alegre-RS, e um clipping sobre o Movimento dos Trabalhadores Rurais Sem Terra. Este acervo ainda est\u00e1 em fase de estrutura\u00e7\u00e3o e a documenta\u00e7\u00e3o n\u00e3o est\u00e1\u00a0 catalogada.<\/p>\n<ul style=\"text-align: justify\">\n<li><strong>Partidos Pol\u00edticos<\/strong><\/li>\n<\/ul>\n<p style=\"text-align: justify\">O acervo Partidos Pol\u00edticos \u00e9 formado por documentos variados, tais como: folhetos, informativos, jornais, correspond\u00eancias, material de divulga\u00e7\u00e3o de campanhas eleitorais (santinhos) e b\u00f3tons recebidos da sede municipal de Pelotas do Partido dos Trabalhadores. Neste acervo tamb\u00e9m est\u00e1 salvaguardado documenta\u00e7\u00e3o do Partido Comunista do Brasil. Toda a documenta\u00e7\u00e3o est\u00e1 armazenada em\u00a0 27 caixas e ainda n\u00e3o est\u00e1 catalogada.<\/p>\n<ul style=\"text-align: justify\">\n<li><strong>Sindicatos<\/strong><\/li>\n<\/ul>\n<p style=\"text-align: justify\">O acervo Sindicatos \u00e9 composto por cerca de 40 caixas-arquivo. Ele foi constitu\u00eddo por arquivos doados ao longo dos anos 1990 por diversos sindicatos e tamb\u00e9m por particulares. Atualmente h\u00e1 documentos referentes a 13 sindicatos. Dentre eles, a Central \u00danica dos Trabalhadores (CUT), o Centro dos Professores do Estado do Rio Grande do Sul (CPERS), o Sindicato Nacional dos Docentes das Institui\u00e7\u00f5es de Ensino Superior (ANDES), o Sindicato dos Servidos da Universidade Federal de Pelotas (ASUFPel), \u00a0a Associa\u00e7\u00e3o dos docentes da Universidade Federal de Pelotas\/sess\u00e3o sindical do ANDES (ADUFPel), o Sindicato dos Banc\u00e1rios, o Sindicato dos Associados do Banco do Brasil, a Federa\u00e7\u00e3o de Sindicato de Trabalhadores em Educa\u00e7\u00e3o das Universidades Brasileiras (FASUBRA), o Sindicato das Ind\u00fastria de Tecelagem e o Sindicato dos Trabalhadores da Ind\u00fastria de Alimenta\u00e7\u00e3o de Pelotas. O acervo da CUT possui o maior n\u00famero de documentos e j\u00e1 possui um cat\u00e1logo pr\u00e9vio de sua documenta\u00e7\u00e3o enquanto os demais ainda est\u00e3o em processo de organiza\u00e7\u00e3o.<\/p>\n<ul style=\"text-align: justify\">\n<li><strong>Diversos<\/strong><\/li>\n<\/ul>\n<p style=\"text-align: justify\">O acervo denominado Diversos \u00e9 composto por documentos que, em meio ao processo de organiza\u00e7\u00e3o dos demais fundos documentais, n\u00e3o entraram em nenhuma das classifica\u00e7\u00f5es que foram pr\u00e9-estabelecidas pela equipe nos demais acervos. A partir disso, decidiu-se formar esse fundo, o qual se caracteriza com documentos das mais variadas origens e tipos. Alguns exemplos que o comp\u00f5em s\u00e3o folhetos, p\u00f4steres, folders, resolu\u00e7\u00f5es, cadernos (para discuss\u00f5es, de resumos, especiais\u2026), boletins, boletins informativos, relat\u00f3rios, suplementos, informativos, almanaques, pastas, artigos, biografias, listas, mapas, livros, manifestos, guias, entre outros tantos tipos documentais. Al\u00e9m disso, dentro do acervo Diversos, tamb\u00e9m encontramos algumas revistas, as quais n\u00e3o est\u00e3o catalogadas no acervo de Revistas de Entretenimento e Not\u00edcias devido ao seu car\u00e1ter jornal\u00edstico e\/ou acad\u00eamico, sendo alguns exemplos<em>\u00a0Usina Centre for Latin America Studies, Grandes Personagens da\u00a0<\/em><em>Nossa Hist\u00f3ria, Circuito<\/em>, entre outros.<\/p>\n<p style=\"text-align: justify\">Atualmente os documentos est\u00e3o sendo organizados nas caixas seguindo a orienta\u00e7\u00e3o dos seus tipos documentais, dada a diversidade que o pr\u00f3prio nome do acervo demonstra estar presente. Al\u00e9m disso, est\u00e1 sendo organizado um cat\u00e1logo, no qual est\u00e3o presentes as seguintes informa\u00e7\u00f5es sobre cada documento: a caixa em que est\u00e1 localizado, seu tipo ou arranjo documental, t\u00edtulo, origem, ano, edi\u00e7\u00e3o, n\u00famero de exemplares e um campo para poss\u00edveis observa\u00e7\u00f5es que n\u00e3o se encaixam nos itens anteriores e que sejam relevantes para a preserva\u00e7\u00e3o do documento ou para posteriores pesquisas no acervo.<\/p>\n<p style=\"text-align: center\"><strong><a href=\"https:\/\/wp.ufpel.edu.br\/acervosdocumentaisndh\/apresentacao\/\" target=\"_blank\" rel=\"noopener\">| Acesse mais informa\u00e7\u00f5es aqui |\u00a0<\/a><\/strong><\/p>\n","protected":false},"excerpt":{"rendered":"<p>Acervos Documentais do N\u00facleo de Documenta\u00e7\u00e3o Hist\u00f3rica &#8211; Prof. Beatriz Loner, da Universidade Federal de Pelotas, \u00e9 um projeto de extens\u00e3o vinculado ao Departamento de Hist\u00f3ria e ao Programa de P\u00f3s-Gradua\u00e7\u00e3o em\u00a0 Hist\u00f3ria da UFPel, criado em 2017. A proposta do projeto \u00e9 organizar, catalogar e divulgar parte dos acervos documentais salvaguardados no NDH\/UFPel. Fazem [&hellip;]<\/p>\n","protected":false},"author":718,"featured_media":0,"parent":0,"menu_order":0,"comment_status":"closed","ping_status":"closed","template":"","meta":{"jetpack_post_was_ever_published":false,"footnotes":""},"class_list":["post-3512","page","type-page","status-publish","hentry"],"jetpack_sharing_enabled":true,"jetpack_shortlink":"https:\/\/wp.me\/P9qy4R-UE","jetpack_likes_enabled":true,"jetpack-related-posts":[],"_links":{"self":[{"href":"https:\/\/wp.ufpel.edu.br\/ndh\/wp-json\/wp\/v2\/pages\/3512","targetHints":{"allow":["GET"]}}],"collection":[{"href":"https:\/\/wp.ufpel.edu.br\/ndh\/wp-json\/wp\/v2\/pages"}],"about":[{"href":"https:\/\/wp.ufpel.edu.br\/ndh\/wp-json\/wp\/v2\/types\/page"}],"author":[{"embeddable":true,"href":"https:\/\/wp.ufpel.edu.br\/ndh\/wp-json\/wp\/v2\/users\/718"}],"replies":[{"embeddable":true,"href":"https:\/\/wp.ufpel.edu.br\/ndh\/wp-json\/wp\/v2\/comments?post=3512"}],"version-history":[{"count":5,"href":"https:\/\/wp.ufpel.edu.br\/ndh\/wp-json\/wp\/v2\/pages\/3512\/revisions"}],"predecessor-version":[{"id":3517,"href":"https:\/\/wp.ufpel.edu.br\/ndh\/wp-json\/wp\/v2\/pages\/3512\/revisions\/3517"}],"wp:attachment":[{"href":"https:\/\/wp.ufpel.edu.br\/ndh\/wp-json\/wp\/v2\/media?parent=3512"}],"curies":[{"name":"wp","href":"https:\/\/api.w.org\/{rel}","templated":true}]}}