{"id":3306,"date":"2021-11-26T10:37:02","date_gmt":"2021-11-26T13:37:02","guid":{"rendered":"https:\/\/wp.ufpel.edu.br\/ndh\/?page_id=3306"},"modified":"2021-11-26T10:37:50","modified_gmt":"2021-11-26T13:37:50","slug":"hr-27-1-dez-2021","status":"publish","type":"page","link":"https:\/\/wp.ufpel.edu.br\/ndh\/hr-27-1-dez-2021\/","title":{"rendered":"HR (27\/1 &#8211; Dez. 2021)"},"content":{"rendered":"<p><span style=\"font-family: helvetica, arial, sans-serif\"><a href=\"https:\/\/periodicos.ufpel.edu.br\/ojs2\/index.php\/HistRev\/index\" target=\"_blank\" rel=\"noopener\"><img data-recalc-dims=\"1\" loading=\"lazy\" decoding=\"async\" data-attachment-id=\"3309\" data-permalink=\"https:\/\/wp.ufpel.edu.br\/ndh\/hr-27-1-dez-2021\/folha-de-rosto-4\/#main\" data-orig-file=\"https:\/\/i0.wp.com\/wp.ufpel.edu.br\/ndh\/files\/2021\/11\/folha-de-rosto.png?fit=2408%2C3004&amp;ssl=1\" data-orig-size=\"2408,3004\" data-comments-opened=\"0\" data-image-meta=\"{&quot;aperture&quot;:&quot;0&quot;,&quot;credit&quot;:&quot;&quot;,&quot;camera&quot;:&quot;&quot;,&quot;caption&quot;:&quot;&quot;,&quot;created_timestamp&quot;:&quot;0&quot;,&quot;copyright&quot;:&quot;&quot;,&quot;focal_length&quot;:&quot;0&quot;,&quot;iso&quot;:&quot;0&quot;,&quot;shutter_speed&quot;:&quot;0&quot;,&quot;title&quot;:&quot;&quot;,&quot;orientation&quot;:&quot;0&quot;}\" data-image-title=\"folha de rosto\" data-image-description=\"\" data-image-caption=\"\" data-medium-file=\"https:\/\/i0.wp.com\/wp.ufpel.edu.br\/ndh\/files\/2021\/11\/folha-de-rosto.png?fit=255%2C318&amp;ssl=1\" data-large-file=\"https:\/\/i0.wp.com\/wp.ufpel.edu.br\/ndh\/files\/2021\/11\/folha-de-rosto.png?fit=660%2C148&amp;ssl=1\" class=\"alignleft size-medium wp-image-3309\" src=\"https:\/\/i0.wp.com\/wp.ufpel.edu.br\/ndh\/files\/2021\/11\/folha-de-rosto.png?resize=255%2C318&#038;ssl=1\" alt=\"\" width=\"255\" height=\"318\" srcset=\"https:\/\/i0.wp.com\/wp.ufpel.edu.br\/ndh\/files\/2021\/11\/folha-de-rosto.png?resize=255%2C318&amp;ssl=1 255w, https:\/\/i0.wp.com\/wp.ufpel.edu.br\/ndh\/files\/2021\/11\/folha-de-rosto.png?resize=127%2C159&amp;ssl=1 127w, https:\/\/i0.wp.com\/wp.ufpel.edu.br\/ndh\/files\/2021\/11\/folha-de-rosto.png?resize=768%2C958&amp;ssl=1 768w, https:\/\/i0.wp.com\/wp.ufpel.edu.br\/ndh\/files\/2021\/11\/folha-de-rosto.png?resize=1231%2C1536&amp;ssl=1 1231w, https:\/\/i0.wp.com\/wp.ufpel.edu.br\/ndh\/files\/2021\/11\/folha-de-rosto.png?resize=1642%2C2048&amp;ssl=1 1642w, https:\/\/i0.wp.com\/wp.ufpel.edu.br\/ndh\/files\/2021\/11\/folha-de-rosto.png?resize=619%2C772&amp;ssl=1 619w, https:\/\/i0.wp.com\/wp.ufpel.edu.br\/ndh\/files\/2021\/11\/folha-de-rosto.png?w=1320&amp;ssl=1 1320w, https:\/\/i0.wp.com\/wp.ufpel.edu.br\/ndh\/files\/2021\/11\/folha-de-rosto.png?w=1980&amp;ssl=1 1980w\" sizes=\"auto, (max-width: 255px) 100vw, 255px\" \/><\/a><strong><a href=\"https:\/\/periodicos.ufpel.edu.br\/ojs2\/index.php\/HistRev\/issue\/view\/1073\/showToc\" target=\"_blank\" rel=\"noopener\">Apresenta\u00e7\u00e3o<\/a> <\/strong>[Introduction]<br \/>\n<\/span><span style=\"font-family: helvetica, arial, sans-serif\"><strong><em>Darlan De Mamann Marchi<\/em><\/strong><strong><em> | Luciana da Costa de Oliveira<\/em><\/strong><\/span><\/p>\n<p>&nbsp;<\/p>\n<p style=\"text-align: right\"><span style=\"font-family: helvetica, arial, sans-serif\"><strong>Acervos e espa\u00e7os de arte e mem\u00f3ria<\/strong><\/span><\/p>\n<p><span style=\"font-family: helvetica, arial, sans-serif\"><a href=\"https:\/\/periodicos.ufpel.edu.br\/ojs2\/index.php\/HistRev\/article\/view\/22012\" target=\"_blank\" rel=\"noopener\"><strong>A po\u00e9tica da carne dilacerada em Trouxas Ensaguentadas <\/strong><\/a>[The poetics of the torn flesh in Bloody Bundles]<br \/>\n<\/span><span style=\"font-family: helvetica, arial, sans-serif\"><strong><em>Jacqueline Cust\u00f3dio<\/em><\/strong><\/span><\/p>\n<p><span style=\"font-family: helvetica, arial, sans-serif\"><a href=\"https:\/\/periodicos.ufpel.edu.br\/ojs2\/index.php\/HistRev\/article\/view\/21327\" target=\"_blank\" rel=\"noopener\"><strong>A pinacoteca do Museu J\u00falio de Castilhos: Galeria de vultos, fatos e lugares (1925-1939) <\/strong><\/a>[The J\u00falio de Castilhos museum&#8217;s art gallery: gallery of figures, facts and places (1925-1939)]<br \/>\n<\/span><span style=\"font-family: helvetica, arial, sans-serif\"><strong><em>Ana Celina Figueira da Figueira da Silva<\/em><\/strong><\/span><\/p>\n<p style=\"text-align: right\"><span style=\"font-family: helvetica, arial, sans-serif\"><strong><br \/>\nArte, imagem e patrim\u00f4nio<\/strong><\/span><\/p>\n<p><span style=\"font-family: helvetica, arial, sans-serif\"><a href=\"https:\/\/periodicos.ufpel.edu.br\/ojs2\/index.php\/HistRev\/article\/view\/22013\" target=\"_blank\" rel=\"noopener\"><strong>Relatos e imagens de uma n\u00e3o-viagem: o ga\u00facho na obra de Jean-Baptiste Debret <\/strong><\/a>[<\/span><span style=\"font-family: helvetica, arial, sans-serif\">Reports and images of a non-trip: the gaucho in the work of Jean-Baptiste Debret]<br \/>\n<\/span><span style=\"font-family: helvetica, arial, sans-serif\"><strong><em>Luciana da Costa de Oliveira<\/em><\/strong><\/span><\/p>\n<p><span style=\"font-family: helvetica, arial, sans-serif\"><a href=\"https:\/\/periodicos.ufpel.edu.br\/ojs2\/index.php\/HistRev\/article\/view\/22014\" target=\"_blank\" rel=\"noopener\"><strong>Entre a arte e a t\u00e9cnica: a fotografia como suporte memorial em S\u00e3o Miguel das Miss\u00f5es\/RS <\/strong><\/a>[Between art and technique: photography as meorial supprt in S\u00e3o Miguel das Miss\u00f5es\/RS<\/span><span style=\"font-family: helvetica, arial, sans-serif\">]<br \/>\n<\/span><span style=\"font-family: helvetica, arial, sans-serif\"><strong><em>Ivo Canabarro <\/em><\/strong><strong>|<em> Juliani Borchardt da Silva | Noli Bernardo Hahn<\/em><\/strong><\/span><\/p>\n<p style=\"text-align: right\"><span style=\"font-family: helvetica, arial, sans-serif\"><strong><br \/>\nEspa\u00e7os da mem\u00f3ria e lugares do patrim\u00f4nio<\/strong><\/span><\/p>\n<p><span style=\"font-family: helvetica, arial, sans-serif\"><a href=\"https:\/\/periodicos.ufpel.edu.br\/ojs2\/index.php\/HistRev\/article\/view\/22015\" target=\"_blank\" rel=\"noopener\"><strong>O pr\u00e9dio do Arsenal de Guerra de Porto Alegre e a Guerra da Tr\u00edplice Alian\u00e7a e o Paraguai: (novas) narrativas hist\u00f3ricas e a ressignifica\u00e7\u00e3o do patrim\u00f4nio edificado <\/strong><\/a>[<\/span><span style=\"font-family: helvetica, arial, sans-serif\">The war arsenal building in Porto Alegre and the\u00a0 Triple Alliance War and Paraguay: (NEW) Historical\u00a0 Narratives and resignification of built assets]<br \/>\n<\/span><span style=\"font-family: helvetica, arial, sans-serif\"><strong><em>Ianko Bett | Paula Nat\u00e1lia Laux<\/em><\/strong><\/span><\/p>\n<p><span style=\"font-family: helvetica, arial, sans-serif\"><a href=\"https:\/\/periodicos.ufpel.edu.br\/ojs2\/index.php\/HistRev\/article\/view\/22016\" target=\"_blank\" rel=\"noopener\"><strong>O Parque Souza Soares: espa\u00e7o de representa\u00e7\u00e3o e simbologia no enlace entre mundos <\/strong><\/a>[<\/span><span style=\"font-family: helvetica, arial, sans-serif\">Souza Soares Park (Pelotas, RS): space of representation and symbology in the link between worlds]<br \/>\n<\/span><span style=\"font-family: helvetica, arial, sans-serif\"><strong><em>Larissa Patron Chaves | M\u00f4nica Lucas Leal de Macedo<\/em><\/strong><\/span><\/p>\n<p><span style=\"font-family: helvetica, arial, sans-serif\"><a href=\"https:\/\/periodicos.ufpel.edu.br\/ojs2\/index.php\/HistRev\/article\/view\/22017\" target=\"_blank\" rel=\"noopener\"><strong>Funk: um ritmo musical controverso e multicultural para nosso patrim\u00f4nio <\/strong><\/a>[<\/span><span style=\"font-family: helvetica, arial, sans-serif\">Funk: a controversial and multicultural musical rhythm to our heritage]<br \/>\n<\/span><span style=\"font-family: helvetica, arial, sans-serif\"><strong><em>Marcos Paulo Moraes Oliveira<\/em><\/strong><\/span><\/p>\n","protected":false},"excerpt":{"rendered":"<p>Apresenta\u00e7\u00e3o [Introduction] Darlan De Mamann Marchi | Luciana da Costa de Oliveira &nbsp; Acervos e espa\u00e7os de arte e mem\u00f3ria A po\u00e9tica da carne dilacerada em Trouxas Ensaguentadas [The poetics of the torn flesh in Bloody Bundles] Jacqueline Cust\u00f3dio A pinacoteca do Museu J\u00falio de Castilhos: Galeria de vultos, fatos e lugares (1925-1939) [The J\u00falio [&hellip;]<\/p>\n","protected":false},"author":718,"featured_media":0,"parent":0,"menu_order":0,"comment_status":"closed","ping_status":"closed","template":"","meta":{"jetpack_post_was_ever_published":false,"footnotes":""},"class_list":["post-3306","page","type-page","status-publish","hentry"],"jetpack_sharing_enabled":true,"jetpack_shortlink":"https:\/\/wp.me\/P9qy4R-Rk","jetpack_likes_enabled":true,"jetpack-related-posts":[],"_links":{"self":[{"href":"https:\/\/wp.ufpel.edu.br\/ndh\/wp-json\/wp\/v2\/pages\/3306","targetHints":{"allow":["GET"]}}],"collection":[{"href":"https:\/\/wp.ufpel.edu.br\/ndh\/wp-json\/wp\/v2\/pages"}],"about":[{"href":"https:\/\/wp.ufpel.edu.br\/ndh\/wp-json\/wp\/v2\/types\/page"}],"author":[{"embeddable":true,"href":"https:\/\/wp.ufpel.edu.br\/ndh\/wp-json\/wp\/v2\/users\/718"}],"replies":[{"embeddable":true,"href":"https:\/\/wp.ufpel.edu.br\/ndh\/wp-json\/wp\/v2\/comments?post=3306"}],"version-history":[{"count":6,"href":"https:\/\/wp.ufpel.edu.br\/ndh\/wp-json\/wp\/v2\/pages\/3306\/revisions"}],"predecessor-version":[{"id":3314,"href":"https:\/\/wp.ufpel.edu.br\/ndh\/wp-json\/wp\/v2\/pages\/3306\/revisions\/3314"}],"wp:attachment":[{"href":"https:\/\/wp.ufpel.edu.br\/ndh\/wp-json\/wp\/v2\/media?parent=3306"}],"curies":[{"name":"wp","href":"https:\/\/api.w.org\/{rel}","templated":true}]}}