{"id":3276,"date":"2021-10-07T14:36:06","date_gmt":"2021-10-07T17:36:06","guid":{"rendered":"https:\/\/wp.ufpel.edu.br\/ndh\/?page_id=3276"},"modified":"2022-03-29T15:30:41","modified_gmt":"2022-03-29T18:30:41","slug":"covid-19","status":"publish","type":"page","link":"https:\/\/wp.ufpel.edu.br\/ndh\/covid-19\/","title":{"rendered":"COVID &#8211; 19 (Instrumentos de Trabalho)"},"content":{"rendered":"<p style=\"text-align: justify\">O <a href=\"https:\/\/wp.ufpel.edu.br\/petdiversidade\/\" target=\"_blank\" rel=\"noopener\"><strong>PET Diversidade e Toler\u00e2ncia (PET\/DT)<\/strong><\/a>, desde que foi decretada a necessidade de atividades remotas, no dia 16 de mar\u00e7o de 2020, passou a realizar alguns estudos relacionados \u00e0 pandemia de Covid-19. Para isso utilizou um formul\u00e1rio Google, com quest\u00f5es fechadas e abertas, as quais possibilitavam a constru\u00e7\u00e3o de pequenas narrativas. A divulga\u00e7\u00e3o do material se deu a partir das redes sociais do PET\/DT.<\/p>\n<p style=\"text-align: justify\">O primeiro deles envolveu alunos e alunas da UFPel e obteve, na primeira fase, 444 respostas (abril e julho de 2020) e na segunda, 169 respostas (setembro e novembro de 2020). Relacionado \u00e0 primeira fase foi publicado, na Hist\u00f3ria em Revista, um artigo intitulado: \u201cS<a href=\"https:\/\/periodicos.ufpel.edu.br\/ojs2\/index.php\/HistRev\/article\/view\/20622\" target=\"_blank\" rel=\"noopener\"><strong>into falta de abra\u00e7os: Os impactos da pandemia de Covid-19 na vida cotidiana dos alunos e alunas da UFPel<\/strong><\/a>\u201d, de Oliveira, Langhanz e Gill (2020).<\/p>\n<p style=\"text-align: justify\">Logo em seguida, o formul\u00e1rio foi ampliado para todos os moradores da cidade de Pelotas, recebendo 1535 respostas para a primeira fase (abril e julho de 2020) e 449 para a segunda (setembro e novembro de 2020). Essa pesquisa buscou observar as mudan\u00e7as no comportamento das pessoas que vivem em Pelotas durante o per\u00edodo de isolamento social. O isolamento foi uma das principais medidas adotadas para o controle da dissemina\u00e7\u00e3o do v\u00edrus da COVID-19. O estudo, portanto, pretendeu avaliar os impactos causados no \u00e2mbito econ\u00f4mico, psicol\u00f3gico, cultural e social da popula\u00e7\u00e3o da cidade de Pelotas.<\/p>\n<p style=\"text-align: justify\">Tamb\u00e9m fazem partes dos trabalhos relacionados \u00e0 pandemia o livreto do &#8220;<strong><a href=\"https:\/\/wp.ufpel.edu.br\/petdiversidade\/2021\/07\/21\/diario-de-pandemia-minhas-historias-minhas-saudades\/\" target=\"_blank\" rel=\"noopener\">Di\u00e1rio de Pandemia: minhas hist\u00f3rias, minhas saudades &#8211; Parte I<\/a><\/strong>&#8220;, organizado pelas petianas Li\u00e9sia Rutz e Luana Durante, juntamente com a tutora Lorena Gill. O di\u00e1rio foi constru\u00eddo a partir dos registros dos idosos no \u00e2mbito do Curso I de Atualiza\u00e7\u00e3o da UNAPI\/UFPel. A atividade foi desenvolvida pelo PET-DT em parceria com a UNAPI.<\/p>\n<p style=\"text-align: justify\">Nesse espa\u00e7o, divulgaremos uma compila\u00e7\u00e3o com os dados coletados a partir do formul\u00e1rio do Google, para que os mesmos possam servir como instrumento de trabalho a pesquisas futuras. Para acessar o documento basta clicar no t\u00edtulo abaixo.<\/p>\n<p style=\"text-align: justify\"><strong><a href=\"https:\/\/wp.ufpel.edu.br\/ndh\/files\/2021\/11\/covid_pelotas_fase_1.pdf\" target=\"_blank\" rel=\"noopener\">Os impactos da pandemia da COVID-19 na vida social, econ\u00f4mica, cultural e psicol\u00f3gica dos moradores da cidade de Pelotas (primeira fase)<\/a><\/strong><\/p>\n<p><strong><a href=\"https:\/\/wp.ufpel.edu.br\/ndh\/files\/2022\/03\/Diario-de-Pandemia-Minhas-Historias-Minhas-Saudades-Parte-I.pdf\" target=\"_blank\" rel=\"noopener\">Di\u00e1rio de Pandemia: minhas hist\u00f3rias, minhas saudades &#8211; Parte I<\/a><\/strong><\/p>\n","protected":false},"excerpt":{"rendered":"<p>O PET Diversidade e Toler\u00e2ncia (PET\/DT), desde que foi decretada a necessidade de atividades remotas, no dia 16 de mar\u00e7o de 2020, passou a realizar alguns estudos relacionados \u00e0 pandemia de Covid-19. Para isso utilizou um formul\u00e1rio Google, com quest\u00f5es fechadas e abertas, as quais possibilitavam a constru\u00e7\u00e3o de pequenas narrativas. A divulga\u00e7\u00e3o do material [&hellip;]<\/p>\n","protected":false},"author":718,"featured_media":0,"parent":0,"menu_order":0,"comment_status":"closed","ping_status":"closed","template":"","meta":{"jetpack_post_was_ever_published":false,"footnotes":""},"class_list":["post-3276","page","type-page","status-publish","hentry"],"jetpack_sharing_enabled":true,"jetpack_shortlink":"https:\/\/wp.me\/P9qy4R-QQ","jetpack_likes_enabled":true,"jetpack-related-posts":[],"_links":{"self":[{"href":"https:\/\/wp.ufpel.edu.br\/ndh\/wp-json\/wp\/v2\/pages\/3276","targetHints":{"allow":["GET"]}}],"collection":[{"href":"https:\/\/wp.ufpel.edu.br\/ndh\/wp-json\/wp\/v2\/pages"}],"about":[{"href":"https:\/\/wp.ufpel.edu.br\/ndh\/wp-json\/wp\/v2\/types\/page"}],"author":[{"embeddable":true,"href":"https:\/\/wp.ufpel.edu.br\/ndh\/wp-json\/wp\/v2\/users\/718"}],"replies":[{"embeddable":true,"href":"https:\/\/wp.ufpel.edu.br\/ndh\/wp-json\/wp\/v2\/comments?post=3276"}],"version-history":[{"count":10,"href":"https:\/\/wp.ufpel.edu.br\/ndh\/wp-json\/wp\/v2\/pages\/3276\/revisions"}],"predecessor-version":[{"id":3554,"href":"https:\/\/wp.ufpel.edu.br\/ndh\/wp-json\/wp\/v2\/pages\/3276\/revisions\/3554"}],"wp:attachment":[{"href":"https:\/\/wp.ufpel.edu.br\/ndh\/wp-json\/wp\/v2\/media?parent=3276"}],"curies":[{"name":"wp","href":"https:\/\/api.w.org\/{rel}","templated":true}]}}