{"id":3193,"date":"2021-08-29T20:16:08","date_gmt":"2021-08-29T23:16:08","guid":{"rendered":"https:\/\/wp.ufpel.edu.br\/ndh\/?page_id=3193"},"modified":"2022-03-25T09:41:56","modified_gmt":"2022-03-25T12:41:56","slug":"historia_ndh","status":"publish","type":"page","link":"https:\/\/wp.ufpel.edu.br\/ndh\/historia_ndh\/","title":{"rendered":"NDH-Hist\u00f3ria"},"content":{"rendered":"<p style=\"text-align: center\"><img data-recalc-dims=\"1\" loading=\"lazy\" decoding=\"async\" data-attachment-id=\"3195\" data-permalink=\"https:\/\/wp.ufpel.edu.br\/ndh\/historia_ndh\/2-2\/#main\" data-orig-file=\"https:\/\/i0.wp.com\/wp.ufpel.edu.br\/ndh\/files\/2021\/08\/2.png?fit=584%2C438&amp;ssl=1\" data-orig-size=\"584,438\" data-comments-opened=\"0\" data-image-meta=\"{&quot;aperture&quot;:&quot;0&quot;,&quot;credit&quot;:&quot;&quot;,&quot;camera&quot;:&quot;&quot;,&quot;caption&quot;:&quot;&quot;,&quot;created_timestamp&quot;:&quot;0&quot;,&quot;copyright&quot;:&quot;&quot;,&quot;focal_length&quot;:&quot;0&quot;,&quot;iso&quot;:&quot;0&quot;,&quot;shutter_speed&quot;:&quot;0&quot;,&quot;title&quot;:&quot;&quot;,&quot;orientation&quot;:&quot;0&quot;}\" data-image-title=\"2\" data-image-description=\"\" data-image-caption=\"\" data-medium-file=\"https:\/\/i0.wp.com\/wp.ufpel.edu.br\/ndh\/files\/2021\/08\/2.png?fit=424%2C318&amp;ssl=1\" data-large-file=\"https:\/\/i0.wp.com\/wp.ufpel.edu.br\/ndh\/files\/2021\/08\/2.png?fit=584%2C220&amp;ssl=1\" class=\" wp-image-3195 aligncenter\" src=\"https:\/\/i0.wp.com\/wp.ufpel.edu.br\/ndh\/files\/2021\/08\/2.png?resize=464%2C348&#038;ssl=1\" alt=\"\" width=\"464\" height=\"348\" srcset=\"https:\/\/i0.wp.com\/wp.ufpel.edu.br\/ndh\/files\/2021\/08\/2.png?resize=424%2C318&amp;ssl=1 424w, https:\/\/i0.wp.com\/wp.ufpel.edu.br\/ndh\/files\/2021\/08\/2.png?resize=212%2C159&amp;ssl=1 212w, https:\/\/i0.wp.com\/wp.ufpel.edu.br\/ndh\/files\/2021\/08\/2.png?w=584&amp;ssl=1 584w\" sizes=\"auto, (max-width: 464px) 100vw, 464px\" \/><\/p>\n<p style=\"text-align: center\"><span style=\"background-color: #bf0808;color: #ffffff;font-size: 14pt;font-family: 'courier new', courier, monospace\"><strong>Espa\u00e7o f\u00edsico do NDH (2000)<\/strong><\/span><\/p>\n<hr \/>\n<p><img data-recalc-dims=\"1\" loading=\"lazy\" decoding=\"async\" data-attachment-id=\"3196\" data-permalink=\"https:\/\/wp.ufpel.edu.br\/ndh\/historia_ndh\/3-3\/#main\" data-orig-file=\"https:\/\/i0.wp.com\/wp.ufpel.edu.br\/ndh\/files\/2021\/08\/3.png?fit=553%2C448&amp;ssl=1\" data-orig-size=\"553,448\" data-comments-opened=\"0\" data-image-meta=\"{&quot;aperture&quot;:&quot;0&quot;,&quot;credit&quot;:&quot;&quot;,&quot;camera&quot;:&quot;&quot;,&quot;caption&quot;:&quot;&quot;,&quot;created_timestamp&quot;:&quot;0&quot;,&quot;copyright&quot;:&quot;&quot;,&quot;focal_length&quot;:&quot;0&quot;,&quot;iso&quot;:&quot;0&quot;,&quot;shutter_speed&quot;:&quot;0&quot;,&quot;title&quot;:&quot;&quot;,&quot;orientation&quot;:&quot;0&quot;}\" data-image-title=\"3\" data-image-description=\"\" data-image-caption=\"\" data-medium-file=\"https:\/\/i0.wp.com\/wp.ufpel.edu.br\/ndh\/files\/2021\/08\/3.png?fit=393%2C318&amp;ssl=1\" data-large-file=\"https:\/\/i0.wp.com\/wp.ufpel.edu.br\/ndh\/files\/2021\/08\/3.png?fit=553%2C220&amp;ssl=1\" class=\"size-medium wp-image-3196 alignleft\" src=\"https:\/\/i0.wp.com\/wp.ufpel.edu.br\/ndh\/files\/2021\/08\/3.png?resize=393%2C318&#038;ssl=1\" alt=\"\" width=\"393\" height=\"318\" srcset=\"https:\/\/i0.wp.com\/wp.ufpel.edu.br\/ndh\/files\/2021\/08\/3.png?resize=393%2C318&amp;ssl=1 393w, https:\/\/i0.wp.com\/wp.ufpel.edu.br\/ndh\/files\/2021\/08\/3.png?resize=196%2C159&amp;ssl=1 196w, https:\/\/i0.wp.com\/wp.ufpel.edu.br\/ndh\/files\/2021\/08\/3.png?w=553&amp;ssl=1 553w\" sizes=\"auto, (max-width: 393px) 100vw, 393px\" \/><\/p>\n<p>&nbsp;<\/p>\n<p>&nbsp;<\/p>\n<p>&nbsp;<\/p>\n<p>&nbsp;<\/p>\n<p style=\"text-align: center\"><strong><span style=\"background-color: #bf0808;color: #ffffff;font-size: 14pt;font-family: 'courier new', courier, monospace\">Ex-bolsistas e volunt\u00e1rios do NDH (2004)<\/span><\/strong><\/p>\n<p>&nbsp;<\/p>\n<hr \/>\n<p style=\"text-align: right\"><img data-recalc-dims=\"1\" loading=\"lazy\" decoding=\"async\" data-attachment-id=\"3234\" data-permalink=\"https:\/\/wp.ufpel.edu.br\/ndh\/historia_ndh\/sds\/#main\" data-orig-file=\"https:\/\/i0.wp.com\/wp.ufpel.edu.br\/ndh\/files\/2021\/08\/sds.png?fit=577%2C389&amp;ssl=1\" data-orig-size=\"577,389\" data-comments-opened=\"0\" data-image-meta=\"{&quot;aperture&quot;:&quot;0&quot;,&quot;credit&quot;:&quot;&quot;,&quot;camera&quot;:&quot;&quot;,&quot;caption&quot;:&quot;&quot;,&quot;created_timestamp&quot;:&quot;0&quot;,&quot;copyright&quot;:&quot;&quot;,&quot;focal_length&quot;:&quot;0&quot;,&quot;iso&quot;:&quot;0&quot;,&quot;shutter_speed&quot;:&quot;0&quot;,&quot;title&quot;:&quot;&quot;,&quot;orientation&quot;:&quot;0&quot;}\" data-image-title=\"sds\" data-image-description=\"\" data-image-caption=\"\" data-medium-file=\"https:\/\/i0.wp.com\/wp.ufpel.edu.br\/ndh\/files\/2021\/08\/sds.png?fit=424%2C286&amp;ssl=1\" data-large-file=\"https:\/\/i0.wp.com\/wp.ufpel.edu.br\/ndh\/files\/2021\/08\/sds.png?fit=577%2C220&amp;ssl=1\" class=\" wp-image-3234 alignright\" src=\"https:\/\/i0.wp.com\/wp.ufpel.edu.br\/ndh\/files\/2021\/08\/sds.png?resize=405%2C273&#038;ssl=1\" alt=\"\" width=\"405\" height=\"273\" srcset=\"https:\/\/i0.wp.com\/wp.ufpel.edu.br\/ndh\/files\/2021\/08\/sds.png?resize=424%2C286&amp;ssl=1 424w, https:\/\/i0.wp.com\/wp.ufpel.edu.br\/ndh\/files\/2021\/08\/sds.png?resize=212%2C143&amp;ssl=1 212w, https:\/\/i0.wp.com\/wp.ufpel.edu.br\/ndh\/files\/2021\/08\/sds.png?w=577&amp;ssl=1 577w\" sizes=\"auto, (max-width: 405px) 100vw, 405px\" \/><\/p>\n<p>&nbsp;<\/p>\n<p>&nbsp;<\/p>\n<p>&nbsp;<\/p>\n<p style=\"text-align: center\"><strong><span style=\"background-color: #bf0808;color: #ffffff;font-size: 14pt;font-family: 'courier new', courier, monospace\">Confraterniza\u00e7\u00e3o de final de ano do NDH (2006)<\/span><\/strong><\/p>\n<p>&nbsp;<\/p>\n<hr \/>\n<p><img data-recalc-dims=\"1\" loading=\"lazy\" decoding=\"async\" data-attachment-id=\"3197\" data-permalink=\"https:\/\/wp.ufpel.edu.br\/ndh\/historia_ndh\/4-2\/#main\" data-orig-file=\"https:\/\/i0.wp.com\/wp.ufpel.edu.br\/ndh\/files\/2021\/08\/4.png?fit=574%2C415&amp;ssl=1\" data-orig-size=\"574,415\" data-comments-opened=\"0\" data-image-meta=\"{&quot;aperture&quot;:&quot;0&quot;,&quot;credit&quot;:&quot;&quot;,&quot;camera&quot;:&quot;&quot;,&quot;caption&quot;:&quot;&quot;,&quot;created_timestamp&quot;:&quot;0&quot;,&quot;copyright&quot;:&quot;&quot;,&quot;focal_length&quot;:&quot;0&quot;,&quot;iso&quot;:&quot;0&quot;,&quot;shutter_speed&quot;:&quot;0&quot;,&quot;title&quot;:&quot;&quot;,&quot;orientation&quot;:&quot;0&quot;}\" data-image-title=\"4\" data-image-description=\"\" data-image-caption=\"\" data-medium-file=\"https:\/\/i0.wp.com\/wp.ufpel.edu.br\/ndh\/files\/2021\/08\/4.png?fit=424%2C307&amp;ssl=1\" data-large-file=\"https:\/\/i0.wp.com\/wp.ufpel.edu.br\/ndh\/files\/2021\/08\/4.png?fit=574%2C220&amp;ssl=1\" class=\" wp-image-3197 alignleft\" src=\"https:\/\/i0.wp.com\/wp.ufpel.edu.br\/ndh\/files\/2021\/08\/4.png?resize=380%2C275&#038;ssl=1\" alt=\"\" width=\"380\" height=\"275\" srcset=\"https:\/\/i0.wp.com\/wp.ufpel.edu.br\/ndh\/files\/2021\/08\/4.png?resize=424%2C307&amp;ssl=1 424w, https:\/\/i0.wp.com\/wp.ufpel.edu.br\/ndh\/files\/2021\/08\/4.png?resize=212%2C153&amp;ssl=1 212w, https:\/\/i0.wp.com\/wp.ufpel.edu.br\/ndh\/files\/2021\/08\/4.png?w=574&amp;ssl=1 574w\" sizes=\"auto, (max-width: 380px) 100vw, 380px\" \/><\/p>\n<p>&nbsp;<\/p>\n<p>&nbsp;<\/p>\n<p style=\"text-align: center\"><strong><span style=\"font-size: 14pt;background-color: #bf0808;color: #ffffff;font-family: 'courier new', courier, monospace\">Solenidade de recebimento do Acervo da Justi\u00e7a do Trabalho da Comarca de Pelotas (2011)<\/span><\/strong><\/p>\n<hr \/>\n<p><img data-recalc-dims=\"1\" loading=\"lazy\" decoding=\"async\" data-attachment-id=\"3236\" data-permalink=\"https:\/\/wp.ufpel.edu.br\/ndh\/historia_ndh\/attachment\/123\/#main\" data-orig-file=\"https:\/\/i0.wp.com\/wp.ufpel.edu.br\/ndh\/files\/2021\/08\/123.png?fit=700%2C354&amp;ssl=1\" data-orig-size=\"700,354\" data-comments-opened=\"0\" data-image-meta=\"{&quot;aperture&quot;:&quot;0&quot;,&quot;credit&quot;:&quot;&quot;,&quot;camera&quot;:&quot;&quot;,&quot;caption&quot;:&quot;&quot;,&quot;created_timestamp&quot;:&quot;0&quot;,&quot;copyright&quot;:&quot;&quot;,&quot;focal_length&quot;:&quot;0&quot;,&quot;iso&quot;:&quot;0&quot;,&quot;shutter_speed&quot;:&quot;0&quot;,&quot;title&quot;:&quot;&quot;,&quot;orientation&quot;:&quot;0&quot;}\" data-image-title=\"123\" data-image-description=\"\" data-image-caption=\"\" data-medium-file=\"https:\/\/i0.wp.com\/wp.ufpel.edu.br\/ndh\/files\/2021\/08\/123.png?fit=424%2C214&amp;ssl=1\" data-large-file=\"https:\/\/i0.wp.com\/wp.ufpel.edu.br\/ndh\/files\/2021\/08\/123.png?fit=660%2C207&amp;ssl=1\" class=\"wp-image-3236 size-medium alignright\" src=\"https:\/\/i0.wp.com\/wp.ufpel.edu.br\/ndh\/files\/2021\/08\/123.png?resize=424%2C214&#038;ssl=1\" alt=\"\" width=\"424\" height=\"214\" srcset=\"https:\/\/i0.wp.com\/wp.ufpel.edu.br\/ndh\/files\/2021\/08\/123.png?resize=424%2C214&amp;ssl=1 424w, https:\/\/i0.wp.com\/wp.ufpel.edu.br\/ndh\/files\/2021\/08\/123.png?resize=212%2C107&amp;ssl=1 212w, https:\/\/i0.wp.com\/wp.ufpel.edu.br\/ndh\/files\/2021\/08\/123.png?resize=619%2C313&amp;ssl=1 619w, https:\/\/i0.wp.com\/wp.ufpel.edu.br\/ndh\/files\/2021\/08\/123.png?w=700&amp;ssl=1 700w\" sizes=\"auto, (max-width: 424px) 100vw, 424px\" \/><\/p>\n<p>&nbsp;<\/p>\n<p>&nbsp;<\/p>\n<p>&nbsp;<\/p>\n<p style=\"text-align: center\"><strong><span style=\"background-color: #bf0808;font-size: 14pt;font-family: 'courier new', courier, monospace;color: #ffffff\">O NDH comemora 15 anos<\/span><\/strong><\/p>\n<hr \/>\n<p style=\"text-align: center\"><img data-recalc-dims=\"1\" loading=\"lazy\" decoding=\"async\" data-attachment-id=\"3237\" data-permalink=\"https:\/\/wp.ufpel.edu.br\/ndh\/historia_ndh\/attachment\/456\/#main\" data-orig-file=\"https:\/\/i0.wp.com\/wp.ufpel.edu.br\/ndh\/files\/2021\/08\/456.png?fit=698%2C350&amp;ssl=1\" data-orig-size=\"698,350\" data-comments-opened=\"0\" data-image-meta=\"{&quot;aperture&quot;:&quot;0&quot;,&quot;credit&quot;:&quot;&quot;,&quot;camera&quot;:&quot;&quot;,&quot;caption&quot;:&quot;&quot;,&quot;created_timestamp&quot;:&quot;0&quot;,&quot;copyright&quot;:&quot;&quot;,&quot;focal_length&quot;:&quot;0&quot;,&quot;iso&quot;:&quot;0&quot;,&quot;shutter_speed&quot;:&quot;0&quot;,&quot;title&quot;:&quot;&quot;,&quot;orientation&quot;:&quot;0&quot;}\" data-image-title=\"456\" data-image-description=\"\" data-image-caption=\"\" data-medium-file=\"https:\/\/i0.wp.com\/wp.ufpel.edu.br\/ndh\/files\/2021\/08\/456.png?fit=424%2C213&amp;ssl=1\" data-large-file=\"https:\/\/i0.wp.com\/wp.ufpel.edu.br\/ndh\/files\/2021\/08\/456.png?fit=660%2C208&amp;ssl=1\" class=\"wp-image-3237 size-medium alignleft\" src=\"https:\/\/i0.wp.com\/wp.ufpel.edu.br\/ndh\/files\/2021\/08\/456.png?resize=424%2C213&#038;ssl=1\" alt=\"\" width=\"424\" height=\"213\" srcset=\"https:\/\/i0.wp.com\/wp.ufpel.edu.br\/ndh\/files\/2021\/08\/456.png?resize=424%2C213&amp;ssl=1 424w, https:\/\/i0.wp.com\/wp.ufpel.edu.br\/ndh\/files\/2021\/08\/456.png?resize=212%2C106&amp;ssl=1 212w, https:\/\/i0.wp.com\/wp.ufpel.edu.br\/ndh\/files\/2021\/08\/456.png?resize=619%2C310&amp;ssl=1 619w, https:\/\/i0.wp.com\/wp.ufpel.edu.br\/ndh\/files\/2021\/08\/456.png?w=698&amp;ssl=1 698w\" sizes=\"auto, (max-width: 424px) 100vw, 424px\" \/><\/p>\n<p>&nbsp;<\/p>\n<p>&nbsp;<\/p>\n<p>&nbsp;<\/p>\n<p>&nbsp;<\/p>\n<p style=\"text-align: center\"><strong><span style=\"background-color: #bf0808;color: #ffffff;font-family: 'courier new', courier, monospace;font-size: 14pt\">25 anos do NDH<\/span><\/strong><\/p>\n<hr \/>\n<p>&nbsp;<\/p>\n","protected":false},"excerpt":{"rendered":"<p>Espa\u00e7o f\u00edsico do NDH (2000) &nbsp; &nbsp; &nbsp; &nbsp; Ex-bolsistas e volunt\u00e1rios do NDH (2004) &nbsp; &nbsp; &nbsp; &nbsp; Confraterniza\u00e7\u00e3o de final de ano do NDH (2006) &nbsp; &nbsp; &nbsp; Solenidade de recebimento do Acervo da Justi\u00e7a do Trabalho da Comarca de Pelotas (2011) &nbsp; &nbsp; &nbsp; O NDH comemora 15 anos &nbsp; &nbsp; &nbsp; [&hellip;]<\/p>\n","protected":false},"author":718,"featured_media":0,"parent":0,"menu_order":0,"comment_status":"closed","ping_status":"closed","template":"","meta":{"jetpack_post_was_ever_published":false,"footnotes":""},"class_list":["post-3193","page","type-page","status-publish","hentry"],"jetpack_sharing_enabled":true,"jetpack_shortlink":"https:\/\/wp.me\/P9qy4R-Pv","jetpack_likes_enabled":true,"jetpack-related-posts":[],"_links":{"self":[{"href":"https:\/\/wp.ufpel.edu.br\/ndh\/wp-json\/wp\/v2\/pages\/3193","targetHints":{"allow":["GET"]}}],"collection":[{"href":"https:\/\/wp.ufpel.edu.br\/ndh\/wp-json\/wp\/v2\/pages"}],"about":[{"href":"https:\/\/wp.ufpel.edu.br\/ndh\/wp-json\/wp\/v2\/types\/page"}],"author":[{"embeddable":true,"href":"https:\/\/wp.ufpel.edu.br\/ndh\/wp-json\/wp\/v2\/users\/718"}],"replies":[{"embeddable":true,"href":"https:\/\/wp.ufpel.edu.br\/ndh\/wp-json\/wp\/v2\/comments?post=3193"}],"version-history":[{"count":44,"href":"https:\/\/wp.ufpel.edu.br\/ndh\/wp-json\/wp\/v2\/pages\/3193\/revisions"}],"predecessor-version":[{"id":3529,"href":"https:\/\/wp.ufpel.edu.br\/ndh\/wp-json\/wp\/v2\/pages\/3193\/revisions\/3529"}],"wp:attachment":[{"href":"https:\/\/wp.ufpel.edu.br\/ndh\/wp-json\/wp\/v2\/media?parent=3193"}],"curies":[{"name":"wp","href":"https:\/\/api.w.org\/{rel}","templated":true}]}}