{"id":289,"date":"2017-02-17T14:00:28","date_gmt":"2017-02-17T16:00:28","guid":{"rendered":"https:\/\/wp.ufpel.edu.br\/ndh\/?page_id=289"},"modified":"2023-02-23T08:51:36","modified_gmt":"2023-02-23T11:51:36","slug":"justica-do-trabalho","status":"publish","type":"page","link":"https:\/\/wp.ufpel.edu.br\/ndh\/justica-do-trabalho\/","title":{"rendered":"Justi\u00e7a do Trabalho"},"content":{"rendered":"<p style=\"text-align: justify;\"><a href=\"https:\/\/wp.ufpel.edu.br\/ndh\/como-ler-um-processo-na-jt\/\"><img data-recalc-dims=\"1\" loading=\"lazy\" decoding=\"async\" data-attachment-id=\"3565\" data-permalink=\"https:\/\/wp.ufpel.edu.br\/ndh\/como-ler-um-processo-na-jt\/1-3\/#main\" data-orig-file=\"https:\/\/i0.wp.com\/wp.ufpel.edu.br\/ndh\/files\/2022\/04\/1.png?fit=1920%2C1080&amp;ssl=1\" data-orig-size=\"1920,1080\" data-comments-opened=\"0\" data-image-meta=\"{&quot;aperture&quot;:&quot;0&quot;,&quot;credit&quot;:&quot;&quot;,&quot;camera&quot;:&quot;&quot;,&quot;caption&quot;:&quot;&quot;,&quot;created_timestamp&quot;:&quot;0&quot;,&quot;copyright&quot;:&quot;&quot;,&quot;focal_length&quot;:&quot;0&quot;,&quot;iso&quot;:&quot;0&quot;,&quot;shutter_speed&quot;:&quot;0&quot;,&quot;title&quot;:&quot;&quot;,&quot;orientation&quot;:&quot;0&quot;}\" data-image-title=\"1\" data-image-description=\"\" data-image-caption=\"\" data-medium-file=\"https:\/\/i0.wp.com\/wp.ufpel.edu.br\/ndh\/files\/2022\/04\/1.png?fit=424%2C239&amp;ssl=1\" data-large-file=\"https:\/\/i0.wp.com\/wp.ufpel.edu.br\/ndh\/files\/2022\/04\/1.png?fit=660%2C148&amp;ssl=1\" class=\"size-medium wp-image-3565 alignleft\" src=\"https:\/\/i0.wp.com\/wp.ufpel.edu.br\/ndh\/files\/2022\/04\/1.png?resize=424%2C239&#038;ssl=1\" alt=\"\" width=\"424\" height=\"239\" srcset=\"https:\/\/i0.wp.com\/wp.ufpel.edu.br\/ndh\/files\/2022\/04\/1.png?resize=424%2C239&amp;ssl=1 424w, https:\/\/i0.wp.com\/wp.ufpel.edu.br\/ndh\/files\/2022\/04\/1.png?resize=212%2C119&amp;ssl=1 212w, https:\/\/i0.wp.com\/wp.ufpel.edu.br\/ndh\/files\/2022\/04\/1.png?resize=768%2C432&amp;ssl=1 768w, https:\/\/i0.wp.com\/wp.ufpel.edu.br\/ndh\/files\/2022\/04\/1.png?resize=1536%2C864&amp;ssl=1 1536w, https:\/\/i0.wp.com\/wp.ufpel.edu.br\/ndh\/files\/2022\/04\/1.png?resize=619%2C348&amp;ssl=1 619w, https:\/\/i0.wp.com\/wp.ufpel.edu.br\/ndh\/files\/2022\/04\/1.png?w=1920&amp;ssl=1 1920w, https:\/\/i0.wp.com\/wp.ufpel.edu.br\/ndh\/files\/2022\/04\/1.png?w=1320&amp;ssl=1 1320w\" sizes=\"auto, (max-width: 424px) 100vw, 424px\" \/><\/a>O Acervo da Justi\u00e7a do Trabalho \u00e9 composto de processos trabalhistas da cidade de Pelotas e regi\u00e3o, uma documenta\u00e7\u00e3o da 4\u00ba Regi\u00e3o da Justi\u00e7a do Trabalho, num total de mais de 93 mil processos<sup>1<\/sup>, abrangendo o per\u00edodo de 1936 at\u00e9 1998.<\/p>\n<p style=\"text-align: justify;\">Este importante e volumoso conjunto de documentos est\u00e1 incorporado \u00e0 documenta\u00e7\u00e3o do N\u00facleo, em regime de comodato, desde 2005.<\/p>\n<p style=\"text-align: justify;\">Essa documenta\u00e7\u00e3o, que exp\u00f5e conflitos entre empregados e seus patr\u00f5es, \u00e9 de grande import\u00e2ncia para o estudo das rela\u00e7\u00f5es geradas dentro do processo de trabalho, entre empregador e empregado.<\/p>\n<p style=\"text-align: justify;\">Esse \u00e9 o acervo mais completo de que se tem not\u00edcia dentro de uma cidade do estado do Rio Grande do Sul e, talvez, do pr\u00f3prio pa\u00eds. Desde seus primeiros processos (em formato digital, pois os originais dos processos iniciais est\u00e3o no Memorial do Trabalho em Porto Alegre), a documenta\u00e7\u00e3o n\u00e3o tem perdas, o que resulta ser extremamente importante para pesquisas seriais, como a distribui\u00e7\u00e3o de reclamat\u00f3rias por motivo e por empresa; avalia\u00e7\u00e3o de reclamat\u00f3rias por g\u00eanero, inclusive se h\u00e1 alguma discrimina\u00e7\u00e3o em seus resultados quanto ao g\u00eanero; tipos de ocupa\u00e7\u00f5es que mais demandam a Justi\u00e7a Trabalhista, dentre v\u00e1rias outras.<a href=\"https:\/\/periodicos.ufsc.br\/index.php\/mundosdotrabalho\/article\/view\/1984-9222.2019.e67117\" target=\"_blank\" rel=\"noopener\"><img data-recalc-dims=\"1\" loading=\"lazy\" decoding=\"async\" class=\"alignright\" src=\"https:\/\/i0.wp.com\/periodicos.ufsc.br\/public\/journals\/32\/cover_issue_2938_pt_BR.jpg?resize=260%2C368&#038;ssl=1\" width=\"260\" height=\"368\" \/><\/a><\/p>\n<p style=\"text-align: justify;\">Ao N\u00facleo cabe a sua guarda e conserva\u00e7\u00e3o, bem como disponibiliz\u00e1-lo para consultas de pesquisadores. Quanto a consultas de trabalhadores que necessitam de algum documento incorporado a um processo para fins de aposentadoria, essa busca \u00e9 intermediada pela Justi\u00e7a do Trabalho.<\/p>\n<p>____________<\/p>\n<ol>\n<li style=\"text-align: justify;\">Em 2019 foram consolidados os dados relativos ao acervo da Justi\u00e7a do Trabalho, chegando-se a um total de 93.845 processos sob guarda do NDH-UFPel. Para maiores informa\u00e7\u00f5es sobre o acervo, consultar &#8220;<strong><a href=\"https:\/\/periodicos.ufsc.br\/index.php\/mundosdotrabalho\/article\/view\/1984-9222.2019.e67117\" target=\"_blank\" rel=\"noopener noreferrer\">Guia do Arquivo da Justi\u00e7a do Trabalho de Pelotas. N\u00facleo de Documenta\u00e7\u00e3o Hist\u00f3rica da UFPel \u2013 Professora Beatriz Loner<\/a><\/strong>&#8220;, Revista Mundos do Trabalho.<\/li>\n<\/ol>\n","protected":false},"excerpt":{"rendered":"<p>O Acervo da Justi\u00e7a do Trabalho \u00e9 composto de processos trabalhistas da cidade de Pelotas e regi\u00e3o, uma documenta\u00e7\u00e3o da 4\u00ba Regi\u00e3o da Justi\u00e7a do Trabalho, num total de mais de 93 mil processos1, abrangendo o per\u00edodo de 1936 at\u00e9 1998. Este importante e volumoso conjunto de documentos est\u00e1 incorporado \u00e0 documenta\u00e7\u00e3o do N\u00facleo, em [&hellip;]<\/p>\n","protected":false},"author":718,"featured_media":0,"parent":0,"menu_order":0,"comment_status":"closed","ping_status":"closed","template":"","meta":{"jetpack_post_was_ever_published":false,"footnotes":""},"class_list":["post-289","page","type-page","status-publish","hentry"],"jetpack_sharing_enabled":true,"jetpack_shortlink":"https:\/\/wp.me\/P9qy4R-4F","jetpack_likes_enabled":true,"jetpack-related-posts":[],"_links":{"self":[{"href":"https:\/\/wp.ufpel.edu.br\/ndh\/wp-json\/wp\/v2\/pages\/289","targetHints":{"allow":["GET"]}}],"collection":[{"href":"https:\/\/wp.ufpel.edu.br\/ndh\/wp-json\/wp\/v2\/pages"}],"about":[{"href":"https:\/\/wp.ufpel.edu.br\/ndh\/wp-json\/wp\/v2\/types\/page"}],"author":[{"embeddable":true,"href":"https:\/\/wp.ufpel.edu.br\/ndh\/wp-json\/wp\/v2\/users\/718"}],"replies":[{"embeddable":true,"href":"https:\/\/wp.ufpel.edu.br\/ndh\/wp-json\/wp\/v2\/comments?post=289"}],"version-history":[{"count":7,"href":"https:\/\/wp.ufpel.edu.br\/ndh\/wp-json\/wp\/v2\/pages\/289\/revisions"}],"predecessor-version":[{"id":3939,"href":"https:\/\/wp.ufpel.edu.br\/ndh\/wp-json\/wp\/v2\/pages\/289\/revisions\/3939"}],"wp:attachment":[{"href":"https:\/\/wp.ufpel.edu.br\/ndh\/wp-json\/wp\/v2\/media?parent=289"}],"curies":[{"name":"wp","href":"https:\/\/api.w.org\/{rel}","templated":true}]}}