{"id":274,"date":"2017-02-17T13:55:41","date_gmt":"2017-02-17T15:55:41","guid":{"rendered":"https:\/\/wp.ufpel.edu.br\/ndh\/?page_id=274"},"modified":"2017-02-21T15:49:14","modified_gmt":"2017-02-21T18:49:14","slug":"laboratorios","status":"publish","type":"page","link":"https:\/\/wp.ufpel.edu.br\/ndh\/laboratorios\/","title":{"rendered":"Laborat\u00f3rios"},"content":{"rendered":"<p>Junto ao N\u00facleo de Documenta\u00e7\u00e3o Hist\u00f3rica funcionam outros laborat\u00f3rios coordenados pela equipe do NDH. Confira nesta p\u00e1gina.<\/p>\n","protected":false},"excerpt":{"rendered":"<p>Junto ao N\u00facleo de Documenta\u00e7\u00e3o Hist\u00f3rica funcionam outros laborat\u00f3rios coordenados pela equipe do NDH. Confira nesta p\u00e1gina.<\/p>\n","protected":false},"author":718,"featured_media":0,"parent":0,"menu_order":0,"comment_status":"closed","ping_status":"closed","template":"","meta":{"jetpack_post_was_ever_published":false,"footnotes":""},"class_list":["post-274","page","type-page","status-publish","hentry"],"jetpack_sharing_enabled":true,"jetpack_shortlink":"https:\/\/wp.me\/P9qy4R-4q","jetpack_likes_enabled":true,"jetpack-related-posts":[],"_links":{"self":[{"href":"https:\/\/wp.ufpel.edu.br\/ndh\/wp-json\/wp\/v2\/pages\/274","targetHints":{"allow":["GET"]}}],"collection":[{"href":"https:\/\/wp.ufpel.edu.br\/ndh\/wp-json\/wp\/v2\/pages"}],"about":[{"href":"https:\/\/wp.ufpel.edu.br\/ndh\/wp-json\/wp\/v2\/types\/page"}],"author":[{"embeddable":true,"href":"https:\/\/wp.ufpel.edu.br\/ndh\/wp-json\/wp\/v2\/users\/718"}],"replies":[{"embeddable":true,"href":"https:\/\/wp.ufpel.edu.br\/ndh\/wp-json\/wp\/v2\/comments?post=274"}],"version-history":[{"count":2,"href":"https:\/\/wp.ufpel.edu.br\/ndh\/wp-json\/wp\/v2\/pages\/274\/revisions"}],"predecessor-version":[{"id":535,"href":"https:\/\/wp.ufpel.edu.br\/ndh\/wp-json\/wp\/v2\/pages\/274\/revisions\/535"}],"wp:attachment":[{"href":"https:\/\/wp.ufpel.edu.br\/ndh\/wp-json\/wp\/v2\/media?parent=274"}],"curies":[{"name":"wp","href":"https:\/\/api.w.org\/{rel}","templated":true}]}}